{"id":9836,"date":"2025-10-02T12:51:20","date_gmt":"2025-10-02T15:51:20","guid":{"rendered":"https:\/\/agricultura.sp.gov.br\/segurancaalimentar\/?page_id=9836"},"modified":"2025-12-03T10:53:13","modified_gmt":"2025-12-03T13:53:13","slug":"premio-josue-de-castro-outras-edicoes","status":"publish","type":"page","link":"https:\/\/agricultura.sp.gov.br\/segurancaalimentar\/premio-josue-de-castro-outras-edicoes\/","title":{"rendered":"Pr\u00eamio Josu\u00e9 de Castro &#8211; Outras Edi\u00e7\u00f5es"},"content":{"rendered":"<figure class=\"wp-block-post-featured-image\"><img loading=\"lazy\" decoding=\"async\" width=\"2560\" height=\"591\" src=\"https:\/\/storage.googleapis.com\/saa-repositorio\/prd\/saa-sites\/cosali\/imagens\/banner-premio-josue-de-castro-outras-edicoes-scaled.png\" class=\"attachment-post-thumbnail size-post-thumbnail wp-post-image\" alt=\"\" style=\"object-fit:cover;\" \/><\/figure>\n\n\n<p>Al\u00e9m das edi\u00e7\u00f5es regulares, o Pr\u00eamio Josu\u00e9 de Castro j\u00e1 foi realizado em diferentes formatos e anos especiais. Em cada edi\u00e7\u00e3o, o CONSEA\/SP institui uma Comiss\u00e3o Organizadora, define regulamentos espec\u00edficos e faz convoca\u00e7\u00f5es p\u00fablicas. As outras edi\u00e7\u00f5es ampliam a diversidade de tem\u00e1ticas e categoriza\u00e7\u00e3o, ajustando crit\u00e9rios e fortalecendo a premia\u00e7\u00e3o como instrumento de est\u00edmulo cont\u00ednuo \u00e0 inova\u00e7\u00e3o e ao combate \u00e0 fome em S\u00e3o Paulo.<\/p>\n\n\n\n<p>Fotos da edi\u00e7\u00e3o de 2024<\/p>\n\n\n\n<figure class=\"wp-block-embed is-type-rich is-provider-flickr wp-block-embed-flickr\"><div class=\"wp-block-embed__wrapper\">\n<a data-flickr-embed='true' href='https:\/\/www.flickr.com\/photos\/agriculturasp\/albums\/72177720321323054\/' title='Pr\u00eamio Josu\u00e9 de Castro e Lan\u00e7amento Agro SP na Mesa: Batata - XXIX Semana da Alimenta\u00e7\u00e3o - 16\/10\/2024 by agriculturasp, on Flickr'><img src='https:\/\/live.staticflickr.com\/65535\/54075948858_cd594d8f78.jpg' width='800' height='600' alt='IMG_2201'><\/a><script async src='https:\/\/embedr.flickr.com\/assets\/client-code.js' charset='utf-8'><\/script>\n<\/div><\/figure>\n\n\n\n<p>Fotos da edi\u00e7\u00e3o de 2025<\/p>\n\n\n\n<figure class=\"wp-block-embed is-type-rich is-provider-flickr wp-block-embed-flickr\"><div class=\"wp-block-embed__wrapper\">\n<a data-flickr-embed='true' href='https:\/\/www.flickr.com\/photos\/agriculturasp\/albums\/72177720329712077\/' title='Pr\u00eamio Josu\u00e9 de Castro by agriculturasp, on Flickr'><img src='https:\/\/live.staticflickr.com\/65535\/54858191292_3b15771909.jpg' width='800' height='600' alt='Pr\u00eamio Josu\u00e9 de Castro'><\/a><script async src='https:\/\/embedr.flickr.com\/assets\/client-code.js' charset='utf-8'><\/script>\n<\/div><\/figure>\n","protected":false},"excerpt":{"rendered":"<p>Al\u00e9m das edi\u00e7\u00f5es regulares, o Pr\u00eamio Josu\u00e9 de Castro j\u00e1 foi realizado em diferentes formatos e anos especiais. Em cada edi\u00e7\u00e3o, o CONSEA\/SP institui uma Comiss\u00e3o Organizadora, define regulamentos espec\u00edficos e faz convoca\u00e7\u00f5es p\u00fablicas. As outras edi\u00e7\u00f5es ampliam a diversidade de tem\u00e1ticas e categoriza\u00e7\u00e3o, ajustando crit\u00e9rios e fortalecendo a premia\u00e7\u00e3o como instrumento de est\u00edmulo cont\u00ednuo [&hellip;]<\/p>\n","protected":false},"author":16,"featured_media":9887,"parent":0,"menu_order":0,"comment_status":"closed","ping_status":"closed","template":"","meta":{"_acf_changed":false,"footnotes":""},"class_list":["post-9836","page","type-page","status-publish","has-post-thumbnail","hentry"],"acf":[],"_links":{"self":[{"href":"https:\/\/agricultura.sp.gov.br\/segurancaalimentar\/wp-json\/wp\/v2\/pages\/9836","targetHints":{"allow":["GET"]}}],"collection":[{"href":"https:\/\/agricultura.sp.gov.br\/segurancaalimentar\/wp-json\/wp\/v2\/pages"}],"about":[{"href":"https:\/\/agricultura.sp.gov.br\/segurancaalimentar\/wp-json\/wp\/v2\/types\/page"}],"author":[{"embeddable":true,"href":"https:\/\/agricultura.sp.gov.br\/segurancaalimentar\/wp-json\/wp\/v2\/users\/16"}],"replies":[{"embeddable":true,"href":"https:\/\/agricultura.sp.gov.br\/segurancaalimentar\/wp-json\/wp\/v2\/comments?post=9836"}],"version-history":[{"count":3,"href":"https:\/\/agricultura.sp.gov.br\/segurancaalimentar\/wp-json\/wp\/v2\/pages\/9836\/revisions"}],"predecessor-version":[{"id":9990,"href":"https:\/\/agricultura.sp.gov.br\/segurancaalimentar\/wp-json\/wp\/v2\/pages\/9836\/revisions\/9990"}],"wp:featuredmedia":[{"embeddable":true,"href":"https:\/\/agricultura.sp.gov.br\/segurancaalimentar\/wp-json\/wp\/v2\/media\/9887"}],"wp:attachment":[{"href":"https:\/\/agricultura.sp.gov.br\/segurancaalimentar\/wp-json\/wp\/v2\/media?parent=9836"}],"curies":[{"name":"wp","href":"https:\/\/api.w.org\/{rel}","templated":true}]}}