{"id":9834,"date":"2025-10-02T12:50:48","date_gmt":"2025-10-02T15:50:48","guid":{"rendered":"https:\/\/agricultura.sp.gov.br\/segurancaalimentar\/?page_id=9834"},"modified":"2026-03-11T15:25:26","modified_gmt":"2026-03-11T18:25:26","slug":"premio-josue-de-castro-banco-de-projetos","status":"publish","type":"page","link":"https:\/\/agricultura.sp.gov.br\/segurancaalimentar\/premio-josue-de-castro-banco-de-projetos\/","title":{"rendered":"Pr\u00eamio Josu\u00e9 de Castro &#8211; Banco de Projetos"},"content":{"rendered":"<figure class=\"wp-block-post-featured-image\"><img loading=\"lazy\" decoding=\"async\" width=\"2560\" height=\"591\" src=\"https:\/\/storage.googleapis.com\/saa-repositorio\/prd\/saa-sites\/cosali\/imagens\/banner-premio-josue-de-castro-banco-de-projetos-scaled.png\" class=\"attachment-post-thumbnail size-post-thumbnail wp-post-image\" alt=\"\" style=\"object-fit:cover;\" \/><\/figure>\n\n\n<p>O Banco de Projetos do Pr\u00eamio Josu\u00e9 de Castro re\u00fane iniciativas p\u00fablicas e privadas inscritas desde 2016, avaliadas por crit\u00e9rios t\u00e9cnicos e sociais. Editais anuais permitem que munic\u00edpios, universidades e organiza\u00e7\u00f5es da sociedade civil submetam propostas nas categorias \u201cPesquisa Cient\u00edfica\u201d e \u201cPrograma ou Projeto de Pol\u00edtica P\u00fablica\u201d. Os projetos s\u00e3o julgados por j\u00fari t\u00e9cnico e os mais bem avaliados recebem reconhecimento, men\u00e7\u00e3o honrosa ou apropria\u00e7\u00e3o para multiplica\u00e7\u00e3o estadual e difus\u00e3o entre munic\u00edpios.<\/p>\n\n\n\n<hr class=\"wp-block-separator has-text-color has-white-color has-alpha-channel-opacity has-white-background-color has-background\"\/>\n\n\n\n<h3 class=\"wp-block-heading has-background\" style=\"background-color:#f8f9fa\">2025<\/h3>\n\n\n\n<details class=\"wp-block-details is-layout-flow wp-block-details-is-layout-flow\"><summary><strong>Pesquisa Cient\u00edfica<\/strong><\/summary>\n<p><a href=\"https:\/\/storage.googleapis.com\/saa-repositorio\/hml\/saa-sites\/cosali\/documentos\/PC-\u2013-1-UNICAMP-Feira-da-Agricultura-Familiar-\u2013-FAF.pdf\">PC \u2013 1 <\/a><\/p>\n\n\n\n<p><a href=\"https:\/\/storage.googleapis.com\/saa-repositorio\/hml\/saa-sites\/cosali\/documentos\/PC-\u2013-2-CENTRO-UNIVERSITARIO-SAO-CAMILO-1a-edicao-do-Programa-Educacao-Alimentar-\u2013-Integrando-Ciencia-Escola-e-Saude.pdf\">PC \u2013 2 <\/a><\/p>\n\n\n\n<p><a href=\"https:\/\/storage.googleapis.com\/saa-repositorio\/hml\/saa-sites\/cosali\/documentos\/PC-\u2013-2-CENTRO-UNIVERSITARIO-SAO-CAMILO-1a-edicao-do-Programa-Educacao-Alimentar-\u2013-Integrando-Ciencia-Escola-e-Saude.pdf\">PC \u2013 <\/a>3<\/p>\n<\/details>\n\n\n\n<details class=\"wp-block-details is-layout-flow wp-block-details-is-layout-flow\"><summary><strong>Programas ou Projetos de Pol\u00edticas P\u00fablicas<\/strong><\/summary>\n<p><a href=\"https:\/\/storage.googleapis.com\/saa-repositorio\/hml\/saa-sites\/cosali\/documentos\/PPPP-\u2013-1-PM-SANTO-ANDRE-NIS-Moeda-Verde.pdf\">PPPP \u2013 1 <\/a><\/p>\n\n\n\n<p><a href=\"https:\/\/storage.googleapis.com\/saa-repositorio\/hml\/saa-sites\/cosali\/documentos\/PPPP-2-PM-BATATAIS-Projeto-Composta-Trailer.pdf\">PPPP &#8211; 2 <\/a><\/p>\n\n\n\n<p><a href=\"https:\/\/storage.googleapis.com\/saa-repositorio\/hml\/saa-sites\/cosali\/documentos\/PPPP-3-SAA-CATI-Municipio-Agro-\u2013-Ranking-Paulista.pdf\">PPPP &#8211; 3 <\/a><\/p>\n<\/details>\n\n\n\n<h3 class=\"wp-block-heading has-background\" style=\"background-color:#f8f9fa\">2024<\/h3>\n\n\n\n<details class=\"wp-block-details is-layout-flow wp-block-details-is-layout-flow\"><summary><strong>Pesquisa Cient\u00edfica<\/strong><\/summary>\n<p><a href=\"https:\/\/storage.googleapis.com\/saa-repositorio\/hml\/saa-sites\/cosali\/documentos\/PC-\u2013-1-UNICAMP-Feira-da-Agricultura-Familiar-\u2013-FAF.pdf\">PC \u2013 1 UNICAMP &#8211; Feira da Agricultura Familiar \u2013 FAF<\/a><\/p>\n\n\n\n<p><a href=\"https:\/\/storage.googleapis.com\/saa-repositorio\/hml\/saa-sites\/cosali\/documentos\/PC-\u2013-2-CENTRO-UNIVERSITARIO-SAO-CAMILO-1a-edicao-do-Programa-Educacao-Alimentar-\u2013-Integrando-Ciencia-Escola-e-Saude.pdf\">PC \u2013 2 CENTRO UNIVERSIT\u00c1RIO S\u00c3O CAMILO &#8211; 1\u00aa edi\u00e7\u00e3o do Programa Educa\u00e7\u00e3o Alimentar \u2013 Integrando Ci\u00eancia<\/a><\/p>\n\n\n\n<p><a href=\"https:\/\/storage.googleapis.com\/saa-repositorio\/hml\/saa-sites\/cosali\/documentos\/PC-\u2013-3-UNISEPE-Implementacao-da-promocao-do-aleitamento-materno-em-creches-no-municipio-de-Registro.pdf\">PC \u2013 3 UNISEPE &#8211; Implementa\u00e7\u00e3o da promo\u00e7\u00e3o do aleitamento materno em creches no munic\u00edpio de Registro<\/a><\/p>\n\n\n\n<p><a href=\"https:\/\/storage.googleapis.com\/saa-repositorio\/hml\/saa-sites\/cosali\/documentos\/PC-\u2013-4-UFSCAR-Agricultura-familiar-e-o-programa-de-alimentacao-do-trabalhador.pdf\">PC \u2013 4 UFSCAR &#8211; Agricultura familiar e o programa de alimenta\u00e7\u00e3o do trabalhador<\/a><\/p>\n\n\n\n<p><a href=\"https:\/\/storage.googleapis.com\/saa-repositorio\/hml\/saa-sites\/cosali\/documentos\/PC-\u2013-5-ETEC-IRMA-AGOSTINA-Aproveitamento-integral-dos-alimentos.pdf\">PC \u2013 5 ETEC IRM\u00c3 AGOSTINA &#8211; Aproveitamento integral dos alimentos<\/a><\/p>\n\n\n\n<p><a href=\"https:\/\/storage.googleapis.com\/saa-repositorio\/hml\/saa-sites\/cosali\/documentos\/PC-\u2013-6-IFSP-Acoes-para-a-efetivacao-do-direito-a-alimentacao-escolar-no-IFSP.pdf\">PC \u2013 6 IFSP &#8211; A\u00e7\u00f5es para a efetiva\u00e7\u00e3o do direito \u00e0 alimenta\u00e7\u00e3o escolar no IFSP<\/a><\/p>\n\n\n\n<p><a href=\"https:\/\/storage.googleapis.com\/saa-repositorio\/hml\/saa-sites\/cosali\/documentos\/PC-\u2013-7-UNIFESP-Relacao-entre-seguranca-alimentar-e-nutricional-e-o-consumo-dos-estudantes-do-ensino-basico-do-IFSP.pdf\">PC \u2013 7 UNIFESP &#8211; Rela\u00e7\u00e3o entre seguran\u00e7a alimentar e nutricional e o consumo dos estudantes do ensino b\u00e1sico do IFSP<\/a><\/p>\n\n\n\n<p><a href=\"https:\/\/storage.googleapis.com\/saa-repositorio\/hml\/saa-sites\/cosali\/documentos\/PC-\u2013-8-UNIFESP-Modelo-estrutural-em-rede-cozinhas-solidarias.pdf\">PC \u2013 8 UNIFESP &#8211; Modelo estrutural em rede cozinhas solid\u00e1rias<\/a><\/p>\n\n\n\n<p><a href=\"https:\/\/storage.googleapis.com\/saa-repositorio\/hml\/saa-sites\/cosali\/documentos\/PC-\u2013-9-UNICAMP-Alga-Marinha-Sargassum-filipendula.pdf\">PC \u2013 9 UNICAMP &#8211; Alga Marinha Sargassum filipendula<\/a><\/p>\n\n\n\n<p><a href=\"https:\/\/storage.googleapis.com\/saa-repositorio\/hml\/saa-sites\/cosali\/documentos\/PC-\u2013-10-UNESP-campus-Dracena-Desenvolvimento-de-tecnicas-de-manejo-visando-fomentar-a-producao-de-graos.pdf\">PC \u2013 10 UNESP campus Dracena &#8211; Desenvolvimento de t\u00e9cnicas de manejo visando fomentar a produ\u00e7\u00e3o de gr\u00e3os<\/a><\/p>\n\n\n\n<p><a href=\"https:\/\/storage.googleapis.com\/saa-repositorio\/hml\/saa-sites\/cosali\/documentos\/PC-\u2013-11-USP-ESALQ-Risco-de-descontinuidade-da-atividade-agricola-em-Mogi-das-Cruzes.pdf\">PC \u2013 11 USP ESALQ &#8211; Risco de (des)continuidade da atividade agr\u00edcola em Mogi das Cruzes<\/a><\/p>\n\n\n\n<p><a href=\"https:\/\/storage.googleapis.com\/saa-repositorio\/hml\/saa-sites\/cosali\/documentos\/PC-\u2013-12-ETEC-IRMA-AGOSTINA-Analise-de-cardapios-escolares-em-escolas-da-zona-sul-de-Sao-Paulo.pdf\">PC \u2013 12 ETEC IRM\u00c3 AGOSTINA &#8211; An\u00e1lise de card\u00e1pios escolares em escolas da zona sul de S\u00e3o Paulo<\/a><\/p>\n\n\n\n<p><a href=\"https:\/\/storage.googleapis.com\/saa-repositorio\/hml\/saa-sites\/cosali\/documentos\/PC-\u2013-13-UNICAMP-Cultivo-de-Cara-Roxao.pdf\">PC \u2013 13 UNICAMP &#8211; Cultivo de Car\u00e1 Rox\u00e3o<\/a><\/p>\n\n\n\n<p><a href=\"https:\/\/storage.googleapis.com\/saa-repositorio\/hml\/saa-sites\/cosali\/documentos\/PC-\u2013-14-IAC-SAA-Biofortificacao-de-subprodutos-de-culturas-tradicionais.pdf\">PC \u2013 14 IAC SAA &#8211; Biofortifica\u00e7\u00e3o de subprodutos de culturas tradicionais<\/a><\/p>\n\n\n\n<p><a href=\"https:\/\/storage.googleapis.com\/saa-repositorio\/hml\/saa-sites\/cosali\/documentos\/PC-\u2013-15-UNICAMP-Desenvolvimento-de-emulsoes-funcionais-com-xilo-oligossacarideos.pdf\">PC \u2013 15 UNICAMP &#8211; Desenvolvimento de emuls\u00f5es funcionais com xilo-oligossacar\u00eddeos<\/a><\/p>\n\n\n\n<p><a href=\"https:\/\/storage.googleapis.com\/saa-repositorio\/hml\/saa-sites\/cosali\/documentos\/PC-\u2013-16-UNICAMP-Micotoxinas-em-sucos-de-laranja-comerciais-Um-risco-oculto.pdf\">PC \u2013 16 UNICAMP &#8211; Micotoxinas em sucos de laranja comerciais Um risco oculto<\/a><\/p>\n<\/details>\n\n\n\n<details class=\"wp-block-details is-layout-flow wp-block-details-is-layout-flow\"><summary><strong>Programas ou Projetos de Pol\u00edticas P\u00fablicas<\/strong><\/summary>\n<p><a href=\"https:\/\/storage.googleapis.com\/saa-repositorio\/hml\/saa-sites\/cosali\/documentos\/PPPP-\u2013-1-PM-SANTO-ANDRE-NIS-Moeda-Verde.pdf\">PPPP \u2013 1 PM SANTO ANDR\u00c9 NIS &#8211; Moeda Verde<\/a><\/p>\n\n\n\n<p><a href=\"https:\/\/storage.googleapis.com\/saa-repositorio\/hml\/saa-sites\/cosali\/documentos\/PPPP-2-PM-BATATAIS-Projeto-Composta-Trailer.pdf\">PPPP &#8211; 2 PM BATATAIS &#8211; Projeto Composta Trailer<\/a><\/p>\n\n\n\n<p><a href=\"https:\/\/storage.googleapis.com\/saa-repositorio\/hml\/saa-sites\/cosali\/documentos\/PPPP-3-SAA-CATI-Municipio-Agro-\u2013-Ranking-Paulista.pdf\">PPPP &#8211; 3 SAA CATI &#8211; Munic\u00edpio Agro \u2013 Ranking Paulista<\/a><\/p>\n\n\n\n<p><a href=\"https:\/\/storage.googleapis.com\/saa-repositorio\/hml\/saa-sites\/cosali\/documentos\/PPPP-4-PM-CAIEIRAS-Armazem-social-moeda-social.pdf\">PPPP &#8211; 4 PM CAIEIRAS &#8211; Armaz\u00e9m social moeda social<\/a><\/p>\n\n\n\n<p><a href=\"https:\/\/storage.googleapis.com\/saa-repositorio\/hml\/saa-sites\/cosali\/documentos\/PPPP-5-PM-PIRACICABA-Varejoes-Municipais-de-Piracicaba.pdf\">PPPP &#8211; 5 PM PIRACICABA &#8211; Varej\u00f5es Municipais de Piracicaba<\/a><\/p>\n\n\n\n<p><a href=\"https:\/\/storage.googleapis.com\/saa-repositorio\/hml\/saa-sites\/cosali\/documentos\/PPPP-6-SAA-CATI-\u2013-PAA-em-SP-Impactos-na-Qualidade-de-Vida-e-Seguranca-Alimentar.pdf\">PPPP &#8211; 6 SAA CATI \u2013 PAA em SP Impactos na Qualidade de Vida e Seguran\u00e7a Alimentar<\/a><\/p>\n\n\n\n<p><a href=\"https:\/\/storage.googleapis.com\/saa-repositorio\/hml\/saa-sites\/cosali\/documentos\/PPPP-7-PM-GUARUJA-Projeto-Cozinha-Didatica-Itinerante-Sabor-e-Renda.pdf\">PPPP &#8211; 7 PM GUARUJ\u00c1 &#8211; Projeto Cozinha Did\u00e1tica Itinerante Sabor e Renda<\/a><\/p>\n\n\n\n<p><a href=\"https:\/\/storage.googleapis.com\/saa-repositorio\/hml\/saa-sites\/cosali\/documentos\/PPPP-8-PM-SAO-PAULO-Programa-Armazem-Solidario.pdf\">PPPP &#8211; 8 PM S\u00c3O PAULO &#8211; Programa Armaz\u00e9m Solid\u00e1rio<\/a><\/p>\n\n\n\n<p><a href=\"https:\/\/storage.googleapis.com\/saa-repositorio\/hml\/saa-sites\/cosali\/documentos\/PPPP-9-PM-MONTE-ALTO-Mulheres-Plantadoras.pdf\">PPPP &#8211; 9 PM MONTE ALTO &#8211; Mulheres Plantadoras<\/a><\/p>\n\n\n\n<p><a href=\"https:\/\/storage.googleapis.com\/saa-repositorio\/hml\/saa-sites\/cosali\/documentos\/PPPP-10-PM-CAJATI-Programa-municipal-de-aquisicao-de-alimentos-da-agricultura-familiar.pdf\">PPPP &#8211; 10 PM CAJATI &#8211; Programa municipal de aquisi\u00e7\u00e3o de alimentos da agricultura familiar<\/a><\/p>\n\n\n\n<p><a href=\"https:\/\/storage.googleapis.com\/saa-repositorio\/hml\/saa-sites\/cosali\/documentos\/PPPP-11-PM-SAO-PAULO-Programa-Rede-Cozinha-Escola.pdf\">PPPP &#8211; 11 PM S\u00c3O PAULO &#8211; Programa Rede Cozinha Escola<\/a><\/p>\n\n\n\n<p><a href=\"https:\/\/storage.googleapis.com\/saa-repositorio\/hml\/saa-sites\/cosali\/documentos\/PPPP-12-PM-MOGI-DAS-CRUZES-Programa-Mogiano-de-aquisicao-de-alimentos.pdf\">PPPP &#8211; 12 PM MOGI DAS CRUZES &#8211; Programa Mogiano de aquisi\u00e7\u00e3o de alimentos<\/a><\/p>\n\n\n\n<p><a href=\"https:\/\/storage.googleapis.com\/saa-repositorio\/hml\/saa-sites\/cosali\/documentos\/PPPP-\u2013-13-FUNDO-MUNICIPAL-DE-SAUDE-DE-TAGUAI-Somar-para-alimentar.pdf\">PPPP \u2013 13 FUNDO MUNICIPAL DE SA\u00daDE DE TAGUA\u00cd &#8211; Somar para alimentar<\/a><\/p>\n\n\n\n<p><a href=\"https:\/\/storage.googleapis.com\/saa-repositorio\/hml\/saa-sites\/cosali\/documentos\/PPPP-14-PM-SALTO-Projeto-Regenera.pdf\">PPPP &#8211; 14 PM SALTO &#8211; Projeto Regenera<\/a><\/p>\n\n\n\n<p><a href=\"https:\/\/storage.googleapis.com\/saa-repositorio\/hml\/saa-sites\/cosali\/documentos\/PPPP-15-PM-MONTE-ALTO-Programa-Municipal-de-Agricultura-para-o-Interesse-Social.pdf\">PPPP &#8211; 15 PM MONTE ALTO &#8211; Programa Municipal de Agricultura para o Interesse Social<\/a><\/p>\n\n\n\n<p><a href=\"https:\/\/storage.googleapis.com\/saa-repositorio\/hml\/saa-sites\/cosali\/documentos\/PPPP-16-PM-SERTAOZINHO-Maos-na-Terra-Agricultura-Social-e-Economia-Solidaria.pdf\">PPPP &#8211; 16 PM SERT\u00c3OZINHO &#8211; M\u00e3os na Terra Agricultura Social e Economia Solid\u00e1ria<\/a><\/p>\n\n\n\n<p><a href=\"https:\/\/storage.googleapis.com\/saa-repositorio\/hml\/saa-sites\/cosali\/documentos\/PPPP-17-SAA-CATI-ESTRELA-DOESTE-Projeto-de-Assistencia-Tecnica-e-Extensao-Rural-para-Transicao-Agroecologica.pdf\">PPPP &#8211; 17 SAA CATI ESTRELA D&#8217;OESTE &#8211; Projeto de Assist\u00eancia T\u00e9cnica e Extens\u00e3o Rural para Transi\u00e7\u00e3o Agroecol\u00f3gica.pdf<\/a><\/p>\n\n\n\n<p><a href=\"https:\/\/storage.googleapis.com\/saa-repositorio\/hml\/saa-sites\/cosali\/documentos\/PPPP-18-PM-BARUERI-Economia-com-Sabor-Aproveitamento-Integral-de-Alimentos.pdf\">PPPP &#8211; 18 PM BARUERI &#8211; Economia com Sabor Aproveitamento Integral de Alimentos<\/a><\/p>\n\n\n\n<p><a href=\"https:\/\/storage.googleapis.com\/saa-repositorio\/hml\/saa-sites\/cosali\/documentos\/PPPP-19-PM-ARARAQUARA-Da-Panqueca-de-Arroz-ao-Biscoitinho-de-Feijao.pdf\">PPPP &#8211; 19 PM ARARAQUARA &#8211; Da Panqueca de Arroz ao Biscoitinho de Feij\u00e3o<\/a><\/p>\n\n\n\n<p><a href=\"https:\/\/storage.googleapis.com\/saa-repositorio\/hml\/saa-sites\/cosali\/documentos\/PPPP-20-PM-SANTO-ANDRE-Programa-Banco-Municipal-de-Alimentos.pdf\">PPPP &#8211; 20 PM SANTO ANDR\u00c9 &#8211; Programa Banco Municipal de Alimentos<\/a><\/p>\n\n\n\n<p><a href=\"https:\/\/storage.googleapis.com\/saa-repositorio\/hml\/saa-sites\/cosali\/documentos\/PPPP-21-PM-MOGI-DAS-CRUZES-Quitanda-Social-Integrar-e-Produzir.pdf\">PPPP &#8211; 21 PM MOGI DAS CRUZES &#8211; Quitanda Social &#8211; Integrar e Produzir<\/a><\/p>\n\n\n\n<p><a href=\"https:\/\/storage.googleapis.com\/saa-repositorio\/hml\/saa-sites\/cosali\/documentos\/PPPP-22-PM-HORTOLANDIA-Estrategias-Intersetoriais-e-Transversais-para-SAN.pdf\">PPPP &#8211; 22 PM HORTOL\u00c2NDIA &#8211; Estrat\u00e9gias Intersetoriais e Transversais para SAN<\/a><\/p>\n\n\n\n<p><a href=\"https:\/\/storage.googleapis.com\/saa-repositorio\/hml\/saa-sites\/cosali\/documentos\/PPPP-23-PM-MOGI-MIRIM-Provendo-Frutos-Do-Conhecimento-Plantado-a-Seguranca-Alimentar-Colhida.pdf\">PPPP &#8211; 23 PM MOGI MIRIM &#8211; Provendo Frutos Do Conhecimento Plantado \u00e0 Seguran\u00e7a Alimentar Colhida<\/a><\/p>\n\n\n\n<p><a href=\"https:\/\/storage.googleapis.com\/saa-repositorio\/hml\/saa-sites\/cosali\/documentos\/PPPP-24-PM-LUCELIA-Alimentacao-Saudavel-Nutricao-e-Recuperacao.pdf\">PPPP &#8211; 24 PM LUC\u00c9LIA &#8211; Alimenta\u00e7\u00e3o Saud\u00e1vel Nutri\u00e7\u00e3o e Recupera\u00e7\u00e3o<\/a><\/p>\n<\/details>\n\n\n\n<h3 class=\"wp-block-heading has-background\" style=\"background-color:#f8f9fa\">2023<\/h3>\n\n\n\n<details class=\"wp-block-details is-layout-flow wp-block-details-is-layout-flow\"><summary><strong>Pesquisa Cient\u00edfica<\/strong><\/summary>\n<p>PC \u2013 1 UNICAMP &#8211; Feira da Agricultura Familiar \u2013 FAF<\/p>\n\n\n\n<p>PC \u2013 2 CENTRO UNIVERSIT\u00c1RIO S\u00c3O CAMILO &#8211; 1\u00aa edi\u00e7\u00e3o do Programa Educa\u00e7\u00e3o Alimentar \u2013 Integrando Ci\u00eancia<\/p>\n\n\n\n<p>PC \u2013 3 UNISEPE &#8211; Implementa\u00e7\u00e3o da promo\u00e7\u00e3o do aleitamento materno em creches no munic\u00edpio de Registro<\/p>\n\n\n\n<p>PC \u2013 4 UFSCAR &#8211; Agricultura familiar e o programa de alimenta\u00e7\u00e3o do trabalhador<\/p>\n\n\n\n<p>PC \u2013 5 ETEC IRM\u00c3 AGOSTINA &#8211; Aproveitamento integral dos alimentos<\/p>\n\n\n\n<p>PC \u2013 6 IFSP &#8211; A\u00e7\u00f5es para a efetiva\u00e7\u00e3o do direito \u00e0 alimenta\u00e7\u00e3o escolar no IFSP<\/p>\n\n\n\n<p>PC \u2013 7 UNIFESP &#8211; Rela\u00e7\u00e3o entre seguran\u00e7a alimentar e nutricional e o consumo dos estudantes do ensino b\u00e1sico do IFSP<\/p>\n\n\n\n<p>PC \u2013 8 UNIFESP &#8211; Modelo estrutural em rede cozinhas solid\u00e1rias<\/p>\n\n\n\n<p>PC \u2013 9 UNICAMP &#8211; Alga Marinha Sargassum filipendula<\/p>\n\n\n\n<p>PC \u2013 10 UNESP campus Dracena &#8211; Desenvolvimento de t\u00e9cnicas de manejo visando fomentar a produ\u00e7\u00e3o de gr\u00e3os<\/p>\n\n\n\n<p>PC \u2013 11 USP ESALQ &#8211; Risco de (des)continuidade da atividade agr\u00edcola em Mogi das Cruzes<\/p>\n\n\n\n<p>PC \u2013 12 ETEC IRM\u00c3 AGOSTINA &#8211; An\u00e1lise de card\u00e1pios escolares em escolas da zona sul de S\u00e3o Paulo<\/p>\n\n\n\n<p>PC \u2013 13 UNICAMP &#8211; Cultivo de Car\u00e1 Rox\u00e3o<\/p>\n\n\n\n<p>PC \u2013 14 IAC SAA &#8211; Biofortifica\u00e7\u00e3o de subprodutos de culturas tradicionais<\/p>\n\n\n\n<p>PC \u2013 15 UNICAMP &#8211; Desenvolvimento de emuls\u00f5es funcionais com xilo-oligossacar\u00eddeos<\/p>\n\n\n\n<p>PC \u2013 16 UNICAMP &#8211; Micotoxinas em sucos de laranja comerciais Um risco oculto<\/p>\n<\/details>\n\n\n\n<details class=\"wp-block-details is-layout-flow wp-block-details-is-layout-flow\"><summary><strong>Programas ou Projetos de Pol\u00edticas P\u00fablicas<\/strong><\/summary>\n<p>PPPP \u2013 1 PM SANTO ANDR\u00c9 NIS &#8211; Moeda Verde<\/p>\n\n\n\n<p>PPPP &#8211; 2 PM BATATAIS &#8211; Projeto Composta Trailer<\/p>\n\n\n\n<p>PPPP &#8211; 3 SAA CATI &#8211; Munic\u00edpio Agro \u2013 Ranking Paulista<\/p>\n\n\n\n<p>PPPP &#8211; 4 PM CAIEIRAS &#8211; Armaz\u00e9m social moeda social<\/p>\n\n\n\n<p>PPPP &#8211; 5 PM PIRACICABA &#8211; Varej\u00f5es Municipais de Piracicaba<\/p>\n\n\n\n<p>PPPP &#8211; 6 SAA CATI \u2013 PAA em SP Impactos na Qualidade de Vida e Seguran\u00e7a Alimentar<\/p>\n\n\n\n<p>PPPP &#8211; 7 PM GUARUJ\u00c1 &#8211; Projeto Cozinha Did\u00e1tica Itinerante Sabor e Renda<\/p>\n\n\n\n<p>PPPP &#8211; 8 PM S\u00c3O PAULO &#8211; Programa Armaz\u00e9m Solid\u00e1rio<\/p>\n\n\n\n<p>PPPP &#8211; 9 PM MONTE ALTO &#8211; Mulheres Plantadoras<\/p>\n\n\n\n<p>PPPP &#8211; 10 PM CAJATI &#8211; Programa municipal de aquisi\u00e7\u00e3o de alimentos da agricultura familiar<\/p>\n\n\n\n<p>PPPP &#8211; 11 PM S\u00c3O PAULO &#8211; Programa Rede Cozinha Escola<\/p>\n\n\n\n<p>PPPP &#8211; 12 PM MOGI DAS CRUZES &#8211; Programa Mogiano de aquisi\u00e7\u00e3o de alimentos<\/p>\n\n\n\n<p>PPPP \u2013 13 FUNDO MUNICIPAL DE SA\u00daDE DE TAGUA\u00cd &#8211; Somar para alimentar<\/p>\n\n\n\n<p>PPPP &#8211; 14 PM SALTO &#8211; Projeto Regenera<\/p>\n\n\n\n<p>PPPP &#8211; 15 PM MONTE ALTO &#8211; Programa Municipal de Agricultura para o Interesse Social<\/p>\n\n\n\n<p>PPPP &#8211; 16 PM SERT\u00c3OZINHO &#8211; M\u00e3os na Terra Agricultura Social e Economia Solid\u00e1ria<\/p>\n\n\n\n<p>PPPP &#8211; 17 SAA CATI ESTRELA D&#8217;OESTE &#8211; Projeto de Assist\u00eancia T\u00e9cnica e Extens\u00e3o Rural para Transi\u00e7\u00e3o Agroecol\u00f3gica.pdf<\/p>\n\n\n\n<p>PPPP &#8211; 18 PM BARUERI &#8211; Economia com Sabor Aproveitamento Integral de Alimentos<\/p>\n\n\n\n<p>PPPP &#8211; 19 PM ARARAQUARA &#8211; Da Panqueca de Arroz ao Biscoitinho de Feij\u00e3o<\/p>\n\n\n\n<p>PPPP &#8211; 20 PM SANTO ANDR\u00c9 &#8211; Programa Banco Municipal de Alimentos<\/p>\n\n\n\n<p>PPPP &#8211; 21 PM MOGI DAS CRUZES &#8211; Quitanda Social &#8211; Integrar e Produzir<\/p>\n\n\n\n<p>PPPP &#8211; 22 PM HORTOL\u00c2NDIA &#8211; Estrat\u00e9gias Intersetoriais e Transversais para SAN<\/p>\n\n\n\n<p>PPPP &#8211; 23 PM MOGI MIRIM &#8211; Provendo Frutos Do Conhecimento Plantado \u00e0 Seguran\u00e7a Alimentar Colhida<\/p>\n\n\n\n<p>PPPP &#8211; 24 PM LUC\u00c9LIA &#8211; Alimenta\u00e7\u00e3o Saud\u00e1vel Nutri\u00e7\u00e3o e Recupera\u00e7\u00e3o<\/p>\n<\/details>\n\n\n\n<p><\/p>\n","protected":false},"excerpt":{"rendered":"<p>O Banco de Projetos do Pr\u00eamio Josu\u00e9 de Castro re\u00fane iniciativas p\u00fablicas e privadas inscritas desde 2016, avaliadas por crit\u00e9rios t\u00e9cnicos e sociais. Editais anuais permitem que munic\u00edpios, universidades e organiza\u00e7\u00f5es da sociedade civil submetam propostas nas categorias \u201cPesquisa Cient\u00edfica\u201d e \u201cPrograma ou Projeto de Pol\u00edtica P\u00fablica\u201d. Os projetos s\u00e3o julgados por j\u00fari t\u00e9cnico e [&hellip;]<\/p>\n","protected":false},"author":16,"featured_media":9886,"parent":0,"menu_order":0,"comment_status":"closed","ping_status":"closed","template":"","meta":{"_acf_changed":false,"footnotes":""},"class_list":["post-9834","page","type-page","status-publish","has-post-thumbnail","hentry"],"acf":[],"_links":{"self":[{"href":"https:\/\/agricultura.sp.gov.br\/segurancaalimentar\/wp-json\/wp\/v2\/pages\/9834","targetHints":{"allow":["GET"]}}],"collection":[{"href":"https:\/\/agricultura.sp.gov.br\/segurancaalimentar\/wp-json\/wp\/v2\/pages"}],"about":[{"href":"https:\/\/agricultura.sp.gov.br\/segurancaalimentar\/wp-json\/wp\/v2\/types\/page"}],"author":[{"embeddable":true,"href":"https:\/\/agricultura.sp.gov.br\/segurancaalimentar\/wp-json\/wp\/v2\/users\/16"}],"replies":[{"embeddable":true,"href":"https:\/\/agricultura.sp.gov.br\/segurancaalimentar\/wp-json\/wp\/v2\/comments?post=9834"}],"version-history":[{"count":4,"href":"https:\/\/agricultura.sp.gov.br\/segurancaalimentar\/wp-json\/wp\/v2\/pages\/9834\/revisions"}],"predecessor-version":[{"id":10333,"href":"https:\/\/agricultura.sp.gov.br\/segurancaalimentar\/wp-json\/wp\/v2\/pages\/9834\/revisions\/10333"}],"wp:featuredmedia":[{"embeddable":true,"href":"https:\/\/agricultura.sp.gov.br\/segurancaalimentar\/wp-json\/wp\/v2\/media\/9886"}],"wp:attachment":[{"href":"https:\/\/agricultura.sp.gov.br\/segurancaalimentar\/wp-json\/wp\/v2\/media?parent=9834"}],"curies":[{"name":"wp","href":"https:\/\/api.w.org\/{rel}","templated":true}]}}