{"id":9664,"date":"2025-09-04T08:19:14","date_gmt":"2025-09-04T11:19:14","guid":{"rendered":"https:\/\/agricultura.sp.gov.br\/segurancaalimentar\/?page_id=9664"},"modified":"2026-03-11T15:33:44","modified_gmt":"2026-03-11T18:33:44","slug":"sisan","status":"publish","type":"page","link":"https:\/\/agricultura.sp.gov.br\/segurancaalimentar\/sisan\/","title":{"rendered":"SISAN"},"content":{"rendered":"<figure style=\"width:1300px;height:300px;\" class=\"wp-block-post-featured-image\"><img loading=\"lazy\" decoding=\"async\" width=\"2560\" height=\"591\" src=\"https:\/\/storage.googleapis.com\/saa-repositorio\/prd\/saa-sites\/cosali\/imagens\/SISAN-banner-1-scaled.png\" class=\"attachment-post-thumbnail size-post-thumbnail wp-post-image\" alt=\"\" style=\"height:300px;object-fit:cover;\" \/><\/figure>\n\n\n<p><strong>Sistema Nacional de Seguran\u00e7a Alimentar e Nutricional<\/strong><\/p>\n\n\n\n<p>O SISAN \u00e9 um sistema p\u00fablico, intersetorial e participativo (institu\u00eddo pela Lei Org\u00e2nica de SAN), que articula os tr\u00eas n\u00edveis de governo e a sociedade civil para formular, implementar, monitorar e avaliar pol\u00edticas que garantam o direito humano \u00e0 alimenta\u00e7\u00e3o adequada e saud\u00e1vel.<\/p>\n\n\n\n<p><strong>Seguran\u00e7a Alimentar e Nutricional (SAN)<\/strong><br>Consiste no acesso regular e permanente a alimentos de qualidade, em quantidade suficiente, sem comprometer outras necessidades essenciais, e em bases culturais e ambientalmente sustent\u00e1veis (art. 3\u00ba da LOSAN). A LOSAN institui o SISAN como instrumento para a atua\u00e7\u00e3o coordenada do poder p\u00fablico com participa\u00e7\u00e3o da sociedade civil.<br>(<a href=\"https:\/\/legislacao.presidencia.gov.br\/atos\/?tipo=LEI&amp;numero=11346&amp;ano=2006&amp;ato=406MTTU5kMRpWT122\">Lei Org\u00e2nica LOSAN<\/a>)<\/p>\n\n\n\n<p><strong>Componentes (no \u00e2mbito do Estado de S\u00e3o Paulo)<\/strong><\/p>\n\n\n\n<ul class=\"wp-block-list\">\n<li><strong>Confer\u00eancia Estadual de SAN<\/strong> \u2014 define diretrizes e prioridades para o estado.<\/li>\n\n\n\n<li><strong>CONSEA\/SP<\/strong> \u2014 \u00f3rg\u00e3o consultivo que assessora o Governador e prop\u00f5e diretrizes da pol\u00edtica estadual de SAN.<\/li>\n\n\n\n<li><strong>CAISAN\/SP<\/strong> \u2014 inst\u00e2ncia intersetorial de coordena\u00e7\u00e3o, respons\u00e1vel pela elabora\u00e7\u00e3o e implementa\u00e7\u00e3o da Pol\u00edtica e do Plano Estadual de SAN, presidida pela Secretaria de Agricultura e Abastecimento.<\/li>\n<\/ul>\n\n\n\n<p><strong>Vantagens da ades\u00e3o ao SISAN<\/strong><\/p>\n\n\n\n<ul class=\"wp-block-list\">\n<li>Integra\u00e7\u00e3o e articula\u00e7\u00e3o de pol\u00edticas p\u00fablicas de SAN.<\/li>\n\n\n\n<li>Maior for\u00e7a pol\u00edtica local para fomentar a\u00e7\u00f5es intersetoriais.<\/li>\n\n\n\n<li>Acesso a apoio t\u00e9cnico e pol\u00edtico para gest\u00e3o do SISAN e dos planos locais.<\/li>\n\n\n\n<li>Pontua\u00e7\u00e3o adicional em editais federais quando o plano atende crit\u00e9rios legais.<\/li>\n\n\n\n<li>Melhoria no monitoramento de indicadores, programas e or\u00e7amentos de SAN.<\/li>\n\n\n\n<li>Amplia\u00e7\u00e3o da participa\u00e7\u00e3o da sociedade civil e promo\u00e7\u00e3o de educa\u00e7\u00e3o permanente.<\/li>\n\n\n\n<li>Contribui\u00e7\u00e3o para maior acesso \u00e0 alimenta\u00e7\u00e3o adequada, sa\u00fade e redu\u00e7\u00e3o de custos p\u00fablicos.<\/li>\n<\/ul>\n\n\n\n<p><strong>Pr\u00e9-condi\u00e7\u00f5es m\u00ednimas para ades\u00e3o municipal<\/strong><\/p>\n\n\n\n<p>Para aderir ao SISAN o munic\u00edpio deve encaminhar \u00e0 Secretaria-Executiva da CAISAN\/SP (formul\u00e1rio assinado pelo Chefe do Executivo) e comprovar, no m\u00ednimo:<br>a) institui\u00e7\u00e3o de <strong>Conselho Municipal de SAN<\/strong> (2\/3 sociedade civil; 1\/3 governo);<br>b) institui\u00e7\u00e3o de <strong>inst\u00e2ncia governamental intersetorial<\/strong> de gest\u00e3o de SAN;<br>c) compromisso de elaborar o <strong>Plano Municipal de SAN<\/strong> em at\u00e9 1 ano do termo de ades\u00e3o.<\/p>\n\n\n\n<p>Ap\u00f3s an\u00e1lise da Secretaria-Executiva, o processo segue para anu\u00eancia do CONSEA\/SP e posterior registro junto \u00e0 CAISAN Nacional.<\/p>\n\n\n\n<p><strong>Passo a passo<\/strong><\/p>\n\n\n\n<div class=\"wp-block-media-text is-stacked-on-mobile\" style=\"grid-template-columns:48% auto\"><figure class=\"wp-block-media-text__media\"><img decoding=\"async\" src=\"https:\/\/storage.googleapis.com\/saa-repositorio\/hml\/saa-sites\/cosali\/imagens\/2.png\" alt=\"\" class=\"wp-image-9697 size-full\"\/><\/figure><div class=\"wp-block-media-text__content\">\n<p><strong>1 &#8211;<\/strong> Prefeito assina formul\u00e1rio de ades\u00e3o e re\u00fane documentos m\u00ednimos.<br><strong>2 &#8211;<\/strong> Envio \u00e0 Secretaria-Executiva da CAISAN\/SP (an\u00e1lise documental).<br><strong>3 &#8211;<\/strong> Emiss\u00e3o de parecer pela Secretaria-Executiva (aprova\u00e7\u00e3o ou sugest\u00f5es de ajuste).<br><strong>4 &#8211;<\/strong> Anu\u00eancia do CONSEA\/SP.<br><strong>5 &#8211;<\/strong> Assinatura do Termo de Ades\u00e3o pelo gestor municipal.<br><strong>6 &#8211; <\/strong>Encaminhamento \u00e0 CAISAN Nacional para referendar a ades\u00e3o. <\/p>\n<\/div><\/div>\n\n\n\n<hr class=\"wp-block-separator has-text-color has-white-color has-alpha-channel-opacity has-white-background-color has-background\"\/>\n\n\n\n<p><strong>Contato \u2014 CAISAN\/SP (Secretaria-Executiva)<\/strong><\/p>\n\n\n\n<p><br><strong>Secret\u00e1rio Executivo: <\/strong>Camila Kanashiro<br><strong>Endere\u00e7o:<\/strong> Pra\u00e7a Ramos de Azevedo, 254 \u2014 6\u00ba Andar, Centro, S\u00e3o Paulo\/SP \u2014 CEP 01037-010<\/p>\n","protected":false},"excerpt":{"rendered":"<p>Sistema Nacional de Seguran\u00e7a Alimentar e Nutricional O SISAN \u00e9 um sistema p\u00fablico, intersetorial e participativo (institu\u00eddo pela Lei Org\u00e2nica de SAN), que articula os tr\u00eas n\u00edveis de governo e a sociedade civil para formular, implementar, monitorar e avaliar pol\u00edticas que garantam o direito humano \u00e0 alimenta\u00e7\u00e3o adequada e saud\u00e1vel. Seguran\u00e7a Alimentar e Nutricional (SAN)Consiste [&hellip;]<\/p>\n","protected":false},"author":16,"featured_media":9743,"parent":0,"menu_order":0,"comment_status":"closed","ping_status":"closed","template":"","meta":{"_acf_changed":false,"footnotes":""},"class_list":["post-9664","page","type-page","status-publish","has-post-thumbnail","hentry"],"acf":[],"_links":{"self":[{"href":"https:\/\/agricultura.sp.gov.br\/segurancaalimentar\/wp-json\/wp\/v2\/pages\/9664","targetHints":{"allow":["GET"]}}],"collection":[{"href":"https:\/\/agricultura.sp.gov.br\/segurancaalimentar\/wp-json\/wp\/v2\/pages"}],"about":[{"href":"https:\/\/agricultura.sp.gov.br\/segurancaalimentar\/wp-json\/wp\/v2\/types\/page"}],"author":[{"embeddable":true,"href":"https:\/\/agricultura.sp.gov.br\/segurancaalimentar\/wp-json\/wp\/v2\/users\/16"}],"replies":[{"embeddable":true,"href":"https:\/\/agricultura.sp.gov.br\/segurancaalimentar\/wp-json\/wp\/v2\/comments?post=9664"}],"version-history":[{"count":11,"href":"https:\/\/agricultura.sp.gov.br\/segurancaalimentar\/wp-json\/wp\/v2\/pages\/9664\/revisions"}],"predecessor-version":[{"id":10334,"href":"https:\/\/agricultura.sp.gov.br\/segurancaalimentar\/wp-json\/wp\/v2\/pages\/9664\/revisions\/10334"}],"wp:featuredmedia":[{"embeddable":true,"href":"https:\/\/agricultura.sp.gov.br\/segurancaalimentar\/wp-json\/wp\/v2\/media\/9743"}],"wp:attachment":[{"href":"https:\/\/agricultura.sp.gov.br\/segurancaalimentar\/wp-json\/wp\/v2\/media?parent=9664"}],"curies":[{"name":"wp","href":"https:\/\/api.w.org\/{rel}","templated":true}]}}