{"id":9657,"date":"2025-09-03T17:49:12","date_gmt":"2025-09-03T20:49:12","guid":{"rendered":"https:\/\/agricultura.sp.gov.br\/segurancaalimentar\/?page_id=9657"},"modified":"2026-03-23T14:59:59","modified_gmt":"2026-03-23T17:59:59","slug":"caisan-sp","status":"publish","type":"page","link":"https:\/\/agricultura.sp.gov.br\/segurancaalimentar\/caisan-sp\/","title":{"rendered":"CAISAN\/SP \u2013 C\u00e2mara Intersecretarial de Seguran\u00e7a Alimentar e Nutricional"},"content":{"rendered":"\n<figure class=\"wp-block-image size-full is-resized is-style-default\"><img loading=\"lazy\" decoding=\"async\" width=\"2560\" height=\"591\" src=\"https:\/\/storage.googleapis.com\/saa-repositorio\/hml\/saa-sites\/cosali\/imagens\/CaisanSP-scaled.png\" alt=\"\" class=\"wp-image-9658\" style=\"object-fit:cover;width:1300px;height:300px\"\/><\/figure>\n\n\n\n<p>Estrutura e Composi\u00e7\u00e3o<\/p>\n\n\n\n<p>A <strong>CAISAN\/SP<\/strong>, institu\u00edda pelo Decreto n\u00ba 59.385\/2013 (alterado pelos Decretos n\u00ba 65.204\/2020 e n\u00ba 67.647\/2023), integra o <strong>Sistema Nacional de Seguran\u00e7a Alimentar e Nutricional (SISAN)<\/strong> e tem como finalidade articular \u00f3rg\u00e3os do Governo do Estado em a\u00e7\u00f5es de Seguran\u00e7a Alimentar e Nutricional (SAN). <\/p>\n\n\n\n<p>\u00c9 presidida pelo Secret\u00e1rio de Agricultura e Abastecimento e composta por representantes de diversas Secretarias de Estado. Sua estrutura conta com: <\/p>\n\n\n\n<ul class=\"wp-block-list\">\n<li>Comit\u00eas T\u00e9cnicos <\/li>\n\n\n\n<li>Pleno da CAISAN\/SP<\/li>\n\n\n\n<li>Presid\u00eancia<\/li>\n\n\n\n<li>Secretaria-Executiva <br><\/li>\n<\/ul>\n\n\n\n<div class=\"wp-block-buttons is-content-justification-center is-layout-flex wp-container-core-buttons-is-layout-16018d1d wp-block-buttons-is-layout-flex\">\n<div class=\"wp-block-button has-custom-width wp-block-button__width-100\"><a class=\"wp-block-button__link has-small-font-size has-custom-font-size wp-element-button\" href=\"https:\/\/storage.googleapis.com\/saa-repositorio\/hml\/saa-sites\/cosali\/documentos\/Decreto-59385.pdf\" target=\"_blank\" rel=\"noreferrer noopener\">DECRETO N\u00ba 59.385\/2013<\/a><\/div>\n<\/div>\n\n\n\n<hr class=\"wp-block-separator has-text-color has-white-color has-alpha-channel-opacity has-white-background-color has-background\"\/>\n\n\n\n<p><strong>Compet\u00eancias<\/strong><\/p>\n\n\n\n<p>Compete \u00e0 CAISAN\/SP:<\/p>\n\n\n\n<ul class=\"wp-block-list\">\n<li>Elaborar e revisar a <strong>Pol\u00edtica Estadual<\/strong> e o <strong>Plano Estadual de Seguran\u00e7a Alimentar e Nutricional<\/strong> (quadrienal).<\/li>\n\n\n\n<li>Coordenar a execu\u00e7\u00e3o da pol\u00edtica em articula\u00e7\u00e3o com o CONSEA\/SP.<\/li>\n\n\n\n<li>Monitorar recursos, resultados e impactos das a\u00e7\u00f5es de SAN.<\/li>\n\n\n\n<li>Integrar pol\u00edticas municipais e estimular a intersetorialidade.<\/li>\n\n\n\n<li>Elaborar relat\u00f3rios e subsidiar o Governo com informa\u00e7\u00f5es t\u00e9cnicas.<\/li>\n\n\n\n<li>Acompanhar delibera\u00e7\u00f5es da Confer\u00eancia Estadual de SAN.<\/li>\n<\/ul>\n\n\n\n<hr class=\"wp-block-separator has-text-color has-white-color has-alpha-channel-opacity has-white-background-color has-background\"\/>\n\n\n\n<p><strong>Pleno Executivo<\/strong><\/p>\n\n\n\n<p>O Pleno re\u00fane-se bimestralmente e \u00e9 formado por titulares e suplentes das Secretarias de Estado. Suas atribui\u00e7\u00f5es incluem:<\/p>\n\n\n\n<ul class=\"wp-block-list\">\n<li>Deliberar sobre a Pol\u00edtica e o Plano Estadual de SAN.<\/li>\n\n\n\n<li>Articular pol\u00edticas setoriais e implementar o SISAN.<\/li>\n\n\n\n<li>Monitorar recursos e resultados da pol\u00edtica de SAN.<\/li>\n\n\n\n<li>Aprovar a cria\u00e7\u00e3o de <strong>Comit\u00eas T\u00e9cnicos<\/strong>.<\/li>\n\n\n\n<li>Apresentar relat\u00f3rios e informa\u00e7\u00f5es ao CONSEA\/SP.<\/li>\n<\/ul>\n\n\n\n<hr class=\"wp-block-separator has-text-color has-white-color has-alpha-channel-opacity has-white-background-color has-background\"\/>\n\n\n\n<p><strong>Comit\u00eas T\u00e9cnicos<\/strong><\/p>\n\n\n\n<p>\u00d3rg\u00e3os de assessoramento criados pelo Pleno, respons\u00e1veis por fornecer subs\u00eddios t\u00e9cnicos \u00e0 tomada de decis\u00e3o. S\u00e3o compostos por representantes de Secretarias e podem incluir convidados de outros \u00f3rg\u00e3os e da sociedade civil. Sua dura\u00e7\u00e3o \u00e9 delimitada, com possibilidade de prorroga\u00e7\u00e3o. <\/p>\n\n\n\n<hr class=\"wp-block-separator has-text-color has-white-color has-alpha-channel-opacity has-white-background-color has-background\"\/>\n\n\n\n<div class=\"wp-block-buttons is-layout-flex wp-block-buttons-is-layout-flex\">\n<div class=\"wp-block-button has-custom-width wp-block-button__width-100\"><a class=\"wp-block-button__link wp-element-button\" href=\"https:\/\/agricultura.sp.gov.br\/segurancaalimentar\/sisan\/\">SISAN<\/a><\/div>\n<\/div>\n\n\n\n<hr class=\"wp-block-separator has-text-color has-white-color has-alpha-channel-opacity has-white-background-color has-background\"\/>\n\n\n\n<p><strong><strong>LEGISLA\u00c7\u00c3O<\/strong><\/strong><\/p>\n\n\n\n<p><a href=\"https:\/\/www.al.sp.gov.br\/norma\/170752\">Decreto n\u00ba 59.385\/2013<\/a> \u2013 Institui a CAISAN\/SP <br><a href=\"https:\/\/www.al.sp.gov.br\/norma\/195481\">Decreto n\u00ba 65.204\/2020<\/a> \u2013 Altera a reda\u00e7\u00e3o do Decreto n\u00ba 59.385<br><a href=\"https:\/\/www.al.sp.gov.br\/norma\/207860\">Decreto n\u00ba 67.647\/2023<\/a> \u2013 Atualiza a composi\u00e7\u00e3o da CAISAN<br><a href=\"https:\/\/storage.googleapis.com\/saa-repositorio\/hml\/saa-sites\/cosali\/documentos\/NotaTecnicaGNASocialDireitoaalimentacaoadequada.pdf\">Nota T\u00e9cnica n\u00ba 01 \u2013 Atualiza\u00e7\u00e3o do SISAN<\/a><br>Resolu\u00e7\u00e3o SAA n\u00ba 11\/2016<br>Resolu\u00e7\u00e3o SAA n\u00ba 13\/2016<br>Resolu\u00e7\u00e3o SAA n\u00ba 141\/2013<br>Resolu\u00e7\u00e3o SAA n\u00ba 38\/2014<\/p>\n\n\n\n<hr class=\"wp-block-separator has-text-color has-white-color has-alpha-channel-opacity has-white-background-color has-background\"\/>\n\n\n\n<p><strong>CONTATOS<\/strong><br>Pra\u00e7a Ramos de Azevedo, 254 \u2022 4\u00b0 andar &#8211; CEP 01037-912 &#8211; Centro &#8211; S\u00e3o Paulo\/SP<br>Secretaria de Agricultura e Abastecimento do Estado de S\u00e3o Paulo &#8211; SAA<\/p>\n\n\n\n<p><strong>ENDERE\u00c7OS:<\/strong><\/p>\n\n\n\n<ul id=\"main-menu\" class=\"wp-block-list\">\n<li><strong>Caisan S\u00e3o Paulo<\/strong><br>Tel.: (11) 5067-0444\/0377<br><a href=\"mailto:caisansp@sp.gov.br?subject=Caisan-SP\">caisansp@sp.gov.br<\/a><\/li>\n\n\n\n<li><strong>Consea S\u00e3o Paulo<\/strong><br>Tel.: (11) 5067-0377\/0322\/0519<br><a href=\"mailto:consea@consea.sp.gov.br?subject=Caisan-SP\">consea@consea.sp.gov.br<\/a><\/li>\n\n\n\n<li><strong>Secretaria de Agricultura e Abastecimento de S\u00e3o Paulo<\/strong><br>Tel.: (11) 5067-0000<br><a href=\"mailto:faleconoscoagricultura@sp.gov.br?subject=Caisan-SP\">faleconoscoagricultura@sp.gov.br<\/a><\/li>\n\n\n\n<li><strong>Atendimento Imprensa &#8211; SAA<\/strong><br>Tel.: (11) 5067-0069<\/li>\n\n\n\n<li><strong>Ouvidoria &#8211; SAA<\/strong><br>Tel.: (11) 5067-0060 | 0061<br><a href=\"mailto:ouvidoriaagricultura@sp.gov.br?subject=Caisan-SP\">ouvidoriaagricultura@sp.gov.br<\/a><\/li>\n<\/ul>\n","protected":false},"excerpt":{"rendered":"<p>Estrutura e Composi\u00e7\u00e3o A CAISAN\/SP, institu\u00edda pelo Decreto n\u00ba 59.385\/2013 (alterado pelos Decretos n\u00ba 65.204\/2020 e n\u00ba 67.647\/2023), integra o Sistema Nacional de Seguran\u00e7a Alimentar e Nutricional (SISAN) e tem como finalidade articular \u00f3rg\u00e3os do Governo do Estado em a\u00e7\u00f5es de Seguran\u00e7a Alimentar e Nutricional (SAN). \u00c9 presidida pelo Secret\u00e1rio de Agricultura e Abastecimento e [&hellip;]<\/p>\n","protected":false},"author":16,"featured_media":0,"parent":0,"menu_order":0,"comment_status":"closed","ping_status":"closed","template":"","meta":{"_acf_changed":false,"footnotes":""},"class_list":["post-9657","page","type-page","status-publish","hentry"],"acf":[],"_links":{"self":[{"href":"https:\/\/agricultura.sp.gov.br\/segurancaalimentar\/wp-json\/wp\/v2\/pages\/9657","targetHints":{"allow":["GET"]}}],"collection":[{"href":"https:\/\/agricultura.sp.gov.br\/segurancaalimentar\/wp-json\/wp\/v2\/pages"}],"about":[{"href":"https:\/\/agricultura.sp.gov.br\/segurancaalimentar\/wp-json\/wp\/v2\/types\/page"}],"author":[{"embeddable":true,"href":"https:\/\/agricultura.sp.gov.br\/segurancaalimentar\/wp-json\/wp\/v2\/users\/16"}],"replies":[{"embeddable":true,"href":"https:\/\/agricultura.sp.gov.br\/segurancaalimentar\/wp-json\/wp\/v2\/comments?post=9657"}],"version-history":[{"count":23,"href":"https:\/\/agricultura.sp.gov.br\/segurancaalimentar\/wp-json\/wp\/v2\/pages\/9657\/revisions"}],"predecessor-version":[{"id":10023,"href":"https:\/\/agricultura.sp.gov.br\/segurancaalimentar\/wp-json\/wp\/v2\/pages\/9657\/revisions\/10023"}],"wp:attachment":[{"href":"https:\/\/agricultura.sp.gov.br\/segurancaalimentar\/wp-json\/wp\/v2\/media?parent=9657"}],"curies":[{"name":"wp","href":"https:\/\/api.w.org\/{rel}","templated":true}]}}