{"id":9641,"date":"2025-08-22T13:00:13","date_gmt":"2025-08-22T16:00:13","guid":{"rendered":"https:\/\/agricultura.sp.gov.br\/segurancaalimentar\/?page_id=9641"},"modified":"2026-03-11T10:05:03","modified_gmt":"2026-03-11T13:05:03","slug":"conselheiros-atuais","status":"publish","type":"page","link":"https:\/\/agricultura.sp.gov.br\/segurancaalimentar\/conselheiros-atuais\/","title":{"rendered":"Conselheiros Atuais"},"content":{"rendered":"<figure class=\"wp-block-post-featured-image\"><img loading=\"lazy\" decoding=\"async\" width=\"2560\" height=\"591\" src=\"https:\/\/storage.googleapis.com\/saa-repositorio\/prd\/saa-sites\/cosali\/imagens\/conselheiros-pg1-scaled.png\" class=\"attachment-post-thumbnail size-post-thumbnail wp-post-image\" alt=\"\" style=\"object-fit:cover;\" \/><\/figure>\n\n\n<hr class=\"wp-block-separator has-text-color has-white-color has-alpha-channel-opacity has-white-background-color has-background\"\/>\n\n\n\n<p class=\"has-background\" style=\"background-color:#f8f9fa\"><strong>Poder P\u00fablico Estadual:<\/strong><\/p>\n\n\n\n<ol class=\"wp-block-list\">\n<li>Secretaria de Agricultura e Abastecimento<\/li>\n\n\n\n<li>Secretaria de Desenvolvimento Social<\/li>\n\n\n\n<li>Secretaria da Educa\u00e7\u00e3o<\/li>\n\n\n\n<li>Secretaria de Desenvolvimento Econ\u00f4mico<\/li>\n\n\n\n<li>Secretaria da Justi\u00e7a e Cidadania<\/li>\n\n\n\n<li>Secretaria de Meio Ambiente, Infraestrutura e Log\u00edstica<\/li>\n\n\n\n<li>Secretaria da Sa\u00fade<\/li>\n\n\n\n<li>Fundo Social de S\u00e3o Paulo<\/li>\n\n\n\n<li>Universidade de S\u00e3o Paulo &#8211; USP<\/li>\n\n\n\n<li>Universidade Estadual de Campinas &#8211; UNICAMP<\/li>\n\n\n\n<li>Universidade Estadual Paulista \u201cJ\u00falio de Mesquita Filho\u201d &#8211; UNESP<\/li>\n\n\n\n<li>Minist\u00e9rio P\u00fablico do Estado de S\u00e3o Paulo<\/li>\n<\/ol>\n\n\n\n<p class=\"has-background\" style=\"background-color:#f8f9fa\"><strong>Sociedade Civil:<\/strong><\/p>\n\n\n\n<ol class=\"wp-block-list\">\n<li>CRSANS Ara\u00e7atuba<\/li>\n\n\n\n<li>CRSANS Baixada Santista<\/li>\n\n\n\n<li>CRSANS Barretos<\/li>\n\n\n\n<li>CRSANS Bauru<\/li>\n\n\n\n<li>CRSANS Campinas<\/li>\n\n\n\n<li>CRSANS Capital<\/li>\n\n\n\n<li>CRSANS Central<\/li>\n\n\n\n<li>CRSANS Franca<\/li>\n\n\n\n<li>CRSANS Grande S\u00e3o Paulo<\/li>\n\n\n\n<li>CRSANS Mar\u00edlia<\/li>\n\n\n\n<li>CRSANS Presidente Prudente<\/li>\n\n\n\n<li>CRSANS Registro<\/li>\n\n\n\n<li>CRSANS Ribeir\u00e3o Preto<\/li>\n\n\n\n<li>CRSANS S\u00e3o Jos\u00e9 do Rio Preto<\/li>\n\n\n\n<li>CRSANS S\u00e3o Jos\u00e9 dos Campos<\/li>\n\n\n\n<li>CRSANS Sorocaba<\/li>\n<\/ol>\n\n\n\n<p class=\"has-background\" style=\"background-color:#f8f9fa\"><strong>Entidades com contribui\u00e7\u00e3o na \u00e1rea de SAN:<\/strong><\/p>\n\n\n\n<ol class=\"wp-block-list\">\n<li>Academia Latino-Americana do Agroneg\u00f3cio \u2013 ALAGRO;\u200b<\/li>\n\n\n\n<li>Associa\u00e7\u00e3o Paulista de Supermercados \u2013 APAS;\u200b<\/li>\n\n\n\n<li>Organiza\u00e7\u00e3o das Cooperativas do Estado de S\u00e3o Paulo \u2013 OCESP;\u200b<\/li>\n\n\n\n<li>Instituto de Cidadania Ambiental \u2013 ICA;\u200b<\/li>\n\n\n\n<li>Sociedade Rural Brasileira; \u200b<\/li>\n\n\n\n<li>Associa\u00e7\u00e3o dos Remanescente de Quilombo do Bairro Nhumguara;\u200b<\/li>\n\n\n\n<li>Associa\u00e7\u00e3o dos Remanescente de Quilombo do Bairro Pedro Cubas de Cima\u200b<\/li>\n\n\n\n<li>Cl\u00f3vis Renato Bortoluci Etto.<\/li>\n<\/ol>\n\n\n\n<p class=\"has-background\" style=\"background-color:#f8f9fa\"><strong>Convidados Permanentes:<\/strong><\/p>\n\n\n\n<ol class=\"wp-block-list\">\n<li>Conselho Estadual de Sa\u00fade<\/li>\n\n\n\n<li>Conselho Estadual de Assist\u00eancia Social-Conseas- SP<\/li>\n\n\n\n<li>Conselho Estadual dos Povos Ind\u00edgenas- CEPISP<\/li>\n\n\n\n<li>Conselho Estadual de Alimenta\u00e7\u00e3o Escolar de S\u00e3o Paulo<\/li>\n\n\n\n<li>Conselho Estadual de Desenvolvimento da Agricultura Familiar-CEDAF\/SP<\/li>\n\n\n\n<li>Conselho Estadual dos Direitos da Crian\u00e7a e do Adolescente- Condeca<\/li>\n\n\n\n<li>Conselho Estadual de Participa\u00e7\u00e3o e Desenvolvimento da Comunidade Negra-CPDCN<\/li>\n\n\n\n<li>Conselho Estadual do Idoso<\/li>\n\n\n\n<li>Funda\u00e7\u00e3o de Prote\u00e7\u00e3o e Defesa do Consumidor- PROCOM\/SP<\/li>\n\n\n\n<li>Rede de Defesa e Prote\u00e7\u00e3o da Alimenta\u00e7\u00e3o Saud\u00e1vel, Adequada e Solid\u00e1ria-REDE-SANS<\/li>\n<\/ol>\n\n\n\n<p class=\"has-background\" style=\"background-color:#f8f9fa\"><strong>A mesa diretiva est\u00e1 composta por:<\/strong><\/p>\n\n\n\n<ul class=\"wp-block-list\">\n<li>Presidente do CONSEA\/SP;\u200b<\/li>\n\n\n\n<li>Vice-Presidente do CONSEA\/SP;\u200b<\/li>\n\n\n\n<li>Diretoria de Seguran\u00e7a Alimentar;\u200b<\/li>\n\n\n\n<li>Secretaria Executiva do CONSEA\/SP.<\/li>\n<\/ul>\n\n\n\n<p class=\"has-background\" style=\"background-color:#f8f9fa\"><strong>Consulte os Conselheiros e Presidente e Vice-Presidente aqui:<\/strong><\/p>\n\n\n\n<p><a href=\"https:\/\/doe.sp.gov.br\/executivo\/secretaria-de-agricultura-e-abastecimento\/resolucao-saa-n-61-de-30-de-outubro-de-2025-20251030111412201438374\" target=\"_blank\" rel=\"noreferrer noopener\">Resolu\u00e7\u00e3o SAA n\u00ba 61, de 2025 &#8211; Designa membros CONSEA_SP &#8211; bienio 2025-2027<\/a><\/p>\n\n\n\n<p><a href=\"https:\/\/doe.sp.gov.br\/executivo\/atos-do-governador\/decreto-do-vice-governador-em-exercicio-no-cargo-de-governador-do-estado-de-29-de-dezembro-de-2025-2025122911912011550857\" target=\"_blank\" rel=\"noreferrer noopener\">Decreto de 29.12.2025 &#8211; Designa Presidente e Vice-Presidente &#8211; Bi\u00eanio 2025-2027.pdf<\/a><\/p>\n\n\n\n<p><a href=\"https:\/\/doe.sp.gov.br\/executivo\/secretaria-de-agricultura-e-abastecimento\/portaria-n-ssab-n-05-de-27-de-outubro-de-2025-20251028111442141432188\" target=\"_blank\" rel=\"noreferrer noopener\">Portaria SSAB n\u00ba 05, de 2025 &#8211; Designa\u00e7\u00e3o de Membros CRSANS &#8211; Bi\u00eanio 2025-2027<\/a><\/p>\n\n\n\n<p><\/p>\n","protected":false},"excerpt":{"rendered":"<p>Poder P\u00fablico Estadual: Sociedade Civil: Entidades com contribui\u00e7\u00e3o na \u00e1rea de SAN: Convidados Permanentes: A mesa diretiva est\u00e1 composta por: Consulte os Conselheiros e Presidente e Vice-Presidente aqui: Resolu\u00e7\u00e3o SAA n\u00ba 61, de 2025 &#8211; Designa membros CONSEA_SP &#8211; bienio 2025-2027 Decreto de 29.12.2025 &#8211; Designa Presidente e Vice-Presidente &#8211; Bi\u00eanio 2025-2027.pdf Portaria SSAB n\u00ba [&hellip;]<\/p>\n","protected":false},"author":16,"featured_media":9643,"parent":0,"menu_order":0,"comment_status":"closed","ping_status":"closed","template":"","meta":{"_acf_changed":false,"footnotes":""},"class_list":["post-9641","page","type-page","status-publish","has-post-thumbnail","hentry"],"acf":[],"_links":{"self":[{"href":"https:\/\/agricultura.sp.gov.br\/segurancaalimentar\/wp-json\/wp\/v2\/pages\/9641","targetHints":{"allow":["GET"]}}],"collection":[{"href":"https:\/\/agricultura.sp.gov.br\/segurancaalimentar\/wp-json\/wp\/v2\/pages"}],"about":[{"href":"https:\/\/agricultura.sp.gov.br\/segurancaalimentar\/wp-json\/wp\/v2\/types\/page"}],"author":[{"embeddable":true,"href":"https:\/\/agricultura.sp.gov.br\/segurancaalimentar\/wp-json\/wp\/v2\/users\/16"}],"replies":[{"embeddable":true,"href":"https:\/\/agricultura.sp.gov.br\/segurancaalimentar\/wp-json\/wp\/v2\/comments?post=9641"}],"version-history":[{"count":8,"href":"https:\/\/agricultura.sp.gov.br\/segurancaalimentar\/wp-json\/wp\/v2\/pages\/9641\/revisions"}],"predecessor-version":[{"id":10272,"href":"https:\/\/agricultura.sp.gov.br\/segurancaalimentar\/wp-json\/wp\/v2\/pages\/9641\/revisions\/10272"}],"wp:featuredmedia":[{"embeddable":true,"href":"https:\/\/agricultura.sp.gov.br\/segurancaalimentar\/wp-json\/wp\/v2\/media\/9643"}],"wp:attachment":[{"href":"https:\/\/agricultura.sp.gov.br\/segurancaalimentar\/wp-json\/wp\/v2\/media?parent=9641"}],"curies":[{"name":"wp","href":"https:\/\/api.w.org\/{rel}","templated":true}]}}