{"id":9635,"date":"2025-08-22T11:33:55","date_gmt":"2025-08-22T14:33:55","guid":{"rendered":"https:\/\/agricultura.sp.gov.br\/segurancaalimentar\/?page_id=9635"},"modified":"2026-03-12T11:11:50","modified_gmt":"2026-03-12T14:11:50","slug":"legislacao-consea","status":"publish","type":"page","link":"https:\/\/agricultura.sp.gov.br\/segurancaalimentar\/legislacao-consea\/","title":{"rendered":"Legisla\u00e7\u00e3o &#8211; CONSEA"},"content":{"rendered":"<figure class=\"wp-block-post-featured-image\"><img loading=\"lazy\" decoding=\"async\" width=\"2560\" height=\"591\" src=\"https:\/\/storage.googleapis.com\/saa-repositorio\/prd\/saa-sites\/cosali\/imagens\/Banner-inicio-de-pagina-legislacao-scaled.png\" class=\"attachment-post-thumbnail size-post-thumbnail wp-post-image\" alt=\"\" style=\"object-fit:cover;\" \/><\/figure>\n\n\n<p>O Consea\/SP possui um regimento interno, publicado por meio da Delibera\u00e7\u00e3o CONSEA\/SP n\u00b0 01, de 10 de mar\u00e7o de 2014, que define as regras para o seu funcionamento. Neste documento est\u00e3o descritas as finalidades, a organiza\u00e7\u00e3o e o funcionamento de todas as inst\u00e2ncias do Conselho.<\/p>\n\n\n\n<p><strong>GOVERNO DO ESTADO DE S\u00c3O PAULO<\/strong>&nbsp;SECRETARIA DE AGRICULTURA E ABASTECIMENTO Conselho Estadual de Seguran\u00e7a Alimentar e Nutricional Sustent\u00e1vel<\/p>\n\n\n\n<p>DELIBERA\u00c7\u00c3O CONSEA\/SP N\u00b0 01, DE 10 DE MAR\u00c7O DE 2014<\/p>\n\n\n\n<p>Aprova o Regimento Interno do Conselho Estadual de Seguran\u00e7a Alimentar e Nutricional Sustent\u00e1vel &#8211; Consea\/SP<\/p>\n\n\n\n<hr class=\"wp-block-separator has-text-color has-white-color has-alpha-channel-opacity has-white-background-color has-background\"\/>\n\n\n\n<details class=\"wp-block-details is-layout-flow wp-block-details-is-layout-flow\"><summary><strong>Legisla\u00e7\u00e3o CONSEA\/SP<\/strong><\/summary>\n<p><a href=\"https:\/\/www.al.sp.gov.br\/repositorio\/legislacao\/decreto\/2003\/decreto-47763-11.04.2003.html\" target=\"_blank\" rel=\"noreferrer noopener\">Decreto n\u00ba 47.763, de 2003 &#8211; Institui CONSEA_SP<\/a> <strong><mark style=\"background-color:rgba(0, 0, 0, 0)\" class=\"has-inline-color has-vivid-red-color\">REVOGADO<\/mark><\/strong><\/p>\n\n\n\n<p><a href=\"https:\/\/www.al.sp.gov.br\/repositorio\/legislacao\/decreto\/2008\/decreto-52940-28.04.2008.html\" target=\"_blank\" rel=\"noreferrer noopener\">Decreto n\u00ba 52.940, de 2008 &#8211; Disp\u00f5e sobre a vincula\u00e7\u00e3o do CONSEA_SP<\/a> &#8211; <strong><mark style=\"background-color:rgba(0, 0, 0, 0)\" class=\"has-inline-color has-vivid-green-cyan-color\">EM VIGOR<\/mark><\/strong><\/p>\n\n\n\n<p><a href=\"https:\/\/www.al.sp.gov.br\/repositorio\/legislacao\/decreto\/2013\/decreto-59146-30.04.2013.html\" target=\"_blank\" rel=\"noreferrer noopener\">Decreto n\u00ba 59.146, de 2013 &#8211; Reorganiza o CONSEA_SP<\/a> &#8211; <strong><mark style=\"background-color:rgba(0, 0, 0, 0)\" class=\"has-inline-color has-vivid-green-cyan-color\">EM VIGOR<\/mark><\/strong><\/p>\n\n\n\n<p><a href=\"https:\/\/www.al.sp.gov.br\/repositorio\/legislacao\/decreto\/2020\/decreto-65046-06.07.2020.html\" target=\"_blank\" rel=\"noreferrer noopener\">Decreto n\u00ba 65.046, de 2020 &#8211; Altera Decreto 59.146\/13<\/a> &#8211; <strong><mark style=\"background-color:rgba(0, 0, 0, 0)\" class=\"has-inline-color has-vivid-green-cyan-color\">EM VIGOR<\/mark><\/strong><\/p>\n\n\n\n<p><a href=\"https:\/\/storage.googleapis.com\/saa-repositorio\/prd\/saa-sites\/cosali\/documentos\/2014.03.10-Deliberacao-Consea-SP-n-01_Regimento-Interno-do-CONSEA_SP.pdf\" target=\"_blank\" rel=\"noreferrer noopener\">Delibera\u00e7\u00e3o CONSEA_SP n\u00ba 01, DE 2014 &#8211; Regimento Interno do CONSEA_SP<\/a> &#8211; <strong><mark style=\"background-color:rgba(0, 0, 0, 0)\" class=\"has-inline-color has-vivid-green-cyan-color\">EM VIGOR<\/mark><\/strong><\/p>\n<\/details>\n\n\n\n<details class=\"wp-block-details is-layout-flow wp-block-details-is-layout-flow\"><summary><strong>Legisla\u00e7\u00e3o CRSANS<\/strong><\/summary>\n<p><a href=\"https:\/\/governosp-my.sharepoint.com\/:b:\/r\/personal\/consea_consea_sp_gov_br\/Documents\/LEGISLA%C3%87%C3%83O\/Legisla%C3%A7%C3%A3o%20B%C3%A1sica_p.%20Pasta\/1.%20Legisla%C3%A7%C3%A3o%20CONSEA_SP\/2003.04.11.%20Decreto%20n%2047.763%20-%20Institui%20CONSEA_SP.pdf?csf=1&amp;web=1&amp;e=ZgpppB\" target=\"_blank\" rel=\"noreferrer noopener\"><\/a><a href=\"https:\/\/storage.googleapis.com\/saa-repositorio\/prd\/saa-sites\/cosali\/documentos\/2013.07.23-Deliberacao-Consea-SP-no-02-Regulamenta-as-CRSANS.pdf\" target=\"_blank\" rel=\"noreferrer noopener\">Delibera\u00e7\u00e3o CONSEA-SP n\u00ba 02, de 2013 &#8211; Regulamenta as CRSANS<\/a> &#8211; <strong><mark style=\"background-color:rgba(0, 0, 0, 0)\" class=\"has-inline-color has-vivid-green-cyan-color\">EM VIGOR<\/mark><\/strong><\/p>\n\n\n\n<p><a href=\"https:\/\/governosp-my.sharepoint.com\/:b:\/r\/personal\/consea_consea_sp_gov_br\/Documents\/LEGISLA%C3%87%C3%83O\/Legisla%C3%A7%C3%A3o%20B%C3%A1sica_p.%20Pasta\/1.%20Legisla%C3%A7%C3%A3o%20CONSEA_SP\/2008.04.28%20Decreto%20n%C2%BA%2052.940%20-%20Disp%C3%B5e%20sobre%20a%20vincula%C3%A7%C3%A3o%20do%20CONSEA_SP.pdf?csf=1&amp;web=1&amp;e=0fCeJK\" target=\"_blank\" rel=\"noreferrer noopener\"><\/a><a href=\"https:\/\/storage.googleapis.com\/saa-repositorio\/prd\/saa-sites\/cosali\/documentos\/2022.03.15-Deliberacao-Consea-SP-no-01-Regimento-Interno-das-CRSANS.pdf\" target=\"_blank\" rel=\"noreferrer noopener\">Delibera\u00e7\u00e3o Consea-SP n\u00ba 01, de 2022 &#8211; Regimento Interno das CRSANS<\/a> &#8211; <strong><mark style=\"background-color:rgba(0, 0, 0, 0)\" class=\"has-inline-color has-vivid-green-cyan-color\">EM VIGOR<\/mark><\/strong><\/p>\n\n\n\n<p><\/p>\n<\/details>\n\n\n\n<details class=\"wp-block-details is-layout-flow wp-block-details-is-layout-flow\"><summary><strong>SISAN<\/strong><\/summary>\n<p><a href=\"https:\/\/www.planalto.gov.br\/ccivil_03\/_ato2004-2006\/2006\/lei\/L11346.htm\" target=\"_blank\" rel=\"noreferrer noopener\">Lei n\u00ba 11.346, de 2006 &#8211; Lei Org\u00e2nica de Seguran\u00e7a Alimentar e Nutricional<\/a><\/p>\n\n\n\n<p><a href=\"https:\/\/www.planalto.gov.br\/ccivil_03\/_ato2007-2010\/2010\/decreto\/D7272.htm\" target=\"_blank\" rel=\"noreferrer noopener\">Decreto n\u00ba 7272, de 2010 &#8211; Cria SISAN Institui PNSAN e outros<\/a><\/p>\n\n\n\n<p><\/p>\n<\/details>\n\n\n\n<p><\/p>\n","protected":false},"excerpt":{"rendered":"<p>O Consea\/SP possui um regimento interno, publicado por meio da Delibera\u00e7\u00e3o CONSEA\/SP n\u00b0 01, de 10 de mar\u00e7o de 2014, que define as regras para o seu funcionamento. Neste documento est\u00e3o descritas as finalidades, a organiza\u00e7\u00e3o e o funcionamento de todas as inst\u00e2ncias do Conselho. GOVERNO DO ESTADO DE S\u00c3O PAULO&nbsp;SECRETARIA DE AGRICULTURA E ABASTECIMENTO [&hellip;]<\/p>\n","protected":false},"author":16,"featured_media":10235,"parent":0,"menu_order":0,"comment_status":"closed","ping_status":"closed","template":"","meta":{"_acf_changed":false,"footnotes":""},"class_list":["post-9635","page","type-page","status-publish","has-post-thumbnail","hentry"],"acf":[],"_links":{"self":[{"href":"https:\/\/agricultura.sp.gov.br\/segurancaalimentar\/wp-json\/wp\/v2\/pages\/9635","targetHints":{"allow":["GET"]}}],"collection":[{"href":"https:\/\/agricultura.sp.gov.br\/segurancaalimentar\/wp-json\/wp\/v2\/pages"}],"about":[{"href":"https:\/\/agricultura.sp.gov.br\/segurancaalimentar\/wp-json\/wp\/v2\/types\/page"}],"author":[{"embeddable":true,"href":"https:\/\/agricultura.sp.gov.br\/segurancaalimentar\/wp-json\/wp\/v2\/users\/16"}],"replies":[{"embeddable":true,"href":"https:\/\/agricultura.sp.gov.br\/segurancaalimentar\/wp-json\/wp\/v2\/comments?post=9635"}],"version-history":[{"count":8,"href":"https:\/\/agricultura.sp.gov.br\/segurancaalimentar\/wp-json\/wp\/v2\/pages\/9635\/revisions"}],"predecessor-version":[{"id":10357,"href":"https:\/\/agricultura.sp.gov.br\/segurancaalimentar\/wp-json\/wp\/v2\/pages\/9635\/revisions\/10357"}],"wp:featuredmedia":[{"embeddable":true,"href":"https:\/\/agricultura.sp.gov.br\/segurancaalimentar\/wp-json\/wp\/v2\/media\/10235"}],"wp:attachment":[{"href":"https:\/\/agricultura.sp.gov.br\/segurancaalimentar\/wp-json\/wp\/v2\/media?parent=9635"}],"curies":[{"name":"wp","href":"https:\/\/api.w.org\/{rel}","templated":true}]}}