{"id":9250,"date":"2025-07-16T11:18:13","date_gmt":"2025-07-16T14:18:13","guid":{"rendered":"https:\/\/agricultura.sp.gov.br\/segurancaalimentar\/?page_id=9250"},"modified":"2026-03-11T16:00:59","modified_gmt":"2026-03-11T19:00:59","slug":"josuedecastro2025","status":"publish","type":"page","link":"https:\/\/agricultura.sp.gov.br\/segurancaalimentar\/josuedecastro2025\/","title":{"rendered":"PR\u00caMIO JOSU\u00c9 DE CASTRO 2025"},"content":{"rendered":"\n<figure class=\"wp-block-image size-large is-resized\"><img loading=\"lazy\" decoding=\"async\" width=\"1024\" height=\"236\" src=\"https:\/\/storage.googleapis.com\/saa-repositorio\/hml\/saa-sites\/cosali\/imagens\/PREMIO-JOSUE-DE-CASTRO-2025-1024x236.png\" alt=\"\" class=\"wp-image-9632\" style=\"object-fit:contain;width:1300px;height:300px\"\/><\/figure>\n\n\n\n<p> <\/p>\n\n\n\n<h3 class=\"wp-block-heading has-background has-medium-font-size\" style=\"background-color:#f8f9fa\">Premiados no ano de 2025<\/h3>\n\n\n\n<h3 class=\"wp-block-heading\">Categoria: <strong>Pesquisa Cient\u00edfica<\/strong><\/h3>\n\n\n\n<p><strong>1\u00ba lugar<\/strong><br>Instituto de Pesca<br><em>Aproveitamento Integral do Pescado no Combate \u00e0 Fome: Parceria Instituto de Pesca \u2013 N\u00facleo de Pesquisas Pescado para Sa\u00fade (IP\u2013NPPS) e Sesc Mesa Brasil\u2013Santos.<\/em><\/p>\n\n\n\n<p><strong>2\u00ba lugar<\/strong><br>Instituto Agron\u00f4mico \u2013 IAC<br><em>Variedade IAC de batata-doce biofortificada, IAC 134 AL01, como agente transformador na seguran\u00e7a alimentar de popula\u00e7\u00f5es de baixa renda, pequenos agricultores e assentados da reforma agr\u00e1ria.<\/em><\/p>\n\n\n\n<p><strong>3\u00ba lugar<\/strong><br>Faculdade de Ci\u00eancias e Engenharia \u2013 UNESP (Campus de Tup\u00e3)<br><em>Grupo Kamby: a\u00e7\u00f5es realizadas em prol da cadeia produtiva leiteira da regi\u00e3o da Alta Paulista visando a seguran\u00e7a do alimento e a seguran\u00e7a alimentar.<\/em><\/p>\n\n\n\n<ol class=\"wp-block-list\">\n<li>Melhor pesquisa cient\u00edfica.<\/li>\n\n\n\n<li>Melhor programa ou projeto de pol\u00edtica p\u00fablica.<\/li>\n<\/ol>\n\n\n\n<h3 class=\"wp-block-heading\">Categoria: <strong>Programa ou Projeto de Pol\u00edticas P\u00fablicas<\/strong><\/h3>\n\n\n\n<p><strong>1\u00ba lugar<\/strong><br>Secretaria de Desenvolvimento Social do Estado de S\u00e3o Paulo<br><em>Programa Bom Prato.<\/em><\/p>\n\n\n\n<p><strong>2\u00ba lugar<\/strong><br>Prefeitura Municipal de Araraquara<br><em>Cultivando um Futuro Sustent\u00e1vel \u2013 a\u00e7\u00f5es que alimentam e libertam.<\/em><\/p>\n\n\n\n<p><strong>3\u00ba lugar<\/strong><br>Secretaria da Educa\u00e7\u00e3o do Estado de S\u00e3o Paulo<br><em>Concurso de Receitas das Cozinheiras Escolares.<\/em><\/p>\n\n\n\n<div class=\"wp-block-buttons is-layout-flex wp-block-buttons-is-layout-flex\">\n<div class=\"wp-block-button has-custom-width wp-block-button__width-100\"><a class=\"wp-block-button__link wp-element-button\" href=\"https:\/\/storage.googleapis.com\/saa-repositorio\/hml\/saa-sites\/cosali\/documentos\/2025.10.09._Comunicado_SSAB_no_18__de_8_de_outubro_de_2025__1_.pdf\">LISTA COMPLETA DOS CLASSIFICADOS<\/a><\/div>\n<\/div>\n\n\n\n<hr class=\"wp-block-separator has-text-color has-white-color has-alpha-channel-opacity has-white-background-color has-background\"\/>\n\n\n\n<hr class=\"wp-block-separator has-text-color has-white-color has-alpha-channel-opacity has-white-background-color has-background\"\/>\n\n\n\n<hr class=\"wp-block-separator has-text-color has-white-color has-alpha-channel-opacity has-white-background-color has-background\"\/>\n\n\n\n<div class=\"wp-block-buttons is-horizontal is-content-justification-space-between is-layout-flex wp-container-core-buttons-is-layout-a442f9fe wp-block-buttons-is-layout-flex\">\n<div class=\"wp-block-button has-custom-width wp-block-button__width-25\"><a class=\"wp-block-button__link has-small-font-size has-custom-font-size wp-element-button\" href=\"https:\/\/agricultura.sp.gov.br\/segurancaalimentar\/josue-de-castro-biografia\/\">JOSU\u00c9 DE CASTRO<\/a><\/div>\n\n\n\n<div class=\"wp-block-button has-custom-width wp-block-button__width-25\"><a class=\"wp-block-button__link has-small-font-size has-custom-font-size wp-element-button\" href=\"https:\/\/agricultura.sp.gov.br\/segurancaalimentar\/premio-josue-de-castro-banco-de-projetos\/\">BANCO DE PROJETOS<\/a><\/div>\n\n\n\n<div class=\"wp-block-button has-custom-width wp-block-button__width-25\"><a class=\"wp-block-button__link has-small-font-size has-custom-font-size wp-element-button\" href=\"https:\/\/agricultura.sp.gov.br\/segurancaalimentar\/premio-josue-de-castro-outras-edicoes\/\">OUTRAS EDI\u00c7\u00d5ES<\/a><\/div>\n<\/div>\n\n\n\n<hr class=\"wp-block-separator has-text-color has-white-color has-alpha-channel-opacity has-white-background-color has-background\"\/>\n\n\n<figure style=\"aspect-ratio:auto;\" class=\"wp-block-post-featured-image\"><img loading=\"lazy\" decoding=\"async\" width=\"2560\" height=\"591\" src=\"https:\/\/storage.googleapis.com\/saa-repositorio\/prd\/saa-sites\/cosali\/imagens\/BANNER-MEIO-DE-PAGINA-JOSUE-DE-CASTRO-scaled.png\" class=\"attachment-post-thumbnail size-post-thumbnail wp-post-image\" alt=\"\" style=\"width:100%;height:100%;object-fit:contain;\" \/><\/figure>\n\n\n<p class=\"has-text-align-center has-background\" style=\"background-color:#f8f9fa\"><strong>INSCRI\u00c7\u00d5ES &#8211; Per\u00edodo de inscri\u00e7\u00e3o: de 16 de julho a 15 de agosto de 2025<\/strong><\/p>\n\n\n\n<hr class=\"wp-block-separator has-text-color has-white-color has-alpha-channel-opacity has-white-background-color has-background\"\/>\n\n\n\n<div class=\"wp-block-buttons is-content-justification-space-between is-layout-flex wp-container-core-buttons-is-layout-3d213aab wp-block-buttons-is-layout-flex\">\n<div class=\"wp-block-button has-custom-width wp-block-button__width-50\"><a class=\"wp-block-button__link has-small-font-size has-custom-font-size wp-element-button\" href=\"https:\/\/storage.googleapis.com\/saa-repositorio\/hml\/saa-sites\/cosali\/documentos\/2025.07.15_Edital_GSA_n_1-2025.pdf\">EDITAL &#8211; EDI\u00c7\u00c3O 2025<\/a><\/div>\n\n\n\n<div class=\"wp-block-button has-custom-width wp-block-button__width-50\"><a class=\"wp-block-button__link has-small-font-size has-custom-font-size wp-element-button\" href=\"https:\/\/docs.google.com\/forms\/d\/e\/1FAIpQLSdIXKW5QO5za3rLmVUpByNYisEmcB1kbCupUOf-3nzI6TxWsQ\/closedform\">FORMUL\u00c1RIO DE INSCRI\u00c7\u00d5ES<\/a><\/div>\n<\/div>\n\n\n\n<hr class=\"wp-block-separator has-text-color has-white-color has-alpha-channel-opacity has-white-background-color has-background\"\/>\n\n\n\n<hr class=\"wp-block-separator has-text-color has-white-color has-alpha-channel-opacity has-white-background-color has-background\"\/>\n","protected":false},"excerpt":{"rendered":"<p>Premiados no ano de 2025 Categoria: Pesquisa Cient\u00edfica 1\u00ba lugarInstituto de PescaAproveitamento Integral do Pescado no Combate \u00e0 Fome: Parceria Instituto de Pesca \u2013 N\u00facleo de Pesquisas Pescado para Sa\u00fade (IP\u2013NPPS) e Sesc Mesa Brasil\u2013Santos. 2\u00ba lugarInstituto Agron\u00f4mico \u2013 IACVariedade IAC de batata-doce biofortificada, IAC 134 AL01, como agente transformador na seguran\u00e7a alimentar de popula\u00e7\u00f5es [&hellip;]<\/p>\n","protected":false},"author":16,"featured_media":9822,"parent":0,"menu_order":0,"comment_status":"closed","ping_status":"closed","template":"","meta":{"_acf_changed":false,"footnotes":""},"class_list":["post-9250","page","type-page","status-publish","has-post-thumbnail","hentry"],"acf":[],"_links":{"self":[{"href":"https:\/\/agricultura.sp.gov.br\/segurancaalimentar\/wp-json\/wp\/v2\/pages\/9250","targetHints":{"allow":["GET"]}}],"collection":[{"href":"https:\/\/agricultura.sp.gov.br\/segurancaalimentar\/wp-json\/wp\/v2\/pages"}],"about":[{"href":"https:\/\/agricultura.sp.gov.br\/segurancaalimentar\/wp-json\/wp\/v2\/types\/page"}],"author":[{"embeddable":true,"href":"https:\/\/agricultura.sp.gov.br\/segurancaalimentar\/wp-json\/wp\/v2\/users\/16"}],"replies":[{"embeddable":true,"href":"https:\/\/agricultura.sp.gov.br\/segurancaalimentar\/wp-json\/wp\/v2\/comments?post=9250"}],"version-history":[{"count":41,"href":"https:\/\/agricultura.sp.gov.br\/segurancaalimentar\/wp-json\/wp\/v2\/pages\/9250\/revisions"}],"predecessor-version":[{"id":10339,"href":"https:\/\/agricultura.sp.gov.br\/segurancaalimentar\/wp-json\/wp\/v2\/pages\/9250\/revisions\/10339"}],"wp:featuredmedia":[{"embeddable":true,"href":"https:\/\/agricultura.sp.gov.br\/segurancaalimentar\/wp-json\/wp\/v2\/media\/9822"}],"wp:attachment":[{"href":"https:\/\/agricultura.sp.gov.br\/segurancaalimentar\/wp-json\/wp\/v2\/media?parent=9250"}],"curies":[{"name":"wp","href":"https:\/\/api.w.org\/{rel}","templated":true}]}}