{"id":9146,"date":"2025-07-15T14:32:58","date_gmt":"2025-07-15T17:32:58","guid":{"rendered":"https:\/\/agricultura.sp.gov.br\/segurancaalimentar\/?page_id=9146"},"modified":"2026-01-06T17:11:09","modified_gmt":"2026-01-06T20:11:09","slug":"agrospnamesa","status":"publish","type":"page","link":"https:\/\/agricultura.sp.gov.br\/segurancaalimentar\/agrospnamesa\/","title":{"rendered":"Cole\u00e7\u00e3o Agro SP na Mesa"},"content":{"rendered":"<figure class=\"wp-block-post-featured-image\"><img loading=\"lazy\" decoding=\"async\" width=\"2560\" height=\"591\" src=\"https:\/\/storage.googleapis.com\/saa-repositorio\/prd\/saa-sites\/cosali\/imagens\/banner-inicio-de-pagina-1300-x-300px-dobro-HQ-1-scaled.png\" class=\"attachment-post-thumbnail size-post-thumbnail wp-post-image\" alt=\"\" style=\"object-fit:cover;\" \/><\/figure>\n\n\n<hr class=\"wp-block-separator has-alpha-channel-opacity\"\/>\n\n\n\n<p>O Estado de S\u00e3o Paulo conta com uma ampla variedade de produtos agr\u00edcolas que possuem grande relev\u00e2ncia, n\u00e3o apenas econ\u00f4mica, como tamb\u00e9m nutricional, j\u00e1 que fazem parte da base da alimenta\u00e7\u00e3o saud\u00e1vel. Pensando nisso, a Secretaria de Agricultura e Abastecimento, por meio da Diretoria de Seguran\u00e7a Alimentar, lan\u00e7a a cole\u00e7\u00e3o \u201cAgro SP na mesa\u201d.<\/p>\n\n\n\n<figure class=\"wp-block-embed is-type-video is-provider-youtube wp-block-embed-youtube wp-embed-aspect-16-9 wp-has-aspect-ratio\"><div class=\"wp-block-embed__wrapper\">\n<iframe loading=\"lazy\" title=\"Sabores Paulistas: a Experi\u00eancia da Cole\u00e7\u00e3o Agro SP na Mesa\" width=\"500\" height=\"281\" src=\"https:\/\/www.youtube.com\/embed\/6nax4jpO61o?feature=oembed\" frameborder=\"0\" allow=\"accelerometer; autoplay; clipboard-write; encrypted-media; gyroscope; picture-in-picture; web-share\" referrerpolicy=\"strict-origin-when-cross-origin\" allowfullscreen><\/iframe>\n<\/div><\/figure>\n\n\n\n<p>Ser\u00e3o publicadas diversas edi\u00e7\u00f5es com os principais produtos das cadeias paulistas, onde ser\u00e1 evidenciada a import\u00e2ncia de cada um deles na economia do Estado e nos h\u00e1bitos alimentares da popula\u00e7\u00e3o, disponibilizando refer\u00eancias t\u00e9cnicas, de forma clara, simples e objetiva, com o prop\u00f3sito de incentivar o maior consumo por meio de informa\u00e7\u00f5es, dicas, curiosidades e receitas.<\/p>\n\n\n\n<div class=\"wp-block-buttons is-content-justification-center is-layout-flex wp-container-core-buttons-is-layout-16018d1d wp-block-buttons-is-layout-flex\">\n<div class=\"wp-block-button has-custom-width wp-block-button__width-100\"><a class=\"wp-block-button__link has-text-align-center wp-element-button\" href=\"https:\/\/agricultura.sp.gov.br\/segurancaalimentar\/publicacoes\/\">Acesse a cole\u00e7\u00e3o completa<\/a><\/div>\n<\/div>\n\n\n\n<p><\/p>\n","protected":false},"excerpt":{"rendered":"<p>O Estado de S\u00e3o Paulo conta com uma ampla variedade de produtos agr\u00edcolas que possuem grande relev\u00e2ncia, n\u00e3o apenas econ\u00f4mica, como tamb\u00e9m nutricional, j\u00e1 que fazem parte da base da alimenta\u00e7\u00e3o saud\u00e1vel. Pensando nisso, a Secretaria de Agricultura e Abastecimento, por meio da Diretoria de Seguran\u00e7a Alimentar, lan\u00e7a a cole\u00e7\u00e3o \u201cAgro SP na mesa\u201d. Ser\u00e3o [&hellip;]<\/p>\n","protected":false},"author":16,"featured_media":9174,"parent":0,"menu_order":0,"comment_status":"closed","ping_status":"closed","template":"","meta":{"_acf_changed":false,"footnotes":""},"class_list":["post-9146","page","type-page","status-publish","has-post-thumbnail","hentry"],"acf":[],"_links":{"self":[{"href":"https:\/\/agricultura.sp.gov.br\/segurancaalimentar\/wp-json\/wp\/v2\/pages\/9146","targetHints":{"allow":["GET"]}}],"collection":[{"href":"https:\/\/agricultura.sp.gov.br\/segurancaalimentar\/wp-json\/wp\/v2\/pages"}],"about":[{"href":"https:\/\/agricultura.sp.gov.br\/segurancaalimentar\/wp-json\/wp\/v2\/types\/page"}],"author":[{"embeddable":true,"href":"https:\/\/agricultura.sp.gov.br\/segurancaalimentar\/wp-json\/wp\/v2\/users\/16"}],"replies":[{"embeddable":true,"href":"https:\/\/agricultura.sp.gov.br\/segurancaalimentar\/wp-json\/wp\/v2\/comments?post=9146"}],"version-history":[{"count":15,"href":"https:\/\/agricultura.sp.gov.br\/segurancaalimentar\/wp-json\/wp\/v2\/pages\/9146\/revisions"}],"predecessor-version":[{"id":10070,"href":"https:\/\/agricultura.sp.gov.br\/segurancaalimentar\/wp-json\/wp\/v2\/pages\/9146\/revisions\/10070"}],"wp:featuredmedia":[{"embeddable":true,"href":"https:\/\/agricultura.sp.gov.br\/segurancaalimentar\/wp-json\/wp\/v2\/media\/9174"}],"wp:attachment":[{"href":"https:\/\/agricultura.sp.gov.br\/segurancaalimentar\/wp-json\/wp\/v2\/media?parent=9146"}],"curies":[{"name":"wp","href":"https:\/\/api.w.org\/{rel}","templated":true}]}}