{"id":8951,"date":"2025-07-10T13:47:32","date_gmt":"2025-07-10T16:47:32","guid":{"rendered":"https:\/\/agricultura.sp.gov.br\/segurancaalimentar\/?page_id=8951"},"modified":"2025-10-02T15:36:25","modified_gmt":"2025-10-02T18:36:25","slug":"josue-de-castro-biografia","status":"publish","type":"page","link":"https:\/\/agricultura.sp.gov.br\/segurancaalimentar\/josue-de-castro-biografia\/","title":{"rendered":"Josu\u00e9 de Castro Biografia"},"content":{"rendered":"\n<figure class=\"wp-block-image size-full is-resized\"><img loading=\"lazy\" decoding=\"async\" width=\"2560\" height=\"591\" src=\"https:\/\/storage.googleapis.com\/saa-repositorio\/hml\/saa-sites\/cosali\/imagens\/banner-premio-josue-de-castro-biografia-scaled.png\" alt=\"\" class=\"wp-image-9885\" style=\"object-fit:cover;width:1300px;height:300px\"\/><\/figure>\n\n\n\n<p class=\"has-black-color has-text-color has-link-color wp-elements-1daa5a6dadcc31597ec83a3db7ef7680\">Dados essenciais<\/p>\n\n\n\n<ul class=\"wp-block-list\">\n<li><strong>Nome completo<\/strong>: Josu\u00e9 Apol\u00f4nio de Castro<\/li>\n\n\n\n<li><strong>Nascimento<\/strong>: Recife, 5 de setembro de 1908<\/li>\n\n\n\n<li><strong>Falecimento<\/strong>: Paris, 24 de setembro de 1973<\/li>\n<\/ul>\n\n\n\n<hr class=\"wp-block-separator has-text-color has-white-color has-alpha-channel-opacity has-white-background-color has-background\"\/>\n\n\n\n<h3 class=\"wp-block-heading\">Forma\u00e7\u00e3o e atua\u00e7\u00e3o intelectual<\/h3>\n\n\n\n<p>Josu\u00e9 de Castro formou-se em Medicina e ampliou sua atua\u00e7\u00e3o por meio de estudos em Geografia, Nutri\u00e7\u00e3o e Sociologia. Tornou-se refer\u00eancia internacional por articular o conceito da fome como fen\u00f4meno social, pol\u00edtico e ambiental, e por sua produ\u00e7\u00e3o intelectual que articulou ci\u00eancia, poesia e milit\u00e2ncia.<\/p>\n\n\n\n<p>Sua obra mais emblem\u00e1tica, <em>Geografia da Fome<\/em>, evidenciou as desigualdades do acesso \u00e0 alimenta\u00e7\u00e3o no Brasil e no mundo, posicionando a fome como express\u00e3o de estruturas sociais.<\/p>\n\n\n\n<hr class=\"wp-block-separator has-text-color has-white-color has-alpha-channel-opacity has-white-background-color has-background\"\/>\n\n\n\n<h3 class=\"wp-block-heading\">Contribui\u00e7\u00f5es e cargos relevantes<\/h3>\n\n\n\n<ul class=\"wp-block-list\">\n<li>Presidiu o Conselho Executivo da <strong>FAO<\/strong> (Organiza\u00e7\u00e3o das Na\u00e7\u00f5es Unidas para a Alimenta\u00e7\u00e3o e a Agricultura).<\/li>\n\n\n\n<li>Ocupou cargos diplom\u00e1ticos e representa\u00e7\u00f5es internacionais, levando o debate sobre fome e nutri\u00e7\u00e3o aos f\u00f3runs globais.<\/li>\n\n\n\n<li>A partir de sua trajet\u00f3ria, inspirou pol\u00edticas p\u00fablicas de seguran\u00e7a alimentar, transformando uma vis\u00e3o t\u00e9cnica em compromisso humanit\u00e1rio.<\/li>\n<\/ul>\n\n\n\n<hr class=\"wp-block-separator has-text-color has-white-color has-alpha-channel-opacity has-white-background-color has-background\"\/>\n\n\n\n<h3 class=\"wp-block-heading\">Legado institucional<\/h3>\n\n\n\n<p>Josu\u00e9 de Castro permanece como s\u00edmbolo da <strong>luta pelo direito humano \u00e0 alimenta\u00e7\u00e3o adequada<\/strong>. Por meio de sua milit\u00e2ncia, contribuiu com bases conceituais e pr\u00e1ticas para o desenvolvimento de pol\u00edticas p\u00fablicas que reconhecem a alimenta\u00e7\u00e3o como dimens\u00e3o central da cidadania.<\/p>\n\n\n\n<p class=\"has-black-color has-text-color has-link-color wp-elements-0763de4911f39ab230a94d6e26184d6c\">Na trajet\u00f3ria do CONSEA\/SP, sua mem\u00f3ria \u00e9 celebrada por meio do Pr\u00eamio Josu\u00e9 de Castro e do Banco de Projetos, que estimulam iniciativas inovadoras de combate \u00e0 fome e promo\u00e7\u00e3o da seguran\u00e7a alimentar em S\u00e3o Paulo.<\/p>\n\n\n\n<hr class=\"wp-block-separator has-text-color has-white-color has-alpha-channel-opacity has-white-background-color has-background\"\/>\n\n\n\n<p>Fonte:&nbsp;<a href=\"http:\/\/www.josuedecastro.com.br\/\" target=\"_blank\" rel=\"noreferrer noopener\">www.josuedecastro.com.br<\/a><\/p>\n\n\n\n<p><\/p>\n","protected":false},"excerpt":{"rendered":"<p>Dados essenciais Forma\u00e7\u00e3o e atua\u00e7\u00e3o intelectual Josu\u00e9 de Castro formou-se em Medicina e ampliou sua atua\u00e7\u00e3o por meio de estudos em Geografia, Nutri\u00e7\u00e3o e Sociologia. Tornou-se refer\u00eancia internacional por articular o conceito da fome como fen\u00f4meno social, pol\u00edtico e ambiental, e por sua produ\u00e7\u00e3o intelectual que articulou ci\u00eancia, poesia e milit\u00e2ncia. Sua obra mais emblem\u00e1tica, [&hellip;]<\/p>\n","protected":false},"author":17,"featured_media":0,"parent":0,"menu_order":0,"comment_status":"closed","ping_status":"closed","template":"","meta":{"_acf_changed":false,"footnotes":""},"class_list":["post-8951","page","type-page","status-publish","hentry"],"acf":[],"_links":{"self":[{"href":"https:\/\/agricultura.sp.gov.br\/segurancaalimentar\/wp-json\/wp\/v2\/pages\/8951","targetHints":{"allow":["GET"]}}],"collection":[{"href":"https:\/\/agricultura.sp.gov.br\/segurancaalimentar\/wp-json\/wp\/v2\/pages"}],"about":[{"href":"https:\/\/agricultura.sp.gov.br\/segurancaalimentar\/wp-json\/wp\/v2\/types\/page"}],"author":[{"embeddable":true,"href":"https:\/\/agricultura.sp.gov.br\/segurancaalimentar\/wp-json\/wp\/v2\/users\/17"}],"replies":[{"embeddable":true,"href":"https:\/\/agricultura.sp.gov.br\/segurancaalimentar\/wp-json\/wp\/v2\/comments?post=8951"}],"version-history":[{"count":28,"href":"https:\/\/agricultura.sp.gov.br\/segurancaalimentar\/wp-json\/wp\/v2\/pages\/8951\/revisions"}],"predecessor-version":[{"id":9893,"href":"https:\/\/agricultura.sp.gov.br\/segurancaalimentar\/wp-json\/wp\/v2\/pages\/8951\/revisions\/9893"}],"wp:attachment":[{"href":"https:\/\/agricultura.sp.gov.br\/segurancaalimentar\/wp-json\/wp\/v2\/media?parent=8951"}],"curies":[{"name":"wp","href":"https:\/\/api.w.org\/{rel}","templated":true}]}}