{"id":8900,"date":"2025-07-10T11:33:32","date_gmt":"2025-07-10T14:33:32","guid":{"rendered":"https:\/\/agricultura.sp.gov.br\/segurancaalimentar\/?page_id=8900"},"modified":"2026-03-23T14:57:25","modified_gmt":"2026-03-23T17:57:25","slug":"assessoria-seguranca-alimentar","status":"publish","type":"page","link":"https:\/\/agricultura.sp.gov.br\/segurancaalimentar\/assessoria-seguranca-alimentar\/","title":{"rendered":"Assessoria de Seguran\u00e7a Alimentar"},"content":{"rendered":"<figure style=\"width:1300px;height:300px;\" class=\"wp-block-post-featured-image\"><img loading=\"lazy\" decoding=\"async\" width=\"2560\" height=\"591\" src=\"https:\/\/storage.googleapis.com\/saa-repositorio\/prd\/saa-sites\/cosali\/imagens\/assessoria-seguranca-alimentar-banner-scaled.png\" class=\"attachment-post-thumbnail size-post-thumbnail wp-post-image\" alt=\"\" style=\"height:300px;object-fit:cover;\" \/><\/figure>\n\n\n<p>A Assessoria de Seguran\u00e7a Alimentar, vinculado \u00e0&nbsp;Diretoria de Seguran\u00e7a Alimentar come\u00e7ou suas atividades em 1980. Sua atua\u00e7\u00e3o teve in\u00edcio enquanto Servi\u00e7o de Orienta\u00e7\u00e3o ao Consumidor (SOC) e posteriormente Centro de Seguran\u00e7a Alimentar e nutricional Sustent\u00e1vel (CESANS). Em 1982, foi inaugurada sua Cozinha Experimental, com objetivo de realizar an\u00e1lises sensoriais e testes de receitas saud\u00e1veis, pr\u00e1ticas e de baixo custo para incentivar a melhoria de h\u00e1bitos alimentares da popula\u00e7\u00e3o. A Cozinha Experimental, desde ent\u00e3o, atuante nas depend\u00eancias da Secretaria de Agricultura e Abastecimento, atualmente sediada na Pra\u00e7a Ramos de Azevedo, 254 &#8211; Centro &#8211; S\u00e3o Paulo, acompanhou o desenvolvimento das atividades do departamento, disseminando informa\u00e7\u00f5es e conte\u00fados que comp\u00f5em livros e materiais t\u00e9cnicos, distribu\u00eddos nas diversas a\u00e7\u00f5es realizadas pelo Governo do Estado, bem como divulgados pela grande m\u00eddia.<\/p>\n\n\n\n<p><br>Em 30 de dezembro de 2021, por meio do Decreto n 66.417, que Reorganizou a Secretaria de Agricultura e Abastecimento, criou-se a Coordenadoria de Seguran\u00e7a Alimentar (COSALI) e, a partir de ent\u00e3o, o antigo CESANS tornou-se Departamento de Seguran\u00e7a Alimentar&nbsp;e Nutricional Sustent\u00e1vel (DESANS), mais uma vez reorganizada, agora denomina-se Assessoria de Seguran\u00e7a Alimentar, com o objetivo de articular a\u00e7\u00f5es voltadas \u00e0 promo\u00e7\u00e3o da seguran\u00e7a alimentar e nutricional, em parceria com o setor p\u00fablico e a sociedade civil, com as seguintes atribui\u00e7\u00f5es:<\/p>\n\n\n\n<div class=\"wp-block-group\"><div class=\"wp-block-group__inner-container is-layout-constrained wp-block-group-is-layout-constrained\">\n<p>I &#8211; Promover e difundir programas e projetos nas \u00e1reas de abastecimento, alimenta\u00e7\u00e3o, nutri\u00e7\u00e3o e compras p\u00fablicas;<br>II &#8211; Realizar cursos, palestras e treinamentos voltados aos setores dos agroneg\u00f3cio;<br>III &#8211; Difundir informa\u00e7\u00f5es e conhecimento no que se refere \u00e0 seguran\u00e7a alimentar e nutricional;<br>IV &#8211; Propor a\u00e7\u00f5es de seguran\u00e7a alimentar e nutricional sustent\u00e1vel junto a Munic\u00edpios do Estado, \u00f3rg\u00e3os e entidades da Administra\u00e7\u00e3o direta e indireta institui\u00e7\u00f5es de ensino, cooperativas, associa\u00e7\u00f5es e entidades da sociedade civil, p\u00fablicas e privadas;<br>V &#8211; Realizar cursos, palestras, treinamentos e eventos educativos visando ao combate ao desperd\u00edcio, \u00e0&nbsp;adequada manipula\u00e7\u00e3o dos alimentos e ao aproveitamento de suas partes n\u00e3o convencionais;<br>VI &#8211; Divulgar, orientar e incentivar o consumo de alimentos saud\u00e1veis com desenvolvimento de conte\u00fados, receitas e card\u00e1pios de elevado valor nutritivo;<br>VII &#8211; Realizar an\u00e1lise sensorial de produtos e testar receitas na cozinha experimental;<br>VIII &#8211; monitorar, de forma regionalizada, a situa\u00e7\u00e3o alimentar e nutricional da popula\u00e7\u00e3o.<\/p>\n<\/div><\/div>\n\n\n\n<p>Desta forma, a Assessoria de Seguran\u00e7a Alimentar encontra-se inserido no \u00e2mbito das a\u00e7\u00f5es da COSALI, possuindo&nbsp;atribui\u00e7\u00f5es de ministrar cursos e palestras nas \u00e1reas de alimenta\u00e7\u00e3o, nutri\u00e7\u00e3o, economia dom\u00e9stica e gera\u00e7\u00e3o de renda, com o objetivo de colaborar para a melhoria da qualidade de vida da popula\u00e7\u00e3o atendida, al\u00e9m de promover estudos de indicadores de seguran\u00e7a alimentar e nutricional para a implementa\u00e7\u00e3o de a\u00e7\u00f5es regionais. <\/p>\n\n\n\n<p><\/p>\n\n\n\n<p><strong>Email:<\/strong><a href=\"mailto:%C2%A0desans@codeagro.sp.gov.br\">&nbsp;<\/a><a href=\"mailto:desans@sp.gov.br\">desans@sp.gov.br<\/a><br><strong>Telefones:<\/strong>&nbsp;(11) 5067-0350 (11) 5067-0418<br><strong>Respons\u00e1vel:&nbsp;<\/strong>Milene Gon\u00e7alves Massaro Raimundo<\/p>\n\n\n\n<p><strong>Pra\u00e7a Ramos de Azevedo, 254 | 4\u00b0 andar &#8211; Rep\u00fablica &#8211; S\u00e3o Paulo\/SP CEP 01037-010<\/strong><\/p>\n\n\n\n<div class=\"wp-block-buttons is-layout-flex wp-block-buttons-is-layout-flex\"><\/div>\n\n\n\n<p><\/p>\n\n\n\n<div class=\"wp-block-columns is-layout-flex wp-container-core-columns-is-layout-9d6595d7 wp-block-columns-is-layout-flex\">\n<div class=\"wp-block-column is-layout-flow wp-block-column-is-layout-flow\" style=\"flex-basis:100%\">\n<div class=\"wp-block-buttons is-layout-flex wp-block-buttons-is-layout-flex\">\n\n\n\n<\/div>\n<\/div>\n<\/div>\n\n\n\n<p><\/p>\n","protected":false},"excerpt":{"rendered":"<p>A Assessoria de Seguran\u00e7a Alimentar, vinculado \u00e0&nbsp;Diretoria de Seguran\u00e7a Alimentar come\u00e7ou suas atividades em 1980. Sua atua\u00e7\u00e3o teve in\u00edcio enquanto Servi\u00e7o de Orienta\u00e7\u00e3o ao Consumidor (SOC) e posteriormente Centro de Seguran\u00e7a Alimentar e nutricional Sustent\u00e1vel (CESANS). Em 1982, foi inaugurada sua Cozinha Experimental, com objetivo de realizar an\u00e1lises sensoriais e testes de receitas saud\u00e1veis, pr\u00e1ticas [&hellip;]<\/p>\n","protected":false},"author":17,"featured_media":9745,"parent":0,"menu_order":0,"comment_status":"closed","ping_status":"closed","template":"","meta":{"_acf_changed":false,"footnotes":""},"class_list":["post-8900","page","type-page","status-publish","has-post-thumbnail","hentry"],"acf":[],"_links":{"self":[{"href":"https:\/\/agricultura.sp.gov.br\/segurancaalimentar\/wp-json\/wp\/v2\/pages\/8900","targetHints":{"allow":["GET"]}}],"collection":[{"href":"https:\/\/agricultura.sp.gov.br\/segurancaalimentar\/wp-json\/wp\/v2\/pages"}],"about":[{"href":"https:\/\/agricultura.sp.gov.br\/segurancaalimentar\/wp-json\/wp\/v2\/types\/page"}],"author":[{"embeddable":true,"href":"https:\/\/agricultura.sp.gov.br\/segurancaalimentar\/wp-json\/wp\/v2\/users\/17"}],"replies":[{"embeddable":true,"href":"https:\/\/agricultura.sp.gov.br\/segurancaalimentar\/wp-json\/wp\/v2\/comments?post=8900"}],"version-history":[{"count":9,"href":"https:\/\/agricultura.sp.gov.br\/segurancaalimentar\/wp-json\/wp\/v2\/pages\/8900\/revisions"}],"predecessor-version":[{"id":9747,"href":"https:\/\/agricultura.sp.gov.br\/segurancaalimentar\/wp-json\/wp\/v2\/pages\/8900\/revisions\/9747"}],"wp:featuredmedia":[{"embeddable":true,"href":"https:\/\/agricultura.sp.gov.br\/segurancaalimentar\/wp-json\/wp\/v2\/media\/9745"}],"wp:attachment":[{"href":"https:\/\/agricultura.sp.gov.br\/segurancaalimentar\/wp-json\/wp\/v2\/media?parent=8900"}],"curies":[{"name":"wp","href":"https:\/\/api.w.org\/{rel}","templated":true}]}}