{"id":8812,"date":"2025-05-21T18:13:30","date_gmt":"2025-05-21T21:13:30","guid":{"rendered":"https:\/\/agricultura.sp.gov.br\/segurancaalimentar\/?page_id=8812"},"modified":"2026-02-06T11:16:34","modified_gmt":"2026-02-06T14:16:34","slug":"cozinhalimento","status":"publish","type":"page","link":"https:\/\/agricultura.sp.gov.br\/segurancaalimentar\/cozinhalimento\/","title":{"rendered":"Cozinhalimento"},"content":{"rendered":"\n<figure class=\"wp-block-image size-full is-resized\"><img loading=\"lazy\" decoding=\"async\" width=\"2560\" height=\"591\" src=\"https:\/\/storage.googleapis.com\/saa-repositorio\/hml\/saa-sites\/cosali\/imagens\/banner-inicio-cozinhalimento-scaled.png\" alt=\"\" class=\"wp-image-9413\" style=\"object-fit:cover;width:1300px;height:300px\"\/><\/figure>\n\n\n\n<p>O Projeto Estadual Cozinhalimento, da Secretaria de Agricultura e Abastecimento do Estado de S\u00e3o Paulo, promove a instala\u00e7\u00e3o de cozinhas profissionais nos munic\u00edpios paulistas. <\/p>\n\n\n\n<p class=\"has-luminous-vivid-orange-color has-text-color has-link-color wp-elements-5e7282187a712f73aec02f85bd511092\"><strong>Objetivos:<\/strong><\/p>\n\n\n\n<ul class=\"wp-block-list\">\n<li>Incrementar a capacita\u00e7\u00e3o de agentes multiplicadores das a\u00e7\u00f5es de seguran\u00e7a alimentar e nutricionais sustent\u00e1veis nas \u00e1reas de atendimento;<\/li>\n\n\n\n<li>Promover a educa\u00e7\u00e3o e conscientiza\u00e7\u00e3o de pr\u00e1ticas alimentares saud\u00e1veis e equilibradas;<\/li>\n\n\n\n<li>Realizar cursos, palestras, treinamentos e eventos educativos visando o combate ao desperd\u00edcio, \u00e0 manipula\u00e7\u00e3o adequada e \u00e0 utiliza\u00e7\u00e3o das partes n\u00e3o convencionais dos alimentos;<\/li>\n\n\n\n<li>Promover o desenvolvimento local, com cursos e palestras que oferecem conte\u00fado de capacita\u00e7\u00e3o e de gera\u00e7\u00e3o de renda.<\/li>\n<\/ul>\n\n\n\n<p class=\"has-luminous-vivid-orange-color has-text-color has-link-color wp-elements-d2076eee00c75cc624dada9e929957ca\"><strong>Equipamentos e Adequa\u00e7\u00f5es:<\/strong><\/p>\n\n\n\n<p>Nos termos da Resolu\u00e7\u00e3o SAA N\u00b0 25, de 26 de mar\u00e7o de 2024, os munic\u00edpios interessados em aderir ao Projeto Estadual COZINHALIMENTO devem disponibilizar \u00e1rea compa\u00adt\u00edvel e adequada para a instala\u00e7\u00e3o da cozinha, que dever\u00e1 ter a seguinte infraestrutura:<\/p>\n\n\n\n<ul class=\"wp-block-list\">\n<li>I &#8211; \u00e1rea m\u00ednima para acomoda\u00e7\u00e3o dos equipamentos, equipada com instala\u00e7\u00e3o el\u00e9trica e hidr\u00e1ulicas e apropriada para as instala\u00e7\u00f5es e adapta\u00e7\u00f5es necess\u00e1rias para utiliza\u00e7\u00e3o de g\u00e1s de cozinha;<\/li>\n\n\n\n<li>II &#8211; piso antiderrapante;<\/li>\n\n\n\n<li>III &#8211; paredes imperme\u00e1veis, lisas, lav\u00e1veis e pintadas em cores claras;<\/li>\n\n\n\n<li>IV &#8211; demais determina\u00e7\u00f5es de acordo com as regras sanit\u00e1rias municipais.<\/li>\n<\/ul>\n\n\n\n<p class=\"has-luminous-vivid-orange-color has-text-color has-link-color wp-elements-46cd5738efa101339abc42d80fd08d90\"><strong>Como solicitar:<\/strong><\/p>\n\n\n\n<p>Formalizar interesse pela inclus\u00e3o do munic\u00edpio no projeto por meio de of\u00edcio endere\u00e7ado ao Sr. Secret\u00e1rio de Agricultura e Abastecimento, via e-mail (cozinhalimento@sp.gov.br).<\/p>\n\n\n\n<ul class=\"wp-block-list\">\n<li>Lei n\u00ba 8.666, de 21\/06\/1993;<\/li>\n\n\n\n<li>Decreto n\u00ba 50.807, de 18\/05\/2006;<\/li>\n\n\n\n<li>Decreto n\u00ba 66.173, de 26\/10\/2021.<\/li>\n\n\n\n<li>Decreto n\u00ba 68822, de 04\/09\/2024<\/li>\n\n\n\n<li>Resolu\u00e7\u00e3o SAA n\u00ba 25, de 26\/03\/2024;<\/li>\n<\/ul>\n\n\n\n<hr class=\"wp-block-separator has-text-color has-white-color has-alpha-channel-opacity has-white-background-color has-background\"\/>\n\n\n\n<div class=\"wp-block-buttons is-layout-flex wp-block-buttons-is-layout-flex\">\n<div class=\"wp-block-button has-custom-width wp-block-button__width-100\"><a class=\"wp-block-button__link wp-element-button\" href=\"https:\/\/app.powerbi.com\/view?r=eyJrIjoiOTY5MzZiZmUtZjkwNC00NTRlLTk1OWYtMzA0MTlmNTczZTMyIiwidCI6IjNhNzhiMGNkLTdjOGUtNDkyOS04M2Q1LTE5MGE2Y2MwMTM2NSJ9\">Acesse todas as informa\u00e7\u00f5es do Projeto Cozinhalimento<\/a><\/div>\n<\/div>\n\n\n\n<hr class=\"wp-block-separator has-text-color has-white-color has-alpha-channel-opacity has-white-background-color has-background\"\/>\n\n\n\n<p class=\"has-luminous-vivid-orange-color has-text-color has-link-color wp-elements-bf7ef5d74fe473d7866cad7ef02717ee\"><strong>Contato:<\/strong><\/p>\n\n\n\n<p><strong>Email:&nbsp;<a href=\"mailto:cozinhalimento@sp.gov.br\">cozinhalimento@sp.gov.br<\/a><\/strong><br><strong>Telefones:<\/strong>&nbsp;(11) 5067-0344 | (11) 5067-0346<br><strong>Respons\u00e1vel:<\/strong>&nbsp;Camila&nbsp;Amaral&nbsp;Kanashiro<br><strong>Pra\u00e7a Ramos de Azevedo, 254 | 4\u00b0 andar &#8211; Rep\u00fablica &#8211; S\u00e3o Paulo\/SP CEP 01037-010<\/strong><\/p>\n\n\n\n<p><\/p>\n","protected":false},"excerpt":{"rendered":"<p>O Projeto Estadual Cozinhalimento, da Secretaria de Agricultura e Abastecimento do Estado de S\u00e3o Paulo, promove a instala\u00e7\u00e3o de cozinhas profissionais nos munic\u00edpios paulistas. Objetivos: Equipamentos e Adequa\u00e7\u00f5es: Nos termos da Resolu\u00e7\u00e3o SAA N\u00b0 25, de 26 de mar\u00e7o de 2024, os munic\u00edpios interessados em aderir ao Projeto Estadual COZINHALIMENTO devem disponibilizar \u00e1rea compa\u00adt\u00edvel e [&hellip;]<\/p>\n","protected":false},"author":1,"featured_media":0,"parent":0,"menu_order":0,"comment_status":"closed","ping_status":"closed","template":"","meta":{"_acf_changed":false,"footnotes":""},"class_list":["post-8812","page","type-page","status-publish","hentry"],"acf":[],"_links":{"self":[{"href":"https:\/\/agricultura.sp.gov.br\/segurancaalimentar\/wp-json\/wp\/v2\/pages\/8812","targetHints":{"allow":["GET"]}}],"collection":[{"href":"https:\/\/agricultura.sp.gov.br\/segurancaalimentar\/wp-json\/wp\/v2\/pages"}],"about":[{"href":"https:\/\/agricultura.sp.gov.br\/segurancaalimentar\/wp-json\/wp\/v2\/types\/page"}],"author":[{"embeddable":true,"href":"https:\/\/agricultura.sp.gov.br\/segurancaalimentar\/wp-json\/wp\/v2\/users\/1"}],"replies":[{"embeddable":true,"href":"https:\/\/agricultura.sp.gov.br\/segurancaalimentar\/wp-json\/wp\/v2\/comments?post=8812"}],"version-history":[{"count":11,"href":"https:\/\/agricultura.sp.gov.br\/segurancaalimentar\/wp-json\/wp\/v2\/pages\/8812\/revisions"}],"predecessor-version":[{"id":10189,"href":"https:\/\/agricultura.sp.gov.br\/segurancaalimentar\/wp-json\/wp\/v2\/pages\/8812\/revisions\/10189"}],"wp:attachment":[{"href":"https:\/\/agricultura.sp.gov.br\/segurancaalimentar\/wp-json\/wp\/v2\/media?parent=8812"}],"curies":[{"name":"wp","href":"https:\/\/api.w.org\/{rel}","templated":true}]}}