{"id":535,"date":"2025-01-23T13:28:41","date_gmt":"2025-01-23T16:28:41","guid":{"rendered":"http:\/\/secretariawordpress.test?page_id=535"},"modified":"2026-03-23T15:00:23","modified_gmt":"2026-03-23T18:00:23","slug":"consea-sp","status":"publish","type":"page","link":"https:\/\/agricultura.sp.gov.br\/segurancaalimentar\/consea-sp\/","title":{"rendered":"CONSEA\/SP"},"content":{"rendered":"\n<p>O <strong>CONSEA\/SP \u2014 Conselho Estadual de Seguran\u00e7a Alimentar e Nutricional Sustent\u00e1vel<\/strong> \u00e9 um \u00f3rg\u00e3o consultivo que assessora o Governo do Estado de S\u00e3o Paulo, vinculado \u00e0 Secretaria de Agricultura e Abastecimento. Seu principal papel \u00e9 articular a\u00e7\u00f5es entre governo e sociedade civil para promover a pol\u00edtica estadual de Seguran\u00e7a Alimentar e Nutricional Sustent\u00e1vel \u2014 garantindo o direito humano \u00e0 alimenta\u00e7\u00e3o adequada, saud\u00e1vel e ambientalmente respons\u00e1vel. <\/p>\n\n\n\n<p>Institu\u00eddo pelo Decreto n\u00ba 47.763 (11 de abril de 2003) e reorganizado pelo Decreto n\u00ba 59.146 (30 de abril de 2013), o CONSEA\/SP desempenha papel estrat\u00e9gico na elabora\u00e7\u00e3o de diretrizes para a pol\u00edtica estadual, al\u00e9m de estimular e estruturar a\u00e7\u00f5es intersetoriais.<\/p>\n\n\n\n<p>A participa\u00e7\u00e3o no conselho \u00e9 volunt\u00e1ria, considerada como servi\u00e7o p\u00fablico relevante, refor\u00e7ando seu compromisso com a sustentabilidade e a alimenta\u00e7\u00e3o digna para toda a popula\u00e7\u00e3o paulista. <\/p>\n\n\n\n<hr class=\"wp-block-separator has-text-color has-white-color has-alpha-channel-opacity has-white-background-color has-background\"\/>\n\n\n\n<div class=\"wp-block-buttons is-horizontal is-content-justification-space-between is-layout-flex wp-container-core-buttons-is-layout-202c9dfe wp-block-buttons-is-layout-flex\">\n<div class=\"wp-block-button has-custom-width wp-block-button__width-25\"><a class=\"wp-block-button__link has-small-font-size has-custom-font-size wp-element-button\" href=\"https:\/\/agricultura.sp.gov.br\/segurancaalimentar\/legislacao-consea\/\">LEGISLA\u00c7\u00c3O<\/a><\/div>\n\n\n\n<div class=\"wp-block-button has-custom-width wp-block-button__width-25\"><a class=\"wp-block-button__link has-small-font-size has-custom-font-size wp-element-button\" href=\"https:\/\/agricultura.sp.gov.br\/segurancaalimentar\/comissoes-regionais-de-seguranca-alimentar-e-nutricional-sustentavel-crsans\/\">COMISS\u00d5ES REGIONAIS<\/a><\/div>\n\n\n\n<div class=\"wp-block-button has-custom-width wp-block-button__width-25\"><a class=\"wp-block-button__link has-small-font-size has-custom-font-size wp-element-button\" href=\"https:\/\/agricultura.sp.gov.br\/segurancaalimentar\/conselheiros-atuais\/\">CONSELHEIROS<\/a><\/div>\n<\/div>\n\n\n\n<hr class=\"wp-block-separator has-text-color has-white-color has-alpha-channel-opacity has-white-background-color has-background\"\/>\n\n\n\n<div class=\"wp-block-columns is-layout-flex wp-container-core-columns-is-layout-9d6595d7 wp-block-columns-is-layout-flex\">\n<div class=\"wp-block-column is-vertically-aligned-center is-layout-flow wp-block-column-is-layout-flow\"><div class=\"wp-block-image\">\n<figure class=\"aligncenter size-full is-resized\"><a href=\"https:\/\/agricultura.sp.gov.br\/segurancaalimentar\/panorama-de-san-e-paineis-interativos\/\"><img loading=\"lazy\" decoding=\"async\" width=\"2560\" height=\"591\" src=\"https:\/\/storage.googleapis.com\/saa-repositorio\/prd\/saa-sites\/cosali\/imagens\/Banner-botao-panorama-de-san-e-paineis-interativos-2-scaled.png\" alt=\"\" class=\"wp-image-10355\" style=\"object-fit:cover;width:600px;height:300px\"\/><\/a><\/figure><\/div><\/div>\n\n\n\n<div class=\"wp-block-column is-vertically-aligned-center is-layout-flow wp-block-column-is-layout-flow\"><div class=\"wp-block-image\">\n<figure class=\"aligncenter size-full is-resized\"><a href=\"https:\/\/agricultura.sp.gov.br\/segurancaalimentar\/premio-josue-de-castro\/\"><img loading=\"lazy\" decoding=\"async\" width=\"2560\" height=\"591\" src=\"https:\/\/storage.googleapis.com\/saa-repositorio\/hml\/saa-sites\/cosali\/imagens\/banner-botao-premio-josue-de-castro-scaled.png\" alt=\"\" class=\"wp-image-9814\" style=\"object-fit:cover;width:600px;height:300px\"\/><\/a><\/figure><\/div><\/div>\n<\/div>\n\n\n\n<hr class=\"wp-block-separator has-text-color has-white-color has-alpha-channel-opacity has-white-background-color has-background\"\/>\n\n\n\n<p><strong>Acesse todas as informa\u00e7\u00f5es sobre o CONSEA-SP<\/strong><\/p>\n\n\n\n<hr class=\"wp-block-separator has-text-color has-white-color has-alpha-channel-opacity has-white-background-color has-background\"\/>\n\n\n\n<div class=\"wp-block-buttons is-horizontal is-content-justification-space-between is-layout-flex wp-container-core-buttons-is-layout-202c9dfe wp-block-buttons-is-layout-flex\">\n<div class=\"wp-block-button has-custom-width wp-block-button__width-25\"><a class=\"wp-block-button__link has-small-font-size has-custom-font-size wp-element-button\" href=\"https:\/\/agricultura.sp.gov.br\/segurancaalimentar\/agenda\/\">REUNI\u00d5ES CONSEA\/SP<br>E CRSANS<\/a><\/div>\n\n\n\n<div class=\"wp-block-button has-custom-width wp-block-button__width-25\"><a class=\"wp-block-button__link has-small-font-size has-custom-font-size wp-element-button\" href=\"https:\/\/agricultura.sp.gov.br\/segurancaalimentar\/conferencias-de-san\/\">CONFER\u00caNCIAS<br>DE SAN<\/a><\/div>\n\n\n\n<div class=\"wp-block-button has-custom-width wp-block-button__width-25\"><a class=\"wp-block-button__link has-small-font-size has-custom-font-size wp-element-button\" href=\"https:\/\/agricultura.sp.gov.br\/segurancaalimentar\/sisan\/\">ADES\u00c3O AO<br>SISAN<\/a><\/div>\n<\/div>\n\n\n\n<hr class=\"wp-block-separator has-text-color has-white-color has-alpha-channel-opacity has-white-background-color has-background\"\/>\n\n\n\n<p><strong>CONTATO<\/strong><\/p>\n\n\n\n<ul id=\"main-menu\" class=\"wp-block-list\">\n<li><strong>CONSEA S\u00e3o Paulo<\/strong><br>Tel.: (11) 5067-0444 | 0445 | 0377 | 0519<br><a href=\"mailto:consea@consea.sp.gov.br?subject=Consea-SP\">consea@consea.sp.gov.br<\/a><\/li>\n\n\n\n<li><strong>Secretaria de Agricultura e Abastecimento de S\u00e3o Paulo<\/strong><br>Tel.: (11) 5067-0000<br><a href=\"mailto:faleconoscoagricultura@sp.gov.br?subject=Consea-SP\">faleconoscoagricultura@sp.gov.br<\/a><\/li>\n\n\n\n<li><strong>Atend. Imprensa &#8211; SAA<\/strong><br>Tel.: (11) 5067-0069<\/li>\n\n\n\n<li><strong>Ouvidoria &#8211; SAA<\/strong><br>Tel.: (11) 5067-0060 | 0061<br><a href=\"mailto:ouvidoriaagricultura@sp.gov.br?subject=Consea-SP\">ouvidoriaagricultura@sp.gov.br<\/a><\/li>\n<\/ul>\n\n\n\n<p><\/p>\n","protected":false},"excerpt":{"rendered":"<p>O CONSEA\/SP \u2014 Conselho Estadual de Seguran\u00e7a Alimentar e Nutricional Sustent\u00e1vel \u00e9 um \u00f3rg\u00e3o consultivo que assessora o Governo do Estado de S\u00e3o Paulo, vinculado \u00e0 Secretaria de Agricultura e Abastecimento. Seu principal papel \u00e9 articular a\u00e7\u00f5es entre governo e sociedade civil para promover a pol\u00edtica estadual de Seguran\u00e7a Alimentar e Nutricional Sustent\u00e1vel \u2014 garantindo [&hellip;]<\/p>\n","protected":false},"author":1,"featured_media":0,"parent":0,"menu_order":0,"comment_status":"closed","ping_status":"closed","template":"","meta":{"_acf_changed":false,"footnotes":""},"class_list":["post-535","page","type-page","status-publish","hentry"],"acf":[],"_links":{"self":[{"href":"https:\/\/agricultura.sp.gov.br\/segurancaalimentar\/wp-json\/wp\/v2\/pages\/535","targetHints":{"allow":["GET"]}}],"collection":[{"href":"https:\/\/agricultura.sp.gov.br\/segurancaalimentar\/wp-json\/wp\/v2\/pages"}],"about":[{"href":"https:\/\/agricultura.sp.gov.br\/segurancaalimentar\/wp-json\/wp\/v2\/types\/page"}],"author":[{"embeddable":true,"href":"https:\/\/agricultura.sp.gov.br\/segurancaalimentar\/wp-json\/wp\/v2\/users\/1"}],"replies":[{"embeddable":true,"href":"https:\/\/agricultura.sp.gov.br\/segurancaalimentar\/wp-json\/wp\/v2\/comments?post=535"}],"version-history":[{"count":95,"href":"https:\/\/agricultura.sp.gov.br\/segurancaalimentar\/wp-json\/wp\/v2\/pages\/535\/revisions"}],"predecessor-version":[{"id":10456,"href":"https:\/\/agricultura.sp.gov.br\/segurancaalimentar\/wp-json\/wp\/v2\/pages\/535\/revisions\/10456"}],"wp:attachment":[{"href":"https:\/\/agricultura.sp.gov.br\/segurancaalimentar\/wp-json\/wp\/v2\/media?parent=535"}],"curies":[{"name":"wp","href":"https:\/\/api.w.org\/{rel}","templated":true}]}}