{"id":263,"date":"2024-11-19T09:39:11","date_gmt":"2024-11-19T12:39:11","guid":{"rendered":"http:\/\/secretariawordpress.test?page_id=263"},"modified":"2025-09-26T10:44:39","modified_gmt":"2025-09-26T13:44:39","slug":"funcoes-e-competencias","status":"publish","type":"page","link":"https:\/\/agricultura.sp.gov.br\/segurancaalimentar\/funcoes-e-competencias\/","title":{"rendered":"Fun\u00e7\u00f5es e Compet\u00eancias"},"content":{"rendered":"\n<p>A Secretaria de Agricultura e Abastecimento \u00e9 um \u00f3rg\u00e3o p\u00fablico da administra\u00e7\u00e3o direta do Governo do Estado de S\u00e3o Paulo. Criada em 1892, conjuntamente com as Secretarias da Fazenda, Justi\u00e7a e Interior e, organizada pelo decreto n\u00ba 28 de 01 de mar\u00e7o de 1892, o objetivo da Pasta n\u00e3o tinha o foco somente na produ\u00e7\u00e3o agr\u00edcola e pecu\u00e1ria, mas tamb\u00e9m o com\u00e9rcio, a ind\u00fastria, a imigra\u00e7\u00e3o, a coloniza\u00e7\u00e3o, a pol\u00edtica de terras, servi\u00e7os de obras e saneamento. Foi entre os anos de 1943 e 1967, que a Secretaria da Agricultura se voltou totalmente para o setor prim\u00e1rio, promovendo atividades de pesquisa e fomento da produ\u00e7\u00e3o agr\u00edcola. Em 1979, teve seu campo funcional ampliado e sua denomina\u00e7\u00e3o alterada para Secretaria de Agricultura e Abastecimento, foi reestruturada atrav\u00e9s do decreto estadual n\u00ba 43.142, de 2 de junho de 1998, passando por nova reestrutura\u00e7\u00e3o em 2021, por meio do decreto estadual n\u00ba 66.417, de 30 de dezembro de 2021. A Secretaria de Agricultura e Abastecimento do Estado de S\u00e3o Paulo (SAA-SP) considera a Defesa Agropecu\u00e1ria como fator de seguran\u00e7a nacional, e demonstrou isso buscando aproxima\u00e7\u00e3o e alinhamento com o Minist\u00e9rio da Agricultura, Pecu\u00e1ria e Abastecimento &#8211; MAPA para cumprimento dos programas sanit\u00e1rios nacionais.<\/p>\n\n\n\n<div class=\"wp-block-media-text is-stacked-on-mobile\" style=\"grid-template-columns:41% auto\"><figure class=\"wp-block-media-text__media\"><img loading=\"lazy\" decoding=\"async\" width=\"1024\" height=\"1024\" src=\"https:\/\/storage.googleapis.com\/saa-repositorio\/hml\/saa-sites\/cosali\/imagens\/img-seg-alimentar-1024x1024.png\" alt=\"\" class=\"wp-image-9466 size-full\"\/><\/figure><div class=\"wp-block-media-text__content\">\n<p class=\"has-background\" style=\"background-color:#f8f9fa\">A <mark style=\"background-color:rgba(0, 0, 0, 0);color:#ee871b\" class=\"has-inline-color\"><strong>Diretoria de Seguran\u00e7a Alimentar \u2013<\/strong> <strong>COSALI<\/strong><\/mark> visa desenvolver a pol\u00edtica de seguran\u00e7a alimentar no \u00e2mbito dos munic\u00edpios paulistas como estrat\u00e9gias de combate a fome e ao desperd\u00edcio de alimentos, atuando no apoio a constru\u00e7\u00e3o e fortalecimento da pol\u00edtica p\u00fablica de seguran\u00e7a alimentar entre conselhos municipais e c\u00e2maras interesecretarias de Seguran\u00e7a Alimentar.<br><strong>Respons\u00e1vel<\/strong>:<br><br>Pelo Projeto Cozinhalimento;<br><br>Pela Cole\u00e7\u00e3o Agro SP na Mesa;<br><br>Pelas Publica\u00e7\u00f5es de Educa\u00e7\u00e3o Alimentar e Nutricional;<br><br>Pelo Conselho Estadual de Seguran\u00e7a Alimentar e Nutricional Sustent\u00e1vel \u2013 CONSEA SP<br><br>Pela C\u00e2mara Intersecretarial de Seguran\u00e7a Alimentar do Estado de S\u00e3o Paulo CAISAN SP. <br><\/p>\n<\/div><\/div>\n","protected":false},"excerpt":{"rendered":"<p>A Secretaria de Agricultura e Abastecimento \u00e9 um \u00f3rg\u00e3o p\u00fablico da administra\u00e7\u00e3o direta do Governo do Estado de S\u00e3o Paulo. Criada em 1892, conjuntamente com as Secretarias da Fazenda, Justi\u00e7a e Interior e, organizada pelo decreto n\u00ba 28 de 01 de mar\u00e7o de 1892, o objetivo da Pasta n\u00e3o tinha o foco somente na produ\u00e7\u00e3o [&hellip;]<\/p>\n","protected":false},"author":1,"featured_media":0,"parent":0,"menu_order":0,"comment_status":"closed","ping_status":"closed","template":"conteudo-texto.php","meta":{"_acf_changed":false,"footnotes":""},"class_list":["post-263","page","type-page","status-publish","hentry"],"acf":[],"_links":{"self":[{"href":"https:\/\/agricultura.sp.gov.br\/segurancaalimentar\/wp-json\/wp\/v2\/pages\/263","targetHints":{"allow":["GET"]}}],"collection":[{"href":"https:\/\/agricultura.sp.gov.br\/segurancaalimentar\/wp-json\/wp\/v2\/pages"}],"about":[{"href":"https:\/\/agricultura.sp.gov.br\/segurancaalimentar\/wp-json\/wp\/v2\/types\/page"}],"author":[{"embeddable":true,"href":"https:\/\/agricultura.sp.gov.br\/segurancaalimentar\/wp-json\/wp\/v2\/users\/1"}],"replies":[{"embeddable":true,"href":"https:\/\/agricultura.sp.gov.br\/segurancaalimentar\/wp-json\/wp\/v2\/comments?post=263"}],"version-history":[{"count":29,"href":"https:\/\/agricultura.sp.gov.br\/segurancaalimentar\/wp-json\/wp\/v2\/pages\/263\/revisions"}],"predecessor-version":[{"id":9776,"href":"https:\/\/agricultura.sp.gov.br\/segurancaalimentar\/wp-json\/wp\/v2\/pages\/263\/revisions\/9776"}],"wp:attachment":[{"href":"https:\/\/agricultura.sp.gov.br\/segurancaalimentar\/wp-json\/wp\/v2\/media?parent=263"}],"curies":[{"name":"wp","href":"https:\/\/api.w.org\/{rel}","templated":true}]}}