{"id":10371,"date":"2026-03-12T16:00:00","date_gmt":"2026-03-12T19:00:00","guid":{"rendered":"https:\/\/agricultura.sp.gov.br\/segurancaalimentar\/?page_id=10371"},"modified":"2026-03-12T16:00:00","modified_gmt":"2026-03-12T19:00:00","slug":"vi-conferencia-estadual-san","status":"publish","type":"page","link":"https:\/\/agricultura.sp.gov.br\/segurancaalimentar\/vi-conferencia-estadual-san\/","title":{"rendered":"VI Confer\u00eancia Estadual SAN"},"content":{"rendered":"\n<p><strong>Ano: 2023<\/strong><\/p>\n\n\n\n<p>A VI Confer\u00eancia Estadual de Seguran\u00e7a Alimentar e Nutricional reuniu representantes do poder p\u00fablico, da sociedade civil, de institui\u00e7\u00f5es acad\u00eamicas e de organiza\u00e7\u00f5es sociais para discutir propostas voltadas ao fortalecimento das pol\u00edticas p\u00fablicas de combate \u00e0 fome e promo\u00e7\u00e3o da alimenta\u00e7\u00e3o adequada no Estado de S\u00e3o Paulo.<\/p>\n\n\n\n<p>A confer\u00eancia integrou o processo participativo nacional de constru\u00e7\u00e3o das pol\u00edticas de seguran\u00e7a alimentar e nutricional, consolidando as contribui\u00e7\u00f5es das etapas municipais e regionais. O encontro possibilitou a discuss\u00e3o de desafios atuais e a formula\u00e7\u00e3o de propostas para o fortalecimento do Sistema Nacional de Seguran\u00e7a Alimentar e Nutricional.<\/p>\n\n\n\n<p>Nesta p\u00e1gina est\u00e3o dispon\u00edveis os documentos, relat\u00f3rios e materiais relacionados \u00e0 VI Confer\u00eancia Estadual de Seguran\u00e7a Alimentar e Nutricional.<\/p>\n\n\n\n<h3 class=\"wp-block-heading\">Documentos da Confer\u00eancia<\/h3>\n\n\n\n<ul class=\"wp-block-list\">\n<li>Decreto de convoca\u00e7\u00e3o da Confer\u00eancia<\/li>\n\n\n\n<li>Regulamento da Confer\u00eancia<\/li>\n\n\n\n<li>Programa\u00e7\u00e3o do evento<\/li>\n\n\n\n<li>Relat\u00f3rio final da confer\u00eancia<\/li>\n\n\n\n<li>Propostas aprovadas<\/li>\n\n\n\n<li>Materiais de apoio e apresenta\u00e7\u00f5es<\/li>\n<\/ul>\n","protected":false},"excerpt":{"rendered":"<p>Ano: 2023 A VI Confer\u00eancia Estadual de Seguran\u00e7a Alimentar e Nutricional reuniu representantes do poder p\u00fablico, da sociedade civil, de institui\u00e7\u00f5es acad\u00eamicas e de organiza\u00e7\u00f5es sociais para discutir propostas voltadas ao fortalecimento das pol\u00edticas p\u00fablicas de combate \u00e0 fome e promo\u00e7\u00e3o da alimenta\u00e7\u00e3o adequada no Estado de S\u00e3o Paulo. A confer\u00eancia integrou o processo participativo [&hellip;]<\/p>\n","protected":false},"author":16,"featured_media":0,"parent":0,"menu_order":0,"comment_status":"closed","ping_status":"closed","template":"","meta":{"_acf_changed":false,"footnotes":""},"class_list":["post-10371","page","type-page","status-publish","hentry"],"acf":[],"_links":{"self":[{"href":"https:\/\/agricultura.sp.gov.br\/segurancaalimentar\/wp-json\/wp\/v2\/pages\/10371","targetHints":{"allow":["GET"]}}],"collection":[{"href":"https:\/\/agricultura.sp.gov.br\/segurancaalimentar\/wp-json\/wp\/v2\/pages"}],"about":[{"href":"https:\/\/agricultura.sp.gov.br\/segurancaalimentar\/wp-json\/wp\/v2\/types\/page"}],"author":[{"embeddable":true,"href":"https:\/\/agricultura.sp.gov.br\/segurancaalimentar\/wp-json\/wp\/v2\/users\/16"}],"replies":[{"embeddable":true,"href":"https:\/\/agricultura.sp.gov.br\/segurancaalimentar\/wp-json\/wp\/v2\/comments?post=10371"}],"version-history":[{"count":1,"href":"https:\/\/agricultura.sp.gov.br\/segurancaalimentar\/wp-json\/wp\/v2\/pages\/10371\/revisions"}],"predecessor-version":[{"id":10372,"href":"https:\/\/agricultura.sp.gov.br\/segurancaalimentar\/wp-json\/wp\/v2\/pages\/10371\/revisions\/10372"}],"wp:attachment":[{"href":"https:\/\/agricultura.sp.gov.br\/segurancaalimentar\/wp-json\/wp\/v2\/media?parent=10371"}],"curies":[{"name":"wp","href":"https:\/\/api.w.org\/{rel}","templated":true}]}}