{"id":10369,"date":"2026-03-12T15:59:27","date_gmt":"2026-03-12T18:59:27","guid":{"rendered":"https:\/\/agricultura.sp.gov.br\/segurancaalimentar\/?page_id=10369"},"modified":"2026-03-12T15:59:27","modified_gmt":"2026-03-12T18:59:27","slug":"v2-conferencia-estadual-san","status":"publish","type":"page","link":"https:\/\/agricultura.sp.gov.br\/segurancaalimentar\/v2-conferencia-estadual-san\/","title":{"rendered":"V+2 Confer\u00eancia Estadual SAN"},"content":{"rendered":"\n<p><strong>Ano: 2018<\/strong><\/p>\n\n\n\n<p>A V+2 Confer\u00eancia Estadual de Seguran\u00e7a Alimentar e Nutricional foi realizada com o objetivo de atualizar e ampliar o debate sobre as pol\u00edticas p\u00fablicas voltadas \u00e0 garantia do direito humano \u00e0 alimenta\u00e7\u00e3o adequada no Estado de S\u00e3o Paulo.<\/p>\n\n\n\n<p>O encontro reuniu representantes da sociedade civil e do poder p\u00fablico para avaliar os avan\u00e7os e desafios das pol\u00edticas de seguran\u00e7a alimentar, al\u00e9m de discutir estrat\u00e9gias para fortalecer o sistema estadual e ampliar a participa\u00e7\u00e3o social na constru\u00e7\u00e3o dessas pol\u00edticas.<\/p>\n\n\n\n<p>A seguir est\u00e3o reunidos os documentos e registros produzidos no \u00e2mbito da V+2 Confer\u00eancia Estadual de Seguran\u00e7a Alimentar e Nutricional.<\/p>\n\n\n\n<h3 class=\"wp-block-heading\">Documentos da Confer\u00eancia<\/h3>\n\n\n\n<ul class=\"wp-block-list\">\n<li>Regulamento da confer\u00eancia<\/li>\n\n\n\n<li>Programa\u00e7\u00e3o do evento<\/li>\n\n\n\n<li>Relat\u00f3rio final<\/li>\n\n\n\n<li>Propostas aprovadas<\/li>\n\n\n\n<li>Materiais e documentos de refer\u00eancia<\/li>\n<\/ul>\n","protected":false},"excerpt":{"rendered":"<p>Ano: 2018 A V+2 Confer\u00eancia Estadual de Seguran\u00e7a Alimentar e Nutricional foi realizada com o objetivo de atualizar e ampliar o debate sobre as pol\u00edticas p\u00fablicas voltadas \u00e0 garantia do direito humano \u00e0 alimenta\u00e7\u00e3o adequada no Estado de S\u00e3o Paulo. O encontro reuniu representantes da sociedade civil e do poder p\u00fablico para avaliar os avan\u00e7os [&hellip;]<\/p>\n","protected":false},"author":16,"featured_media":0,"parent":0,"menu_order":0,"comment_status":"closed","ping_status":"closed","template":"","meta":{"_acf_changed":false,"footnotes":""},"class_list":["post-10369","page","type-page","status-publish","hentry"],"acf":[],"_links":{"self":[{"href":"https:\/\/agricultura.sp.gov.br\/segurancaalimentar\/wp-json\/wp\/v2\/pages\/10369","targetHints":{"allow":["GET"]}}],"collection":[{"href":"https:\/\/agricultura.sp.gov.br\/segurancaalimentar\/wp-json\/wp\/v2\/pages"}],"about":[{"href":"https:\/\/agricultura.sp.gov.br\/segurancaalimentar\/wp-json\/wp\/v2\/types\/page"}],"author":[{"embeddable":true,"href":"https:\/\/agricultura.sp.gov.br\/segurancaalimentar\/wp-json\/wp\/v2\/users\/16"}],"replies":[{"embeddable":true,"href":"https:\/\/agricultura.sp.gov.br\/segurancaalimentar\/wp-json\/wp\/v2\/comments?post=10369"}],"version-history":[{"count":1,"href":"https:\/\/agricultura.sp.gov.br\/segurancaalimentar\/wp-json\/wp\/v2\/pages\/10369\/revisions"}],"predecessor-version":[{"id":10370,"href":"https:\/\/agricultura.sp.gov.br\/segurancaalimentar\/wp-json\/wp\/v2\/pages\/10369\/revisions\/10370"}],"wp:attachment":[{"href":"https:\/\/agricultura.sp.gov.br\/segurancaalimentar\/wp-json\/wp\/v2\/media?parent=10369"}],"curies":[{"name":"wp","href":"https:\/\/api.w.org\/{rel}","templated":true}]}}