{"id":10365,"date":"2026-03-12T15:58:32","date_gmt":"2026-03-12T18:58:32","guid":{"rendered":"https:\/\/agricultura.sp.gov.br\/segurancaalimentar\/?page_id=10365"},"modified":"2026-03-19T11:40:56","modified_gmt":"2026-03-19T14:40:56","slug":"iv-conferencia-estadual-san","status":"publish","type":"page","link":"https:\/\/agricultura.sp.gov.br\/segurancaalimentar\/iv-conferencia-estadual-san\/","title":{"rendered":"IV Confer\u00eancia Estadual SAN"},"content":{"rendered":"\n<p><strong>Ano: 2011<\/strong><\/p>\n\n\n\n<p>A IV Confer\u00eancia Estadual de Seguran\u00e7a Alimentar e Nutricional representou um importante espa\u00e7o de di\u00e1logo entre governo e sociedade civil na constru\u00e7\u00e3o de pol\u00edticas p\u00fablicas voltadas ao combate \u00e0 fome e \u00e0 promo\u00e7\u00e3o da alimenta\u00e7\u00e3o adequada.<\/p>\n\n\n\n<p>O evento reuniu representantes de diversos setores da sociedade para discutir propostas e diretrizes que contribuam para o fortalecimento do Sistema de Seguran\u00e7a Alimentar e Nutricional e para o aprimoramento das pol\u00edticas p\u00fablicas no Estado.<\/p>\n\n\n\n<p>Nesta p\u00e1gina est\u00e3o dispon\u00edveis os documentos e registros relacionados \u00e0 IV Confer\u00eancia Estadual de Seguran\u00e7a Alimentar e Nutricional.<\/p>\n\n\n\n<h3 class=\"wp-block-heading\">Documentos da Confer\u00eancia<\/h3>\n\n\n\n<ul class=\"wp-block-list\">\n<li>Regulamento da confer\u00eancia<\/li>\n\n\n\n<li>Programa\u00e7\u00e3o do evento<\/li>\n\n\n\n<li>Relat\u00f3rio final<\/li>\n\n\n\n<li>Propostas aprovadas<\/li>\n\n\n\n<li>Documentos de refer\u00eancia<\/li>\n<\/ul>\n","protected":false},"excerpt":{"rendered":"<p>Ano: 2011 A IV Confer\u00eancia Estadual de Seguran\u00e7a Alimentar e Nutricional representou um importante espa\u00e7o de di\u00e1logo entre governo e sociedade civil na constru\u00e7\u00e3o de pol\u00edticas p\u00fablicas voltadas ao combate \u00e0 fome e \u00e0 promo\u00e7\u00e3o da alimenta\u00e7\u00e3o adequada. O evento reuniu representantes de diversos setores da sociedade para discutir propostas e diretrizes que contribuam para [&hellip;]<\/p>\n","protected":false},"author":16,"featured_media":0,"parent":0,"menu_order":0,"comment_status":"closed","ping_status":"closed","template":"","meta":{"_acf_changed":false,"footnotes":""},"class_list":["post-10365","page","type-page","status-publish","hentry"],"acf":[],"_links":{"self":[{"href":"https:\/\/agricultura.sp.gov.br\/segurancaalimentar\/wp-json\/wp\/v2\/pages\/10365","targetHints":{"allow":["GET"]}}],"collection":[{"href":"https:\/\/agricultura.sp.gov.br\/segurancaalimentar\/wp-json\/wp\/v2\/pages"}],"about":[{"href":"https:\/\/agricultura.sp.gov.br\/segurancaalimentar\/wp-json\/wp\/v2\/types\/page"}],"author":[{"embeddable":true,"href":"https:\/\/agricultura.sp.gov.br\/segurancaalimentar\/wp-json\/wp\/v2\/users\/16"}],"replies":[{"embeddable":true,"href":"https:\/\/agricultura.sp.gov.br\/segurancaalimentar\/wp-json\/wp\/v2\/comments?post=10365"}],"version-history":[{"count":3,"href":"https:\/\/agricultura.sp.gov.br\/segurancaalimentar\/wp-json\/wp\/v2\/pages\/10365\/revisions"}],"predecessor-version":[{"id":10424,"href":"https:\/\/agricultura.sp.gov.br\/segurancaalimentar\/wp-json\/wp\/v2\/pages\/10365\/revisions\/10424"}],"wp:attachment":[{"href":"https:\/\/agricultura.sp.gov.br\/segurancaalimentar\/wp-json\/wp\/v2\/media?parent=10365"}],"curies":[{"name":"wp","href":"https:\/\/api.w.org\/{rel}","templated":true}]}}