{"id":10363,"date":"2026-03-12T15:58:08","date_gmt":"2026-03-12T18:58:08","guid":{"rendered":"https:\/\/agricultura.sp.gov.br\/segurancaalimentar\/?page_id=10363"},"modified":"2026-03-12T15:58:08","modified_gmt":"2026-03-12T18:58:08","slug":"iii-conferencia-estadual-san","status":"publish","type":"page","link":"https:\/\/agricultura.sp.gov.br\/segurancaalimentar\/iii-conferencia-estadual-san\/","title":{"rendered":"III Confer\u00eancia Estadual SAN"},"content":{"rendered":"\n<p><strong>Ano: 2007<\/strong><\/p>\n\n\n\n<p>A III Confer\u00eancia Estadual de Seguran\u00e7a Alimentar e Nutricional foi realizada com o objetivo de ampliar a participa\u00e7\u00e3o social na constru\u00e7\u00e3o das pol\u00edticas p\u00fablicas voltadas \u00e0 garantia do direito \u00e0 alimenta\u00e7\u00e3o adequada.<\/p>\n\n\n\n<p>O encontro reuniu representantes do poder p\u00fablico e da sociedade civil para discutir os principais desafios relacionados \u00e0 seguran\u00e7a alimentar e nutricional e propor diretrizes para o fortalecimento das a\u00e7\u00f5es governamentais na \u00e1rea.<\/p>\n\n\n\n<p>Nesta p\u00e1gina est\u00e3o reunidos os documentos e registros produzidos no \u00e2mbito da III Confer\u00eancia Estadual de Seguran\u00e7a Alimentar e Nutricional.<\/p>\n\n\n\n<h3 class=\"wp-block-heading\">Documentos da Confer\u00eancia<\/h3>\n\n\n\n<ul class=\"wp-block-list\">\n<li>Regulamento da confer\u00eancia<\/li>\n\n\n\n<li>Programa\u00e7\u00e3o do evento<\/li>\n\n\n\n<li>Relat\u00f3rio final<\/li>\n\n\n\n<li>Propostas aprovadas<\/li>\n\n\n\n<li>Materiais de apoio<\/li>\n<\/ul>\n","protected":false},"excerpt":{"rendered":"<p>Ano: 2007 A III Confer\u00eancia Estadual de Seguran\u00e7a Alimentar e Nutricional foi realizada com o objetivo de ampliar a participa\u00e7\u00e3o social na constru\u00e7\u00e3o das pol\u00edticas p\u00fablicas voltadas \u00e0 garantia do direito \u00e0 alimenta\u00e7\u00e3o adequada. O encontro reuniu representantes do poder p\u00fablico e da sociedade civil para discutir os principais desafios relacionados \u00e0 seguran\u00e7a alimentar e [&hellip;]<\/p>\n","protected":false},"author":16,"featured_media":0,"parent":0,"menu_order":0,"comment_status":"closed","ping_status":"closed","template":"","meta":{"_acf_changed":false,"footnotes":""},"class_list":["post-10363","page","type-page","status-publish","hentry"],"acf":[],"_links":{"self":[{"href":"https:\/\/agricultura.sp.gov.br\/segurancaalimentar\/wp-json\/wp\/v2\/pages\/10363","targetHints":{"allow":["GET"]}}],"collection":[{"href":"https:\/\/agricultura.sp.gov.br\/segurancaalimentar\/wp-json\/wp\/v2\/pages"}],"about":[{"href":"https:\/\/agricultura.sp.gov.br\/segurancaalimentar\/wp-json\/wp\/v2\/types\/page"}],"author":[{"embeddable":true,"href":"https:\/\/agricultura.sp.gov.br\/segurancaalimentar\/wp-json\/wp\/v2\/users\/16"}],"replies":[{"embeddable":true,"href":"https:\/\/agricultura.sp.gov.br\/segurancaalimentar\/wp-json\/wp\/v2\/comments?post=10363"}],"version-history":[{"count":1,"href":"https:\/\/agricultura.sp.gov.br\/segurancaalimentar\/wp-json\/wp\/v2\/pages\/10363\/revisions"}],"predecessor-version":[{"id":10364,"href":"https:\/\/agricultura.sp.gov.br\/segurancaalimentar\/wp-json\/wp\/v2\/pages\/10363\/revisions\/10364"}],"wp:attachment":[{"href":"https:\/\/agricultura.sp.gov.br\/segurancaalimentar\/wp-json\/wp\/v2\/media?parent=10363"}],"curies":[{"name":"wp","href":"https:\/\/api.w.org\/{rel}","templated":true}]}}