{"id":10329,"date":"2026-03-11T15:20:11","date_gmt":"2026-03-11T18:20:11","guid":{"rendered":"https:\/\/agricultura.sp.gov.br\/segurancaalimentar\/?page_id=10329"},"modified":"2026-03-27T15:41:45","modified_gmt":"2026-03-27T18:41:45","slug":"conferencias-de-san","status":"publish","type":"page","link":"https:\/\/agricultura.sp.gov.br\/segurancaalimentar\/conferencias-de-san\/","title":{"rendered":"Confer\u00eancias de SAN"},"content":{"rendered":"<figure class=\"wp-block-post-featured-image\"><img loading=\"lazy\" decoding=\"async\" width=\"2560\" height=\"591\" src=\"https:\/\/storage.googleapis.com\/saa-repositorio\/prd\/saa-sites\/cosali\/imagens\/Banner-inicio-de-pagina-Conferencias-de-SAN-scaled.png\" class=\"attachment-post-thumbnail size-post-thumbnail wp-post-image\" alt=\"\" style=\"object-fit:cover;\" \/><\/figure>\n\n\n<p><strong>O que s\u00e3o as Confer\u00eancias de SAN<\/strong><\/p>\n\n\n\n<p>As Confer\u00eancias de Seguran\u00e7a Alimentar e Nutricional (SAN) s\u00e3o espa\u00e7os institucionais de participa\u00e7\u00e3o social destinados \u00e0 discuss\u00e3o e formula\u00e7\u00e3o de pol\u00edticas p\u00fablicas voltadas \u00e0 garantia do direito humano \u00e0 alimenta\u00e7\u00e3o adequada. Realizadas periodicamente, as confer\u00eancias re\u00fanem representantes do poder p\u00fablico, sociedade civil, institui\u00e7\u00f5es de ensino, organiza\u00e7\u00f5es sociais e demais atores envolvidos na promo\u00e7\u00e3o da seguran\u00e7a alimentar.<\/p>\n\n\n\n<p>Esses encontros integram um processo participativo que come\u00e7a nas confer\u00eancias municipais, passa pelas etapas estaduais e contribui para a constru\u00e7\u00e3o das diretrizes nacionais da pol\u00edtica de seguran\u00e7a alimentar e nutricional. Durante as confer\u00eancias s\u00e3o debatidos desafios, avaliadas pol\u00edticas p\u00fablicas existentes e formuladas propostas para o fortalecimento do sistema de seguran\u00e7a alimentar.<\/p>\n\n\n\n<p>As edi\u00e7\u00f5es estaduais da confer\u00eancia consolidam as contribui\u00e7\u00f5es da sociedade e orientam o planejamento das a\u00e7\u00f5es do Estado, fortalecendo a articula\u00e7\u00e3o entre governo e sociedade na constru\u00e7\u00e3o de solu\u00e7\u00f5es para o combate \u00e0 fome e a promo\u00e7\u00e3o da alimenta\u00e7\u00e3o adequada.<br><br><strong>Linha do Tempo das Confer\u00eancias<\/strong> <\/p>\n\n\n\n<p>Abaixo est\u00e3o reunidas as edi\u00e7\u00f5es das Confer\u00eancias Estaduais de Seguran\u00e7a Alimentar e Nutricional realizadas no Estado de S\u00e3o Paulo.<\/p>\n\n\n\n<p><\/p>\n\n\n\n<figure class=\"wp-block-table is-style-stripes\"><table class=\"has-luminous-vivid-orange-color has-text-color has-link-color has-fixed-layout\"><thead><tr><th class=\"has-text-align-center\" data-align=\"center\"><mark style=\"background-color:rgba(0, 0, 0, 0)\" class=\"has-inline-color has-black-color\">Confer\u00eancia<\/mark><\/th><th class=\"has-text-align-center\" data-align=\"center\"><mark style=\"background-color:rgba(0, 0, 0, 0)\" class=\"has-inline-color has-black-color\">Ano<\/mark><\/th><th class=\"has-text-align-center\" data-align=\"center\"><mark style=\"background-color:rgba(0, 0, 0, 0)\" class=\"has-inline-color has-black-color\">P\u00e1gina<\/mark><\/th><\/tr><\/thead><tbody><tr><td class=\"has-text-align-center\" data-align=\"center\">VI Confer\u00eancia<\/td><td class=\"has-text-align-center\" data-align=\"center\">2023<\/td><td class=\"has-text-align-center\" data-align=\"center\"><a href=\"https:\/\/agricultura.sp.gov.br\/segurancaalimentar\/vi-conferencia-estadual-san\/\">Clique aqui<\/a><\/td><\/tr><tr><td class=\"has-text-align-center\" data-align=\"center\">V+2 Confer\u00eancia<\/td><td class=\"has-text-align-center\" data-align=\"center\">2018<\/td><td class=\"has-text-align-center\" data-align=\"center\"><a href=\"https:\/\/agricultura.sp.gov.br\/segurancaalimentar\/v2-conferencia-estadual-san\/\">Clique aqui<\/a><\/td><\/tr><tr><td class=\"has-text-align-center\" data-align=\"center\">V Confer\u00eancia<\/td><td class=\"has-text-align-center\" data-align=\"center\">2015<\/td><td class=\"has-text-align-center\" data-align=\"center\"><a href=\"https:\/\/agricultura.sp.gov.br\/segurancaalimentar\/v-conferencia-estadual-san\/\">Clique aqui<\/a><\/td><\/tr><tr><td class=\"has-text-align-center\" data-align=\"center\">IV Confer\u00eancia<\/td><td class=\"has-text-align-center\" data-align=\"center\">2011<\/td><td class=\"has-text-align-center\" data-align=\"center\"><a href=\"https:\/\/agricultura.sp.gov.br\/segurancaalimentar\/iv-conferencia-estadual-san\/\">Clique aqui<\/a><\/td><\/tr><tr><td class=\"has-text-align-center\" data-align=\"center\">III Confer\u00eancia<\/td><td class=\"has-text-align-center\" data-align=\"center\">2007<\/td><td class=\"has-text-align-center\" data-align=\"center\"><a href=\"https:\/\/agricultura.sp.gov.br\/segurancaalimentar\/iii-conferencia-estadual-san\/\">Clique aqui<\/a><\/td><\/tr><\/tbody><\/table><\/figure>\n\n\n\n<p><\/p>\n","protected":false},"excerpt":{"rendered":"<p>O que s\u00e3o as Confer\u00eancias de SAN As Confer\u00eancias de Seguran\u00e7a Alimentar e Nutricional (SAN) s\u00e3o espa\u00e7os institucionais de participa\u00e7\u00e3o social destinados \u00e0 discuss\u00e3o e formula\u00e7\u00e3o de pol\u00edticas p\u00fablicas voltadas \u00e0 garantia do direito humano \u00e0 alimenta\u00e7\u00e3o adequada. Realizadas periodicamente, as confer\u00eancias re\u00fanem representantes do poder p\u00fablico, sociedade civil, institui\u00e7\u00f5es de ensino, organiza\u00e7\u00f5es sociais e [&hellip;]<\/p>\n","protected":false},"author":16,"featured_media":10330,"parent":0,"menu_order":0,"comment_status":"closed","ping_status":"closed","template":"","meta":{"_acf_changed":false,"footnotes":""},"class_list":["post-10329","page","type-page","status-publish","has-post-thumbnail","hentry"],"acf":[],"_links":{"self":[{"href":"https:\/\/agricultura.sp.gov.br\/segurancaalimentar\/wp-json\/wp\/v2\/pages\/10329","targetHints":{"allow":["GET"]}}],"collection":[{"href":"https:\/\/agricultura.sp.gov.br\/segurancaalimentar\/wp-json\/wp\/v2\/pages"}],"about":[{"href":"https:\/\/agricultura.sp.gov.br\/segurancaalimentar\/wp-json\/wp\/v2\/types\/page"}],"author":[{"embeddable":true,"href":"https:\/\/agricultura.sp.gov.br\/segurancaalimentar\/wp-json\/wp\/v2\/users\/16"}],"replies":[{"embeddable":true,"href":"https:\/\/agricultura.sp.gov.br\/segurancaalimentar\/wp-json\/wp\/v2\/comments?post=10329"}],"version-history":[{"count":7,"href":"https:\/\/agricultura.sp.gov.br\/segurancaalimentar\/wp-json\/wp\/v2\/pages\/10329\/revisions"}],"predecessor-version":[{"id":10485,"href":"https:\/\/agricultura.sp.gov.br\/segurancaalimentar\/wp-json\/wp\/v2\/pages\/10329\/revisions\/10485"}],"wp:featuredmedia":[{"embeddable":true,"href":"https:\/\/agricultura.sp.gov.br\/segurancaalimentar\/wp-json\/wp\/v2\/media\/10330"}],"wp:attachment":[{"href":"https:\/\/agricultura.sp.gov.br\/segurancaalimentar\/wp-json\/wp\/v2\/media?parent=10329"}],"curies":[{"name":"wp","href":"https:\/\/api.w.org\/{rel}","templated":true}]}}