{"id":10246,"date":"2026-03-11T16:44:57","date_gmt":"2026-03-11T19:44:57","guid":{"rendered":"https:\/\/agricultura.sp.gov.br\/segurancaalimentar\/?page_id=10246"},"modified":"2026-03-27T09:39:11","modified_gmt":"2026-03-27T12:39:11","slug":"panorama-de-san-e-paineis-interativos","status":"publish","type":"page","link":"https:\/\/agricultura.sp.gov.br\/segurancaalimentar\/panorama-de-san-e-paineis-interativos\/","title":{"rendered":"Panorama de SAN e Pain\u00e9is Interativos"},"content":{"rendered":"<figure class=\"wp-block-post-featured-image\"><img loading=\"lazy\" decoding=\"async\" width=\"2560\" height=\"591\" src=\"https:\/\/storage.googleapis.com\/saa-repositorio\/prd\/saa-sites\/cosali\/imagens\/Banner-botao-panorama-de-san-e-paineis-interativos-2-scaled.png\" class=\"attachment-post-thumbnail size-post-thumbnail wp-post-image\" alt=\"\" style=\"object-fit:cover;\" \/><\/figure>\n\n\n<p>O Panorama de Seguran\u00e7a Alimentar e Nutricional re\u00fane informa\u00e7\u00f5es, estudos e indicadores que contribuem para o acompanhamento das pol\u00edticas p\u00fablicas voltadas \u00e0 promo\u00e7\u00e3o da alimenta\u00e7\u00e3o adequada e ao combate \u00e0 fome. A p\u00e1gina disponibiliza relat\u00f3rios, an\u00e1lises e dados atualizados que permitem compreender a realidade da seguran\u00e7a alimentar no Estado de S\u00e3o Paulo.<\/p>\n\n\n\n<p>Al\u00e9m dos conte\u00fados informativos, o espa\u00e7o conta com pain\u00e9is interativos que facilitam a visualiza\u00e7\u00e3o e a interpreta\u00e7\u00e3o de dados sobre produ\u00e7\u00e3o, abastecimento, consumo e indicadores sociais relacionados \u00e0 seguran\u00e7a alimentar e nutricional. Esses recursos apoiam a tomada de decis\u00e3o, ampliam a transpar\u00eancia das pol\u00edticas p\u00fablicas e fortalecem o acesso \u00e0 informa\u00e7\u00e3o para gestores, pesquisadores e cidad\u00e3os.<\/p>\n\n\n\n<p><\/p>\n\n\n\n<div class=\"wp-block-buttons is-content-justification-center is-layout-flex wp-container-core-buttons-is-layout-16018d1d wp-block-buttons-is-layout-flex\">\n<div class=\"wp-block-button has-custom-width wp-block-button__width-50\"><a class=\"wp-block-button__link wp-element-button\" href=\"https:\/\/app.powerbi.com\/view?r=eyJrIjoiMTc3ZDE3NzMtOWNjZi00ODQ2LWExMTMtMTQ1ZjhiMDkyY2VjIiwidCI6IjNhNzhiMGNkLTdjOGUtNDkyOS04M2Q1LTE5MGE2Y2MwMTM2NSJ9\">PANORAMA DE SAN<\/a><\/div>\n\n\n\n<div class=\"wp-block-button has-custom-width wp-block-button__width-50\"><a class=\"wp-block-button__link wp-element-button\" href=\"https:\/\/app.powerbi.com\/view?r=eyJrIjoiZTBlNDBjNzktNDVjNS00ZmM5LWI5ZjQtMTkwYTRhODAyZDIwIiwidCI6IjNhNzhiMGNkLTdjOGUtNDkyOS04M2Q1LTE5MGE2Y2MwMTM2NSJ9\">DIAGN\u00d3STICO DE SAN 2024<\/a><\/div>\n<\/div>\n\n\n\n<p><\/p>\n","protected":false},"excerpt":{"rendered":"<p>O Panorama de Seguran\u00e7a Alimentar e Nutricional re\u00fane informa\u00e7\u00f5es, estudos e indicadores que contribuem para o acompanhamento das pol\u00edticas p\u00fablicas voltadas \u00e0 promo\u00e7\u00e3o da alimenta\u00e7\u00e3o adequada e ao combate \u00e0 fome. A p\u00e1gina disponibiliza relat\u00f3rios, an\u00e1lises e dados atualizados que permitem compreender a realidade da seguran\u00e7a alimentar no Estado de S\u00e3o Paulo. Al\u00e9m dos conte\u00fados [&hellip;]<\/p>\n","protected":false},"author":16,"featured_media":10355,"parent":0,"menu_order":0,"comment_status":"closed","ping_status":"closed","template":"","meta":{"_acf_changed":false,"footnotes":""},"class_list":["post-10246","page","type-page","status-publish","has-post-thumbnail","hentry"],"acf":[],"_links":{"self":[{"href":"https:\/\/agricultura.sp.gov.br\/segurancaalimentar\/wp-json\/wp\/v2\/pages\/10246","targetHints":{"allow":["GET"]}}],"collection":[{"href":"https:\/\/agricultura.sp.gov.br\/segurancaalimentar\/wp-json\/wp\/v2\/pages"}],"about":[{"href":"https:\/\/agricultura.sp.gov.br\/segurancaalimentar\/wp-json\/wp\/v2\/types\/page"}],"author":[{"embeddable":true,"href":"https:\/\/agricultura.sp.gov.br\/segurancaalimentar\/wp-json\/wp\/v2\/users\/16"}],"replies":[{"embeddable":true,"href":"https:\/\/agricultura.sp.gov.br\/segurancaalimentar\/wp-json\/wp\/v2\/comments?post=10246"}],"version-history":[{"count":5,"href":"https:\/\/agricultura.sp.gov.br\/segurancaalimentar\/wp-json\/wp\/v2\/pages\/10246\/revisions"}],"predecessor-version":[{"id":10478,"href":"https:\/\/agricultura.sp.gov.br\/segurancaalimentar\/wp-json\/wp\/v2\/pages\/10246\/revisions\/10478"}],"wp:featuredmedia":[{"embeddable":true,"href":"https:\/\/agricultura.sp.gov.br\/segurancaalimentar\/wp-json\/wp\/v2\/media\/10355"}],"wp:attachment":[{"href":"https:\/\/agricultura.sp.gov.br\/segurancaalimentar\/wp-json\/wp\/v2\/media?parent=10246"}],"curies":[{"name":"wp","href":"https:\/\/api.w.org\/{rel}","templated":true}]}}