{"id":9062,"date":"2025-10-08T13:56:42","date_gmt":"2025-10-08T16:56:42","guid":{"rendered":"https:\/\/agricultura.sp.gov.br\/iea\/?page_id=9062"},"modified":"2025-10-08T17:38:30","modified_gmt":"2025-10-08T20:38:30","slug":"politica-de-privacidade","status":"publish","type":"page","link":"https:\/\/agricultura.sp.gov.br\/iea\/politica-de-privacidade\/","title":{"rendered":"Pol\u00edtica de Privacidade"},"content":{"rendered":"\n<p>Sua privacidade \u00e9 muito importante para o Instituto de Economia Agr\u00edcola (IEA). Pensando nisso, elaboramos uma Pol\u00edtica que explica quais s\u00e3o os dados coletados por essa solu\u00e7\u00e3o, bem como a forma como os utilizamos e os armazenamos.<\/p>\n\n\n\n<p><strong>Considera\u00e7\u00f5es Gerais<\/strong><\/p>\n\n\n\n<p>Para assegurar a qualidade das informa\u00e7\u00f5es e normativos, o&nbsp;<strong>IEA<\/strong>&nbsp;pode, sempre que necess\u00e1rio e a qualquer tempo, alterar esta Pol\u00edtica de Privacidade. Sendo assim, recomendamos sua leitura periodicamente.<br>O&nbsp;uso do aplicativo implica consentimento sobre a coleta, uso, armazenamento e tratamento de dados pessoais do usu\u00e1rio.<\/p>\n\n\n\n<p><strong>Coleta de Informa\u00e7\u00f5es<\/strong><\/p>\n\n\n\n<p>Para viabilizar a entrega dos servi\u00e7os, a aplica\u00e7\u00e3o ou sites nela referenciados podem solicitar a voc\u00ea alguns dados cadastrais por meio de formul\u00e1rios como, por exemplo:<\/p>\n\n\n\n<ul class=\"wp-block-list\">\n<li>Perfil de Acesso;<\/li>\n\n\n\n<li>Profiss\u00e3o;<\/li>\n\n\n\n<li>Nome Completo;<\/li>\n\n\n\n<li>N\u00famero de Inscri\u00e7\u00e3o do CPF \u2013 Cadastro de Pessoas F\u00edsicas;<\/li>\n\n\n\n<li>Data de Nascimento;<\/li>\n\n\n\n<li>N\u00famero de Telefone;<\/li>\n\n\n\n<li>Condi\u00e7\u00e3o de Posse;<\/li>\n\n\n\n<li>Nome da Propriedade;<\/li>\n\n\n\n<li>CNPJ da Propriedade &#8211; Cadastro de Pessoas Jur\u00eddica;<\/li>\n\n\n\n<li>Tamanho da \u00c1rea da propriedade;<\/li>\n\n\n\n<li>UF;<\/li>\n\n\n\n<li>Munic\u00edpio;<\/li>\n\n\n\n<li>Latitude da propriedade;<\/li>\n\n\n\n<li>Longitude da propriedade;<\/li>\n\n\n\n<li>Plus Code da propriedade;<\/li>\n\n\n\n<li>E-mail;<\/li>\n\n\n\n<li>Cadastro de uma senha.<\/li>\n<\/ul>\n\n\n\n<p>Alguns recursos ou informa\u00e7\u00f5es, quando necess\u00e1rios pela primeira vez ou mesmo na instala\u00e7\u00e3o, ser\u00e3o solicitados por este aplicativo e notificados por meio do Sistema Operacional do seu&nbsp;<em>smartphone<\/em>&nbsp;como, por exemplo:<\/p>\n\n\n\n<ul class=\"wp-block-list\">\n<li>Acesso \u00e0 rede (Internet M\u00f3vel ou WiFi);<\/li>\n\n\n\n<li>Acesso \u00e0 localiza\u00e7\u00e3o;<\/li>\n\n\n\n<li>Acesso \u00e0 armazenamento dos dados.<\/li>\n<\/ul>\n\n\n\n<p><strong><em>Cookies<\/em>&nbsp;e Tecnologias Semelhantes<\/strong><\/p>\n\n\n\n<p>A aplica\u00e7\u00e3o poder\u00e1 utilizar&nbsp;<em>cookies<\/em>&nbsp;e tecnologias semelhantes nas p\u00e1ginas de internet que s\u00e3o referenciadas neste aplicativo.&nbsp;<em>Cookies<\/em>&nbsp;s\u00e3o pequenos pacotes de dados que s\u00e3o enviados para o navegador e ficam armazenados em seu dispositivo, que nos permitem entender melhor o comportamento dos visitantes e nos informam quais as partes de nossos sites que foram visitadas, al\u00e9m de contribuir para a efic\u00e1cia na distribui\u00e7\u00e3o de conte\u00fado.<br>A maior parte dos navegadores s\u00e3o predefinidos para aceitar&nbsp;<em>cookies<\/em>&nbsp;de forma autom\u00e1tica. Nas configura\u00e7\u00f5es do seu navegador \u00e9 poss\u00edvel alterar isso. Saiba, no entanto, que com os&nbsp;<em>cookies<\/em>&nbsp;desativados, algumas funcionalidades do site (s\u00edtio web) podem n\u00e3o funcionar da forma mais adequada.<\/p>\n\n\n\n<p><strong>Armazenamento <\/strong><\/p>\n\n\n\n<p>Todos os seus dados coletados s\u00e3o armazenados em bancos de dados pr\u00f3prios e reservados em centros de dados exclusivos do&nbsp;<strong>IEA<\/strong>, o que aumenta a seguran\u00e7a das informa\u00e7\u00f5es coletadas.<br>As informa\u00e7\u00f5es dispon\u00edveis em modo&nbsp;<em>online<\/em>&nbsp;(com acesso \u00e0 internet) trafegam de modo criptografado entre o seu dispositivo (<em>smartphone<\/em>) e os demais equipamentos que operam o sistema.<\/p>\n\n\n\n<p><strong>Uso das Informa\u00e7\u00f5es<\/strong><\/p>\n\n\n\n<p>Todo o uso regular das informa\u00e7\u00f5es eventualmente obtidas ser\u00e1 limitado ao cumprimento do que disp\u00f5e a Lei Federal n. 9.609\/1998, que disp\u00f5e sobre a prote\u00e7\u00e3o da propriedade intelectual, e os artigos n. 184 e n. 325 do C\u00f3digo Penal Brasileiro, o&nbsp;<strong>IEA<\/strong>&nbsp;se compromete a empregar as informa\u00e7\u00f5es contidas neste aplicativo para fins de pesquisa, respeitando-se a confidencialidade e a individualidade do produtor de acordo com os Princ\u00edpios Fundamentais das Estat\u00edsticas Oficiais (ONU\/1994), a Lei de Acesso \u00e0 Informa\u00e7\u00e3o n. 12.527\/2011 e a Lei Geral de Prote\u00e7\u00e3o de Dados Pessoais n\u00ba 13.709\/2018.<br>As informa\u00e7\u00f5es coletadas s\u00e3o utilizadas para que possamos oferecer a voc\u00ea os nossos servi\u00e7os. Elas permitem ainda o estudo de suas prefer\u00eancias e, consequentemente, o oferecimento de uma experi\u00eancia de navega\u00e7\u00e3o mais pr\u00f3xima de seus interesses.<br>Podemos usar essas informa\u00e7\u00f5es tamb\u00e9m para nos comunicarmos com voc\u00ea. Dessa forma, se atualizarmos a Pol\u00edtica de Privacidade, por exemplo, voc\u00ea poder\u00e1 receber um aviso. Ou ainda quando quisermos promover algum dos servi\u00e7os desenvolvidos que sejam de interesse do&nbsp;<strong>IEA<\/strong>. Mas se voc\u00ea n\u00e3o quiser, fique tranquilo, pois ter\u00e1 a op\u00e7\u00e3o de inibir tais comunicados.<br>Por fim, as informa\u00e7\u00f5es poder\u00e3o tamb\u00e9m ser usadas para outros objetivos do&nbsp;<strong>IEA<\/strong>: auditorias, an\u00e1lises estat\u00edsticas, ci\u00eancia de dados e estudos para lan\u00e7amento de novos servi\u00e7os p\u00fablicos ou para a melhoria dos j\u00e1 existentes, bem como de processos e comunica\u00e7\u00f5es.<\/p>\n\n\n\n<p><strong>Compartilhamento de Informa\u00e7\u00f5es com Terceiros<\/strong><\/p>\n\n\n\n<p>Respeitadas as exce\u00e7\u00f5es legais, o&nbsp;<strong>IEA<\/strong>&nbsp;n\u00e3o repassara a terceiros informa\u00e7\u00e3o de n\u00edvel individual que por voc\u00ea seja cedida com este aplicativo.<br>Toda e qualquer informa\u00e7\u00e3o individual a seu respeito s\u00f3 poder\u00e1 ser repassada mediante sua aprova\u00e7\u00e3o expressa ou, ainda, por outros meios, se permitido em lei.<\/p>\n\n\n\n<p class=\"has-text-align-center has-background\" style=\"background-color:#f8f9fa\"><strong>Contato e esclarecimento de d\u00favidas<\/strong><\/p>\n\n\n\n<p class=\"has-text-align-center\">A sede do&nbsp;<strong>IEA<\/strong>&nbsp;est\u00e1 localizada no endere\u00e7o: Pra\u00e7a Ramos de Azevedo, 254 &#8211; 3\u00b0 andar&nbsp;&#8211; Centro &#8211; S\u00e3o Paulo &#8211; SP &#8211; CEP: 01037-912<br>Caso tenha d\u00favidas sobre os servi\u00e7os p\u00fablicos prestados pelo&nbsp;<strong>IEA<\/strong>, acesse:&nbsp;<a href=\"http:\/\/www.iea.agricultura.sp.gov.br\/\">http:\/\/www.iea.agricultura.sp.gov.br<\/a><\/p>\n\n\n\n<div style=\"height:14px\" aria-hidden=\"true\" class=\"wp-block-spacer\"><\/div>\n\n\n\n<hr class=\"wp-block-separator has-alpha-channel-opacity\"\/>\n\n\n\n<div class=\"wp-block-columns has-background is-layout-flex wp-container-core-columns-is-layout-9d6595d7 wp-block-columns-is-layout-flex\" style=\"background-color:#dedede3d\">\n<div class=\"wp-block-column is-vertically-aligned-center is-layout-flow wp-block-column-is-layout-flow\"><div class=\"wp-block-image\">\n<figure class=\"alignleft size-full\"><img loading=\"lazy\" decoding=\"async\" width=\"135\" height=\"133\" src=\"https:\/\/storage.googleapis.com\/saa-repositorio\/hml\/saa-sites\/apta-iea\/imagens\/logo_iea.png\" alt=\"\" class=\"wp-image-9114\"\/><\/figure><\/div><\/div>\n\n\n\n<div class=\"wp-block-column is-vertically-aligned-center is-layout-flow wp-block-column-is-layout-flow\">\n<p class=\"has-text-align-left\"><strong>IEA &#8211; Instituto de Economia Agr\u00edcola<\/strong><br><br>Pra\u00e7a Ramos de Azevedo, 254 &#8211; 3\u00b0 andar &#8211; Centro<br>01037-912 &#8211; S\u00e3o Paulo &#8211; SP<\/p>\n<\/div>\n\n\n\n<div class=\"wp-block-column is-vertically-aligned-center is-layout-flow wp-block-column-is-layout-flow\"><div class=\"wp-block-image\">\n<figure class=\"aligncenter size-full is-resized\"><a href=\"https:\/\/agricultura.sp.gov.br\/web\/guest\/fale-conosco-21?codigoSiteFormulario=8\" target=\"_blank\" rel=\" noreferrer noopener\"><img loading=\"lazy\" decoding=\"async\" width=\"170\" height=\"51\" src=\"https:\/\/storage.googleapis.com\/saa-repositorio\/hml\/saa-sites\/apta-iea\/imagens\/sicculturasp.png\" alt=\"\" class=\"wp-image-9126\" style=\"width:170px;height:auto\"\/><\/a><\/figure><\/div><\/div>\n<\/div>\n","protected":false},"excerpt":{"rendered":"<p>Sua privacidade \u00e9 muito importante para o Instituto de Economia Agr\u00edcola (IEA). Pensando nisso, elaboramos uma Pol\u00edtica que explica quais s\u00e3o os dados coletados por essa solu\u00e7\u00e3o, bem como a forma como os utilizamos e os armazenamos. Considera\u00e7\u00f5es Gerais Para assegurar a qualidade das informa\u00e7\u00f5es e normativos, o&nbsp;IEA&nbsp;pode, sempre que necess\u00e1rio e a qualquer tempo, [&hellip;]<\/p>\n","protected":false},"author":14,"featured_media":0,"parent":0,"menu_order":0,"comment_status":"closed","ping_status":"closed","template":"politicadeprivacidade.php","meta":{"_acf_changed":false,"footnotes":""},"class_list":["post-9062","page","type-page","status-publish","hentry"],"acf":[],"_links":{"self":[{"href":"https:\/\/agricultura.sp.gov.br\/iea\/wp-json\/wp\/v2\/pages\/9062","targetHints":{"allow":["GET"]}}],"collection":[{"href":"https:\/\/agricultura.sp.gov.br\/iea\/wp-json\/wp\/v2\/pages"}],"about":[{"href":"https:\/\/agricultura.sp.gov.br\/iea\/wp-json\/wp\/v2\/types\/page"}],"author":[{"embeddable":true,"href":"https:\/\/agricultura.sp.gov.br\/iea\/wp-json\/wp\/v2\/users\/14"}],"replies":[{"embeddable":true,"href":"https:\/\/agricultura.sp.gov.br\/iea\/wp-json\/wp\/v2\/comments?post=9062"}],"version-history":[{"count":28,"href":"https:\/\/agricultura.sp.gov.br\/iea\/wp-json\/wp\/v2\/pages\/9062\/revisions"}],"predecessor-version":[{"id":9139,"href":"https:\/\/agricultura.sp.gov.br\/iea\/wp-json\/wp\/v2\/pages\/9062\/revisions\/9139"}],"wp:attachment":[{"href":"https:\/\/agricultura.sp.gov.br\/iea\/wp-json\/wp\/v2\/media?parent=9062"}],"curies":[{"name":"wp","href":"https:\/\/api.w.org\/{rel}","templated":true}]}}