{"id":8811,"date":"2025-05-27T16:03:46","date_gmt":"2025-05-27T19:03:46","guid":{"rendered":"https:\/\/agricultura.sp.gov.br\/iea\/?page_id=8811"},"modified":"2025-05-28T11:28:42","modified_gmt":"2025-05-28T14:28:42","slug":"rotas-rurais","status":"publish","type":"page","link":"https:\/\/agricultura.sp.gov.br\/iea\/rotas-rurais\/","title":{"rendered":"Rotas Rurais"},"content":{"rendered":"\n<p>O Programa Rotas Rurais enxerga a \u00e1rea rural do estado de S\u00e3o Paulo e leva tecnologias da informa\u00e7\u00e3o e de geolocaliza\u00e7\u00e3o para promover integra\u00e7\u00e3o entre diversos setores, oferecendo servi\u00e7os mais eficientes \u00e0 popula\u00e7\u00e3o do campo. atrav\u00e9s de uma plataforma de acesso remoto compartilhada com os munic\u00edpios do estado. As aplica\u00e7\u00f5es envolvem a atribui\u00e7\u00e3o de endere\u00e7o codificado, disponibiliza\u00e7\u00e3o de mapas log\u00edsticos e roteadores interativos que permitir\u00e3o a r\u00e1pida localiza\u00e7\u00e3o da propriedade rural e suas rotas de acesso, promovendo a mobilidade, conectividade, seguran\u00e7a, educa\u00e7\u00e3o sa\u00fade, servi\u00e7os p\u00fablicos e privados, pol\u00edticas p\u00fablicas mais eficientes e transforma\u00e7\u00e3o social.<\/p>\n\n\n\n<p>O Projeto&nbsp;leva&nbsp;<strong>cidadania ao campo&nbsp;<\/strong>com um grande ganho social atrav\u00e9s do estabelecimento de mapas, rotas e localiza\u00e7\u00e3o das propriedades.<\/p>\n\n\n\n<p>O mapeamento \u00e9 a base para as demais a\u00e7\u00f5es do projeto, \u00e9 a principal&nbsp;<strong>ferramenta<\/strong>&nbsp;que auxilia o planejamento do desenvolvimento econ\u00f4mico regional.<\/p>\n\n\n\n<p><strong>\u00c9 um grande trunfo para os governos locais.<\/strong><\/p>\n\n\n\n<figure class=\"wp-block-table has-medium-font-size\"><table class=\"has-text-color has-link-color has-fixed-layout\" style=\"color:#077654\"><tbody><tr><td class=\"has-text-align-center\" data-align=\"center\"><strong>314.000<\/strong><\/td><td class=\"has-text-align-center\" data-align=\"center\"><strong>57.000 km<\/strong><\/td><\/tr><tr><td class=\"has-text-align-center\" data-align=\"center\"><strong>PROPRIEDADES RURAIS<br>GEOLOCALIZADAS<\/strong><\/td><td class=\"has-text-align-center\" data-align=\"center\"><strong>VIAS RURAIS<br>MAPEADAS<\/strong><\/td><\/tr><tr><td class=\"has-text-align-center\" data-align=\"center\">Atualizado em 31\/07\/2024<\/td><td class=\"has-text-align-center\" data-align=\"center\">Atualizado em 31\/07\/2024<\/td><\/tr><\/tbody><\/table><\/figure>\n\n\n\n<figure class=\"wp-block-embed is-type-video is-provider-youtube wp-block-embed-youtube wp-embed-aspect-16-9 wp-has-aspect-ratio\"><div class=\"wp-block-embed__wrapper\">\n<iframe loading=\"lazy\" title=\"PROGRAMA ROTAS RURAIS\" width=\"500\" height=\"281\" src=\"https:\/\/www.youtube.com\/embed\/mUSZxG8NXsk?feature=oembed\" frameborder=\"0\" allow=\"accelerometer; autoplay; clipboard-write; encrypted-media; gyroscope; picture-in-picture; web-share\" referrerpolicy=\"strict-origin-when-cross-origin\" allowfullscreen><\/iframe>\n<\/div><\/figure>\n\n\n\n<h6 class=\"wp-block-heading\"><strong>BENEF\u00cdCIOS DO PROGRAMA:<\/strong><\/h6>\n\n\n\n<p class=\"has-medium-font-size\"><strong>O QUE A PREFEITURA RECEBE?<\/strong> <\/p>\n\n\n\n<p>A prefeitura est\u00e1 recebendo um mapa e uma base de dados com todos os ERDs de sua \u00e1rea rural e com isso pode conhecer a localiza\u00e7\u00e3o e caracter\u00edsticas das porteiras principais de todas as propriedades rurais de seu munic\u00edpio. Em breve, o roteamento das vias rurais, que inclui a quilometragem e o \u201cdesenho\u201d dessas vias tamb\u00e9m estar\u00e1 dispon\u00edvel, e com essas informa\u00e7\u00f5es a prefeitura pode nomear vias rurais e numerar das propriedades, ou seja, gerar um endere\u00e7o convencional.<\/p>\n\n\n\n<h3 class=\"wp-block-heading has-medium-font-size\"><strong>BENEF\u00cdCIOS PARA A MUNICIPALIDADE<\/strong><\/h3>\n\n\n\n<p>A base de dados do ERD \u00e9 compat\u00edvel com servi\u00e7os de navega\u00e7\u00e3o digital, e pode, entre outras coisas, beneficiar:<\/p>\n\n\n\n<ul class=\"wp-block-list\">\n<li>Mobilidade: chegar aos locais com mais facilidade;&nbsp;<\/li>\n\n\n\n<li>Log\u00edstica: compra e venda de produtos e insumos com economia de tempo e recursos;<\/li>\n\n\n\n<li>Circuitos curtos de comercializa\u00e7\u00e3o: maior intera\u00e7\u00e3o entre produtores e compradores a partir do conhecimento da localiza\u00e7\u00e3o das produ\u00e7\u00f5es agropecu\u00e1rias no munic\u00edpio;<\/li>\n\n\n\n<li>Compreens\u00e3o do territ\u00f3rio: elabora\u00e7\u00e3o e implementa\u00e7\u00e3o de pol\u00edticas p\u00fablicas assertivas a partir do melhor conhecimento geogr\u00e1fico da \u00e1rea rural do munic\u00edpio;<\/li>\n<\/ul>\n\n\n\n<p><strong>Servi\u00e7os p\u00fablicos:<\/strong> maior racionalidade e efici\u00eancia nos deslocamentos na presta\u00e7\u00e3o de servi\u00e7os de extens\u00e3o rural, sa\u00fade, seguran\u00e7a, assist\u00eancia social, entre outros.<\/p>\n\n\n\n<h3 class=\"wp-block-heading has-medium-font-size\"><strong>ENDERE\u00c7AMENTO RURAL DIGITAL (ERD)&nbsp;<\/strong><\/h3>\n\n\n\n<p>Voc\u00ea sabia que no seu munic\u00edpio os estabelecimentos rurais j\u00e1 t\u00eam endere\u00e7o?<\/p>\n\n\n\n<p>Diferente dos endere\u00e7os da zona urbana os endere\u00e7os da zona rural do estado de S\u00e3o Paulo se chamam ERD (Endere\u00e7o Rural Digital).&nbsp;<\/p>\n\n\n\n<p>As informa\u00e7\u00f5es do ERD podem ser utilizadas em aplicativos de navega\u00e7\u00e3o como Waze, Google Maps e outros, e em servi\u00e7os como Google Earth e outros sistemas de informa\u00e7\u00e3o geogr\u00e1fica (SIG)<\/p>\n\n\n\n<p class=\"has-medium-font-size\"><strong>COMO USAR O ENDERE\u00c7AMENTO RURAL DIGITAL?&nbsp;<\/strong><\/p>\n\n\n\n<p>Os c\u00f3digos s\u00e3o baseados em latitude e longitude e contam sempre com uma sequ\u00eancia alfanum\u00e9rica de 10 a 11 n\u00fameros. Essa combina\u00e7\u00e3o tem a parte espec\u00edfica, referente ao local no qual voc\u00ea se encontra no momento, e tamb\u00e9m c\u00f3digos gen\u00e9ricos da cidade, estado ou pa\u00eds, que se repetir\u00e3o entre os ERD da mesma regi\u00e3o.<\/p>\n\n\n\n<p>Em qualquer lugar que o propriet\u00e1rio se encontre, \u00e9 poss\u00edvel gerar um c\u00f3digo exato para tal localiza\u00e7\u00e3o, que pode ser compartilhado com qualquer pessoa, depois, basta colocar o c\u00f3digo na barra de pesquisa do seu navegador GPS.<\/p>\n\n\n\n<ul class=\"wp-block-list\">\n<li><strong>Passo 1: Digite seu ERD na barra de pesquisa;<\/strong><\/li>\n\n\n\n<li><img decoding=\"async\" src=\"https:\/\/arcgisrurais.agricultura.sp.gov.br\/portal\/sharing\/rest\/content\/items\/1f933d2fb0e345a4b2b5f02868f5e76f\/resources\/barra%20maps2.png?token=p8ObvJQ1zswEadBQHaqNHPg9wkx6jsy-AaZcZ7i3JRjeKRu0ciA2WrO3YxkMc-VjInzUJj-Ej1aaNTPB1eJMZ29cbDi8XMZGONCv1ac_OnAE9Ys8RPHsR09Bh_9cXVbrNpm_rd2SapYEyQVYx199Zh2M0qFQfM738dBKxOsGIjNs9UZdwi7jiJUH5lqlPxHtcasKno-fHZwGzhyD9XJJqyGWymyF75aDOSDF3IVgY0g.&amp;v=1655839994095\" alt=\"\"><strong>Passo 2: Clique no bot\u00e3o &#8220;Rotas&#8221; e seu trajeto ser\u00e1 tra\u00e7ado;<\/strong><\/li>\n\n\n\n<li><strong>Passo 3: Agora, basta compartilhar o c\u00f3digo com qualquer pessoa para que a mesma cole-o na barra de pesquisa de seu aplicativo GPS de prefer\u00eancia e tenha acesso ao local;<\/strong><\/li>\n<\/ul>\n\n\n\n<h6 class=\"wp-block-heading\">Exemplo: <a href=\"https:\/\/plus.codes\/588MF936+XR\" target=\"_blank\" rel=\"noreferrer noopener\">F936+XR, S\u00e3o Paulo&nbsp;<\/a><\/h6>\n\n\n\n<h2 class=\"wp-block-heading has-text-color has-link-color has-medium-font-size wp-elements-451575cb4c9408cd08311cee46b27be0\" style=\"color:#077654\"><strong>MUNIC\u00cdPIO PARTICIPE DO PROGRAMA<\/strong><\/h2>\n\n\n\n<div class=\"wp-block-buttons is-layout-flex wp-block-buttons-is-layout-flex\">\n<div class=\"wp-block-button has-custom-width wp-block-button__width-100\"><a class=\"wp-block-button__link has-background wp-element-button\" style=\"background-color:#077654\"><strong> INSCREVA-SE AQUI<\/strong><\/a><\/div>\n<\/div>\n\n\n\n<h2 class=\"wp-block-heading has-text-color has-link-color has-medium-font-size wp-elements-68bac199f475c387a10c9591c4be240e\" style=\"color:#077654\"><strong>PROPRIET\u00c1RIO RURAL: PASSO A PASSO INSTALA\u00c7\u00c3O DO APP<\/strong><\/h2>\n\n\n\n<div class=\"wp-block-buttons is-layout-flex wp-block-buttons-is-layout-flex\">\n<div class=\"wp-block-button has-custom-width wp-block-button__width-100\"><a class=\"wp-block-button__link has-background wp-element-button\" style=\"background-color:#077654\"><strong>INSTALE O APLICATIVO<\/strong><\/a><\/div>\n<\/div>\n\n\n\n<p><\/p>\n","protected":false},"excerpt":{"rendered":"<p>O Programa Rotas Rurais enxerga a \u00e1rea rural do estado de S\u00e3o Paulo e leva tecnologias da informa\u00e7\u00e3o e de geolocaliza\u00e7\u00e3o para promover integra\u00e7\u00e3o entre diversos setores, oferecendo servi\u00e7os mais eficientes \u00e0 popula\u00e7\u00e3o do campo. atrav\u00e9s de uma plataforma de acesso remoto compartilhada com os munic\u00edpios do estado. As aplica\u00e7\u00f5es envolvem a atribui\u00e7\u00e3o de endere\u00e7o [&hellip;]<\/p>\n","protected":false},"author":1,"featured_media":0,"parent":0,"menu_order":0,"comment_status":"closed","ping_status":"closed","template":"","meta":{"_acf_changed":false,"footnotes":""},"class_list":["post-8811","page","type-page","status-publish","hentry"],"acf":[],"_links":{"self":[{"href":"https:\/\/agricultura.sp.gov.br\/iea\/wp-json\/wp\/v2\/pages\/8811","targetHints":{"allow":["GET"]}}],"collection":[{"href":"https:\/\/agricultura.sp.gov.br\/iea\/wp-json\/wp\/v2\/pages"}],"about":[{"href":"https:\/\/agricultura.sp.gov.br\/iea\/wp-json\/wp\/v2\/types\/page"}],"author":[{"embeddable":true,"href":"https:\/\/agricultura.sp.gov.br\/iea\/wp-json\/wp\/v2\/users\/1"}],"replies":[{"embeddable":true,"href":"https:\/\/agricultura.sp.gov.br\/iea\/wp-json\/wp\/v2\/comments?post=8811"}],"version-history":[{"count":6,"href":"https:\/\/agricultura.sp.gov.br\/iea\/wp-json\/wp\/v2\/pages\/8811\/revisions"}],"predecessor-version":[{"id":8833,"href":"https:\/\/agricultura.sp.gov.br\/iea\/wp-json\/wp\/v2\/pages\/8811\/revisions\/8833"}],"wp:attachment":[{"href":"https:\/\/agricultura.sp.gov.br\/iea\/wp-json\/wp\/v2\/media?parent=8811"}],"curies":[{"name":"wp","href":"https:\/\/api.w.org\/{rel}","templated":true}]}}