{"id":8791,"date":"2025-05-27T12:26:21","date_gmt":"2025-05-27T15:26:21","guid":{"rendered":"https:\/\/agricultura.sp.gov.br\/iea\/?page_id=8791"},"modified":"2025-08-12T15:29:13","modified_gmt":"2025-08-12T18:29:13","slug":"dados-agropecuarios","status":"publish","type":"page","link":"https:\/\/agricultura.sp.gov.br\/iea\/dados-agropecuarios\/","title":{"rendered":"Dados Agropecu\u00e1rios"},"content":{"rendered":"\n<figure class=\"wp-block-image size-full is-resized\"><img loading=\"lazy\" decoding=\"async\" width=\"1024\" height=\"256\" src=\"https:\/\/storage.googleapis.com\/saa-repositorio\/hml\/saa-sites\/apta-iea\/imagens\/DADOS-AGROPECUARIOS-2-1.png\" alt=\"\" class=\"wp-image-8793\" style=\"object-fit:cover;width:1300px;height:300px\"\/><\/figure>\n\n\n\n<h5 class=\"wp-block-heading has-text-color has-link-color wp-elements-1ea0cf527db7450cd90edd7a12fdc57d\" style=\"color:#009edf\">PRODUTOS &amp; SERVI\u00c7OS &#8211; <strong>Planos de Assinatura &#8211; Webservice*<\/strong><\/h5>\n\n\n\n<p class=\"has-text-color has-link-color wp-elements-1b9e2970ecb6a2cf1b6f4a11266afb90\" style=\"color:#009edf\"><strong>Servi\u00e7os de webservices dispon\u00edveis:<\/strong><\/p>\n\n\n\n<ul class=\"wp-block-list\">\n<li><strong>Pre\u00e7os Di\u00e1rios Recebidos pelos Produtores<\/strong><\/li>\n\n\n\n<li><strong>Pre\u00e7os Di\u00e1rios no Atacado<\/strong><\/li>\n\n\n\n<li><strong>Pre\u00e7os Di\u00e1rios no Mercado Internacional<\/strong><\/li>\n<\/ul>\n\n\n\n<p>As informa\u00e7\u00f5es s\u00e3o liberadas a partir de aplica\u00e7\u00e3o webservice e\/ou fornecimento de login e senha para acesso aos dados e\/ou recebimento de planilha Excel via e-mail diariamente<\/p>\n\n\n\n<p><strong>Plano Prata:<\/strong>&nbsp;assinatura anual de 1 servi\u00e7o &#8211; (47,06 UFESP**)<br><strong>Plano Ouro:<\/strong>&nbsp;assinatura anual de 2 servi\u00e7os &#8211; (80,00 UFESP)<br><strong>Plano Diamante:<\/strong>&nbsp;assinatura anual de 3 servi\u00e7os &#8211; (98,83 UFESP)<\/p>\n\n\n\n<p><strong>Servi\u00e7os complementares<\/strong><br>Desenvolvimento de rotinas para implementa\u00e7\u00e3o de webservices (C#, Java, Oracle, SQLServer, outros) or\u00e7amento sob consulta*Webservice \u00e9 uma solu\u00e7\u00e3o utilizada na integra\u00e7\u00e3o de sistemas e na comunica\u00e7\u00e3o entre aplica\u00e7\u00f5es diferentes. Com esta tecnologia \u00e9 poss\u00edvel que novas aplica\u00e7\u00f5es possam interagir com aquelas que j\u00e1 existem e que sistemas desenvolvidos em plataformas diferentes sejam compat\u00edveis.<\/p>\n\n\n\n<p>**Valor da UFESP em 2025 &#8211; R$ 37,02 &#8211; Di\u00e1rio Oficial do Estado de S\u00e3o Paulo &#8211; Se\u00e7\u00e3o I, atualiza\u00e7\u00e3o anual 1\u00b0 dia \u00fatil de janeiro.<\/p>\n\n\n\n<p><\/p>\n\n\n\n<div class=\"wp-block-buttons is-layout-flex wp-block-buttons-is-layout-flex\">\n<div class=\"wp-block-button has-custom-width wp-block-button__width-100\"><a class=\"wp-block-button__link has-background wp-element-button\" style=\"background-color:#009edf\">SOLCITE SEU OR\u00c7AMENTO, CLICANDO AQUI<\/a><\/div>\n<\/div>\n\n\n\n<p><\/p>\n\n\n\n<p class=\"has-text-color has-link-color wp-elements-551942df089c9dee316a09ac9b61d888\" style=\"color:#099edf\"><strong>Informa\u00e7\u00f5es Anteriores (S\u00e9ries Hist\u00f3ricas)<\/strong><\/p>\n\n\n\n<p>&#8211; As informa\u00e7\u00f5es s\u00e3o fornecidas no formato de planilha Excel<br>&#8211; Veja as informa\u00e7\u00f5es dispon\u00edveis. Clique aqui<\/p>\n\n\n\n<p class=\"has-text-color has-link-color wp-elements-401764bd763faa15649da023b9a02bd9\" style=\"color:#009edf\"><strong>Anu\u00e1rios<\/strong><\/p>\n\n\n\n<p>Os anu\u00e1rios compreende estimativas finais das principais culturas, da safra produ\u00e7\u00e3o animal, cobertura florestal; pre\u00e7os agr\u00edcolas (pagos e recebidos pelos agricultores, atacado, varejo, cesta de mercado, \u00edndices de pre\u00e7os e indicadores de conjuntura); custos operacionais de m\u00e1quinas e implementos agr\u00edcolas; mercado de trabalho rural; e valores de terra nua por categoria e de im\u00f3veis rurais com benfeitorias.&nbsp;Os anu\u00e1rios est\u00e3o dispon\u00edveis a partir do ano de 1989.<\/p>\n","protected":false},"excerpt":{"rendered":"<p>PRODUTOS &amp; SERVI\u00c7OS &#8211; Planos de Assinatura &#8211; Webservice* Servi\u00e7os de webservices dispon\u00edveis: As informa\u00e7\u00f5es s\u00e3o liberadas a partir de aplica\u00e7\u00e3o webservice e\/ou fornecimento de login e senha para acesso aos dados e\/ou recebimento de planilha Excel via e-mail diariamente Plano Prata:&nbsp;assinatura anual de 1 servi\u00e7o &#8211; (47,06 UFESP**)Plano Ouro:&nbsp;assinatura anual de 2 servi\u00e7os &#8211; [&hellip;]<\/p>\n","protected":false},"author":1,"featured_media":0,"parent":0,"menu_order":0,"comment_status":"closed","ping_status":"closed","template":"","meta":{"_acf_changed":false,"footnotes":""},"class_list":["post-8791","page","type-page","status-publish","hentry"],"acf":[],"_links":{"self":[{"href":"https:\/\/agricultura.sp.gov.br\/iea\/wp-json\/wp\/v2\/pages\/8791","targetHints":{"allow":["GET"]}}],"collection":[{"href":"https:\/\/agricultura.sp.gov.br\/iea\/wp-json\/wp\/v2\/pages"}],"about":[{"href":"https:\/\/agricultura.sp.gov.br\/iea\/wp-json\/wp\/v2\/types\/page"}],"author":[{"embeddable":true,"href":"https:\/\/agricultura.sp.gov.br\/iea\/wp-json\/wp\/v2\/users\/1"}],"replies":[{"embeddable":true,"href":"https:\/\/agricultura.sp.gov.br\/iea\/wp-json\/wp\/v2\/comments?post=8791"}],"version-history":[{"count":6,"href":"https:\/\/agricultura.sp.gov.br\/iea\/wp-json\/wp\/v2\/pages\/8791\/revisions"}],"predecessor-version":[{"id":8887,"href":"https:\/\/agricultura.sp.gov.br\/iea\/wp-json\/wp\/v2\/pages\/8791\/revisions\/8887"}],"wp:attachment":[{"href":"https:\/\/agricultura.sp.gov.br\/iea\/wp-json\/wp\/v2\/media?parent=8791"}],"curies":[{"name":"wp","href":"https:\/\/api.w.org\/{rel}","templated":true}]}}