{"id":570,"date":"2025-01-23T15:57:43","date_gmt":"2025-01-23T18:57:43","guid":{"rendered":"http:\/\/secretariawordpress.test?page_id=570"},"modified":"2025-04-07T20:25:17","modified_gmt":"2025-04-07T23:25:17","slug":"sic","status":"publish","type":"page","link":"https:\/\/agricultura.sp.gov.br\/iea\/sic\/","title":{"rendered":"SERVI\u00c7O DE INFORMA\u00c7\u00c3O AO CIDAD\u00c3O &#8211; SIC"},"content":{"rendered":"","protected":false},"excerpt":{"rendered":"","protected":false},"author":1,"featured_media":8444,"parent":0,"menu_order":0,"comment_status":"closed","ping_status":"closed","template":"sic.php","meta":{"_acf_changed":false,"footnotes":""},"class_list":["post-570","page","type-page","status-publish","has-post-thumbnail","hentry"],"acf":[],"_links":{"self":[{"href":"https:\/\/agricultura.sp.gov.br\/iea\/wp-json\/wp\/v2\/pages\/570","targetHints":{"allow":["GET"]}}],"collection":[{"href":"https:\/\/agricultura.sp.gov.br\/iea\/wp-json\/wp\/v2\/pages"}],"about":[{"href":"https:\/\/agricultura.sp.gov.br\/iea\/wp-json\/wp\/v2\/types\/page"}],"author":[{"embeddable":true,"href":"https:\/\/agricultura.sp.gov.br\/iea\/wp-json\/wp\/v2\/users\/1"}],"replies":[{"embeddable":true,"href":"https:\/\/agricultura.sp.gov.br\/iea\/wp-json\/wp\/v2\/comments?post=570"}],"version-history":[{"count":3,"href":"https:\/\/agricultura.sp.gov.br\/iea\/wp-json\/wp\/v2\/pages\/570\/revisions"}],"predecessor-version":[{"id":8446,"href":"https:\/\/agricultura.sp.gov.br\/iea\/wp-json\/wp\/v2\/pages\/570\/revisions\/8446"}],"wp:featuredmedia":[{"embeddable":true,"href":"https:\/\/agricultura.sp.gov.br\/iea\/wp-json\/wp\/v2\/media\/8444"}],"wp:attachment":[{"href":"https:\/\/agricultura.sp.gov.br\/iea\/wp-json\/wp\/v2\/media?parent=570"}],"curies":[{"name":"wp","href":"https:\/\/api.w.org\/{rel}","templated":true}]}}