{"id":414,"date":"2024-12-11T11:45:58","date_gmt":"2024-12-11T14:45:58","guid":{"rendered":"https:\/\/agricultura.sp.gov.br\/hotsite-javali\/?page_id=414"},"modified":"2024-12-11T17:22:11","modified_gmt":"2024-12-11T20:22:11","slug":"riscos-a-populacao","status":"publish","type":"page","link":"https:\/\/agricultura.sp.gov.br\/hotsite-javali\/riscos-a-populacao\/","title":{"rendered":"Riscos \u00e0 popula\u00e7\u00e3o"},"content":{"rendered":"","protected":false},"excerpt":{"rendered":"","protected":false},"author":1,"featured_media":0,"parent":0,"menu_order":0,"comment_status":"closed","ping_status":"closed","template":"horarios-e-atendimentos.php","meta":{"_acf_changed":false,"footnotes":""},"class_list":["post-414","page","type-page","status-publish","hentry"],"acf":[],"_links":{"self":[{"href":"https:\/\/agricultura.sp.gov.br\/hotsite-javali\/wp-json\/wp\/v2\/pages\/414","targetHints":{"allow":["GET"]}}],"collection":[{"href":"https:\/\/agricultura.sp.gov.br\/hotsite-javali\/wp-json\/wp\/v2\/pages"}],"about":[{"href":"https:\/\/agricultura.sp.gov.br\/hotsite-javali\/wp-json\/wp\/v2\/types\/page"}],"author":[{"embeddable":true,"href":"https:\/\/agricultura.sp.gov.br\/hotsite-javali\/wp-json\/wp\/v2\/users\/1"}],"replies":[{"embeddable":true,"href":"https:\/\/agricultura.sp.gov.br\/hotsite-javali\/wp-json\/wp\/v2\/comments?post=414"}],"version-history":[{"count":3,"href":"https:\/\/agricultura.sp.gov.br\/hotsite-javali\/wp-json\/wp\/v2\/pages\/414\/revisions"}],"predecessor-version":[{"id":443,"href":"https:\/\/agricultura.sp.gov.br\/hotsite-javali\/wp-json\/wp\/v2\/pages\/414\/revisions\/443"}],"wp:attachment":[{"href":"https:\/\/agricultura.sp.gov.br\/hotsite-javali\/wp-json\/wp\/v2\/media?parent=414"}],"curies":[{"name":"wp","href":"https:\/\/api.w.org\/{rel}","templated":true}]}}