{"id":9088,"date":"2026-01-08T15:24:11","date_gmt":"2026-01-08T18:24:11","guid":{"rendered":"https:\/\/agricultura.sp.gov.br\/desenvolvimentodosagronegocios\/?page_id=9088"},"modified":"2026-04-08T10:57:34","modified_gmt":"2026-04-08T13:57:34","slug":"compras-publicas","status":"publish","type":"page","link":"https:\/\/agricultura.sp.gov.br\/desenvolvimentodosagronegocios\/compras-publicas","title":{"rendered":"Compras P\u00fablicas"},"content":{"rendered":"<figure class=\"wp-block-post-featured-image\"><img loading=\"lazy\" decoding=\"async\" width=\"2560\" height=\"591\" src=\"https:\/\/storage.googleapis.com\/saa-repositorio\/prd\/saa-sites\/codeagro\/imagens\/Banner-inicio-de-pagina-Compras-Publicas-scaled.png\" class=\"attachment-post-thumbnail size-post-thumbnail wp-post-image\" alt=\"\" style=\"object-fit:cover;\" \/><\/figure>\n\n\n<p>As <strong>Compras P\u00fablicas<\/strong> representam um importante instrumento de <strong>pol\u00edtica p\u00fablica que conecta a agricultura familiar e fornecedores locais \u00e0s institui\u00e7\u00f5es p\u00fablicas<\/strong>, fortalecendo mercados, garantindo acesso a alimentos de qualidade e promovendo o desenvolvimento econ\u00f4mico e social nos munic\u00edpios paulistas.<\/p>\n\n\n\n<hr class=\"wp-block-separator has-text-color has-white-color has-alpha-channel-opacity has-white-background-color has-background\"\/>\n\n\n\n<div style=\"position: relative; padding-bottom: 56.25%; height: 0; overflow: hidden;\">\n  <iframe\n    title=\"Power BI - Pr\u00f3ximo BI\"\n    src=\"https:\/\/app.powerbi.com\/view?r=eyJrIjoiMjcxNTU1ZjctNzg2MS00NmQyLTkyYTUtMTNiYmFhNGJmM2IzIiwidCI6IjNhNzhiMGNkLTdjOGUtNDkyOS04M2Q1LTE5MGE2Y2MwMTM2NSJ9\"\n    style=\"position: absolute; top: 0; left: 0; width: 100%; height: 100%; border: 0;\"\n    allowfullscreen=\"true\">\n  <\/iframe>\n<\/div>\n\n\n\n<hr class=\"wp-block-separator has-text-color has-white-color has-alpha-channel-opacity has-white-background-color has-background\"\/>\n\n\n\n<div class=\"wp-block-media-text is-stacked-on-mobile\" style=\"grid-template-columns:20% auto\"><figure class=\"wp-block-media-text__media\"><a href=\"https:\/\/agricultura.sp.gov.br\/desenvolvimentodosagronegocios\/abastece-sp\"><img loading=\"lazy\" decoding=\"async\" width=\"500\" height=\"500\" src=\"https:\/\/storage.googleapis.com\/saa-repositorio\/hml\/saa-sites\/codeagro\/imagens\/imagem-abastece-sp.png\" alt=\"\" class=\"wp-image-9504 size-full\"\/><\/a><\/figure><div class=\"wp-block-media-text__content\">\n<p>Por meio de programas como o <strong>PPAIS \u2013 Programa Paulista da Agricultura de Interesse Social<\/strong>, o <strong>PNAE \u2013 Programa Nacional de Alimenta\u00e7\u00e3o Escolar<\/strong> e o <strong>PAA \u2013 Programa de Aquisi\u00e7\u00e3o de Alimentos<\/strong>, as compras p\u00fablicas viabilizam a aquisi\u00e7\u00e3o de g\u00eaneros aliment\u00edcios diretamente de produtores, cooperativas e organiza\u00e7\u00f5es da agricultura familiar, contribuindo para a sustentabilidade das cadeias produtivas e para o abastecimento das institui\u00e7\u00f5es p\u00fablicas. <strong>Clique no banner<\/strong> ao lado e acesse a vers\u00e3o mobile ou desktop.<\/p>\n<\/div><\/div>\n\n\n\n<p>Nesta p\u00e1gina voc\u00ea encontrar\u00e1 links para consultas, estat\u00edsticas e mapas com dados que apoiam gestores p\u00fablicos, produtores e segmentos interessados em participar do processo de compras p\u00fablicas, al\u00e9m de orienta\u00e7\u00f5es para elabora\u00e7\u00e3o de editais e an\u00e1lise de pre\u00e7os.<\/p>\n\n\n\n<hr class=\"wp-block-separator has-text-color has-white-color has-alpha-channel-opacity has-white-background-color has-background\"\/>\n\n\n\n\n\n<hr class=\"wp-block-separator has-text-color has-white-color has-alpha-channel-opacity has-white-background-color has-background\"\/>\n\n\n\n<h2 class=\"wp-block-heading\">Sistema de cria\u00e7\u00e3o de editais<\/h2>\n\n\n<div class=\"wp-block-image\">\n<figure class=\"aligncenter size-full\"><a href=\"https:\/\/agricultura.sp.gov.br\/desenvolvimentodosagronegocios\/sistema-de-criacao-de-editais\/\"><img loading=\"lazy\" decoding=\"async\" width=\"2560\" height=\"591\" src=\"https:\/\/storage.googleapis.com\/saa-repositorio\/hml\/saa-sites\/codeagro\/imagens\/Banner-Criacao-de-Editais-scaled.png\" alt=\"\" class=\"wp-image-9311\"\/><\/a><\/figure>\n<\/div>\n\n\n<p>Passo a passo na elabora\u00e7\u00e3o de editais para chamamento de compras p\u00fablicas.<\/p>\n\n\n\n\n\n<hr class=\"wp-block-separator has-text-color has-white-color has-alpha-channel-opacity has-white-background-color has-background\"\/>\n\n\n\n<h2 class=\"wp-block-heading\">Estat\u00edsticas de Pre\u00e7os<\/h2>\n\n\n<div class=\"wp-block-image\">\n<figure class=\"aligncenter size-full\"><a href=\"https:\/\/app.powerbi.com\/view?r=eyJrIjoiNDRhMjA2ZjAtMmEzOC00ZWRhLWEyNzktOTM3N2U3NmNlZjZjIiwidCI6IjNhNzhiMGNkLTdjOGUtNDkyOS04M2Q1LTE5MGE2Y2MwMTM2NSJ9\"><img loading=\"lazy\" decoding=\"async\" width=\"2560\" height=\"591\" src=\"https:\/\/storage.googleapis.com\/saa-repositorio\/hml\/saa-sites\/codeagro\/imagens\/Banner-Estatisticas-de-Precos-scaled.png\" alt=\"\" class=\"wp-image-9312\"\/><\/a><\/figure>\n<\/div>\n\n\n<p>Estat\u00edsticas que apresentam indicadores obtidos com dados tabulados a partir da demanda das unidades compradoras.<\/p>\n\n\n\n\n\n<h2 class=\"wp-block-heading\">Mapa da Agricultura Familiar<\/h2>\n\n\n<div class=\"wp-block-image\">\n<figure class=\"aligncenter size-full\"><a href=\"https:\/\/app.powerbi.com\/view?r=eyJrIjoiYjg5MTU1MjMtNWE1OS00ODBhLWI0MjktMWRjMjE2NDFkNDE4IiwidCI6IjNhNzhiMGNkLTdjOGUtNDkyOS04M2Q1LTE5MGE2Y2MwMTM2NSJ9\"><img loading=\"lazy\" decoding=\"async\" width=\"2560\" height=\"591\" src=\"https:\/\/storage.googleapis.com\/saa-repositorio\/hml\/saa-sites\/codeagro\/imagens\/Banner-Mapa-da-Agricultura-Familiar-scaled.png\" alt=\"\" class=\"wp-image-9313\"\/><\/a><\/figure>\n<\/div>\n\n\n<p>Mapa da agricultura familiar \u00e9 a consolida\u00e7\u00e3o de informa\u00e7\u00f5es obtidas nas Declara\u00e7\u00f5es de Aptid\u00e3o ao PRONAF (DAP)\u201d para \u201cMapa da agricultura familiar \u00e9 a consolida\u00e7\u00e3o de informa\u00e7\u00f5es obtidas nas Declara\u00e7\u00f5es de Aptid\u00e3o ao PRONAF (DAP) e Cadastro da Agricultura familiar (CAF)<\/p>\n\n\n\n\n\n<hr class=\"wp-block-separator has-text-color has-white-color has-alpha-channel-opacity has-white-background-color has-background\"\/>\n\n\n\n<div class=\"wp-block-buttons is-layout-flex wp-block-buttons-is-layout-flex\"><\/div>\n\n\n\n<hr class=\"wp-block-separator has-text-color has-white-color has-alpha-channel-opacity has-white-background-color has-background\"\/>\n\n\n\n<p><strong>CONTATO<\/strong><br><strong>Telefones:<\/strong>\u00a0(11) 5067-0355 \/ (11) 5067-0392<br>Pra\u00e7a Ramos de Azevedo, 254 | 4\u00b0 andar &#8211; Rep\u00fablica &#8211; S\u00e3o Paulo\/SP CEP 01037-010<\/p>\n\n\n\n<p><\/p>\n","protected":false},"excerpt":{"rendered":"<p>As Compras P\u00fablicas representam um importante instrumento de pol\u00edtica p\u00fablica que conecta a agricultura familiar e fornecedores locais \u00e0s institui\u00e7\u00f5es p\u00fablicas, fortalecendo mercados, garantindo acesso a alimentos de qualidade e promovendo o desenvolvimento econ\u00f4mico e social nos munic\u00edpios paulistas. Por meio de programas como o PPAIS \u2013 Programa Paulista da Agricultura de Interesse Social, o [&hellip;]<\/p>\n","protected":false},"author":16,"featured_media":9210,"parent":0,"menu_order":0,"comment_status":"closed","ping_status":"closed","template":"","meta":{"_acf_changed":false,"footnotes":""},"class_list":["post-9088","page","type-page","status-publish","has-post-thumbnail","hentry"],"acf":[],"_links":{"self":[{"href":"https:\/\/agricultura.sp.gov.br\/desenvolvimentodosagronegocios\/wp-json\/wp\/v2\/pages\/9088","targetHints":{"allow":["GET"]}}],"collection":[{"href":"https:\/\/agricultura.sp.gov.br\/desenvolvimentodosagronegocios\/wp-json\/wp\/v2\/pages"}],"about":[{"href":"https:\/\/agricultura.sp.gov.br\/desenvolvimentodosagronegocios\/wp-json\/wp\/v2\/types\/page"}],"author":[{"embeddable":true,"href":"https:\/\/agricultura.sp.gov.br\/desenvolvimentodosagronegocios\/wp-json\/wp\/v2\/users\/16"}],"replies":[{"embeddable":true,"href":"https:\/\/agricultura.sp.gov.br\/desenvolvimentodosagronegocios\/wp-json\/wp\/v2\/comments?post=9088"}],"version-history":[{"count":32,"href":"https:\/\/agricultura.sp.gov.br\/desenvolvimentodosagronegocios\/wp-json\/wp\/v2\/pages\/9088\/revisions"}],"predecessor-version":[{"id":9897,"href":"https:\/\/agricultura.sp.gov.br\/desenvolvimentodosagronegocios\/wp-json\/wp\/v2\/pages\/9088\/revisions\/9897"}],"wp:featuredmedia":[{"embeddable":true,"href":"https:\/\/agricultura.sp.gov.br\/desenvolvimentodosagronegocios\/wp-json\/wp\/v2\/media\/9210"}],"wp:attachment":[{"href":"https:\/\/agricultura.sp.gov.br\/desenvolvimentodosagronegocios\/wp-json\/wp\/v2\/media?parent=9088"}],"curies":[{"name":"wp","href":"https:\/\/api.w.org\/{rel}","templated":true}]}}