{"id":9046,"date":"2025-10-24T17:09:17","date_gmt":"2025-10-24T20:09:17","guid":{"rendered":"https:\/\/agricultura.sp.gov.br\/desenvolvimentodosagronegocios\/?page_id=9046"},"modified":"2026-03-04T13:20:48","modified_gmt":"2026-03-04T16:20:48","slug":"agricultura-organica","status":"publish","type":"page","link":"https:\/\/agricultura.sp.gov.br\/desenvolvimentodosagronegocios\/agricultura-organica","title":{"rendered":"Agricultura Org\u00e2nica"},"content":{"rendered":"<figure class=\"wp-block-post-featured-image\"><img loading=\"lazy\" decoding=\"async\" width=\"2560\" height=\"591\" src=\"https:\/\/storage.googleapis.com\/saa-repositorio\/prd\/saa-sites\/codeagro\/imagens\/Banner-inicio-de-pagina-agricultura-organica-scaled.png\" class=\"attachment-post-thumbnail size-post-thumbnail wp-post-image\" alt=\"\" style=\"object-fit:cover;\" \/><\/figure>\n\n\n<p>A <strong>agricultura org\u00e2nica<\/strong> valoriza pr\u00e1ticas sustent\u00e1veis, que respeitam o meio ambiente e garantem alimentos mais saud\u00e1veis, livres de agroqu\u00edmicos e produzidos com responsabilidade social. Esse segmento vem crescendo em todo o pa\u00eds, impulsionado pela busca por uma alimenta\u00e7\u00e3o de qualidade e pela valoriza\u00e7\u00e3o dos produtores locais.<\/p>\n\n\n\n<p>No Estado de S\u00e3o Paulo, a agricultura org\u00e2nica conta com o apoio de pol\u00edticas p\u00fablicas que estimulam sua regulariza\u00e7\u00e3o e certifica\u00e7\u00e3o, al\u00e9m de promover a inser\u00e7\u00e3o desses produtos em mercados diferenciados, como programas de compras p\u00fablicas e iniciativas voltadas ao desenvolvimento rural sustent\u00e1vel.<\/p>\n\n\n\n<p>Para fortalecer esse setor, desde 2018, a <strong>CODEAGRO monitora os pre\u00e7os de produtos org\u00e2nicos<\/strong> em diferentes canais de comercializa\u00e7\u00e3o, acompanhando suas varia\u00e7\u00f5es e contribuindo para um mercado mais transparente e sustent\u00e1vel.<\/p>\n\n\n\n<hr class=\"wp-block-separator has-text-color has-white-color has-alpha-channel-opacity has-white-background-color has-background\"\/>\n\n\n\n<div class=\"wp-block-buttons is-layout-flex wp-block-buttons-is-layout-flex\">\n<div class=\"wp-block-button has-custom-width wp-block-button__width-100\"><a class=\"wp-block-button__link wp-element-button\" href=\"https:\/\/app.powerbi.com\/view?r=eyJrIjoiM2NiOGU5NDItMzIxMS00NzgwLWJlYjctOGRiN2EyNTc2ZjVhIiwidCI6IjNhNzhiMGNkLTdjOGUtNDkyOS04M2Q1LTE5MGE2Y2MwMTM2NSJ9\">ACESSE O MONITORAMENTO DE PRE\u00c7OS DE ORG\u00c2NICOS AQUI<\/a><\/div>\n<\/div>\n\n\n\n<hr class=\"wp-block-separator has-text-color has-white-color has-alpha-channel-opacity has-white-background-color has-background\"\/>\n\n\n\n<p>Al\u00e9m do monitoramento dos pre\u00e7os, a CODEAGRO disponibiliza outras ferramentas de apoio ao setor, como o <strong>Cadastro de Produtores Org\u00e2nicos<\/strong> e o acompanhamento dos <strong>editais de chamadas p\u00fablicas<\/strong> para a compra desses produtos.<a href=\"https:\/\/desenvolvimentodosagronegocios.agricultura.sp.gov.br\/static\/bi\/produtores-cadastrados.html\" target=\"_blank\" rel=\"noreferrer noopener\"><\/a><\/p>\n\n\n<div class=\"wp-block-image\">\n<figure class=\"aligncenter size-full\"><a href=\"https:\/\/app.powerbi.com\/view?r=eyJrIjoiMGNhY2EwM2YtMzVjMS00NzNjLWFlZDMtZDEwMTA3NDM3ZmE0IiwidCI6IjNhNzhiMGNkLTdjOGUtNDkyOS04M2Q1LTE5MGE2Y2MwMTM2NSJ9\"><img loading=\"lazy\" decoding=\"async\" width=\"2560\" height=\"591\" src=\"https:\/\/storage.googleapis.com\/saa-repositorio\/hml\/saa-sites\/codeagro\/imagens\/Banner-Produtores-cadastrados-v2-scaled.png\" alt=\"\" class=\"wp-image-9744\"\/><\/a><\/figure>\n<\/div>\n\n\n<p>Distribui\u00e7\u00e3o dos produtores org\u00e2nicos no Estado de S\u00e3o Paulo, com base nos dados do Cadastro Nacional de Produtores Org\u00e2nicos (CNPO), do Minist\u00e9rio da Agricultura, Pecu\u00e1ria e Abastecimento. As informa\u00e7\u00f5es incluem estat\u00edsticas sobre aqueles enquadrados como agricultores familiares, conforme a Declara\u00e7\u00e3o de Aptid\u00e3o ao Pronaf (DAP).<a href=\"https:\/\/desenvolvimentodosagronegocios.agricultura.sp.gov.br\/static\/bi\/produtores-cadastrados.html\" target=\"_blank\" rel=\"noreferrer noopener\"><\/a><a href=\"https:\/\/desenvolvimentodosagronegocios.agricultura.sp.gov.br\/static\/bi\/editais-chamadas-publicas.html\" target=\"_blank\" rel=\"noreferrer noopener\"><\/a><\/p>\n\n\n\n<hr class=\"wp-block-separator has-text-color has-white-color has-alpha-channel-opacity has-white-background-color has-background\"\/>\n\n\n<div class=\"wp-block-image\">\n<figure class=\"aligncenter size-full\"><a href=\"https:\/\/app.powerbi.com\/view?r=eyJrIjoiMjQwOWJiNGYtZWY2NS00NjhiLWJkZTktZmMyMzZkYzMzZGM2IiwidCI6IjNhNzhiMGNkLTdjOGUtNDkyOS04M2Q1LTE5MGE2Y2MwMTM2NSJ9\"><img loading=\"lazy\" decoding=\"async\" width=\"2560\" height=\"591\" src=\"https:\/\/storage.googleapis.com\/saa-repositorio\/hml\/saa-sites\/codeagro\/imagens\/Banner-Editais-de-Chamadas-Publicas-v2-scaled.png\" alt=\"\" class=\"wp-image-9745\"\/><\/a><\/figure>\n<\/div>\n\n\n<p>Recorte da base de dados de editais de chamadas p\u00fablicas que demandam produtos org\u00e2nicos, reunindo informa\u00e7\u00f5es sobre os programas PPAIS, PNAE e PAA no Estado de S\u00e3o Paulo. S\u00e3o apresentadas estat\u00edsticas e oportunidades de neg\u00f3cios voltadas aos agricultores familiares, com dados sobre produtos, quantidades, pre\u00e7os ofertados, locais de compra e prazos de encerramento dos editais.<a href=\"https:\/\/desenvolvimentodosagronegocios.agricultura.sp.gov.br\/static\/bi\/editais-chamadas-publicas.html\" target=\"_blank\" rel=\"noreferrer noopener\"><\/a><\/p>\n\n\n\n<hr class=\"wp-block-separator has-text-color has-white-color has-alpha-channel-opacity has-white-background-color has-background\"\/>\n","protected":false},"excerpt":{"rendered":"<p>A agricultura org\u00e2nica valoriza pr\u00e1ticas sustent\u00e1veis, que respeitam o meio ambiente e garantem alimentos mais saud\u00e1veis, livres de agroqu\u00edmicos e produzidos com responsabilidade social. Esse segmento vem crescendo em todo o pa\u00eds, impulsionado pela busca por uma alimenta\u00e7\u00e3o de qualidade e pela valoriza\u00e7\u00e3o dos produtores locais. No Estado de S\u00e3o Paulo, a agricultura org\u00e2nica conta [&hellip;]<\/p>\n","protected":false},"author":16,"featured_media":9274,"parent":0,"menu_order":0,"comment_status":"closed","ping_status":"closed","template":"","meta":{"_acf_changed":false,"footnotes":""},"class_list":["post-9046","page","type-page","status-publish","has-post-thumbnail","hentry"],"acf":[],"_links":{"self":[{"href":"https:\/\/agricultura.sp.gov.br\/desenvolvimentodosagronegocios\/wp-json\/wp\/v2\/pages\/9046","targetHints":{"allow":["GET"]}}],"collection":[{"href":"https:\/\/agricultura.sp.gov.br\/desenvolvimentodosagronegocios\/wp-json\/wp\/v2\/pages"}],"about":[{"href":"https:\/\/agricultura.sp.gov.br\/desenvolvimentodosagronegocios\/wp-json\/wp\/v2\/types\/page"}],"author":[{"embeddable":true,"href":"https:\/\/agricultura.sp.gov.br\/desenvolvimentodosagronegocios\/wp-json\/wp\/v2\/users\/16"}],"replies":[{"embeddable":true,"href":"https:\/\/agricultura.sp.gov.br\/desenvolvimentodosagronegocios\/wp-json\/wp\/v2\/comments?post=9046"}],"version-history":[{"count":14,"href":"https:\/\/agricultura.sp.gov.br\/desenvolvimentodosagronegocios\/wp-json\/wp\/v2\/pages\/9046\/revisions"}],"predecessor-version":[{"id":9826,"href":"https:\/\/agricultura.sp.gov.br\/desenvolvimentodosagronegocios\/wp-json\/wp\/v2\/pages\/9046\/revisions\/9826"}],"wp:featuredmedia":[{"embeddable":true,"href":"https:\/\/agricultura.sp.gov.br\/desenvolvimentodosagronegocios\/wp-json\/wp\/v2\/media\/9274"}],"wp:attachment":[{"href":"https:\/\/agricultura.sp.gov.br\/desenvolvimentodosagronegocios\/wp-json\/wp\/v2\/media?parent=9046"}],"curies":[{"name":"wp","href":"https:\/\/api.w.org\/{rel}","templated":true}]}}