{"id":9044,"date":"2025-10-24T17:08:44","date_gmt":"2025-10-24T20:08:44","guid":{"rendered":"https:\/\/agricultura.sp.gov.br\/desenvolvimentodosagronegocios\/?page_id=9044"},"modified":"2026-04-08T14:37:54","modified_gmt":"2026-04-08T17:37:54","slug":"selo-agro-sp","status":"publish","type":"page","link":"https:\/\/agricultura.sp.gov.br\/desenvolvimentodosagronegocios\/selo-agro-sp","title":{"rendered":"Selo Agro SP"},"content":{"rendered":"<figure class=\"wp-block-post-featured-image\"><img loading=\"lazy\" decoding=\"async\" width=\"2560\" height=\"591\" src=\"https:\/\/storage.googleapis.com\/saa-repositorio\/prd\/saa-sites\/codeagro\/imagens\/Banner-inicio-de-pagina-Selo-Produto-Sao-Paulo-2-scaled.png\" class=\"attachment-post-thumbnail size-post-thumbnail wp-post-image\" alt=\"\" style=\"object-fit:cover;\" \/><\/figure>\n\n\n<p>O&nbsp;<strong>Selo Produto S\u00e3o Paulo&nbsp;\u2013 Agro SP<\/strong> \u00e9 a certifica\u00e7\u00e3o oficial da Secretaria de Agricultura e Abastecimento do Estado que reconhece e valoriza <strong>a&nbsp;qualidade, a origem e a autenticidade&nbsp;dos produtos agropecu\u00e1rios e agroindustriais paulistas<\/strong>.<\/p>\n\n\n\n<hr class=\"wp-block-separator has-text-color has-white-color has-alpha-channel-opacity has-white-background-color has-background\"\/>\n\n\n\n<div class=\"wp-block-buttons is-layout-flex wp-block-buttons-is-layout-flex\">\n<div class=\"wp-block-button has-custom-width wp-block-button__width-100\"><a class=\"wp-block-button__link wp-element-button\" href=\"https:\/\/app.powerbi.com\/view?r=eyJrIjoiOGQwNmQ0N2ItOTMyOS00NTcxLWE1ZDUtNWE4ZTcwMTg3YTY1IiwidCI6IjNhNzhiMGNkLTdjOGUtNDkyOS04M2Q1LTE5MGE2Y2MwMTM2NSJ9\"><strong>ACESSE TODAS AS INFORMA\u00c7\u00d5ES DO SELO<\/strong><\/a><\/div>\n<\/div>\n\n\n\n<div class=\"wp-block-media-text is-stacked-on-mobile\" style=\"grid-template-columns:20% auto\"><figure class=\"wp-block-media-text__media\"><img loading=\"lazy\" decoding=\"async\" width=\"595\" height=\"850\" src=\"https:\/\/storage.googleapis.com\/saa-repositorio\/hml\/saa-sites\/codeagro\/imagens\/Selo-Agro-SP-v1.png\" alt=\"\" class=\"wp-image-9178 size-full\"\/><\/figure><div class=\"wp-block-media-text__content\">\n<p>Concedido&nbsp;de forma gratuita, o selo garante que o produto <strong>cumpre&nbsp;rigorosos padr\u00f5es de qualidade, seguran\u00e7a sanit\u00e1ria e boas pr\u00e1ticas de produ\u00e7\u00e3o<\/strong>, fortalecendo a confian\u00e7a do consumidor e ampliando a competitividade dos produtores no mercado.<\/p>\n\n\n\n<p>Podem receber o selo produtos de <strong>origem&nbsp;animal, vegetal ou artesanal<\/strong>, como caf\u00e9s, embutidos, queijos, doces, carnes bovinas e su\u00ednas, al\u00e9m de itens de propriedades&nbsp;livres de brucelose e tuberculose.<\/p>\n\n\n\n<p>Mais do que um selo de qualidade, o&nbsp;<strong>Selo Agro SP<\/strong>&nbsp;\u00e9 um&nbsp;s\u00edmbolo do compromisso do produtor paulista com a <strong>sustentabilidade, a rastreabilidade e a excel\u00eancia<\/strong>, promovendo o valor e a identidade dos produtos do Estado de S\u00e3o Paulo.<\/p>\n<\/div><\/div>\n\n\n\n<hr class=\"wp-block-separator has-text-color has-white-color has-alpha-channel-opacity has-white-background-color has-background\"\/>\n\n\n\n<h2 class=\"wp-block-heading\"><strong>Conhe\u00e7a os Selos<\/strong><\/h2>\n\n\n\n<hr class=\"wp-block-separator has-text-color has-white-color has-alpha-channel-opacity has-white-background-color has-background\"\/>\n\n\n\n<div class=\"wp-block-columns is-layout-flex wp-container-core-columns-is-layout-9d6595d7 wp-block-columns-is-layout-flex\">\n<div class=\"wp-block-column is-layout-flow wp-block-column-is-layout-flow\" style=\"flex-basis:100%\">\n<figure class=\"wp-block-gallery has-nested-images columns-3 is-cropped has-background wp-block-gallery-1 is-layout-flex wp-block-gallery-is-layout-flex\" style=\"background-color:#f1f8fa\">\n<figure class=\"wp-block-image size-full is-style-default\"><a href=\"https:\/\/storage.googleapis.com\/saa-repositorio\/hml\/saa-sites\/codeagro\/documentos\/Cartilha-SELO-AGRO-SP-ARTESANAL-v2.pdf\"><img loading=\"lazy\" decoding=\"async\" width=\"500\" height=\"500\" data-id=\"9409\" src=\"https:\/\/storage.googleapis.com\/saa-repositorio\/hml\/saa-sites\/codeagro\/imagens\/imagem-Selo-Agro-SP-Artesanal.png\" alt=\"\" class=\"wp-image-9409\" style=\"aspect-ratio:1\"\/><\/a><\/figure>\n\n\n\n<figure class=\"wp-block-image size-full is-style-default\"><a href=\"https:\/\/storage.googleapis.com\/saa-repositorio\/hml\/saa-sites\/codeagro\/documentos\/Cartilha-Certificacao-PLBT.pdf\"><img loading=\"lazy\" decoding=\"async\" width=\"500\" height=\"500\" data-id=\"9414\" src=\"https:\/\/storage.googleapis.com\/saa-repositorio\/hml\/saa-sites\/codeagro\/imagens\/imagem-Selo-Agro-SP-PLBT.png\" alt=\"\" class=\"wp-image-9414\" style=\"aspect-ratio:1\"\/><\/a><\/figure>\n\n\n\n<figure class=\"wp-block-image size-full is-style-default\"><a href=\"https:\/\/storage.googleapis.com\/saa-repositorio\/hml\/saa-sites\/codeagro\/documentos\/Cartilha-Cafe-Campeao-v2.pdf\"><img loading=\"lazy\" decoding=\"async\" width=\"500\" height=\"500\" data-id=\"9410\" src=\"https:\/\/storage.googleapis.com\/saa-repositorio\/hml\/saa-sites\/codeagro\/imagens\/imagem-Selo-Agro-SP-Cafe-Campeao.png\" alt=\"\" class=\"wp-image-9410\" style=\"aspect-ratio:1\"\/><\/a><\/figure>\n<\/figure>\n\n\n\n<figure class=\"wp-block-gallery has-nested-images columns-4 is-cropped has-background wp-block-gallery-2 is-layout-flex wp-block-gallery-is-layout-flex\" style=\"background-color:#f1f8fa\">\n<figure class=\"wp-block-image size-full\"><a href=\"https:\/\/storage.googleapis.com\/saa-repositorio\/hml\/saa-sites\/codeagro\/documentos\/Cartilha-Cafe-v1.pdf\"><img loading=\"lazy\" decoding=\"async\" width=\"500\" height=\"500\" data-id=\"9408\" src=\"https:\/\/storage.googleapis.com\/saa-repositorio\/hml\/saa-sites\/codeagro\/imagens\/imagem-Selo-Agro-SP-Cafe-Tradicional.png\" alt=\"\" class=\"wp-image-9408\" style=\"aspect-ratio:1\"\/><\/a><\/figure>\n\n\n\n<figure class=\"wp-block-image size-full is-style-default\"><a href=\"https:\/\/storage.googleapis.com\/saa-repositorio\/hml\/saa-sites\/codeagro\/documentos\/Cartilha-Cafe-v1.pdf\"><img loading=\"lazy\" decoding=\"async\" width=\"500\" height=\"500\" data-id=\"9411\" src=\"https:\/\/storage.googleapis.com\/saa-repositorio\/hml\/saa-sites\/codeagro\/imagens\/imagem-Selo-Agro-SP-cafe-especial.png\" alt=\"\" class=\"wp-image-9411\" style=\"aspect-ratio:1\"\/><\/a><\/figure>\n\n\n\n<figure class=\"wp-block-image size-full\"><a href=\"https:\/\/storage.googleapis.com\/saa-repositorio\/hml\/saa-sites\/codeagro\/documentos\/Cartilha-Cafe-v1.pdf\"><img loading=\"lazy\" decoding=\"async\" width=\"500\" height=\"500\" data-id=\"9413\" src=\"https:\/\/storage.googleapis.com\/saa-repositorio\/hml\/saa-sites\/codeagro\/imagens\/imagem-Selo-Agro-SP-cafe-superior.png\" alt=\"\" class=\"wp-image-9413\" style=\"aspect-ratio:1\"\/><\/a><\/figure>\n\n\n\n<figure class=\"wp-block-image size-full\"><a href=\"https:\/\/storage.googleapis.com\/saa-repositorio\/hml\/saa-sites\/codeagro\/documentos\/Cartilha-Cafe-v1.pdf\"><img loading=\"lazy\" decoding=\"async\" width=\"500\" height=\"500\" data-id=\"9412\" src=\"https:\/\/storage.googleapis.com\/saa-repositorio\/hml\/saa-sites\/codeagro\/imagens\/imagem-Selo-Agro-SP-cafe-gourmet.png\" alt=\"\" class=\"wp-image-9412\" style=\"aspect-ratio:1\"\/><\/a><\/figure>\n<\/figure>\n<\/div>\n<\/div>\n\n\n\n<div class=\"wp-block-buttons is-content-justification-center is-layout-flex wp-container-core-buttons-is-layout-16018d1d wp-block-buttons-is-layout-flex\">\n<div class=\"wp-block-button has-custom-width wp-block-button__width-25\"><a class=\"wp-block-button__link has-small-font-size has-custom-font-size wp-element-button\" href=\"https:\/\/agricultura.sp.gov.br\/desenvolvimentodosagronegocios\/laboratorios-e-certificadoras\"><strong>LABORAT\u00d3RIOS E<br>CERTIFICADORAS<\/strong><\/a><\/div>\n\n\n\n<div class=\"wp-block-button has-custom-width wp-block-button__width-25 is-style-fill\"><a class=\"wp-block-button__link has-small-font-size has-custom-font-size wp-element-button\" href=\"\/desenvolvimentodosagronegocios\/produtos-certificados\"><strong>PRODUTOS<\/strong><br><strong>CERTIFICADOS<\/strong><\/a><\/div>\n\n\n\n<div class=\"wp-block-button has-custom-width wp-block-button__width-25\"><a class=\"wp-block-button__link has-small-font-size has-custom-font-size wp-element-button\" href=\"https:\/\/agricultura.sp.gov.br\/desenvolvimentodosagronegocios\/como-solicitar-o-selo\"><strong>COMO SOLICITAR<br>O SELO<\/strong><\/a><\/div>\n\n\n\n<div class=\"wp-block-button has-custom-width wp-block-button__width-25\"><a class=\"wp-block-button__link has-small-font-size has-custom-font-size wp-element-button\" href=\"\/desenvolvimentodosagronegocios\/legislacao\"><strong>LEGISLA\u00c7\u00c3O<\/strong><br><strong>VIGENTE<\/strong><\/a><\/div>\n<\/div>\n\n\n\n<hr class=\"wp-block-separator has-text-color has-white-color has-alpha-channel-opacity has-white-background-color has-background\"\/>\n\n\n\n<p><strong>CONTATO<\/strong><\/p>\n\n\n\n<p><strong>Telefone e WhatsApp:<\/strong>&nbsp;(11) 5067-0320<br>Pra\u00e7a Ramos de Azevedo, 254 | 4\u00b0 andar &#8211; Rep\u00fablica &#8211; S\u00e3o Paulo\/SP CEP 01037-010<\/p>\n\n\n\n<div style=\"position: relative; padding-bottom: 56.25%; height: 0; overflow: hidden;\">\n  <iframe\n    src=\"https:\/\/www.google.com\/maps?q=-23.54480531286808,-46.637798403189976&#038;z=17&#038;output=embed\"\n    style=\"position: absolute; top: 0; left: 0; width: 100%; height: 100%; border: 0;\"\n    loading=\"lazy\"\n    referrerpolicy=\"no-referrer-when-downgrade\"\n    allowfullscreen>\n  <\/iframe>\n<\/div>\n\n\n\n<p><\/p>\n","protected":false},"excerpt":{"rendered":"<p>O&nbsp;Selo Produto S\u00e3o Paulo&nbsp;\u2013 Agro SP \u00e9 a certifica\u00e7\u00e3o oficial da Secretaria de Agricultura e Abastecimento do Estado que reconhece e valoriza a&nbsp;qualidade, a origem e a autenticidade&nbsp;dos produtos agropecu\u00e1rios e agroindustriais paulistas. Concedido&nbsp;de forma gratuita, o selo garante que o produto cumpre&nbsp;rigorosos padr\u00f5es de qualidade, seguran\u00e7a sanit\u00e1ria e boas pr\u00e1ticas de produ\u00e7\u00e3o, fortalecendo a [&hellip;]<\/p>\n","protected":false},"author":16,"featured_media":9562,"parent":0,"menu_order":0,"comment_status":"closed","ping_status":"closed","template":"","meta":{"_acf_changed":false,"footnotes":""},"class_list":["post-9044","page","type-page","status-publish","has-post-thumbnail","hentry"],"acf":[],"_links":{"self":[{"href":"https:\/\/agricultura.sp.gov.br\/desenvolvimentodosagronegocios\/wp-json\/wp\/v2\/pages\/9044","targetHints":{"allow":["GET"]}}],"collection":[{"href":"https:\/\/agricultura.sp.gov.br\/desenvolvimentodosagronegocios\/wp-json\/wp\/v2\/pages"}],"about":[{"href":"https:\/\/agricultura.sp.gov.br\/desenvolvimentodosagronegocios\/wp-json\/wp\/v2\/types\/page"}],"author":[{"embeddable":true,"href":"https:\/\/agricultura.sp.gov.br\/desenvolvimentodosagronegocios\/wp-json\/wp\/v2\/users\/16"}],"replies":[{"embeddable":true,"href":"https:\/\/agricultura.sp.gov.br\/desenvolvimentodosagronegocios\/wp-json\/wp\/v2\/comments?post=9044"}],"version-history":[{"count":44,"href":"https:\/\/agricultura.sp.gov.br\/desenvolvimentodosagronegocios\/wp-json\/wp\/v2\/pages\/9044\/revisions"}],"predecessor-version":[{"id":9900,"href":"https:\/\/agricultura.sp.gov.br\/desenvolvimentodosagronegocios\/wp-json\/wp\/v2\/pages\/9044\/revisions\/9900"}],"wp:featuredmedia":[{"embeddable":true,"href":"https:\/\/agricultura.sp.gov.br\/desenvolvimentodosagronegocios\/wp-json\/wp\/v2\/media\/9562"}],"wp:attachment":[{"href":"https:\/\/agricultura.sp.gov.br\/desenvolvimentodosagronegocios\/wp-json\/wp\/v2\/media?parent=9044"}],"curies":[{"name":"wp","href":"https:\/\/api.w.org\/{rel}","templated":true}]}}