{"id":9042,"date":"2025-10-24T17:08:23","date_gmt":"2025-10-24T20:08:23","guid":{"rendered":"https:\/\/agricultura.sp.gov.br\/desenvolvimentodosagronegocios\/?page_id=9042"},"modified":"2026-03-05T10:48:46","modified_gmt":"2026-03-05T13:48:46","slug":"abastece-sp","status":"publish","type":"page","link":"https:\/\/agricultura.sp.gov.br\/desenvolvimentodosagronegocios\/abastece-sp","title":{"rendered":"Plataforma Abastece SP"},"content":{"rendered":"<figure class=\"wp-block-post-featured-image\"><img loading=\"lazy\" decoding=\"async\" width=\"2560\" height=\"591\" src=\"https:\/\/storage.googleapis.com\/saa-repositorio\/prd\/saa-sites\/codeagro\/imagens\/Banner-inicio-de-pagina-Plataforma-Abastece-SP-scaled.png\" class=\"attachment-post-thumbnail size-post-thumbnail wp-post-image\" alt=\"\" style=\"object-fit:cover;\" \/><\/figure>\n\n\n<hr class=\"wp-block-separator has-text-color has-white-color has-alpha-channel-opacity has-white-background-color has-background\"\/>\n\n\n\n<p><strong>Abastece SP<\/strong> \u00e9 uma plataforma digital desenvolvida pela Secretaria de Agricultura e Abastecimento do Estado de S\u00e3o Paulo para <strong>fortalecer o sistema de compras p\u00fablicas<\/strong> de alimentos e <strong>promover a aproxima\u00e7\u00e3o<\/strong> entre produtores rurais, cooperativas e institui\u00e7\u00f5es compradoras.<\/p>\n\n\n\n<p> <strong>Acesse a Plataforma Abastece SP nas vers\u00f5es: <\/strong><\/p>\n\n\n\n<div class=\"wp-block-buttons is-content-justification-center is-layout-flex wp-container-core-buttons-is-layout-5590e8cb wp-block-buttons-is-layout-flex\">\n<div class=\"wp-block-button has-custom-width wp-block-button__width-50 is-style-fill\"><a class=\"wp-block-button__link wp-element-button\" href=\"https:\/\/app.powerbi.com\/view?r=eyJrIjoiY2ZmNjM2NWUtMjQ2MS00ODQ4LWI1YTctOWJkZmViODQwNGJmIiwidCI6IjNhNzhiMGNkLTdjOGUtNDkyOS04M2Q1LTE5MGE2Y2MwMTM2NSJ9\">DESKTOP<\/a><\/div>\n\n\n\n<div class=\"wp-block-button has-custom-width wp-block-button__width-50 is-style-fill\"><a class=\"wp-block-button__link wp-element-button\" href=\"https:\/\/app.powerbi.com\/view?r=eyJrIjoiZGZlNzkwY2UtZjBiMC00OGFjLTkyMDYtNzRjOWFhODhjN2MyIiwidCI6IjNhNzhiMGNkLTdjOGUtNDkyOS04M2Q1LTE5MGE2Y2MwMTM2NSJ9\">MOBILE<\/a><\/div>\n<\/div>\n\n\n\n<hr class=\"wp-block-separator has-text-color has-white-color has-alpha-channel-opacity has-white-background-color has-background\"\/>\n\n\n\n<hr class=\"wp-block-separator has-text-color has-white-color has-alpha-channel-opacity has-white-background-color has-background\"\/>\n\n\n\n<div class=\"wp-block-media-text is-stacked-on-mobile\" style=\"grid-template-columns:20% auto\"><figure class=\"wp-block-media-text__media\"><img loading=\"lazy\" decoding=\"async\" width=\"500\" height=\"500\" src=\"https:\/\/storage.googleapis.com\/saa-repositorio\/hml\/saa-sites\/codeagro\/imagens\/imagem-abastece-sp.png\" alt=\"\" class=\"wp-image-9112 size-full\"\/><\/figure><div class=\"wp-block-media-text__content\">\n<p>&nbsp;ferramenta facilita a comercializa\u00e7\u00e3o de alimentos ao oferecer um ambiente transparente e seguro que conecta diretamente quem produz e quem compra, reduzindo intermedi\u00e1rios e ampliando as oportunidades para a agricultura familiar e os pequenos produtores.<\/p>\n\n\n\n<p>O Abastece SP tamb\u00e9m disponibiliza <strong><a href=\"https:\/\/agricultura.sp.gov.br\/desenvolvimentodosagronegocios\/sistema-de-criacao-de-editais\" data-type=\"page\" data-id=\"99\">recursos para a elabora\u00e7\u00e3o e o gerenciamento de editais<\/a><\/strong>, apoiando gestores p\u00fablicos na execu\u00e7\u00e3o eficiente das pol\u00edticas de seguran\u00e7a alimentar e nutricional.<\/p>\n<\/div><\/div>\n\n\n\n<hr class=\"wp-block-separator has-text-color has-white-color has-alpha-channel-opacity has-white-background-color has-background\"\/>\n\n\n\n<p>Dessa forma, o programa impulsiona a economia regional, fortalece as cadeias produtivas e garante o fornecimento cont\u00ednuo de alimentos de qualidade \u00e0s institui\u00e7\u00f5es p\u00fablicas de todo o Estado de S\u00e3o Paulo.<\/p>\n\n\n\n<p>Outras ferramentas de compras p\u00fablicas podem ser acessadas na \u00edntegra pelo link abaixo, incluindo painel interativo com <strong>estat\u00edsticas que apresentam indicadores obtidos com dados tabulados a partir da demanda das unidades compradoras.<\/strong><br><\/p>\n\n\n\n<hr class=\"wp-block-separator has-text-color has-white-color has-alpha-channel-opacity has-white-background-color has-background\"\/>\n\n\n\n<div class=\"wp-block-buttons is-layout-flex wp-block-buttons-is-layout-flex\">\n<div class=\"wp-block-button has-custom-width wp-block-button__width-100\"><a class=\"wp-block-button__link wp-element-button\" href=\"https:\/\/agricultura.sp.gov.br\/desenvolvimentodosagronegocios\/compras-publicas\">COMPRAS P\u00daBLICAS<\/a><\/div>\n<\/div>\n\n\n\n<p><\/p>\n","protected":false},"excerpt":{"rendered":"<p>Abastece SP \u00e9 uma plataforma digital desenvolvida pela Secretaria de Agricultura e Abastecimento do Estado de S\u00e3o Paulo para fortalecer o sistema de compras p\u00fablicas de alimentos e promover a aproxima\u00e7\u00e3o entre produtores rurais, cooperativas e institui\u00e7\u00f5es compradoras. Acesse a Plataforma Abastece SP nas vers\u00f5es: &nbsp;ferramenta facilita a comercializa\u00e7\u00e3o de alimentos ao oferecer um ambiente [&hellip;]<\/p>\n","protected":false},"author":16,"featured_media":9103,"parent":0,"menu_order":0,"comment_status":"closed","ping_status":"closed","template":"","meta":{"_acf_changed":false,"footnotes":""},"class_list":["post-9042","page","type-page","status-publish","has-post-thumbnail","hentry"],"acf":[],"_links":{"self":[{"href":"https:\/\/agricultura.sp.gov.br\/desenvolvimentodosagronegocios\/wp-json\/wp\/v2\/pages\/9042","targetHints":{"allow":["GET"]}}],"collection":[{"href":"https:\/\/agricultura.sp.gov.br\/desenvolvimentodosagronegocios\/wp-json\/wp\/v2\/pages"}],"about":[{"href":"https:\/\/agricultura.sp.gov.br\/desenvolvimentodosagronegocios\/wp-json\/wp\/v2\/types\/page"}],"author":[{"embeddable":true,"href":"https:\/\/agricultura.sp.gov.br\/desenvolvimentodosagronegocios\/wp-json\/wp\/v2\/users\/16"}],"replies":[{"embeddable":true,"href":"https:\/\/agricultura.sp.gov.br\/desenvolvimentodosagronegocios\/wp-json\/wp\/v2\/comments?post=9042"}],"version-history":[{"count":25,"href":"https:\/\/agricultura.sp.gov.br\/desenvolvimentodosagronegocios\/wp-json\/wp\/v2\/pages\/9042\/revisions"}],"predecessor-version":[{"id":9858,"href":"https:\/\/agricultura.sp.gov.br\/desenvolvimentodosagronegocios\/wp-json\/wp\/v2\/pages\/9042\/revisions\/9858"}],"wp:featuredmedia":[{"embeddable":true,"href":"https:\/\/agricultura.sp.gov.br\/desenvolvimentodosagronegocios\/wp-json\/wp\/v2\/media\/9103"}],"wp:attachment":[{"href":"https:\/\/agricultura.sp.gov.br\/desenvolvimentodosagronegocios\/wp-json\/wp\/v2\/media?parent=9042"}],"curies":[{"name":"wp","href":"https:\/\/api.w.org\/{rel}","templated":true}]}}