{"id":9040,"date":"2025-10-24T17:08:04","date_gmt":"2025-10-24T20:08:04","guid":{"rendered":"https:\/\/agricultura.sp.gov.br\/desenvolvimentodosagronegocios\/?page_id=9040"},"modified":"2026-01-30T16:01:31","modified_gmt":"2026-01-30T19:01:31","slug":"coordenadoria-de-educacao-e-gestao-dos-agronegocios","status":"publish","type":"page","link":"https:\/\/agricultura.sp.gov.br\/desenvolvimentodosagronegocios\/coordenadoria-de-educacao-e-gestao-dos-agronegocios","title":{"rendered":"Coordenadoria de Educa\u00e7\u00e3o e Gest\u00e3o dos Agroneg\u00f3cios"},"content":{"rendered":"<figure class=\"wp-block-post-featured-image\"><img loading=\"lazy\" decoding=\"async\" width=\"2560\" height=\"591\" src=\"https:\/\/storage.googleapis.com\/saa-repositorio\/prd\/saa-sites\/codeagro\/imagens\/Coordenadoria-de-Gestao-e-Educacao-dos-Agronegocios-scaled.png\" class=\"attachment-post-thumbnail size-post-thumbnail wp-post-image\" alt=\"\" style=\"object-fit:cover;\" \/><\/figure>\n\n\n<p>A\u00a0<strong>Coordenadoria de Gest\u00e3o e Educa\u00e7\u00e3o dos Agroneg\u00f3cios<\/strong> desenvolve e executa pol\u00edticas e programas que fortalecem o agroneg\u00f3cio paulista.<\/p>\n\n\n\n<hr class=\"wp-block-separator has-text-color has-white-color has-alpha-channel-opacity has-white-background-color has-background\"\/>\n\n\n\n<p><strong>Nossa atua\u00e7\u00e3o<\/strong><\/p>\n\n\n\n<p>Nosso foco est\u00e1 em&nbsp;<strong>valorizar a produ\u00e7\u00e3o local,&nbsp;apoiar o produtor<\/strong> <strong>rural<\/strong>&nbsp;e&nbsp;<strong>promover a qualifica\u00e7\u00e3o do setor<\/strong>, por meio de certifica\u00e7\u00f5es, capacita\u00e7\u00f5es e a\u00e7\u00f5es de fomento \u00e0 comercializa\u00e7\u00e3o.<\/p>\n\n\n\n<hr class=\"wp-block-separator has-text-color has-white-color has-alpha-channel-opacity has-white-background-color has-background\"\/>\n\n\n\n<p><strong>Selo Agro SP \u2013 Produto S\u00e3o Paulo<\/strong><\/p>\n\n\n\n<p>O&nbsp;<strong>Selo Agro SP&nbsp;<\/strong>reconhece produtos artesanais de origem animal e vegetal que seguem&nbsp;<strong>padr\u00f5es de qualidade, sanidade e sustentabilidade<\/strong>.<\/p>\n\n\n\n<p>A certifica\u00e7\u00e3o abrange produtos bovinos, su\u00ednos, caf\u00e9s, l\u00e1cteos, embutidos e itens de propriedades livres de brucelose e tuberculose.<br>O selo valoriza o trabalho dos produtores e fortalece a confian\u00e7a dos consumidores.<\/p>\n\n\n\n<hr class=\"wp-block-separator has-text-color has-white-color has-alpha-channel-opacity has-white-background-color has-background\"\/>\n\n\n\n<p><strong>InfoAgro<\/strong><\/p>\n\n\n\n<p>O&nbsp;<strong>InfoAgro<\/strong>&nbsp;\u00e9 um ambiente digital que organiza e apresenta dados e an\u00e1lises sobre o agroneg\u00f3cio do Estado de S\u00e3o Paulo.<\/p>\n\n\n\n<p>Os infogr\u00e1ficos e indicadores ajudam&nbsp;<strong>gestores p\u00fablicos, t\u00e9cnicos e produtores<\/strong>&nbsp;no planejamento e na formula\u00e7\u00e3o de pol\u00edticas voltadas \u00e0 produ\u00e7\u00e3o agropecu\u00e1ria, ao perfil dos munic\u00edpios e \u00e0s parcerias estrat\u00e9gicas do setor.<\/p>\n\n\n\n<p>Os dados podem ser acessados em diferentes recortes: municipal, por regi\u00e3o e em rela\u00e7\u00e3o ao plano nacional, com base nas pesquisas realizadas pelo IBGE.<\/p>\n\n\n\n<hr class=\"wp-block-separator has-text-color has-white-color has-alpha-channel-opacity has-white-background-color has-background\"\/>\n\n\n\n<p><strong>Projeto Estadual Hortalimento<\/strong><\/p>\n\n\n\n<p>O&nbsp;<strong>Projeto Hortalimento<\/strong>&nbsp;amplia o acesso a alimentos de qualidade a pre\u00e7os acess\u00edveis e fortalece o abastecimento local.<br>A iniciativa incentiva a produ\u00e7\u00e3o de&nbsp;<strong>hortali\u00e7as e plantas arom\u00e1ticas<\/strong>, gera&nbsp;<strong>trabalho e renda<\/strong>, estimula o&nbsp;<strong>associativismo<\/strong>&nbsp;e promove&nbsp;<strong>difus\u00e3o de conhecimento e tecnologia<\/strong>, impulsionando um sistema alimentar mais sustent\u00e1vel.<\/p>\n\n\n\n<hr class=\"wp-block-separator has-text-color has-white-color has-alpha-channel-opacity has-white-background-color has-background\"\/>\n\n\n\n<div class=\"wp-block-columns is-layout-flex wp-container-core-columns-is-layout-9d6595d7 wp-block-columns-is-layout-flex\">\n<div class=\"wp-block-column is-layout-flow wp-block-column-is-layout-flow\">\n<figure class=\"wp-block-image size-full\"><a href=\"https:\/\/agricultura.sp.gov.br\/desenvolvimentodosagronegocios\/selo-agro-sp\"><img loading=\"lazy\" decoding=\"async\" width=\"500\" height=\"500\" src=\"https:\/\/storage.googleapis.com\/saa-repositorio\/hml\/saa-sites\/codeagro\/imagens\/imagem-Selo-Agro-SP.png\" alt=\"\" class=\"wp-image-9389\"\/><\/a><\/figure>\n<\/div>\n\n\n\n<div class=\"wp-block-column is-layout-flow wp-block-column-is-layout-flow\">\n<figure class=\"wp-block-image size-full\"><a href=\"https:\/\/agricultura.sp.gov.br\/desenvolvimentodosagronegocios\/info-agro\"><img loading=\"lazy\" decoding=\"async\" width=\"500\" height=\"500\" src=\"https:\/\/storage.googleapis.com\/saa-repositorio\/hml\/saa-sites\/codeagro\/imagens\/imagem-InfoAgro.png\" alt=\"\" class=\"wp-image-9303\"\/><\/a><\/figure>\n<\/div>\n\n\n\n<div class=\"wp-block-column is-layout-flow wp-block-column-is-layout-flow\">\n<figure class=\"wp-block-image size-full\"><a href=\"https:\/\/agricultura.sp.gov.br\/desenvolvimentodosagronegocios\/hortalimento\"><img loading=\"lazy\" decoding=\"async\" width=\"500\" height=\"500\" src=\"https:\/\/storage.googleapis.com\/saa-repositorio\/hml\/saa-sites\/codeagro\/imagens\/imagem-Projeto-Hortalimento.png\" alt=\"\" class=\"wp-image-9700\"\/><\/a><\/figure>\n<\/div>\n<\/div>\n\n\n\n<hr class=\"wp-block-separator has-text-color has-white-color has-alpha-channel-opacity has-white-background-color has-background\"\/>\n\n\n\n<p><strong>Impacto para S\u00e3o Paulo<\/strong><\/p>\n\n\n\n<p>Fortalecemos a&nbsp;<strong>economia regional<\/strong>, ampliamos as&nbsp;<strong>oportunidades para agricultores familiares<\/strong>&nbsp;e garantimos o&nbsp;<strong>fornecimento de alimentos saud\u00e1veis e de qualidade<\/strong>&nbsp;\u00e0 popula\u00e7\u00e3o paulista.<br>Tudo isso contribui para um&nbsp;campo mais produtivo, sustent\u00e1vel e integrado ao desenvolvimento do Estado.<\/p>\n\n\n\n<hr class=\"wp-block-separator has-text-color has-white-color has-alpha-channel-opacity has-white-background-color has-background\"\/>\n\n\n\n<p><strong>CONTATO<\/strong><\/p>\n\n\n\n<p><strong>Telefone e WhatsApp:<\/strong>&nbsp;(11) 5067-0320<br>Pra\u00e7a Ramos de Azevedo, 254 | 4\u00b0 andar &#8211; Rep\u00fablica &#8211; S\u00e3o Paulo\/SP CEP 01037-010<\/p>\n\n\n\n<div style=\"position: relative; padding-bottom: 56.25%; height: 0; overflow: hidden;\">\n  <iframe\n    src=\"https:\/\/www.google.com\/maps?q=-23.54480531286808,-46.637798403189976&#038;z=17&#038;output=embed\"\n    style=\"position: absolute; top: 0; left: 0; width: 100%; height: 100%; border: 0;\"\n    loading=\"lazy\"\n    referrerpolicy=\"no-referrer-when-downgrade\"\n    allowfullscreen>\n  <\/iframe>\n<\/div>\n\n\n\n<p><\/p>\n","protected":false},"excerpt":{"rendered":"<p>A\u00a0Coordenadoria de Gest\u00e3o e Educa\u00e7\u00e3o dos Agroneg\u00f3cios desenvolve e executa pol\u00edticas e programas que fortalecem o agroneg\u00f3cio paulista. Nossa atua\u00e7\u00e3o Nosso foco est\u00e1 em&nbsp;valorizar a produ\u00e7\u00e3o local,&nbsp;apoiar o produtor rural&nbsp;e&nbsp;promover a qualifica\u00e7\u00e3o do setor, por meio de certifica\u00e7\u00f5es, capacita\u00e7\u00f5es e a\u00e7\u00f5es de fomento \u00e0 comercializa\u00e7\u00e3o. Selo Agro SP \u2013 Produto S\u00e3o Paulo O&nbsp;Selo Agro SP&nbsp;reconhece [&hellip;]<\/p>\n","protected":false},"author":16,"featured_media":9078,"parent":0,"menu_order":0,"comment_status":"closed","ping_status":"closed","template":"","meta":{"_acf_changed":false,"footnotes":""},"class_list":["post-9040","page","type-page","status-publish","has-post-thumbnail","hentry"],"acf":[],"_links":{"self":[{"href":"https:\/\/agricultura.sp.gov.br\/desenvolvimentodosagronegocios\/wp-json\/wp\/v2\/pages\/9040","targetHints":{"allow":["GET"]}}],"collection":[{"href":"https:\/\/agricultura.sp.gov.br\/desenvolvimentodosagronegocios\/wp-json\/wp\/v2\/pages"}],"about":[{"href":"https:\/\/agricultura.sp.gov.br\/desenvolvimentodosagronegocios\/wp-json\/wp\/v2\/types\/page"}],"author":[{"embeddable":true,"href":"https:\/\/agricultura.sp.gov.br\/desenvolvimentodosagronegocios\/wp-json\/wp\/v2\/users\/16"}],"replies":[{"embeddable":true,"href":"https:\/\/agricultura.sp.gov.br\/desenvolvimentodosagronegocios\/wp-json\/wp\/v2\/comments?post=9040"}],"version-history":[{"count":12,"href":"https:\/\/agricultura.sp.gov.br\/desenvolvimentodosagronegocios\/wp-json\/wp\/v2\/pages\/9040\/revisions"}],"predecessor-version":[{"id":9707,"href":"https:\/\/agricultura.sp.gov.br\/desenvolvimentodosagronegocios\/wp-json\/wp\/v2\/pages\/9040\/revisions\/9707"}],"wp:featuredmedia":[{"embeddable":true,"href":"https:\/\/agricultura.sp.gov.br\/desenvolvimentodosagronegocios\/wp-json\/wp\/v2\/media\/9078"}],"wp:attachment":[{"href":"https:\/\/agricultura.sp.gov.br\/desenvolvimentodosagronegocios\/wp-json\/wp\/v2\/media?parent=9040"}],"curies":[{"name":"wp","href":"https:\/\/api.w.org\/{rel}","templated":true}]}}