{"id":9038,"date":"2025-10-24T17:06:42","date_gmt":"2025-10-24T20:06:42","guid":{"rendered":"https:\/\/agricultura.sp.gov.br\/desenvolvimentodosagronegocios\/?page_id=9038"},"modified":"2026-02-19T16:00:12","modified_gmt":"2026-02-19T19:00:12","slug":"coordenadoria-de-abastecimento","status":"publish","type":"page","link":"https:\/\/agricultura.sp.gov.br\/desenvolvimentodosagronegocios\/coordenadoria-de-abastecimento","title":{"rendered":"Coordenadoria de Abastecimento"},"content":{"rendered":"<figure class=\"wp-block-post-featured-image\"><img loading=\"lazy\" decoding=\"async\" width=\"2560\" height=\"591\" src=\"https:\/\/storage.googleapis.com\/saa-repositorio\/prd\/saa-sites\/codeagro\/imagens\/Coordenadoria-de-Abastecimento-scaled.png\" class=\"attachment-post-thumbnail size-post-thumbnail wp-post-image\" alt=\"\" style=\"object-fit:cover;\" \/><\/figure>\n\n\n<p>A <strong>Coordenadoria de Abastecimento<\/strong> desenvolve e executa pol\u00edticas p\u00fablicas para ampliar e modernizar o sistema de abastecimento alimentar do Estado de S\u00e3o Paulo.<\/p>\n\n\n\n<hr class=\"wp-block-separator has-text-color has-white-color has-alpha-channel-opacity has-white-background-color has-background\"\/>\n\n\n\n<p><strong>Nossa Atua\u00e7\u00e3o<\/strong><\/p>\n\n\n\n<p>Gerenciamos o sistema de compras p\u00fablicas estaduais, conectando produtores rurais, cooperativas e associa\u00e7\u00f5es diretamente \u00e0s demandas governamentais. Promovemos efici\u00eancia, transpar\u00eancia e desenvolvimento regional na cadeia alimentar paulista.<\/p>\n\n\n\n<hr class=\"wp-block-separator has-text-color has-white-color has-alpha-channel-opacity has-white-background-color has-background\"\/>\n\n\n\n<p><strong>Projeto Bom Pre\u00e7o do Agricultor<\/strong><\/p>\n\n\n\n<p>Gerenciamos a\u00e7\u00f5es do Projeto Estadual Bom Pre\u00e7o do Agricultor, criando canais diretos do produtor ao consumidor e <strong><strong>monitorando<\/strong> pre\u00e7os de produtos org\u00e2nicos<\/strong>. Oferecemos o varej\u00e3o no Jabaquara, realizado semanalmente ao lado do Terminal de \u00d4nibus da EMTU\/Metr\u00f4 Jabaquara.\u200b<\/p>\n\n\n\n<hr class=\"wp-block-separator has-text-color has-white-color has-alpha-channel-opacity has-white-background-color has-background\"\/>\n\n\n\n<p><strong>Plataformas Digitais<\/strong><\/p>\n\n\n\n<ul class=\"wp-block-list\">\n<li><strong>Plataforma Abastece SP<\/strong>: ambiente digital que integra produtores e institui\u00e7\u00f5es compradoras, facilitando a comercializa\u00e7\u00e3o de alimentos.<\/li>\n\n\n\n<li><strong>Plataforma de Cria\u00e7\u00e3o de Editais<\/strong>: apoia gestores municipais e estaduais na elabora\u00e7\u00e3o de chamadas p\u00fablicas.<\/li>\n\n\n\n<li><strong>Fluxos Gr\u00e1ficos de Compras P\u00fablicas<\/strong>: padronizam e agilizam a aquisi\u00e7\u00e3o de g\u00eaneros aliment\u00edcios.<\/li>\n\n\n\n<li><strong>Passo a passo PNAE<\/strong>: roteiro pr\u00e1tico para orientar gestores, t\u00e9cnicos e fornecedores sobre as etapas essenciais de participa\u00e7\u00e3o nos processos de compras do PNAE.<\/li>\n<\/ul>\n\n\n\n<hr class=\"wp-block-separator has-text-color has-white-color has-alpha-channel-opacity has-white-background-color has-background\"\/>\n\n\n\n<div class=\"wp-block-columns is-layout-flex wp-container-core-columns-is-layout-9d6595d7 wp-block-columns-is-layout-flex\">\n<div class=\"wp-block-column is-layout-flow wp-block-column-is-layout-flow\" style=\"flex-basis:100%\">\n<figure class=\"wp-block-gallery has-nested-images columns-5 is-cropped has-background wp-block-gallery-1 is-layout-flex wp-block-gallery-is-layout-flex\" style=\"background-color:#f1f8fa\">\n<figure class=\"wp-block-image size-full\"><a href=\"https:\/\/agricultura.sp.gov.br\/desenvolvimentodosagronegocios\/abastece-sp\/\"><img loading=\"lazy\" decoding=\"async\" width=\"500\" height=\"500\" data-id=\"9304\" src=\"https:\/\/storage.googleapis.com\/saa-repositorio\/hml\/saa-sites\/codeagro\/imagens\/imagem-Plataforma-Abastece-SP.png\" alt=\"\" class=\"wp-image-9304\" style=\"aspect-ratio:1\"\/><\/a><\/figure>\n\n\n\n<figure class=\"wp-block-image size-full\"><a href=\"https:\/\/agricultura.sp.gov.br\/desenvolvimentodosagronegocios\/bom-preco-do-agricultor\/\"><img loading=\"lazy\" decoding=\"async\" width=\"500\" height=\"500\" data-id=\"9305\" src=\"https:\/\/storage.googleapis.com\/saa-repositorio\/hml\/saa-sites\/codeagro\/imagens\/imagem-Bom-Preco-Agricultor.png\" alt=\"\" class=\"wp-image-9305\" style=\"aspect-ratio:1\"\/><\/a><\/figure>\n\n\n\n<figure class=\"wp-block-image size-full\"><a href=\"https:\/\/agricultura.sp.gov.br\/desenvolvimentodosagronegocios\/agricultura-organica\/\"><img loading=\"lazy\" decoding=\"async\" width=\"500\" height=\"500\" data-id=\"9306\" src=\"https:\/\/storage.googleapis.com\/saa-repositorio\/hml\/saa-sites\/codeagro\/imagens\/imagem-Agricultura-Organica.png\" alt=\"\" class=\"wp-image-9306\" style=\"aspect-ratio:1\"\/><\/a><\/figure>\n\n\n\n<figure class=\"wp-block-image size-full\"><a href=\"https:\/\/agricultura.sp.gov.br\/desenvolvimentodosagronegocios\/passo-a-passo-pnae\"><img loading=\"lazy\" decoding=\"async\" width=\"500\" height=\"500\" data-id=\"9705\" src=\"https:\/\/storage.googleapis.com\/saa-repositorio\/hml\/saa-sites\/codeagro\/imagens\/imagem-Passo-a-Passo-PNAE-1.png\" alt=\"\" class=\"wp-image-9705\" style=\"aspect-ratio:1\"\/><\/a><\/figure>\n<\/figure>\n<\/div>\n<\/div>\n\n\n\n<hr class=\"wp-block-separator has-text-color has-white-color has-alpha-channel-opacity has-white-background-color has-background\"\/>\n\n\n\n<p><strong>Diagn\u00f3stico das Centrais de Abastecimento<\/strong><\/p>\n\n\n\n<p>O <strong>diagn\u00f3stico das Centrais de Abastecimento do Estado<\/strong> revela infraestrutura que permanece essencial para o escoamento de hortifrutigranjeiros, forma\u00e7\u00e3o de pre\u00e7os e seguran\u00e7a alimentar, movimentando bilh\u00f5es em produtos frescos.<\/p>\n\n\n\n<div class=\"wp-block-buttons is-layout-flex wp-block-buttons-is-layout-flex\">\n<div class=\"wp-block-button has-custom-width wp-block-button__width-100\"><a class=\"wp-block-button__link has-background wp-element-button\" href=\"https:\/\/storage.googleapis.com\/saa-repositorio\/hml\/saa-sites\/codeagro\/documentos\/DIAGNOSTICOS-DAS-CENTREAIS-DE-ABASTECIMENTO-DO-ESTADO-DE-SP.pdf\" style=\"background-color:#f47f22\">DIAGN\u00d3STICOS DAS CENTRAIS DE ABASTECIMENTO DO ESTADO DE SP<\/a><\/div>\n<\/div>\n\n\n\n<hr class=\"wp-block-separator has-text-color has-white-color has-alpha-channel-opacity has-white-background-color has-background\"\/>\n\n\n\n<p><strong>Impacto para S\u00e3o Paulo<\/strong><\/p>\n\n\n\n<p>Fortalecemos a economia local e ampliamos oportunidades para agricultores familiares. Garantimos o fornecimento de alimentos saud\u00e1veis e de qualidade \u00e0 popula\u00e7\u00e3o paulista.<\/p>\n\n\n\n<hr class=\"wp-block-separator has-text-color has-white-color has-alpha-channel-opacity has-white-background-color has-background\"\/>\n\n\n\n<p><strong>CONTATO<\/strong><\/p>\n\n\n\n<p><strong>Telefone e WhatsApp:<\/strong>\u00a0(11) 5067-0355<br>Pra\u00e7a Ramos de Azevedo, 254 | 4\u00b0 andar &#8211; Rep\u00fablica &#8211; S\u00e3o Paulo\/SP CEP 01037-010<\/p>\n\n\n\n<div style=\"position: relative; padding-bottom: 56.25%; height: 0; overflow: hidden;\">\n  <iframe\n    src=\"https:\/\/www.google.com\/maps?q=-23.54480531286808,-46.637798403189976&#038;z=17&#038;output=embed\"\n    style=\"position: absolute; top: 0; left: 0; width: 100%; height: 100%; border: 0;\"\n    loading=\"lazy\"\n    referrerpolicy=\"no-referrer-when-downgrade\"\n    allowfullscreen>\n  <\/iframe>\n<\/div>\n\n\n\n<p><\/p>\n","protected":false},"excerpt":{"rendered":"<p>A Coordenadoria de Abastecimento desenvolve e executa pol\u00edticas p\u00fablicas para ampliar e modernizar o sistema de abastecimento alimentar do Estado de S\u00e3o Paulo. Nossa Atua\u00e7\u00e3o Gerenciamos o sistema de compras p\u00fablicas estaduais, conectando produtores rurais, cooperativas e associa\u00e7\u00f5es diretamente \u00e0s demandas governamentais. Promovemos efici\u00eancia, transpar\u00eancia e desenvolvimento regional na cadeia alimentar paulista. Projeto Bom Pre\u00e7o [&hellip;]<\/p>\n","protected":false},"author":16,"featured_media":9077,"parent":0,"menu_order":0,"comment_status":"closed","ping_status":"closed","template":"","meta":{"_acf_changed":false,"footnotes":""},"class_list":["post-9038","page","type-page","status-publish","has-post-thumbnail","hentry"],"acf":[],"_links":{"self":[{"href":"https:\/\/agricultura.sp.gov.br\/desenvolvimentodosagronegocios\/wp-json\/wp\/v2\/pages\/9038","targetHints":{"allow":["GET"]}}],"collection":[{"href":"https:\/\/agricultura.sp.gov.br\/desenvolvimentodosagronegocios\/wp-json\/wp\/v2\/pages"}],"about":[{"href":"https:\/\/agricultura.sp.gov.br\/desenvolvimentodosagronegocios\/wp-json\/wp\/v2\/types\/page"}],"author":[{"embeddable":true,"href":"https:\/\/agricultura.sp.gov.br\/desenvolvimentodosagronegocios\/wp-json\/wp\/v2\/users\/16"}],"replies":[{"embeddable":true,"href":"https:\/\/agricultura.sp.gov.br\/desenvolvimentodosagronegocios\/wp-json\/wp\/v2\/comments?post=9038"}],"version-history":[{"count":16,"href":"https:\/\/agricultura.sp.gov.br\/desenvolvimentodosagronegocios\/wp-json\/wp\/v2\/pages\/9038\/revisions"}],"predecessor-version":[{"id":9807,"href":"https:\/\/agricultura.sp.gov.br\/desenvolvimentodosagronegocios\/wp-json\/wp\/v2\/pages\/9038\/revisions\/9807"}],"wp:featuredmedia":[{"embeddable":true,"href":"https:\/\/agricultura.sp.gov.br\/desenvolvimentodosagronegocios\/wp-json\/wp\/v2\/media\/9077"}],"wp:attachment":[{"href":"https:\/\/agricultura.sp.gov.br\/desenvolvimentodosagronegocios\/wp-json\/wp\/v2\/media?parent=9038"}],"curies":[{"name":"wp","href":"https:\/\/api.w.org\/{rel}","templated":true}]}}