{"id":8855,"date":"2025-06-04T12:20:08","date_gmt":"2025-06-04T15:20:08","guid":{"rendered":"https:\/\/agricultura.sp.gov.br\/desenvolvimentodosagronegocios\/?page_id=8855"},"modified":"2026-01-30T16:14:08","modified_gmt":"2026-01-30T19:14:08","slug":"bom-preco-do-agricultor","status":"publish","type":"page","link":"https:\/\/agricultura.sp.gov.br\/desenvolvimentodosagronegocios\/bom-preco-do-agricultor","title":{"rendered":"Bom Pre\u00e7o do Agricultor"},"content":{"rendered":"\n<figure class=\"wp-block-image size-full is-resized\"><img loading=\"lazy\" decoding=\"async\" width=\"2560\" height=\"591\" src=\"https:\/\/storage.googleapis.com\/saa-repositorio\/hml\/saa-sites\/codeagro\/imagens\/Banner-inicio-de-pagina-bom-preco-agricultor-scaled.png\" alt=\"\" class=\"wp-image-9202\" style=\"width:1300px\"\/><\/figure>\n\n\n\n<p>O&nbsp;<strong>Projeto Estadual Bom Pre\u00e7o do Agricultor<\/strong>&nbsp;tem como objetivo <strong>impulsionar a economia regional por meio da valoriza\u00e7\u00e3o da pequena e m\u00e9dia produ\u00e7\u00e3o<\/strong> de hortifrutigranjeiros, produtos agropecu\u00e1rios e agroindustriais. A iniciativa promove a articula\u00e7\u00e3o de a\u00e7\u00f5es que criam <strong>canais diretos de comercializa\u00e7\u00e3o entre produtores e consumidores<\/strong>, garantindo o escoamento eficiente da produ\u00e7\u00e3o e a oferta de alimentos com pre\u00e7os mais acess\u00edveis.<\/p>\n\n\n\n<hr class=\"wp-block-separator has-text-color has-white-color has-alpha-channel-opacity has-white-background-color has-background\"\/>\n\n\n\n<h2 class=\"wp-block-heading has-medium-font-size\"><strong>Conhe\u00e7a nossas feiras:<\/strong><\/h2>\n\n\n\n<p>Rua dos Comerci\u00e1rios, s\/n \u2013 Jabaquara \u2013 SP (ao lado do terminal EMTU \/ Metr\u00f4 Jabaquara)<\/p>\n\n\n\n<p><strong>Feira Convencional<\/strong><\/p>\n\n\n\n<ul class=\"wp-block-list\">\n<li>Quarta-feira, das 07:00 \u00e0s 18:00 horas<\/li>\n\n\n\n<li>Sexta-feira, das 07:00 \u00e0s 18:00 horas<\/li>\n\n\n\n<li>Domingo, das 07h \u00e0s 14:00 horas<\/li>\n<\/ul>\n\n\n\n<iframe\n  src=\"https:\/\/www.google.com\/maps?q=-23.646466753777425,-46.6385855791119&#038;z=17&#038;output=embed\"\n  width=\"600\"\n  height=\"450\"\n  style=\"border:0;\"\n  allowfullscreen=\"\"\n  loading=\"lazy\"\n  referrerpolicy=\"no-referrer-when-downgrade\">\n<\/iframe>\n","protected":false},"excerpt":{"rendered":"<p>O&nbsp;Projeto Estadual Bom Pre\u00e7o do Agricultor&nbsp;tem como objetivo impulsionar a economia regional por meio da valoriza\u00e7\u00e3o da pequena e m\u00e9dia produ\u00e7\u00e3o de hortifrutigranjeiros, produtos agropecu\u00e1rios e agroindustriais. A iniciativa promove a articula\u00e7\u00e3o de a\u00e7\u00f5es que criam canais diretos de comercializa\u00e7\u00e3o entre produtores e consumidores, garantindo o escoamento eficiente da produ\u00e7\u00e3o e a oferta de alimentos [&hellip;]<\/p>\n","protected":false},"author":1,"featured_media":0,"parent":0,"menu_order":0,"comment_status":"closed","ping_status":"closed","template":"","meta":{"_acf_changed":false,"footnotes":""},"class_list":["post-8855","page","type-page","status-publish","hentry"],"acf":[],"_links":{"self":[{"href":"https:\/\/agricultura.sp.gov.br\/desenvolvimentodosagronegocios\/wp-json\/wp\/v2\/pages\/8855","targetHints":{"allow":["GET"]}}],"collection":[{"href":"https:\/\/agricultura.sp.gov.br\/desenvolvimentodosagronegocios\/wp-json\/wp\/v2\/pages"}],"about":[{"href":"https:\/\/agricultura.sp.gov.br\/desenvolvimentodosagronegocios\/wp-json\/wp\/v2\/types\/page"}],"author":[{"embeddable":true,"href":"https:\/\/agricultura.sp.gov.br\/desenvolvimentodosagronegocios\/wp-json\/wp\/v2\/users\/1"}],"replies":[{"embeddable":true,"href":"https:\/\/agricultura.sp.gov.br\/desenvolvimentodosagronegocios\/wp-json\/wp\/v2\/comments?post=8855"}],"version-history":[{"count":13,"href":"https:\/\/agricultura.sp.gov.br\/desenvolvimentodosagronegocios\/wp-json\/wp\/v2\/pages\/8855\/revisions"}],"predecessor-version":[{"id":9712,"href":"https:\/\/agricultura.sp.gov.br\/desenvolvimentodosagronegocios\/wp-json\/wp\/v2\/pages\/8855\/revisions\/9712"}],"wp:attachment":[{"href":"https:\/\/agricultura.sp.gov.br\/desenvolvimentodosagronegocios\/wp-json\/wp\/v2\/media?parent=8855"}],"curies":[{"name":"wp","href":"https:\/\/api.w.org\/{rel}","templated":true}]}}