{"id":239,"date":"2024-11-18T22:12:11","date_gmt":"2024-11-19T01:12:11","guid":{"rendered":"http:\/\/secretariawordpress.test?page_id=239"},"modified":"2026-01-29T15:33:33","modified_gmt":"2026-01-29T18:33:33","slug":"sobre","status":"publish","type":"page","link":"https:\/\/agricultura.sp.gov.br\/desenvolvimentodosagronegocios\/sobre","title":{"rendered":"Sobre"},"content":{"rendered":"<figure class=\"wp-block-post-featured-image\"><img loading=\"lazy\" decoding=\"async\" width=\"2560\" height=\"591\" src=\"https:\/\/storage.googleapis.com\/saa-repositorio\/prd\/saa-sites\/codeagro\/imagens\/Banner-inicio-de-pagina-Quem-Somos-Codeagro-scaled.png\" class=\"attachment-post-thumbnail size-post-thumbnail wp-post-image\" alt=\"\" style=\"object-fit:cover;\" \/><\/figure>\n\n\n<p><strong>QUEM SOMOS<\/strong><\/p>\n\n\n\n<p>A&nbsp;CODEAGRO&nbsp;\u2014 Diretoria de Desenvolvimento dos Agroneg\u00f3cios \u2014 \u00e9 um \u00f3rg\u00e3o da&nbsp;Secretaria de Agricultura e Abastecimento do Estado de S\u00e3o Paulo.<\/p>\n\n\n\n<p>Nosso prop\u00f3sito \u00e9&nbsp;fortalecer o agroneg\u00f3cio paulista, promovendo&nbsp;sustentabilidade, qualidade e competitividade&nbsp;em toda a cadeia produtiva.<\/p>\n\n\n\n<hr class=\"wp-block-separator has-text-color has-white-color has-alpha-channel-opacity has-white-background-color has-background\"\/>\n\n\n\n<p><strong>NOSSA MISS\u00c3O<\/strong><\/p>\n\n\n\n<p>Promover o&nbsp;desenvolvimento econ\u00f4mico e sustent\u00e1vel do setor agr\u00edcola&nbsp;no Estado de S\u00e3o Paulo, gerando&nbsp;oportunidades de renda,&nbsp;seguran\u00e7a alimentar&nbsp;e&nbsp;melhoria da qualidade de vida&nbsp;no campo.<\/p>\n\n\n\n<hr class=\"wp-block-separator has-text-color has-white-color has-alpha-channel-opacity has-white-background-color has-background\"\/>\n\n\n\n<p><strong>O QUE FAZEMOS<\/strong><\/p>\n\n\n\n<p>Atuamos em programas e projetos que valorizam a produ\u00e7\u00e3o local e estimulam pr\u00e1ticas mais sustent\u00e1veis:<\/p>\n\n\n\n<ul class=\"wp-block-list\">\n<li>Selo Produto S\u00e3o Paulo e Selo Agro SP Artesanal: reconhecimento \u00e0 produ\u00e7\u00e3o regional de qualidade.<\/li>\n\n\n\n<li>Programa Abastece SP: acompanhamento e incentivo \u00e0s compras p\u00fablicas de alimentos.<\/li>\n\n\n\n<li>Projeto Bom Pre\u00e7o do Agricultor: feiras e a\u00e7\u00f5es de comercializa\u00e7\u00e3o direta, como as do espa\u00e7o Jabaquara.<\/li>\n\n\n\n<li>Projeto HORTALIMENTO: incentiva a implanta\u00e7\u00e3o de estufas de cultivo em ambiente protegido e de hortas de cultivo convencional.<\/li>\n<\/ul>\n\n\n\n<p><strong>NOSSO COMPROMISSO<\/strong><\/p>\n\n\n\n<p>Trabalhamos por um&nbsp;agroneg\u00f3cio inovador, sustent\u00e1vel e competitivo, integrando produtores, consumidores e parceiros institucionais em uma rede que gera&nbsp;benef\u00edcios econ\u00f4micos, sociais e ambientais&nbsp;para todo o Estado de S\u00e3o Paulo.<\/p>\n","protected":false},"excerpt":{"rendered":"<p>QUEM SOMOS A&nbsp;CODEAGRO&nbsp;\u2014 Diretoria de Desenvolvimento dos Agroneg\u00f3cios \u2014 \u00e9 um \u00f3rg\u00e3o da&nbsp;Secretaria de Agricultura e Abastecimento do Estado de S\u00e3o Paulo. Nosso prop\u00f3sito \u00e9&nbsp;fortalecer o agroneg\u00f3cio paulista, promovendo&nbsp;sustentabilidade, qualidade e competitividade&nbsp;em toda a cadeia produtiva. NOSSA MISS\u00c3O Promover o&nbsp;desenvolvimento econ\u00f4mico e sustent\u00e1vel do setor agr\u00edcola&nbsp;no Estado de S\u00e3o Paulo, gerando&nbsp;oportunidades de renda,&nbsp;seguran\u00e7a alimentar&nbsp;e&nbsp;melhoria da [&hellip;]<\/p>\n","protected":false},"author":1,"featured_media":9007,"parent":0,"menu_order":0,"comment_status":"closed","ping_status":"closed","template":"sobre.php","meta":{"_acf_changed":false,"footnotes":""},"class_list":["post-239","page","type-page","status-publish","has-post-thumbnail","hentry"],"acf":[],"_links":{"self":[{"href":"https:\/\/agricultura.sp.gov.br\/desenvolvimentodosagronegocios\/wp-json\/wp\/v2\/pages\/239","targetHints":{"allow":["GET"]}}],"collection":[{"href":"https:\/\/agricultura.sp.gov.br\/desenvolvimentodosagronegocios\/wp-json\/wp\/v2\/pages"}],"about":[{"href":"https:\/\/agricultura.sp.gov.br\/desenvolvimentodosagronegocios\/wp-json\/wp\/v2\/types\/page"}],"author":[{"embeddable":true,"href":"https:\/\/agricultura.sp.gov.br\/desenvolvimentodosagronegocios\/wp-json\/wp\/v2\/users\/1"}],"replies":[{"embeddable":true,"href":"https:\/\/agricultura.sp.gov.br\/desenvolvimentodosagronegocios\/wp-json\/wp\/v2\/comments?post=239"}],"version-history":[{"count":53,"href":"https:\/\/agricultura.sp.gov.br\/desenvolvimentodosagronegocios\/wp-json\/wp\/v2\/pages\/239\/revisions"}],"predecessor-version":[{"id":9689,"href":"https:\/\/agricultura.sp.gov.br\/desenvolvimentodosagronegocios\/wp-json\/wp\/v2\/pages\/239\/revisions\/9689"}],"wp:featuredmedia":[{"embeddable":true,"href":"https:\/\/agricultura.sp.gov.br\/desenvolvimentodosagronegocios\/wp-json\/wp\/v2\/media\/9007"}],"wp:attachment":[{"href":"https:\/\/agricultura.sp.gov.br\/desenvolvimentodosagronegocios\/wp-json\/wp\/v2\/media?parent=239"}],"curies":[{"name":"wp","href":"https:\/\/api.w.org\/{rel}","templated":true}]}}