{"id":9326,"date":"2025-09-11T16:01:25","date_gmt":"2025-09-11T19:01:25","guid":{"rendered":"https:\/\/agricultura.sp.gov.br\/cati\/?page_id=9326"},"modified":"2026-03-23T09:39:54","modified_gmt":"2026-03-23T12:39:54","slug":"estagios","status":"publish","type":"page","link":"https:\/\/agricultura.sp.gov.br\/cati\/estagios\/","title":{"rendered":"Est\u00e1gios"},"content":{"rendered":"\n<p>Os est\u00e1gios na CATI ser\u00e3o concedidos mediante conv\u00eanio formalizado entre a Institui\u00e7\u00e3o de Ensino a qual o aluno interessado pertence e a Secretaria de Agricultura e Abastecimento do Estado de SP, por meio da CATI &#8211; Diretoria de Assist\u00eancia T\u00e9cnica Integral.<\/p>\n\n\n\n<p>Tratam-se de est\u00e1gios curriculares <strong>obrigat\u00f3rios<\/strong>, <strong>n\u00e3o remunerado<\/strong>s, para alunos de escolas p\u00fablicas ou privadas, Col\u00e9gio T\u00e9cnico ou Ensino Superior (Faculdades e Universidades), preferencialmente das \u00e1reas de Ci\u00eancias Agr\u00e1rias e Medicina Veterin\u00e1ria, Engenharia Ambiental ou Florestal, Biologia e outras, conforme disponibilidade de supervisores nas unidades de servi\u00e7os da CATI.<\/p>\n\n\n\n<div style=\"height:100px\" aria-hidden=\"true\" class=\"wp-block-spacer\"><\/div>\n\n\n\n<div class=\"wp-block-buttons is-content-justification-center is-layout-flex wp-container-core-buttons-is-layout-16018d1d wp-block-buttons-is-layout-flex\">\n<div class=\"wp-block-button\"><a class=\"wp-block-button__link wp-element-button\" href=\"https:\/\/storage.googleapis.com\/saa-repositorio\/prd\/saa-sites\/cati\/documentos\/3-ORIENTACOES-GERAIS-ESTAGIO.pdf\">ORIENTA\u00c7\u00d5ES PARA EST\u00c1GIO<\/a><\/div>\n\n\n\n<div class=\"wp-block-button\"><a class=\"wp-block-button__link wp-element-button\" href=\"https:\/\/storage.googleapis.com\/saa-repositorio\/prd\/saa-sites\/cati\/documentos\/4-ORIENTACOES-PARA-CONVENIO.pdf\">ORIENTA\u00c7\u00d5ES PARA CONV\u00caNIO<\/a><\/div>\n\n\n\n<div class=\"wp-block-button\"><a class=\"wp-block-button__link wp-element-button\" href=\"https:\/\/storage.googleapis.com\/saa-repositorio\/prd\/saa-sites\/cati\/documentos\/Instituicoes-Ensino-com-convenio-formalizado-CATI-MAR-23-2026.pdf\">INSTITUI\u00c7\u00d5ES CONVENIADAS<\/a><\/div>\n<\/div>\n\n\n\n<div style=\"height:100px\" aria-hidden=\"true\" class=\"wp-block-spacer\"><\/div>\n","protected":false},"excerpt":{"rendered":"<p>Os est\u00e1gios na CATI ser\u00e3o concedidos mediante conv\u00eanio formalizado entre a Institui\u00e7\u00e3o de Ensino a qual o aluno interessado pertence e a Secretaria de Agricultura e Abastecimento do Estado de SP, por meio da CATI &#8211; Diretoria de Assist\u00eancia T\u00e9cnica Integral. Tratam-se de est\u00e1gios curriculares obrigat\u00f3rios, n\u00e3o remunerados, para alunos de escolas p\u00fablicas ou privadas, [&hellip;]<\/p>\n","protected":false},"author":15,"featured_media":0,"parent":0,"menu_order":0,"comment_status":"closed","ping_status":"closed","template":"","meta":{"_acf_changed":false,"footnotes":""},"class_list":["post-9326","page","type-page","status-publish","hentry"],"acf":[],"_links":{"self":[{"href":"https:\/\/agricultura.sp.gov.br\/cati\/wp-json\/wp\/v2\/pages\/9326","targetHints":{"allow":["GET"]}}],"collection":[{"href":"https:\/\/agricultura.sp.gov.br\/cati\/wp-json\/wp\/v2\/pages"}],"about":[{"href":"https:\/\/agricultura.sp.gov.br\/cati\/wp-json\/wp\/v2\/types\/page"}],"author":[{"embeddable":true,"href":"https:\/\/agricultura.sp.gov.br\/cati\/wp-json\/wp\/v2\/users\/15"}],"replies":[{"embeddable":true,"href":"https:\/\/agricultura.sp.gov.br\/cati\/wp-json\/wp\/v2\/comments?post=9326"}],"version-history":[{"count":6,"href":"https:\/\/agricultura.sp.gov.br\/cati\/wp-json\/wp\/v2\/pages\/9326\/revisions"}],"predecessor-version":[{"id":23227,"href":"https:\/\/agricultura.sp.gov.br\/cati\/wp-json\/wp\/v2\/pages\/9326\/revisions\/23227"}],"wp:attachment":[{"href":"https:\/\/agricultura.sp.gov.br\/cati\/wp-json\/wp\/v2\/media?parent=9326"}],"curies":[{"name":"wp","href":"https:\/\/api.w.org\/{rel}","templated":true}]}}