{"id":9314,"date":"2025-09-11T09:34:30","date_gmt":"2025-09-11T12:34:30","guid":{"rendered":"https:\/\/agricultura.sp.gov.br\/cati\/?page_id=9314"},"modified":"2025-09-11T09:34:30","modified_gmt":"2025-09-11T12:34:30","slug":"laboratorio-de-sementes-e-mudas","status":"publish","type":"page","link":"https:\/\/agricultura.sp.gov.br\/cati\/laboratorio-de-sementes-e-mudas\/","title":{"rendered":"LABORAT\u00d3RIO DE SEMENTES E MUDAS"},"content":{"rendered":"\n<figure class=\"wp-block-image size-large\"><img loading=\"lazy\" decoding=\"async\" width=\"1024\" height=\"166\" src=\"https:\/\/storage.googleapis.com\/saa-repositorio\/prd\/saa-sites\/cati\/imagens\/image-1024x166.png\" alt=\"\" class=\"wp-image-9315\"\/><\/figure>\n\n\n\n<p>A CATI possui um laborat\u00f3rio de an\u00e1lise de sementes e mudas (LSM) em sua sede, em Campinas, que oferece servi\u00e7os de an\u00e1lise para produtores rurais que tenham interesse em verificar a qualidade das sementes adquiridas e para empresas do setor.<\/p>\n\n\n\n<p>O LSM \u00e9 membro associado da International Seed Testing Association e atualmente colabora junto ao grupo de trabalho de plantas invasoras junto a essa institui\u00e7\u00e3o (Wild Species Working Group).<\/p>\n\n\n\n<p>O LSM \u00e9 credenciado como Laborat\u00f3rio Oficial de An\u00e1lise de Sementes pelo MAPA e disp\u00f5e de um escopo com mais de 500 esp\u00e9cies, dentre grandes culturas, forrageiras, oler\u00edcolas, ornamentais, medicinais e florestais.<\/p>\n\n\n\n<p>S\u00e3o realizadas em m\u00e9dia 6 mil an\u00e1lises por ano.<\/p>\n\n\n\n<p>Consulte o laborat\u00f3rio para a disponibilidade dos servi\u00e7os e pre\u00e7os.<\/p>\n\n\n\n<p><strong>Tipos de An\u00e1lise:<\/strong><\/p>\n\n\n\n<ul class=\"wp-block-list\">\n<li>An\u00e1lise f\u00edsica: An\u00e1lise de pureza, determina\u00e7\u00e3o de outras sementes por n\u00famero, exame de sementes infestadas, peso de mil sementes, grau de umidade.<\/li>\n\n\n\n<li>An\u00e1lise fisiol\u00f3gica: teste de germina\u00e7\u00e3o, teste de viabilidade (tetraz\u00f3lio), testes de vigor de primeira contagem, envelhecimento acelerado e teste de frio.<\/li>\n<\/ul>\n\n\n\n<p><strong>Outras atividades do LSM<\/strong>:<\/p>\n\n\n\n<ul class=\"wp-block-list\">\n<li>Controle de qualidade das sementes produzidas e comercializadas pela Secretaria de Agricultura e Abastecimento, nos N\u00facleos de Produ\u00e7\u00e3o da CATI;<\/li>\n\n\n\n<li>Fiscaliza\u00e7\u00e3o de sementes importadas, atendendo ao Servi\u00e7o de Fiscaliza\u00e7\u00e3o de Insumos Agropecu\u00e1rios do Minist\u00e9rio da Agricultura, o MAPA.<\/li>\n\n\n\n<li>An\u00e1lise das sementes de categoria gen\u00e9tica do Instituto Agron\u00f4mico de Campinas &#8211; IAC.<\/li>\n\n\n\n<li>Treinamentos em an\u00e1lise de sementes.<\/li>\n<\/ul>\n\n\n\n<h2 class=\"wp-block-heading\">CONTATO:<\/h2>\n\n\n\n<p><strong>E-mail<\/strong>:\u00a0<a href=\"mailto:lcsm@sp.gov.br\">lcsm@sp.gov.br<\/a>.<\/p>\n\n\n\n<p><strong>Localiza\u00e7\u00e3o<\/strong>:\u00a0 Avenida Brasil, 2.340, Jardim Chapad\u00e3o, Campinas, SP, CEP: 13070-178.<\/p>\n\n\n\n<p><\/p>\n","protected":false},"excerpt":{"rendered":"<p>A CATI possui um laborat\u00f3rio de an\u00e1lise de sementes e mudas (LSM) em sua sede, em Campinas, que oferece servi\u00e7os de an\u00e1lise para produtores rurais que tenham interesse em verificar a qualidade das sementes adquiridas e para empresas do setor. O LSM \u00e9 membro associado da International Seed Testing Association e atualmente colabora junto ao [&hellip;]<\/p>\n","protected":false},"author":15,"featured_media":0,"parent":0,"menu_order":0,"comment_status":"closed","ping_status":"closed","template":"","meta":{"_acf_changed":false,"footnotes":""},"class_list":["post-9314","page","type-page","status-publish","hentry"],"acf":[],"_links":{"self":[{"href":"https:\/\/agricultura.sp.gov.br\/cati\/wp-json\/wp\/v2\/pages\/9314","targetHints":{"allow":["GET"]}}],"collection":[{"href":"https:\/\/agricultura.sp.gov.br\/cati\/wp-json\/wp\/v2\/pages"}],"about":[{"href":"https:\/\/agricultura.sp.gov.br\/cati\/wp-json\/wp\/v2\/types\/page"}],"author":[{"embeddable":true,"href":"https:\/\/agricultura.sp.gov.br\/cati\/wp-json\/wp\/v2\/users\/15"}],"replies":[{"embeddable":true,"href":"https:\/\/agricultura.sp.gov.br\/cati\/wp-json\/wp\/v2\/comments?post=9314"}],"version-history":[{"count":1,"href":"https:\/\/agricultura.sp.gov.br\/cati\/wp-json\/wp\/v2\/pages\/9314\/revisions"}],"predecessor-version":[{"id":9316,"href":"https:\/\/agricultura.sp.gov.br\/cati\/wp-json\/wp\/v2\/pages\/9314\/revisions\/9316"}],"wp:attachment":[{"href":"https:\/\/agricultura.sp.gov.br\/cati\/wp-json\/wp\/v2\/media?parent=9314"}],"curies":[{"name":"wp","href":"https:\/\/api.w.org\/{rel}","templated":true}]}}