{"id":9296,"date":"2025-09-10T17:08:56","date_gmt":"2025-09-10T20:08:56","guid":{"rendered":"https:\/\/agricultura.sp.gov.br\/cati\/?page_id=9296"},"modified":"2026-05-04T15:24:42","modified_gmt":"2026-05-04T18:24:42","slug":"projeto-agro-paulista-mais-verde","status":"publish","type":"page","link":"https:\/\/agricultura.sp.gov.br\/cati\/projeto-agro-paulista-mais-verde\/","title":{"rendered":"Projeto Agro Paulista Mais Verde"},"content":{"rendered":"\n<figure class=\"wp-block-image size-full\"><img loading=\"lazy\" decoding=\"async\" width=\"1025\" height=\"257\" src=\"https:\/\/storage.googleapis.com\/saa-repositorio\/prd\/saa-sites\/cati\/imagens\/2026_CATI-CECOR_ARTE_Banner-Novo-site-CATI-1024-x-256-Cacau-SP-Agro-Paulista-Mais-Verde-1.jpg\" alt=\"\" class=\"wp-image-24350\"\/><\/figure>\n\n\n\n<p>O Projeto Agro Paulista Mais Verde visa consolidar a produ\u00e7\u00e3o agropecu\u00e1ria, unindo produtividade \u00e0 preserva\u00e7\u00e3o ambiental. O impacto na sociedade \u00e9 abrangente, e envolve, al\u00e9m do desenvolvimento econ\u00f4mico, a seguran\u00e7a alimentar e a resili\u00eancia clim\u00e1tica. Fruto de um acordo de empr\u00e9stimo entre o Governo do Estado e o Banco Mundial, o projeto ser\u00e1 executado pela Secretaria de Agricultura e Abastecimento do Estado de S\u00e3o Paulo, por meio da Diretoria de Assist\u00eancia T\u00e9cnica Integral (CATI).<\/p>\n\n\n\n<p><strong>Plano de Envolvimento das Partes Interessadas (PEPI)<\/strong><\/p>\n\n\n\n<p class=\"has-text-align-left\"><em>Link<\/em> para a <em>live<\/em> &#8211; <a href=\"https:\/\/www.youtube.com\/live\/nVSKGXgzacE\" target=\"_blank\" rel=\"noreferrer noopener\"><strong>https:\/\/www.youtube.com\/live\/nVSKGXgzacE<\/strong><\/a><\/p>\n\n\n\n<p class=\"has-text-align-left\"><strong><a href=\"https:\/\/storage.googleapis.com\/saa-repositorio\/prd\/saa-sites\/cati\/documentos\/Palestra-1-Projeto-Agro-Paulista-Mais-Verde-J-Brunelli-Jr-5-5-2026.pdf\" target=\"_blank\" rel=\"noreferrer noopener\">Download<\/a><\/strong> &#8211; Documento da Palestra 1 &#8211; Projeto Agro Paulista Mais Verde &#8211; Jo\u00e3o Brunelli Jr.<\/p>\n\n\n\n<p class=\"has-text-align-left\"><strong><a href=\"https:\/\/storage.googleapis.com\/saa-repositorio\/prd\/saa-sites\/cati\/documentos\/Palestra-2-PEPI-Marcia-Moraes-5-5-2026.pdf\" target=\"_blank\" rel=\"noreferrer noopener\">Download<\/a><\/strong> &#8211; Documento da Palestra 2 &#8211; PEPI &#8211; Marcia Moraes<\/p>\n\n\n\n<p class=\"has-text-align-left has-medium-font-size\"><a href=\"https:\/\/storage.googleapis.com\/saa-repositorio\/prd\/saa-sites\/cati\/documentos\/Plano-de-Envolvimento-das-Partes-Interessadas-PEPI-5-5-2026.pdf\" target=\"_blank\" rel=\"noreferrer noopener\"><strong>Download do resumo do PEPI<\/strong><\/a><\/p>\n\n\n\n<p class=\"has-text-align-left\"><em>Link<\/em> para o formul\u00e1rio do PEPI &#8211; <a href=\"https:\/\/forms.gle\/wLt8J3w24wk9pGnP7\" target=\"_blank\" rel=\"noreferrer noopener\"><strong>https:\/\/forms.gle\/wLt8J3w24wk9pGnP7<\/strong><\/a><\/p>\n\n\n<div class=\"wp-block-image\">\n<figure class=\"aligncenter size-full is-resized\"><img loading=\"lazy\" decoding=\"async\" width=\"984\" height=\"984\" src=\"https:\/\/storage.googleapis.com\/saa-repositorio\/prd\/saa-sites\/cati\/imagens\/QR_CODE_PARA-AS-PARTES-INTERESSADAS-OPINAREM-NO-PEPI.jpeg\" alt=\"\" class=\"wp-image-24344\" style=\"width:207px;height:auto\"\/><figcaption class=\"wp-element-caption\">QR-Code para o formul\u00e1rio do PEPI<\/figcaption><\/figure>\n<\/div>\n\n\n<p><strong>Contato: agromaisverde@sp.gov.br<\/strong><\/p>\n","protected":false},"excerpt":{"rendered":"<p>O Projeto Agro Paulista Mais Verde visa consolidar a produ\u00e7\u00e3o agropecu\u00e1ria, unindo produtividade \u00e0 preserva\u00e7\u00e3o ambiental. O impacto na sociedade \u00e9 abrangente, e envolve, al\u00e9m do desenvolvimento econ\u00f4mico, a seguran\u00e7a alimentar e a resili\u00eancia clim\u00e1tica. Fruto de um acordo de empr\u00e9stimo entre o Governo do Estado e o Banco Mundial, o projeto ser\u00e1 executado pela [&hellip;]<\/p>\n","protected":false},"author":15,"featured_media":24347,"parent":0,"menu_order":0,"comment_status":"closed","ping_status":"closed","template":"","meta":{"_acf_changed":false,"footnotes":""},"class_list":["post-9296","page","type-page","status-publish","has-post-thumbnail","hentry"],"acf":[],"_links":{"self":[{"href":"https:\/\/agricultura.sp.gov.br\/cati\/wp-json\/wp\/v2\/pages\/9296","targetHints":{"allow":["GET"]}}],"collection":[{"href":"https:\/\/agricultura.sp.gov.br\/cati\/wp-json\/wp\/v2\/pages"}],"about":[{"href":"https:\/\/agricultura.sp.gov.br\/cati\/wp-json\/wp\/v2\/types\/page"}],"author":[{"embeddable":true,"href":"https:\/\/agricultura.sp.gov.br\/cati\/wp-json\/wp\/v2\/users\/15"}],"replies":[{"embeddable":true,"href":"https:\/\/agricultura.sp.gov.br\/cati\/wp-json\/wp\/v2\/comments?post=9296"}],"version-history":[{"count":9,"href":"https:\/\/agricultura.sp.gov.br\/cati\/wp-json\/wp\/v2\/pages\/9296\/revisions"}],"predecessor-version":[{"id":24354,"href":"https:\/\/agricultura.sp.gov.br\/cati\/wp-json\/wp\/v2\/pages\/9296\/revisions\/24354"}],"wp:featuredmedia":[{"embeddable":true,"href":"https:\/\/agricultura.sp.gov.br\/cati\/wp-json\/wp\/v2\/media\/24347"}],"wp:attachment":[{"href":"https:\/\/agricultura.sp.gov.br\/cati\/wp-json\/wp\/v2\/media?parent=9296"}],"curies":[{"name":"wp","href":"https:\/\/api.w.org\/{rel}","templated":true}]}}