{"id":9279,"date":"2025-09-03T17:34:30","date_gmt":"2025-09-03T20:34:30","guid":{"rendered":"https:\/\/agricultura.sp.gov.br\/cati\/?page_id=9279"},"modified":"2025-09-03T17:34:30","modified_gmt":"2025-09-03T20:34:30","slug":"sobre-a-resolucao","status":"publish","type":"page","link":"https:\/\/agricultura.sp.gov.br\/cati\/sobre-a-resolucao\/","title":{"rendered":"Sobre a Resolu\u00e7\u00e3o"},"content":{"rendered":"\n<p>A&nbsp;<a href=\"https:\/\/docs.google.com\/document\/d\/e\/2PACX-1vTlk_QdIIBsumzUpr_gsQBVu50gN948w1KhGH8Jh4DCgi_LOV4B4aPWW49pcZy-VGXn9NW6o3XXomDu\/pub\" target=\"_blank\" rel=\"noreferrer noopener\">Resolu\u00e7\u00e3o SMA 189\/2018<\/a>&nbsp;\u00e9 resultado de um amplo di\u00e1logo entre o Sistema Ambiental Paulista e a Sociedade Civil no intuito de atualizar as normas relativas ao tema sob o princ\u00edpio de que a&nbsp;viabiliza\u00e7\u00e3o do desenvolvimento de atividades de explora\u00e7\u00e3o sustent\u00e1vel de esp\u00e9cies nativas \u00e9 estrat\u00e9gica para a conserva\u00e7\u00e3o e recupera\u00e7\u00e3o da vegeta\u00e7\u00e3o nativa no Estado de S\u00e3o Paulo, assim&nbsp;como para conserva\u00e7\u00e3o do patrim\u00f4nio cultural, e consequentemente promover melhoria na provis\u00e3o de servi\u00e7os ecossist\u00eamicos.&nbsp;<a href=\"https:\/\/smastr16.blob.core.windows.net\/home\/2018\/11\/relatorio.pdf\" target=\"_blank\" rel=\"noreferrer noopener\">Saiba mais<\/a><\/p>\n\n\n\n<p><\/p>\n","protected":false},"excerpt":{"rendered":"<p>A&nbsp;Resolu\u00e7\u00e3o SMA 189\/2018&nbsp;\u00e9 resultado de um amplo di\u00e1logo entre o Sistema Ambiental Paulista e a Sociedade Civil no intuito de atualizar as normas relativas ao tema sob o princ\u00edpio de que a&nbsp;viabiliza\u00e7\u00e3o do desenvolvimento de atividades de explora\u00e7\u00e3o sustent\u00e1vel de esp\u00e9cies nativas \u00e9 estrat\u00e9gica para a conserva\u00e7\u00e3o e recupera\u00e7\u00e3o da vegeta\u00e7\u00e3o nativa no Estado de [&hellip;]<\/p>\n","protected":false},"author":20,"featured_media":0,"parent":0,"menu_order":0,"comment_status":"closed","ping_status":"closed","template":"","meta":{"_acf_changed":false,"footnotes":""},"class_list":["post-9279","page","type-page","status-publish","hentry"],"acf":[],"_links":{"self":[{"href":"https:\/\/agricultura.sp.gov.br\/cati\/wp-json\/wp\/v2\/pages\/9279","targetHints":{"allow":["GET"]}}],"collection":[{"href":"https:\/\/agricultura.sp.gov.br\/cati\/wp-json\/wp\/v2\/pages"}],"about":[{"href":"https:\/\/agricultura.sp.gov.br\/cati\/wp-json\/wp\/v2\/types\/page"}],"author":[{"embeddable":true,"href":"https:\/\/agricultura.sp.gov.br\/cati\/wp-json\/wp\/v2\/users\/20"}],"replies":[{"embeddable":true,"href":"https:\/\/agricultura.sp.gov.br\/cati\/wp-json\/wp\/v2\/comments?post=9279"}],"version-history":[{"count":1,"href":"https:\/\/agricultura.sp.gov.br\/cati\/wp-json\/wp\/v2\/pages\/9279\/revisions"}],"predecessor-version":[{"id":9280,"href":"https:\/\/agricultura.sp.gov.br\/cati\/wp-json\/wp\/v2\/pages\/9279\/revisions\/9280"}],"wp:attachment":[{"href":"https:\/\/agricultura.sp.gov.br\/cati\/wp-json\/wp\/v2\/media?parent=9279"}],"curies":[{"name":"wp","href":"https:\/\/api.w.org\/{rel}","templated":true}]}}