{"id":9276,"date":"2025-09-03T17:33:40","date_gmt":"2025-09-03T20:33:40","guid":{"rendered":"https:\/\/agricultura.sp.gov.br\/cati\/?page_id=9276"},"modified":"2025-09-03T17:33:40","modified_gmt":"2025-09-03T20:33:40","slug":"como-obter-orientacoes","status":"publish","type":"page","link":"https:\/\/agricultura.sp.gov.br\/cati\/como-obter-orientacoes\/","title":{"rendered":"Como obter orienta\u00e7\u00f5es"},"content":{"rendered":"\n<p>Para saber se a atividade pretendida pode ou n\u00e3o ser praticada e obter as orienta\u00e7\u00f5es necess\u00e1rias (documenta\u00e7\u00e3o necess\u00e1ria e a quem, como e onde apresentar)&nbsp;<a href=\"https:\/\/docs.google.com\/forms\/d\/e\/1FAIpQLSfFPv0_bfpRZf7aUqNxPjEcBVPmsCYCviHA9wIT1xT6Ec4A8g\/viewform\" target=\"_blank\" rel=\"noreferrer noopener\">clique aqui<\/a>&nbsp;e responda ao question\u00e1rio. As perguntas ser\u00e3o feitas com base nos itens acima descritos, portanto sugerimos que tenha essas informa\u00e7\u00f5es em m\u00e3os para iniciar o question\u00e1rio. Para&nbsp;facilitar o preenchimento fique atento tamb\u00e9m a algumas informa\u00e7\u00f5es explicativas que estar\u00e3o dispon\u00edveis no pr\u00f3prio question\u00e1rio.<\/p>\n\n\n\n<p>No caso de d\u00favidas entre em contato pelo e-mail:&nbsp;<a href=\"mailto:manejodenativas@sp.gov.br\" target=\"_blank\" rel=\"noreferrer noopener\">manejodenativas@sp.gov.br<\/a><\/p>\n","protected":false},"excerpt":{"rendered":"<p>Para saber se a atividade pretendida pode ou n\u00e3o ser praticada e obter as orienta\u00e7\u00f5es necess\u00e1rias (documenta\u00e7\u00e3o necess\u00e1ria e a quem, como e onde apresentar)&nbsp;clique aqui&nbsp;e responda ao question\u00e1rio. As perguntas ser\u00e3o feitas com base nos itens acima descritos, portanto sugerimos que tenha essas informa\u00e7\u00f5es em m\u00e3os para iniciar o question\u00e1rio. Para&nbsp;facilitar o preenchimento fique [&hellip;]<\/p>\n","protected":false},"author":20,"featured_media":0,"parent":0,"menu_order":0,"comment_status":"closed","ping_status":"closed","template":"","meta":{"_acf_changed":false,"footnotes":""},"class_list":["post-9276","page","type-page","status-publish","hentry"],"acf":[],"_links":{"self":[{"href":"https:\/\/agricultura.sp.gov.br\/cati\/wp-json\/wp\/v2\/pages\/9276","targetHints":{"allow":["GET"]}}],"collection":[{"href":"https:\/\/agricultura.sp.gov.br\/cati\/wp-json\/wp\/v2\/pages"}],"about":[{"href":"https:\/\/agricultura.sp.gov.br\/cati\/wp-json\/wp\/v2\/types\/page"}],"author":[{"embeddable":true,"href":"https:\/\/agricultura.sp.gov.br\/cati\/wp-json\/wp\/v2\/users\/20"}],"replies":[{"embeddable":true,"href":"https:\/\/agricultura.sp.gov.br\/cati\/wp-json\/wp\/v2\/comments?post=9276"}],"version-history":[{"count":1,"href":"https:\/\/agricultura.sp.gov.br\/cati\/wp-json\/wp\/v2\/pages\/9276\/revisions"}],"predecessor-version":[{"id":9277,"href":"https:\/\/agricultura.sp.gov.br\/cati\/wp-json\/wp\/v2\/pages\/9276\/revisions\/9277"}],"wp:attachment":[{"href":"https:\/\/agricultura.sp.gov.br\/cati\/wp-json\/wp\/v2\/media?parent=9276"}],"curies":[{"name":"wp","href":"https:\/\/api.w.org\/{rel}","templated":true}]}}