{"id":9237,"date":"2025-09-03T13:41:16","date_gmt":"2025-09-03T16:41:16","guid":{"rendered":"https:\/\/agricultura.sp.gov.br\/cati\/?page_id=9237"},"modified":"2025-11-27T18:07:51","modified_gmt":"2025-11-27T21:07:51","slug":"manejo-de-nativas","status":"publish","type":"page","link":"https:\/\/agricultura.sp.gov.br\/cati\/manejo-de-nativas\/","title":{"rendered":"Explora\u00e7\u00e3o Sustent\u00e1vel de Esp\u00e9cies Nativas do Brasil no Estado de S\u00e3o Paulo"},"content":{"rendered":"\n<h2 class=\"wp-block-heading\">Manejo de Nativas<\/h2>\n\n\n\n<figure class=\"wp-block-image is-resized\"><img decoding=\"async\" src=\"https:\/\/www.cati.sp.gov.br\/portal\/themes\/unify\/arquivos\/produtos-e-servicos\/nativas01.png\" alt=\"\" style=\"object-fit:cover;width:1300px;height:300px\"\/><\/figure>\n\n\n\n<hr class=\"wp-block-separator has-text-color has-white-color has-alpha-channel-opacity has-white-background-color has-background\"\/>\n\n\n\n<p>A viabilidade jur\u00eddica para o desenvolvimento de uma atividade de Explora\u00e7\u00e3o Sustent\u00e1vel de Esp\u00e9cies Nativas depende de algumas vari\u00e1veis. S\u00e3o elas:<\/p>\n\n\n\n<p>\u2022&nbsp;<strong>Perfil do praticante<\/strong>: pequeno produtor ou n\u00e3o; agricultor familiar e empreendedor familiar rural ou n\u00e3o; ou integrante de Povos e Comunidades Tradicionais ou n\u00e3o;<br>\u2022&nbsp;<strong>Caracter\u00edsticas da Propriedade<\/strong>: com at\u00e9 4 (quatro) m\u00f3dulos fiscais ou maior;<br>\u2022&nbsp;<strong>Bioma<\/strong>: Mata Atl\u00e2ntica ou Cerrado;<br>\u2022&nbsp;<strong>Local do Im\u00f3vel Rural<\/strong>: Reserva Legal, \u00c1rea de Preserva\u00e7\u00e3o Permanente &#8211; APP, \u00c1rea Rural Consolidada em APP, ou fora dessas \u00e1reas.<br>\u2022&nbsp;<strong>Tipo de \u00c1rea\/Vegeta\u00e7\u00e3o<\/strong>: \u00c1rea de Vegeta\u00e7\u00e3o Natural ou Vegeta\u00e7\u00e3o de Reflorestamento em \u00c1rea de Uso Alternativo do Solo;<br>\u2022&nbsp;<strong>Local de instala\u00e7\u00e3o<\/strong>: Fora de Unidades de Conserva\u00e7\u00e3o (UC), em Unidades de Conserva\u00e7\u00e3o de posse e dom\u00ednio p\u00fablico ou em \u00e1reas particulares ou terras privadas em Unidades de Conserva\u00e7\u00e3o; e<br>\u2022&nbsp;<strong>Tipo de atividade<\/strong>: Coleta, Explora\u00e7\u00e3o Seletiva, Manejo da Vegeta\u00e7\u00e3o de Reflorestamento, Manejo Agroflorestal Sustent\u00e1vel ou Explora\u00e7\u00e3o Agroflorestal.<\/p>\n\n\n\n<p class=\"has-text-align-center has-background\" style=\"background-color:#f8f9fa\"><strong>As atividades de explora\u00e7\u00e3o sustent\u00e1vel de esp\u00e9cies nativas do Brasil foram regulamentadas no Estado de S\u00e3o Paulo pela&nbsp;<a href=\"https:\/\/docs.google.com\/document\/d\/e\/2PACX-1vTlk_QdIIBsumzUpr_gsQBVu50gN948w1KhGH8Jh4DCgi_LOV4B4aPWW49pcZy-VGXn9NW6o3XXomDu\/pub\" target=\"_blank\" rel=\"noreferrer noopener\">Resolu\u00e7\u00e3o SMA 189\/2018<\/a>.<\/strong><\/p>\n\n\n\n<hr class=\"wp-block-separator has-text-color has-white-color has-alpha-channel-opacity has-white-background-color has-background\"\/>\n\n\n\n<p><strong>Normas Complementares:<\/strong><\/p>\n\n\n\n<p>&#8211;&nbsp;<a href=\"https:\/\/www.cati.sp.gov.br\/portal\/themes\/unify\/arquivos\/produtos-e-servicos\/2022ResolucaoSIMA121_ColetaPinhao.pdf\" target=\"_blank\" rel=\"noreferrer noopener\">Resolu\u00e7\u00e3o SMA 121, de 30 de dezembro de 2022<\/a>, Disp\u00f5e sobre os procedimentos para a coleta de sementes de pinheiro &#8211; brasileiro no Estado de S\u00e3o Paulo.<\/p>\n\n\n\n<p>&#8211;&nbsp;<a href=\"https:\/\/smastr16.blob.core.windows.net\/legislacao\/sites\/262\/2022\/10\/resolucao_sima_098_2022-republicada.pdf\" target=\"_blank\" rel=\"noreferrer noopener\">Resolu\u00e7\u00e3o SMA 98, de 26 de outubro de 2022<\/a>, Disp\u00f5e sobre os crit\u00e9rios para a concess\u00e3o de autoriza\u00e7\u00f5es para a atividade de implanta\u00e7\u00e3o de ro\u00e7as tradicionais praticadas por povos e comunidades tradicionais no Estado de S\u00e3o Paulo.<\/p>\n\n\n\n<p>&#8211;&nbsp;<a href=\"https:\/\/www.imprensaoficial.com.br\/DO\/BuscaDO2001Documento_11_4.aspx?link=%2F2021%2Fexecutivo+secao+i%2Fsetembro%2F11%2Fpag_0023_c24598dc688796da7c40d09480bffdb6.pdf&amp;pagina=23&amp;data=11\/09\/2021&amp;caderno=Executivo%20I&amp;paginaordenacao=100023\" target=\"_blank\" rel=\"noreferrer noopener\">Resolu\u00e7\u00e3o conjunta SAA\/SIMA 03, de 10 de setembro de 2021<\/a>,&nbsp;que disp\u00f5e sobre o detalhamento das atribui\u00e7\u00f5es das Secretarias de Agricultura e Abastecimento \u2013 SAA e de Infraestrutura e Meio Ambiente &#8211; SIMA referentes \u00e0 Explora\u00e7\u00e3o Sustent\u00e1vel de Esp\u00e9cies Nativas do Brasil no Estado de S\u00e3o Paulo, regulamentada pela Resolu\u00e7\u00e3o SMA 189\/2018; e<\/p>\n\n\n\n<div class=\"wp-block-buttons is-layout-flex wp-block-buttons-is-layout-flex\">\n<div class=\"wp-block-button has-custom-width wp-block-button__width-50\"><a class=\"wp-block-button__link has-background wp-element-button\" href=\"https:\/\/agricultura.sp.gov.br\/cati\/como-obter-orientacoes\/\" style=\"background-color:#123b7b\">&nbsp;<strong>Como obter as orienta\u00e7\u00f5es<\/strong><\/a><\/div>\n\n\n\n<div class=\"wp-block-button has-custom-width wp-block-button__width-50\"><a class=\"wp-block-button__link has-background wp-element-button\" href=\"https:\/\/agricultura.sp.gov.br\/cati\/sobre-a-resolucao\/\" style=\"background-color:#123b7b\"><strong>Sobre a Resolu\u00e7\u00e3o<\/strong><\/a><\/div>\n<\/div>\n\n\n\n<hr class=\"wp-block-separator has-text-color has-white-color has-alpha-channel-opacity has-white-background-color has-background\"\/>\n\n\n\n<p><strong>Confira alguns acessos r\u00e1pidos \u00e0s orienta\u00e7\u00f5es para:<\/strong><\/p>\n\n\n\n<p><strong>1 &#8211;<\/strong>&nbsp;<a href=\"https:\/\/docs.google.com\/document\/d\/e\/2PACX-1vQhZzVDv1zKQ24qHRWYnhtH8ZBrstbPHA0qDlfLlYBjuD81urBWPJbexSL0pO2vcw\/pub\" target=\"_blank\" rel=\"noreferrer noopener\">Cadastro de Plantio ou reflorestamento<\/a>&nbsp;com esp\u00e9cies nativas em \u00c1rea de Uso Alternativo do solo em im\u00f3veis localizados fora de Unidade de Conserva\u00e7\u00e3o &#8211; UC ou inseridos em APA, ARIE, RVS ou MONA*<br>*&nbsp;<strong>APA<\/strong>&nbsp;&#8211; \u00c1rea de Prote\u00e7\u00e3o Ambiental;<strong>&nbsp;ARIE<\/strong>&nbsp;&#8211; \u00c1rea de Relevante Interesse Ecol\u00f3gico;&nbsp;<strong>RVS<\/strong>&nbsp;&#8211; Ref\u00fagio de Vida Silvestre;&nbsp;<strong>MONA&nbsp;<\/strong>&#8211; Monumento Natural<\/p>\n\n\n\n<p><strong>2 &#8211;<\/strong>&nbsp;Explora\u00e7\u00e3o Seletiva eventual sem prop\u00f3sito comercial para consumo dentro do pr\u00f3prio im\u00f3vel:<br><\/p>\n\n\n\n<p><strong>2.a<\/strong>&nbsp;&#8211; Em \u00e1rea de vegeta\u00e7\u00e3o nativa cadastrada no CAR, fora de \u00c1rea de Preserva\u00e7\u00e3o Permanente &#8211; APP   e de Reserva Legal &#8211; RL de im\u00f3vel rural localizado fora de Unidade de Conserva\u00e7\u00e3o &#8211; UC ou em APA, ARIE, RVS ou MONA* &#8211;&nbsp;<a href=\"https:\/\/docs.google.com\/document\/u\/1\/d\/e\/2PACX-1vTaR0pDB8XyezwJgQDuPCHVP4Sr8a34DimP2jl7sAjQytD6GrYtxLqsU9nygvw06Q\/pub\" target=\"_blank\" rel=\"noreferrer noopener\">Mata Atl\u00e2ntica<br><\/a>*&nbsp;<strong>APA<\/strong>&nbsp;&#8211; \u00c1rea de Prote\u00e7\u00e3o Ambiental;&nbsp;<strong>ARIE<\/strong>&nbsp;&#8211; \u00c1rea de Relevante Interesse Ecol\u00f3gico;&nbsp;<strong>RVS<\/strong>&nbsp;&#8211; Ref\u00fagio de Vida Silvestre;&nbsp;<strong>MONA<\/strong>&nbsp;&#8211; Monumento Natural<\/p>\n\n\n\n<p><strong>2.b<\/strong>&nbsp;&#8211; Em \u00e1rea de vegeta\u00e7\u00e3o nativa cadastrada no CAR, fora de \u00c1rea de Preserva\u00e7\u00e3o Permanente &#8211; APP e de Reserva Legal &#8211; RL de im\u00f3vel rural localizado fora de Unidade de Conserva\u00e7\u00e3o &#8211; UC ou em APA, ARIE, RVS ou MONA* &#8211;&nbsp;<a href=\"https:\/\/docs.google.com\/document\/d\/e\/2PACX-1vROp6zCjypvYAR4oydl_gzFB52sN59pc_wT_CM5TGADumjmYfViCQtKxSm5XJjeOw\/pub\" target=\"_blank\" rel=\"noreferrer noopener\">Cerrado<br><\/a>*&nbsp;<strong>APA<\/strong>&nbsp;&#8211; \u00c1rea de Prote\u00e7\u00e3o Ambiental;&nbsp;<strong>ARIE<\/strong>&nbsp;&#8211; \u00c1rea de Relevante Interesse Ecol\u00f3gico;&nbsp;<strong>RVS<\/strong>&nbsp;&#8211; Ref\u00fagio de Vida Silvestre;&nbsp;<strong>MONA<\/strong>&nbsp;&#8211; Monumento Natural<\/p>\n\n\n\n<p><strong>3&nbsp;<\/strong>&#8211;&nbsp;Coleta <br><strong>3.a<\/strong>&nbsp;&#8211;&nbsp;<a href=\"https:\/\/docs.google.com\/document\/d\/e\/2PACX-1vTvE_dUaGA3dHtAbXi8VmkOBDqMsjE8d4SYoZWV0cBtffxRfUuDfzIWtculzFaAgg\/pub\" target=\"_blank\" rel=\"noreferrer noopener\">Coleta de \u00e1rvores ca\u00eddas<\/a>&nbsp;em im\u00f3vel rural localizado fora de Unidade de Conserva\u00e7\u00e3o &#8211; UC ou em APA, ARIE, RVS ou MONA*<br><strong>* APA<\/strong>&nbsp;&#8211; \u00c1rea de Prote\u00e7\u00e3o Ambiental;&nbsp;<strong>ARIE<\/strong>&nbsp;&#8211; \u00c1rea de Relevante Interesse Ecol\u00f3gico;&nbsp;<strong>RVS<\/strong>&nbsp;&#8211; Ref\u00fagio de Vida Silvestre;&nbsp;<strong>MONA<\/strong>&nbsp;&#8211; Monumento Natural <\/p>\n\n\n\n<p><strong>3.b<\/strong>&nbsp;&#8211;&nbsp;<a href=\"https:\/\/docs.google.com\/document\/u\/1\/d\/e\/2PACX-1vTUQ-Fb3E-Fef1MzdCP3TVpl_i8rnVBM13xdu911Q34U2EQBqMiORFXMkN1j4ttdA\/pub\" target=\"_blank\" rel=\"noreferrer noopener\">Coleta Pinh\u00e3o<\/a>&nbsp;(Pinheiro-brasileiro &#8211; Araucaria angustifolia). Conforme&nbsp;<a href=\"https:\/\/www.cati.sp.gov.br\/portal\/themes\/unify\/arquivos\/produtos-e-servicos\/2022ResolucaoSIMA121_ColetaPinhao.pdf\" target=\"_blank\" rel=\"noreferrer noopener\">Resolu\u00e7\u00e3o SIMA 121\/2022.<\/a><\/p>\n\n\n\n<p><strong>3.c &#8211;<\/strong>&nbsp;<a href=\"https:\/\/docs.google.com\/document\/d\/e\/2PACX-1vQazf_hj8q4TwMj171H93QDWK16lJ8M3F3kZyn8dh11_7echwilEu0TEwHupGCojA\/pub\" target=\"_blank\" rel=\"noreferrer noopener\">Coleta (Outros)&nbsp;<\/a>destinada \u00e0 comercializa\u00e7\u00e3o direta ou indireta a ser praticada em \u00c1rea de Vegeta\u00e7\u00e3o Natural fora de \u00c1rea de Preserva\u00e7\u00e3o Permanente &#8211; APP, dentro ou fora da Reserva Legal &#8211; RL de im\u00f3vel localizado fora de Unidade de Conserva\u00e7\u00e3o &#8211; UC ou inserido em APA, ARIE, RVS ou MONA*<br><strong>* APA<\/strong>&nbsp;&#8211; \u00c1rea de Prote\u00e7\u00e3o Ambiental;&nbsp;<strong>ARIE<\/strong>&nbsp;&#8211; \u00c1rea de Relevante Interesse Ecol\u00f3gico;&nbsp;<strong>RVS<\/strong>&nbsp;&#8211; Ref\u00fagio de Vida Silvestre;&nbsp;<strong>MONA<\/strong>&nbsp;&#8211; Monumento Natural<\/p>\n\n\n\n<p>&nbsp;4 \u2013&nbsp;<a href=\"https:\/\/smastr20.blob.core.windows.net\/fiscalizabiodiversidade\/sites\/252\/2020\/11\/guia-para-comunicacao-de-roca.pdf\" target=\"_blank\" rel=\"noreferrer noopener\">Comunica\u00e7\u00e3o das Ro\u00e7as Tradicionais,<\/a>&nbsp;conforme&nbsp;<a href=\"https:\/\/smastr16.blob.core.windows.net\/legislacao\/sites\/262\/2022\/10\/resolucao_sima_098_2022-republicada.pdf\" target=\"_blank\" rel=\"noreferrer noopener\">Resolu\u00e7\u00e3o SIMA 98 de 26 de outubro de 2022<\/a>.<\/p>\n\n\n\n<p><\/p>\n","protected":false},"excerpt":{"rendered":"<p>Manejo de Nativas A viabilidade jur\u00eddica para o desenvolvimento de uma atividade de Explora\u00e7\u00e3o Sustent\u00e1vel de Esp\u00e9cies Nativas depende de algumas vari\u00e1veis. S\u00e3o elas: \u2022&nbsp;Perfil do praticante: pequeno produtor ou n\u00e3o; agricultor familiar e empreendedor familiar rural ou n\u00e3o; ou integrante de Povos e Comunidades Tradicionais ou n\u00e3o;\u2022&nbsp;Caracter\u00edsticas da Propriedade: com at\u00e9 4 (quatro) m\u00f3dulos [&hellip;]<\/p>\n","protected":false},"author":15,"featured_media":0,"parent":0,"menu_order":0,"comment_status":"closed","ping_status":"closed","template":"","meta":{"_acf_changed":false,"footnotes":""},"class_list":["post-9237","page","type-page","status-publish","hentry"],"acf":[],"_links":{"self":[{"href":"https:\/\/agricultura.sp.gov.br\/cati\/wp-json\/wp\/v2\/pages\/9237","targetHints":{"allow":["GET"]}}],"collection":[{"href":"https:\/\/agricultura.sp.gov.br\/cati\/wp-json\/wp\/v2\/pages"}],"about":[{"href":"https:\/\/agricultura.sp.gov.br\/cati\/wp-json\/wp\/v2\/types\/page"}],"author":[{"embeddable":true,"href":"https:\/\/agricultura.sp.gov.br\/cati\/wp-json\/wp\/v2\/users\/15"}],"replies":[{"embeddable":true,"href":"https:\/\/agricultura.sp.gov.br\/cati\/wp-json\/wp\/v2\/comments?post=9237"}],"version-history":[{"count":14,"href":"https:\/\/agricultura.sp.gov.br\/cati\/wp-json\/wp\/v2\/pages\/9237\/revisions"}],"predecessor-version":[{"id":21682,"href":"https:\/\/agricultura.sp.gov.br\/cati\/wp-json\/wp\/v2\/pages\/9237\/revisions\/21682"}],"wp:attachment":[{"href":"https:\/\/agricultura.sp.gov.br\/cati\/wp-json\/wp\/v2\/media?parent=9237"}],"curies":[{"name":"wp","href":"https:\/\/api.w.org\/{rel}","templated":true}]}}