{"id":9218,"date":"2025-08-29T14:30:14","date_gmt":"2025-08-29T17:30:14","guid":{"rendered":"https:\/\/agricultura.sp.gov.br\/cati\/?page_id=9218"},"modified":"2025-09-03T16:11:15","modified_gmt":"2025-09-03T19:11:15","slug":"projeto-fitogeografia-sp","status":"publish","type":"page","link":"https:\/\/agricultura.sp.gov.br\/cati\/projeto-fitogeografia-sp\/","title":{"rendered":"Projeto Fitogeografia \/ Portal"},"content":{"rendered":"\n<figure class=\"wp-block-image size-full is-resized\"><img loading=\"lazy\" decoding=\"async\" width=\"1024\" height=\"256\" src=\"https:\/\/storage.googleapis.com\/saa-repositorio\/prd\/saa-sites\/cati\/imagens\/FITOGEOGRAFIA.png\" alt=\"\" class=\"wp-image-9267\" style=\"object-fit:cover;width:1300px;height:300px\"\/><\/figure>\n\n\n\n<hr class=\"wp-block-separator has-text-color has-white-color has-alpha-channel-opacity has-white-background-color has-background\"\/>\n\n\n\n<div class=\"wp-block-buttons is-content-justification-center is-layout-flex wp-container-core-buttons-is-layout-16018d1d wp-block-buttons-is-layout-flex\">\n<div class=\"wp-block-button has-custom-width wp-block-button__width-50\"><a class=\"wp-block-button__link has-background has-text-align-center wp-element-button\" href=\"https:\/\/geo.cati.sp.gov.br\/portal\/apps\/webappviewer\/index.html?id=96f98b886f184950a072283c891742fe\" style=\"background-color:#123b7b\"><strong>Portal GEO-CATI &#8211; Fitogeografia (clique para acessar<\/strong><\/a><\/div>\n<\/div>\n\n\n\n<hr class=\"wp-block-separator has-text-color has-white-color has-alpha-channel-opacity has-white-background-color has-background\"\/>\n\n\n\n<p>O Estado de S\u00e3o Paulo, no \u00faltimo s\u00e9culo, perdeu grande parte de sua vegeta\u00e7\u00e3o nativa, com expressiva parcela de contribui\u00e7\u00e3o das press\u00f5es exercidas pelo crescimento urbano e industrial sobre a \u00e1rea rural e seus recursos. Por\u00e9m na \u00faltima d\u00e9cada, conforme constata\u00e7\u00f5es de diferentes \u00f3rg\u00e3os da administra\u00e7\u00e3o p\u00fablica, a cobertura vegetal natural vem crescendo, mesmo que lentamente, devido ao aumento da consci\u00eancia ecol\u00f3gica da popula\u00e7\u00e3o e do cerceamento imposto pela aplica\u00e7\u00e3o de leis de cunho ambiental. Tal crescimento deve-se a diferentes a\u00e7\u00f5es e projetos de recupera\u00e7\u00e3o de \u00e1reas desmatadas.<\/p>\n\n\n\n<p class=\"has-text-align-left\">O objetivo do presente projeto \u00e9 criar uma ferramenta de suporte, em car\u00e1ter experimental, \u00e0 comunidade envolvida em tais projetos, , apresentando uma lista de esp\u00e9cies vegetais arb\u00f3reas e arbustivas ocorrentes em diferentes regi\u00f5es do Estado com caracter\u00edsticas homog\u00eaneas, aumentando-se assim a riqueza da biodiversidade nas \u00e1reas recuperadas.<\/p>\n\n\n\n<p>O voc\u00e1bulo Fitogeografia tamb\u00e9m pode ser entendido por Geobot\u00e2nica, estudando e demonstrando assim a distribui\u00e7\u00e3o geogr\u00e1fica das comunidades de plantas nas diversas regi\u00f5es do territ\u00f3rio paulista, considerando as zonas clim\u00e1ticas e fatores que possibilitam a sua adapta\u00e7\u00e3o, principalmente fatores do meio f\u00edsico.<\/p>\n\n\n\n<p>A metodologia utilizada para a confec\u00e7\u00e3o deste trabalho foi a realiza\u00e7\u00e3o da justaposi\u00e7\u00e3o dos mapas de hipsometria (confeccionado pela CATI a partir do modelo digital de eleva\u00e7\u00e3o do sensor ASTER, vers\u00e3o 2), fisionomias florestais (Projeto Biota\/Fapesp), classifica\u00e7\u00e3o clim\u00e1tica de K\u00f6ppen-Geiger (Peel et al., 2007) e agrupamentos de solos (modificado de IAC\/EMBRAPA), com vistas ao cruzamento e geoespacializa\u00e7\u00e3o de fei\u00e7\u00f5es com caracter\u00edsticas semelhantes.<\/p>\n\n\n\n<p>O cruzamento efetuado, ap\u00f3s edi\u00e7\u00f5es de elimina\u00e7\u00e3o de pol\u00edgonos com \u00e1reas menores que 200 ha, jun\u00e7\u00e3o de pol\u00edgonos semelhantes e lim\u00edtrofes, entre outras opera\u00e7\u00f5es de sistematiza\u00e7\u00e3o dos vetores finais, resultou na obten\u00e7\u00e3o de 155 fei\u00e7\u00f5es ison\u00f4micas (classes de pol\u00edgonos com caracter\u00edsticas semelhantes).<\/p>\n\n\n\n<p>Para o levantamento e indica\u00e7\u00e3o de esp\u00e9cies florestais, arbustivas e arb\u00f3reas, \u00e0s diferentes regi\u00f5es do estado, efetuou-se um levantamento bibliogr\u00e1fico acerca de composi\u00e7\u00f5es flor\u00edsticas realizadas no estado de S\u00e3o Paulo, obtendo-se um total de 146 trabalhos acad\u00eamicos de diferentes autores, os quais foram geoespacializados, tendo-se obtido um total de 1.507 esp\u00e9cies catalogadas. Esta camada de pontos foi sobreposta ao mapa resultante dos cruzamentos anteriores, obtendo-se assim 44 fei\u00e7\u00f5es cobertas pelos pontos georreferenciados. A ferramenta permite assim, uma melhor defini\u00e7\u00e3o de \u00e1reas com caracter\u00edsticas similares, adequando-se desta forma o detalhamento de esp\u00e9cies mais indicadas para as particularidades de cada regi\u00e3o.<\/p>\n\n\n\n<p>A ferramenta web&nbsp;permitir\u00e1 que o usu\u00e1rio, aplicando-se o n\u00edvel de aproxima\u00e7\u00e3o \u00e0 regi\u00e3o de interesse, obtenha as caracter\u00edsticas desta, bem como a lista de esp\u00e9cies recomendadas para plantio, baseadas na homogeneidade dos par\u00e2metros de tipos de solo, clima, altitude e fisionomias florestais.<\/p>\n\n\n\n<p>O aumento de esp\u00e9cies indicadas por meio do presente trabalho possibilitar\u00e1 uma maior gama de oferta de op\u00e7\u00f5es de esp\u00e9cies nas \u00e1reas a serem recuperadas, aumentando-se assim a diversidade da flora local, mantendo-se a obrigatoriedade estabelecida em lei (Resolu\u00e7\u00e3o SMA 08\/08) e sendo mais espec\u00edfica tanto em \u00e2mbito regional, como local, com a averigua\u00e7\u00e3o pontual das recomenda\u00e7\u00f5es.<\/p>\n\n\n\n<p>Como ainda existem \u00e1reas n\u00e3o cobertas pelos trabalhos levantados (\u00e1reas em branco no mapa), espera-se a contribui\u00e7\u00e3o constante da comunidade no envio de trabalhos realizados nestas \u00e1reas, bem como o envio de cr\u00edticas e sugest\u00f5es para a melhoria gradual da ferramenta.<\/p>\n\n\n\n<p><strong>Autoria:<\/strong><\/p>\n\n\n\n<p>M\u00e1rio Ivo Drugowich \u2013 SAA\/CATI\/CIAGRO<br>Marina Crestana Guardia \u2013 SMA\/IBt<br>Cl\u00e9lia Maria Mardegan \u2013 SAA\/CATI\/EDR Lins<br>Marcelo de Souza Machado Crestana \u2013 Consultor Independente<br>Antoniane Arantes de Oliveira Roque \u2013 SAA\/CATI\/CIAGRO<br>Cristina Carvalho Gomes \u2013 SAA\/CATI\/CIAGRO<br>Escol\u00e1stica Ramos de Freitas \u2013 SAA\/CATI\/DEXTRU<\/p>\n","protected":false},"excerpt":{"rendered":"<p>O Estado de S\u00e3o Paulo, no \u00faltimo s\u00e9culo, perdeu grande parte de sua vegeta\u00e7\u00e3o nativa, com expressiva parcela de contribui\u00e7\u00e3o das press\u00f5es exercidas pelo crescimento urbano e industrial sobre a \u00e1rea rural e seus recursos. Por\u00e9m na \u00faltima d\u00e9cada, conforme constata\u00e7\u00f5es de diferentes \u00f3rg\u00e3os da administra\u00e7\u00e3o p\u00fablica, a cobertura vegetal natural vem crescendo, mesmo que [&hellip;]<\/p>\n","protected":false},"author":15,"featured_media":0,"parent":0,"menu_order":0,"comment_status":"closed","ping_status":"closed","template":"","meta":{"_acf_changed":false,"footnotes":""},"class_list":["post-9218","page","type-page","status-publish","hentry"],"acf":[],"_links":{"self":[{"href":"https:\/\/agricultura.sp.gov.br\/cati\/wp-json\/wp\/v2\/pages\/9218","targetHints":{"allow":["GET"]}}],"collection":[{"href":"https:\/\/agricultura.sp.gov.br\/cati\/wp-json\/wp\/v2\/pages"}],"about":[{"href":"https:\/\/agricultura.sp.gov.br\/cati\/wp-json\/wp\/v2\/types\/page"}],"author":[{"embeddable":true,"href":"https:\/\/agricultura.sp.gov.br\/cati\/wp-json\/wp\/v2\/users\/15"}],"replies":[{"embeddable":true,"href":"https:\/\/agricultura.sp.gov.br\/cati\/wp-json\/wp\/v2\/comments?post=9218"}],"version-history":[{"count":6,"href":"https:\/\/agricultura.sp.gov.br\/cati\/wp-json\/wp\/v2\/pages\/9218\/revisions"}],"predecessor-version":[{"id":9269,"href":"https:\/\/agricultura.sp.gov.br\/cati\/wp-json\/wp\/v2\/pages\/9218\/revisions\/9269"}],"wp:attachment":[{"href":"https:\/\/agricultura.sp.gov.br\/cati\/wp-json\/wp\/v2\/media?parent=9218"}],"curies":[{"name":"wp","href":"https:\/\/api.w.org\/{rel}","templated":true}]}}