{"id":9196,"date":"2025-08-27T09:39:44","date_gmt":"2025-08-27T12:39:44","guid":{"rendered":"https:\/\/agricultura.sp.gov.br\/cati\/?page_id=9196"},"modified":"2026-01-20T13:56:33","modified_gmt":"2026-01-20T16:56:33","slug":"assistencia-tecnica-e-extensao-rural","status":"publish","type":"page","link":"https:\/\/agricultura.sp.gov.br\/cati\/assistencia-tecnica-e-extensao-rural\/","title":{"rendered":"Assist\u00eancia T\u00e9cnica e Extens\u00e3o Rural"},"content":{"rendered":"\n<figure class=\"wp-block-image size-full is-resized\"><img loading=\"lazy\" decoding=\"async\" width=\"1024\" height=\"256\" src=\"https:\/\/storage.googleapis.com\/saa-repositorio\/prd\/saa-sites\/cati\/imagens\/CATI-ASSISTENCIA-TECNICA-E-EXTERNSAO-RURAL.png\" alt=\"\" class=\"wp-image-8761\" style=\"object-fit:cover;width:1300px;height:300px\"\/><\/figure>\n\n\n\n<blockquote class=\"wp-block-quote is-layout-flow wp-block-quote-is-layout-flow\">\n<p>Nossas unidades atuam no atendimento e na capacita\u00e7\u00e3o t\u00e9cnica aos agricultores e pecuaristas nas Casas da Agricultura e Regionais CATI, onde engenheiros agr\u00f4nomos, engenheiros agr\u00edcolas, zootecnistas, soci\u00f3logos e m\u00e9dicos-veterin\u00e1rios prestam informa\u00e7\u00f5es e orientam o produtor rural na condu\u00e7\u00e3o de seus neg\u00f3cios agr\u00edcolas, sendo tamb\u00e9m agentes de pol\u00edticas p\u00fablicas e executores de projetos espec\u00edficos.<\/p>\n\n\n\n<p><strong>Complementam as atividades de assist\u00eancia e capacita\u00e7\u00e3o:<\/strong><\/p>\n\n\n\n<ul class=\"wp-block-list\">\n<li>Dias de Campo;<\/li>\n\n\n\n<li>Unidades Demonstrativas;<\/li>\n\n\n\n<li>Unidades de Adapta\u00e7\u00e3o Tecnol\u00f3gica (UATs);<\/li>\n\n\n\n<li>visitas t\u00e9cnicas;<\/li>\n\n\n\n<li>cursos e palestras de capacita\u00e7\u00e3o;<\/li>\n\n\n\n<li>excurs\u00f5es;<\/li>\n\n\n\n<li>consultas t\u00e9cnicas.\u00a0<\/li>\n<\/ul>\n\n\n\n<p class=\"has-text-align-center has-background\" style=\"background-color:#f8f9fa\"><strong>Para mais informa\u00e7\u00f5es, procure uma Casa da Agricultura ou\u00a0CATI Regional.\u00a0<\/strong><\/p>\n<\/blockquote>\n\n\n\n<p><\/p>\n","protected":false},"excerpt":{"rendered":"","protected":false},"author":15,"featured_media":0,"parent":0,"menu_order":0,"comment_status":"closed","ping_status":"closed","template":"","meta":{"_acf_changed":false,"footnotes":""},"class_list":["post-9196","page","type-page","status-publish","hentry"],"acf":[],"_links":{"self":[{"href":"https:\/\/agricultura.sp.gov.br\/cati\/wp-json\/wp\/v2\/pages\/9196","targetHints":{"allow":["GET"]}}],"collection":[{"href":"https:\/\/agricultura.sp.gov.br\/cati\/wp-json\/wp\/v2\/pages"}],"about":[{"href":"https:\/\/agricultura.sp.gov.br\/cati\/wp-json\/wp\/v2\/types\/page"}],"author":[{"embeddable":true,"href":"https:\/\/agricultura.sp.gov.br\/cati\/wp-json\/wp\/v2\/users\/15"}],"replies":[{"embeddable":true,"href":"https:\/\/agricultura.sp.gov.br\/cati\/wp-json\/wp\/v2\/comments?post=9196"}],"version-history":[{"count":11,"href":"https:\/\/agricultura.sp.gov.br\/cati\/wp-json\/wp\/v2\/pages\/9196\/revisions"}],"predecessor-version":[{"id":22496,"href":"https:\/\/agricultura.sp.gov.br\/cati\/wp-json\/wp\/v2\/pages\/9196\/revisions\/22496"}],"wp:attachment":[{"href":"https:\/\/agricultura.sp.gov.br\/cati\/wp-json\/wp\/v2\/media?parent=9196"}],"curies":[{"name":"wp","href":"https:\/\/api.w.org\/{rel}","templated":true}]}}