{"id":9128,"date":"2025-08-04T16:54:59","date_gmt":"2025-08-04T19:54:59","guid":{"rendered":"https:\/\/agricultura.sp.gov.br\/cati\/?page_id=9128"},"modified":"2025-08-04T16:54:59","modified_gmt":"2025-08-04T19:54:59","slug":"campanha-mel-seguro","status":"publish","type":"page","link":"https:\/\/agricultura.sp.gov.br\/cati\/campanha-mel-seguro\/","title":{"rendered":"Campanha Mel Seguro"},"content":{"rendered":"\n<h3 class=\"wp-block-heading has-medium-font-size\"><\/h3>\n\n\n\n<p>Desde 2021 a CATI elaborou uma s\u00e9rie de materiais para Campanha Mel Seguro &#8211; Diga N\u00e3o ao Produto Falsificado, da Secretaria de Agricultura e Abastecimento do Estado de S\u00e3o Paulo, com o objetivo de conscientizar a popula\u00e7\u00e3o sobre os benef\u00edcios do consumo de mel, da import\u00e2ncia em adquirir produto id\u00f4neo, livre de falsifica\u00e7\u00f5es, e manipulado dentro do padr\u00f5es de higiene e qualidade.<\/p>\n\n\n\n<p><a href=\"https:\/\/www.cati.sp.gov.br\/portal\/themes\/unify\/arquivos\/produtos-e-servicos\/cartilhas-e-folderes\/CATI_FolderMel.pdf\" target=\"_blank\" rel=\"noreferrer noopener\">Saiba mais: Folder Mel.<\/a><\/p>\n\n\n\n<h3 class=\"wp-block-heading has-medium-font-size\">&nbsp;Podcasts:<\/h3>\n\n\n\n<ul class=\"wp-block-list\">\n<li><a href=\"https:\/\/open.spotify.com\/episode\/4PuPS7yXaDO9CAUbkB7qUk?si=69Mw-bjoQJ234rlmf3VtkQ\" target=\"_blank\" rel=\"noreferrer noopener\">Mel &#8211; O doce Ouro L\u00edquido que vem da natureza&nbsp;<\/a><\/li>\n\n\n\n<li><a href=\"https:\/\/open.spotify.com\/episode\/3ADGCMWmMVmPAhkgF5XpkZ?si=VypZLS21Tf25AZpaWyKb0g\" target=\"_blank\" rel=\"noreferrer noopener\">Como identificar um mel de qualidade<\/a><\/li>\n\n\n\n<li><a href=\"https:\/\/open.spotify.com\/episode\/1bqYvI370Y6Anpj9p5iumC?si=2ee943ce3db84ae3\" target=\"_blank\" rel=\"noreferrer noopener\">Mel &#8211; A import\u00e2ncia dos selos de inspe\u00e7\u00e3o&nbsp;<\/a><\/li>\n\n\n\n<li><a href=\"https:\/\/open.spotify.com\/episode\/1S3unTHHOg0AQamboo3JKN?si=37cd66237d44496f\" target=\"_blank\" rel=\"noreferrer noopener\">Mel &#8211; Dicas para o s lojistas evitarem compra e revenda de mel falsificado&nbsp;<\/a><\/li>\n<\/ul>\n\n\n\n<h3 class=\"wp-block-heading has-medium-font-size\">Lives:<\/h3>\n\n\n\n<ul class=\"wp-block-list\">\n<li><a href=\"https:\/\/www.cati.sp.gov.br\/portal\/imprensa\/noticia\/beneficios-e-seguranca-do-mel-como-alimento-sao-temas-de-live-realizada-pela-cdrscati\" target=\"_blank\" rel=\"noreferrer noopener\">Benef\u00edcios e seguran\u00e7a do mel como alimento s\u00e3o temas de live realizada pela CATI<\/a><\/li>\n\n\n\n<li><a href=\"https:\/\/www.youtube.com\/watch?v=pSfz4wLoHB4\" target=\"_blank\" rel=\"noreferrer noopener\">V\u00eddeo<\/a><\/li>\n\n\n\n<li><a href=\"https:\/\/www.cati.sp.gov.br\/portal\/imprensa\/noticia\/selos-de-inspecao--fiscalizacao-de-alimentos-e-dicas-para-lojistas-e-consumidores-sao-temas-de-live-e-audioboletim-da-cdrscati\" target=\"_blank\" rel=\"noreferrer noopener\">Selos de inspe\u00e7\u00e3o, fiscaliza\u00e7\u00e3o de alimentos e dicas para lojistas e consumidores<\/a><\/li>\n\n\n\n<li><a href=\"https:\/\/www.youtube.com\/watch?v=vkS6LaWghNQ\" target=\"_blank\" rel=\"noreferrer noopener\">V\u00eddeo<\/a><\/li>\n\n\n\n<li><a href=\"https:\/\/www.cati.sp.gov.br\/portal\/imprensa\/noticia\/campanha-mel-seguro:-live-realizada-pela-caticdrs-leva-conhecimento-sobre-a-diversidade-de-meis-brasileiros\" target=\"_blank\" rel=\"noreferrer noopener\">Diversidade de m\u00e9is brasileiros<\/a><\/li>\n\n\n\n<li><a href=\"https:\/\/www.youtube.com\/watch?v=Lue6lW4nAss&amp;t=1s\" target=\"_blank\" rel=\"noreferrer noopener\">V\u00eddeo<\/a><\/li>\n\n\n\n<li><a href=\"https:\/\/www.cati.sp.gov.br\/portal\/imprensa\/noticia\/campanha-mel-seguro:-live-realizada-pela-caticdrs-leva-conhecimento-sobre-o-uso-do-mel-na-culinaria\" target=\"_blank\" rel=\"noreferrer noopener\">Mel na culin\u00e1ria<\/a><\/li>\n\n\n\n<li><a href=\"https:\/\/www.youtube.com\/watch?v=AjhT57EPr74&amp;t=1s%20e%20https:\/\/www.youtube.com\/watch?v=Sd0TeubV6TE\" target=\"_blank\" rel=\"noreferrer noopener\">V\u00eddeos<\/a><\/li>\n<\/ul>\n","protected":false},"excerpt":{"rendered":"<p>Desde 2021 a CATI elaborou uma s\u00e9rie de materiais para Campanha Mel Seguro &#8211; Diga N\u00e3o ao Produto Falsificado, da Secretaria de Agricultura e Abastecimento do Estado de S\u00e3o Paulo, com o objetivo de conscientizar a popula\u00e7\u00e3o sobre os benef\u00edcios do consumo de mel, da import\u00e2ncia em adquirir produto id\u00f4neo, livre de falsifica\u00e7\u00f5es, e manipulado [&hellip;]<\/p>\n","protected":false},"author":20,"featured_media":0,"parent":0,"menu_order":0,"comment_status":"closed","ping_status":"closed","template":"","meta":{"_acf_changed":false,"footnotes":""},"class_list":["post-9128","page","type-page","status-publish","hentry"],"acf":[],"_links":{"self":[{"href":"https:\/\/agricultura.sp.gov.br\/cati\/wp-json\/wp\/v2\/pages\/9128","targetHints":{"allow":["GET"]}}],"collection":[{"href":"https:\/\/agricultura.sp.gov.br\/cati\/wp-json\/wp\/v2\/pages"}],"about":[{"href":"https:\/\/agricultura.sp.gov.br\/cati\/wp-json\/wp\/v2\/types\/page"}],"author":[{"embeddable":true,"href":"https:\/\/agricultura.sp.gov.br\/cati\/wp-json\/wp\/v2\/users\/20"}],"replies":[{"embeddable":true,"href":"https:\/\/agricultura.sp.gov.br\/cati\/wp-json\/wp\/v2\/comments?post=9128"}],"version-history":[{"count":1,"href":"https:\/\/agricultura.sp.gov.br\/cati\/wp-json\/wp\/v2\/pages\/9128\/revisions"}],"predecessor-version":[{"id":9129,"href":"https:\/\/agricultura.sp.gov.br\/cati\/wp-json\/wp\/v2\/pages\/9128\/revisions\/9129"}],"wp:attachment":[{"href":"https:\/\/agricultura.sp.gov.br\/cati\/wp-json\/wp\/v2\/media?parent=9128"}],"curies":[{"name":"wp","href":"https:\/\/api.w.org\/{rel}","templated":true}]}}