{"id":9125,"date":"2025-08-04T16:48:52","date_gmt":"2025-08-04T19:48:52","guid":{"rendered":"https:\/\/agricultura.sp.gov.br\/cati\/?page_id=9125"},"modified":"2025-08-04T16:48:52","modified_gmt":"2025-08-04T19:48:52","slug":"programa-estadual-de-saude-das-abelhas-pesab","status":"publish","type":"page","link":"https:\/\/agricultura.sp.gov.br\/cati\/programa-estadual-de-saude-das-abelhas-pesab\/","title":{"rendered":"Programa Estadual de Sa\u00fade das Abelhas (Pesab)"},"content":{"rendered":"\n<p>O Programa Estadual de Sa\u00fade das Abelhas foi institu\u00eddo no Estado de S\u00e3o Paulo por meio da Resolu\u00e7\u00e3o SAA n.\u00ba 41\/2019, e visa manter a vigil\u00e2ncia das doen\u00e7as que acometem abelhas do g\u00eanero Apis e nativas, com o intuito de promover a apicultura e meliponicultura paulistas, com reflexos positivos na economia, na sa\u00fade p\u00fablica e no meio ambiente.<\/p>\n\n\n\n<p>O Programa tem por objetivo subsidiar a implanta\u00e7\u00e3o de pol\u00edticas p\u00fablicas efetivas para o fortalecimento da Apicultura e Meliponicultura paulistas, por meio de a\u00e7\u00f5es de vigil\u00e2ncia e monitoramento das doen\u00e7as e pragas em abelhas, visando ao seu controle. Abrange normas para o tr\u00e2nsito de abelhas e seus produtos no \u00e2mbito paulista, crit\u00e9rios para mitiga\u00e7\u00e3o de riscos decorrentes do uso de agrot\u00f3xicos e medidas de educa\u00e7\u00e3o sanit\u00e1ria para prote\u00e7\u00e3o da sa\u00fade das abelhas e das colmeias.<\/p>\n\n\n\n<p>Por meio do Programa, os casos suspeitos de mortandade de abelhas por agrot\u00f3xicos e de pragas e doen\u00e7as s\u00e3o investigados por t\u00e9cnicos da Defesa Agropecu\u00e1ria, ap\u00f3s terem sido notificados pelos produtores via sistema Sisbravet ou diretamente nos<a href=\"https:\/\/www.defesa.agricultura.sp.gov.br\/enderecos\/\" target=\"_blank\" rel=\"noreferrer noopener\">&nbsp;Escrit\u00f3rios de Defesa Agropecu\u00e1ria .<\/a><\/p>\n\n\n\n<p>Dentre as an\u00e1lises laboratoriais gratuitas realizadas aos apicultores e meliponicultores paulistas cadastrados no Gedave, est\u00e3o inclu\u00eddas an\u00e1lises multires\u00edduos para identifica\u00e7\u00e3o de princ\u00edpios ativos de agrot\u00f3xicos, an\u00e1lises laboratoriais como Pcr para identifica\u00e7\u00e3o de pat\u00f3genos e an\u00e1lises microsc\u00f3picas para identifica\u00e7\u00e3o de pragas. Ap\u00f3s a notifica\u00e7\u00e3o, o material \u00e9 coletado pelo Servi\u00e7o Oficial \u2013 por um t\u00e9cnico da Defesa Agropecu\u00e1ria e enviado para an\u00e1lise em Laborat\u00f3rio Oficial credenciado junto ao Minist\u00e9rio da Agricultura e Pecu\u00e1ria, sem custos para o produtor, que recebe o laudo ap\u00f3s o t\u00e9rmino dos procedimentos.<\/p>\n\n\n\n<p>As notifica\u00e7\u00f5es de epis\u00f3dios suspeitos de mortandade, pragas e doen\u00e7as s\u00e3o fundamentais para nortear pol\u00edticas p\u00fablicas e assim proteger as abelhas, os produtores e desenvolver as respectivas cadeias produtivas.&nbsp;<a href=\"https:\/\/www.defesa.agricultura.sp.gov.br\/www\/programas\/?\/sanidade-animal\/programa-estadual-de-sanidade-das-abelhas-pesab\/&amp;cod=68\" target=\"_blank\" rel=\"noreferrer noopener\">Saiba mais aqui.<\/a><\/p>\n\n\n\n<ul class=\"wp-block-list\">\n<li>Como notificar ocorr\u00eancias (mortandade\/doen\u00e7as) nas colmeias pelo\u00a0<a href=\"https:\/\/sistemasweb4.agricultura.gov.br\/sisbravet\/manterNotificacao!abrirFormInternet.action\" target=\"_blank\" rel=\"noreferrer noopener\">e-SISBRAVET<\/a><\/li>\n\n\n\n<li>Suporte com<em>\u00a0links<\/em>\u00a0para passo a passo descritivo e live:<\/li>\n<\/ul>\n\n\n\n<p>1-&nbsp;<a href=\"https:\/\/drive.google.com\/file\/d\/1jvkQvvTpqsYJqHseqpQ5pfCCjzzc3a1v\/view?usp=sharing\" target=\"_blank\" rel=\"noreferrer noopener\">Ficha com o passo-a-passo<\/a><\/p>\n\n\n\n<p>2-<a href=\"https:\/\/www.youtube.com\/watch?v=7QcBFtGGkGE\" target=\"_blank\" rel=\"noreferrer noopener\">Tutorial em V\u00eddeo<\/a><\/p>\n\n\n\n<p><\/p>\n","protected":false},"excerpt":{"rendered":"<p>O Programa Estadual de Sa\u00fade das Abelhas foi institu\u00eddo no Estado de S\u00e3o Paulo por meio da Resolu\u00e7\u00e3o SAA n.\u00ba 41\/2019, e visa manter a vigil\u00e2ncia das doen\u00e7as que acometem abelhas do g\u00eanero Apis e nativas, com o intuito de promover a apicultura e meliponicultura paulistas, com reflexos positivos na economia, na sa\u00fade p\u00fablica e [&hellip;]<\/p>\n","protected":false},"author":20,"featured_media":0,"parent":0,"menu_order":0,"comment_status":"closed","ping_status":"closed","template":"","meta":{"_acf_changed":false,"footnotes":""},"class_list":["post-9125","page","type-page","status-publish","hentry"],"acf":[],"_links":{"self":[{"href":"https:\/\/agricultura.sp.gov.br\/cati\/wp-json\/wp\/v2\/pages\/9125","targetHints":{"allow":["GET"]}}],"collection":[{"href":"https:\/\/agricultura.sp.gov.br\/cati\/wp-json\/wp\/v2\/pages"}],"about":[{"href":"https:\/\/agricultura.sp.gov.br\/cati\/wp-json\/wp\/v2\/types\/page"}],"author":[{"embeddable":true,"href":"https:\/\/agricultura.sp.gov.br\/cati\/wp-json\/wp\/v2\/users\/20"}],"replies":[{"embeddable":true,"href":"https:\/\/agricultura.sp.gov.br\/cati\/wp-json\/wp\/v2\/comments?post=9125"}],"version-history":[{"count":1,"href":"https:\/\/agricultura.sp.gov.br\/cati\/wp-json\/wp\/v2\/pages\/9125\/revisions"}],"predecessor-version":[{"id":9126,"href":"https:\/\/agricultura.sp.gov.br\/cati\/wp-json\/wp\/v2\/pages\/9125\/revisions\/9126"}],"wp:attachment":[{"href":"https:\/\/agricultura.sp.gov.br\/cati\/wp-json\/wp\/v2\/media?parent=9125"}],"curies":[{"name":"wp","href":"https:\/\/api.w.org\/{rel}","templated":true}]}}