{"id":9117,"date":"2025-08-04T16:37:40","date_gmt":"2025-08-04T19:37:40","guid":{"rendered":"https:\/\/agricultura.sp.gov.br\/cati\/?page_id=9117"},"modified":"2025-08-04T16:37:40","modified_gmt":"2025-08-04T19:37:40","slug":"meliponicultura","status":"publish","type":"page","link":"https:\/\/agricultura.sp.gov.br\/cati\/meliponicultura\/","title":{"rendered":"Meliponicultura"},"content":{"rendered":"\n<p>Cria\u00e7\u00e3o racional de abelhas nativas sem ferr\u00e3o \u2013\u00a0<em>Tribo Meliponini\u00a0<\/em>\u2013 em melipon\u00e1rios. Atualmente, est\u00e3o descritas mais de 300 esp\u00e9cies de abelhas nativas sem ferr\u00e3o no Brasil, sendo 60 no Estado de S\u00e3o Paulo.<\/p>\n\n\n\n<p>A meliponicultura \u00e9 uma atividade exercida por produtores rurais, comunidades tradicionais, agricultores familiares e hobbistas, tanto em propriedades rurais quanto urbanas.<\/p>\n\n\n\n<p>A atividade possui relevante import\u00e2ncia ecol\u00f3gica, devido ao servi\u00e7o ambiental de poliniza\u00e7\u00e3o prestado pelas abelhas, e tem papel fundamental na conserva\u00e7\u00e3o das esp\u00e9cies de abelhas nativas, frente aos impactos negativos das atividades humanas sobre a diversidade e abund\u00e2ncia desses insetos nas diferentes regi\u00f5es do Estado.<\/p>\n\n\n\n<p>Os m\u00e9is de abelhas nativas s\u00e3o considerados de florada silvestres refletindo as caracter\u00edsticas bioqu\u00edmicas e sensoriais de cada esp\u00e9cie e da flora das diversas regi\u00f5es paulistas em que foram produzidos.<\/p>\n\n\n\n<p>A lista de esp\u00e9cies de abelhas nativas sem ferr\u00e3o (ASF) que ocorrem no \u00e2mbito paulista, incluindo aquelas amea\u00e7adas de extin\u00e7\u00e3o,&nbsp;<a href=\"https:\/\/drive.google.com\/file\/d\/1tu4F5deG_DyO1WgGq5SFDhew3ySJiGbW\/view?usp=sharing\" target=\"_blank\" rel=\"noreferrer noopener\">est\u00e1 dispon\u00edvel aqui<\/a>&nbsp;e se baseia em duas publica\u00e7\u00f5es oficiais:&nbsp;<a href=\"https:\/\/www.in.gov.br\/en\/web\/dou\/-\/portaria-n-665-de-3-de-novembro-de-2021-357715380\" target=\"_blank\" rel=\"noreferrer noopener\">Cat\u00e1logo Nacional de Abelhas-Nativas-Sem-Ferr\u00e3o \u2013 ICMBIO<\/a>&nbsp;e&nbsp;<a href=\"https:\/\/sigam.ambiente.sp.gov.br\/sigam3\/repositorio\/448\/documentos\/Portaria%20CFB_4-21_lista_autoctones.pdf\" target=\"_blank\" rel=\"noreferrer noopener\">Portaria CFB n\u00ba4\/2021.<\/a><\/p>\n\n\n\n<p>Para saber mais sobre as principais esp\u00e9cies de abelhas nativas do Estado de S\u00e3o Paulo,&nbsp;<a href=\"https:\/\/www.infraestruturameioambiente.sp.gov.br\/educacaoambiental\/prateleira-ambiental\/fichas-de-identificacao-das-abelhas-paulistas\/\" target=\"_blank\" rel=\"noreferrer noopener\">acesse aqui as fichas informativas<\/a>&nbsp;elaboradas no \u00e2mbito do Programa Abelhas Nativas da Funda\u00e7\u00e3o Florestal, em parceria com a Universidade Federal do ABC, Universidade de S\u00e3o Paulo e Projeto Biota-FAPESP.<\/p>\n","protected":false},"excerpt":{"rendered":"<p>Cria\u00e7\u00e3o racional de abelhas nativas sem ferr\u00e3o \u2013\u00a0Tribo Meliponini\u00a0\u2013 em melipon\u00e1rios. Atualmente, est\u00e3o descritas mais de 300 esp\u00e9cies de abelhas nativas sem ferr\u00e3o no Brasil, sendo 60 no Estado de S\u00e3o Paulo. A meliponicultura \u00e9 uma atividade exercida por produtores rurais, comunidades tradicionais, agricultores familiares e hobbistas, tanto em propriedades rurais quanto urbanas. A atividade [&hellip;]<\/p>\n","protected":false},"author":20,"featured_media":0,"parent":0,"menu_order":0,"comment_status":"closed","ping_status":"closed","template":"","meta":{"_acf_changed":false,"footnotes":""},"class_list":["post-9117","page","type-page","status-publish","hentry"],"acf":[],"_links":{"self":[{"href":"https:\/\/agricultura.sp.gov.br\/cati\/wp-json\/wp\/v2\/pages\/9117","targetHints":{"allow":["GET"]}}],"collection":[{"href":"https:\/\/agricultura.sp.gov.br\/cati\/wp-json\/wp\/v2\/pages"}],"about":[{"href":"https:\/\/agricultura.sp.gov.br\/cati\/wp-json\/wp\/v2\/types\/page"}],"author":[{"embeddable":true,"href":"https:\/\/agricultura.sp.gov.br\/cati\/wp-json\/wp\/v2\/users\/20"}],"replies":[{"embeddable":true,"href":"https:\/\/agricultura.sp.gov.br\/cati\/wp-json\/wp\/v2\/comments?post=9117"}],"version-history":[{"count":1,"href":"https:\/\/agricultura.sp.gov.br\/cati\/wp-json\/wp\/v2\/pages\/9117\/revisions"}],"predecessor-version":[{"id":9118,"href":"https:\/\/agricultura.sp.gov.br\/cati\/wp-json\/wp\/v2\/pages\/9117\/revisions\/9118"}],"wp:attachment":[{"href":"https:\/\/agricultura.sp.gov.br\/cati\/wp-json\/wp\/v2\/media?parent=9117"}],"curies":[{"name":"wp","href":"https:\/\/api.w.org\/{rel}","templated":true}]}}