{"id":9115,"date":"2025-08-04T16:36:45","date_gmt":"2025-08-04T19:36:45","guid":{"rendered":"https:\/\/agricultura.sp.gov.br\/cati\/?page_id=9115"},"modified":"2025-08-04T16:46:57","modified_gmt":"2025-08-04T19:46:57","slug":"apicultura","status":"publish","type":"page","link":"https:\/\/agricultura.sp.gov.br\/cati\/apicultura\/","title":{"rendered":"Apicultura"},"content":{"rendered":"\n<p>Cria\u00e7\u00e3o de abelhas\u00a0<em>Apis mel\u00edfera<\/em>, ex\u00f3ticas (h\u00edbrida de esp\u00e9cies europeias e africanas) e com ferr\u00e3o, para produ\u00e7\u00e3o de mel, pr\u00f3polis, geleia real, p\u00f3len e cera de abelha em api\u00e1rios. Atividade tradicional, que representa fonte de renda alternativa, geralmente associada \u00e0s demais atividades do pequeno e m\u00e9dio produtor em \u00e1rea rural. <\/p>\n\n\n\n<p>Atualmente, S\u00e3o Paulo ocupa a 4.\u00aa posi\u00e7\u00e3o no<em>&nbsp;ranking<\/em>&nbsp;nacional de produ\u00e7\u00e3o de mel. As floradas mais comuns nos m\u00e9is de&nbsp;<em>Apis mellifera<\/em>&nbsp;s\u00e3o de eucalipto, silvestre (de v\u00e1rias regi\u00f5es paulistas) e de laranjeira.<\/p>\n\n\n\n<p>A apicultura paulista possui grande potencial de crescimento, se observadas as melhores pr\u00e1ticas de manejo e produ\u00e7\u00e3o. Para orientar os apicultores e apicultoras nesse processo, a CATI elaborou o Boletim T\u00e9cnico de Apicultura, que pode ser acessado&nbsp;<a href=\"https:\/\/www.cati.sp.gov.br\/portal\/themes\/unify\/arquivos\/produtos-e-servicos\/acervo-tecnico\/BT_Apicultura.pdf\" target=\"_blank\" rel=\"noreferrer noopener\">clicando aqui.<\/a><\/p>\n\n\n\n<p><\/p>\n","protected":false},"excerpt":{"rendered":"<p>Cria\u00e7\u00e3o de abelhas\u00a0Apis mel\u00edfera, ex\u00f3ticas (h\u00edbrida de esp\u00e9cies europeias e africanas) e com ferr\u00e3o, para produ\u00e7\u00e3o de mel, pr\u00f3polis, geleia real, p\u00f3len e cera de abelha em api\u00e1rios. Atividade tradicional, que representa fonte de renda alternativa, geralmente associada \u00e0s demais atividades do pequeno e m\u00e9dio produtor em \u00e1rea rural. Atualmente, S\u00e3o Paulo ocupa a 4.\u00aa [&hellip;]<\/p>\n","protected":false},"author":20,"featured_media":0,"parent":0,"menu_order":0,"comment_status":"closed","ping_status":"closed","template":"","meta":{"_acf_changed":false,"footnotes":""},"class_list":["post-9115","page","type-page","status-publish","hentry"],"acf":[],"_links":{"self":[{"href":"https:\/\/agricultura.sp.gov.br\/cati\/wp-json\/wp\/v2\/pages\/9115","targetHints":{"allow":["GET"]}}],"collection":[{"href":"https:\/\/agricultura.sp.gov.br\/cati\/wp-json\/wp\/v2\/pages"}],"about":[{"href":"https:\/\/agricultura.sp.gov.br\/cati\/wp-json\/wp\/v2\/types\/page"}],"author":[{"embeddable":true,"href":"https:\/\/agricultura.sp.gov.br\/cati\/wp-json\/wp\/v2\/users\/20"}],"replies":[{"embeddable":true,"href":"https:\/\/agricultura.sp.gov.br\/cati\/wp-json\/wp\/v2\/comments?post=9115"}],"version-history":[{"count":2,"href":"https:\/\/agricultura.sp.gov.br\/cati\/wp-json\/wp\/v2\/pages\/9115\/revisions"}],"predecessor-version":[{"id":9122,"href":"https:\/\/agricultura.sp.gov.br\/cati\/wp-json\/wp\/v2\/pages\/9115\/revisions\/9122"}],"wp:attachment":[{"href":"https:\/\/agricultura.sp.gov.br\/cati\/wp-json\/wp\/v2\/media?parent=9115"}],"curies":[{"name":"wp","href":"https:\/\/api.w.org\/{rel}","templated":true}]}}