{"id":8986,"date":"2025-06-27T11:24:02","date_gmt":"2025-06-27T14:24:02","guid":{"rendered":"https:\/\/agricultura.sp.gov.br\/cati\/?page_id=8986"},"modified":"2025-11-26T10:55:54","modified_gmt":"2025-11-26T13:55:54","slug":"programa-de-aquisicao-de-alimentos","status":"publish","type":"page","link":"https:\/\/agricultura.sp.gov.br\/cati\/programa-de-aquisicao-de-alimentos\/","title":{"rendered":"Programa de Aquisi\u00e7\u00e3o de Alimentos"},"content":{"rendered":"\n<figure class=\"wp-block-image size-large\"><img loading=\"lazy\" decoding=\"async\" width=\"1024\" height=\"768\" src=\"https:\/\/storage.googleapis.com\/saa-repositorio\/prd\/saa-sites\/cati\/imagens\/d717f986-db6e-4f39-807a-c8aba363d960-1024x768.jpg\" alt=\"\" class=\"wp-image-21664\"\/><\/figure>\n\n\n\n<p><strong>Programa de Aquisi\u00e7\u00e3o de Alimentos \u2013 PAA\/Cesta Verde<\/strong>&nbsp;\u00e9 distribui\u00e7\u00e3o em forma de cestas para as fam\u00edlias em situa\u00e7\u00e3o de vulnerabilidade. Os munic\u00edpios paulistas contemplados s\u00e3o integrantes do Mapa de Inseguran\u00e7a Alimentar e Nutricional (INSAN), elaborado pelo Minist\u00e9rio da Cidadania. O Programa \u00e9 realizado por interm\u00e9dio de uma parceria entre o Minist\u00e9rio da Cidadania e o Governo de S\u00e3o Paulo, via Secretaria de Agricultura e Abastecimento.<\/p>\n\n\n\n<p>Podem participar do projeto todos os agricultores familiares do Estado de S\u00e3o Paulo que possuem Declara\u00e7\u00e3o de Aptid\u00e3o ao Pronaf (DAP) ativa dos 63 munic\u00edpios selecionados. Para esta etapa ser\u00e3o executados R$ 3,5 milh\u00f5es destinados \u00e0 aquisi\u00e7\u00e3o de hortifr\u00fatis (ra\u00edzes e tub\u00e9rculos, legumes, frutas e folhosas), para que sejam montadas cestas de 10kg para as fam\u00edlias em vulnerabilidade social ou entidades socioassistencias dos munic\u00edpios participantes. <\/p>\n\n\n\n<hr class=\"wp-block-separator has-alpha-channel-opacity is-style-dots\"\/>\n\n\n\n<div class=\"wp-block-buttons is-layout-flex wp-block-buttons-is-layout-flex\">\n<div class=\"wp-block-button has-custom-width wp-block-button__width-50\"><a class=\"wp-block-button__link has-background wp-element-button\" href=\"https:\/\/app.powerbi.com\/view?r=eyJrIjoiYWVkZWE2Y2YtZmU4MC00YjcwLWJhOWItZTI0ODhjNjA3ZDMyIiwidCI6IjNhNzhiMGNkLTdjOGUtNDkyOS04M2Q1LTE5MGE2Y2MwMTM2NSJ9\" style=\"background-color:#416657\">PPA &#8211; Execu\u00e7\u00e3o<\/a><\/div>\n\n\n\n<div class=\"wp-block-button has-custom-width wp-block-button__width-50\"><a class=\"wp-block-button__link has-background wp-element-button\" style=\"background-color:#416657\">Produtores &#8211; Acompanhamento<\/a><\/div>\n<\/div>\n\n\n\n<hr class=\"wp-block-separator has-alpha-channel-opacity is-style-dots\"\/>\n\n\n\n<p><strong>5.\u00aa Fase PAA &#8211; Cesta Verde<\/strong><\/p>\n\n\n\n<ul class=\"wp-block-list\">\n<li><a href=\"https:\/\/storage.googleapis.com\/saa-repositorio\/prd\/saa-sites\/cati\/documentos\/ANEXOS-I-a-VIII_Edital_PAA_n-01-2025_11-11-2025_publicado.doc\">CHAMAMENTO P\u00daBLICO SAA N.\u00ba 01\/2025<\/a><\/li>\n\n\n\n<li><a href=\"https:\/\/storage.googleapis.com\/saa-repositorio\/prd\/saa-sites\/cati\/documentos\/Aviso-de-Chamamento-Publico_DOE_PAA_01-2025.pdf\">Aviso de chamamento p\u00fablico<\/a><\/li>\n\n\n\n<li><a href=\"https:\/\/storage.googleapis.com\/saa-repositorio\/prd\/saa-sites\/cati\/documentos\/Edital_PAA_n.01-2025_10-11-2025_publicado.pdf\">Edital (.doc)<\/a><\/li>\n<\/ul>\n\n\n\n<p><strong>4.\u00aa Fase PAA &#8211; Cesta Verde<\/strong><\/p>\n\n\n\n<ul class=\"wp-block-list\">\n<li><a href=\"https:\/\/www.cati.sp.gov.br\/portal\/themes\/unify\/arquivos\/produtos-e-servicos\/Publicacao_SAA_4%C2%AA%20Fase%20PAA.pdf\" target=\"_blank\" rel=\"noreferrer noopener\">CHAMAMENTO P\u00daBLICO SAA N.\u00ba 01\/2024<\/a><\/li>\n\n\n\n<li><a href=\"https:\/\/www.cati.sp.gov.br\/portal\/themes\/unify\/arquivos\/produtos-e-servicos\/Minuta%20Edital%20PAA%2017_05_24.pdf\" target=\"_blank\" rel=\"noreferrer noopener\">Minuta Edital PAA 17-05-24<\/a><\/li>\n\n\n\n<li><a href=\"https:\/\/www.cati.sp.gov.br\/portal\/themes\/unify\/arquivos\/produtos-e-servicos\/Termo%20de%20compromisso%20unidade%20Recebedora.doc\" target=\"_blank\" rel=\"noreferrer noopener\">Termo de compromisso unidade Recebedora<\/a><\/li>\n\n\n\n<li><a href=\"https:\/\/www.cati.sp.gov.br\/portal\/themes\/unify\/arquivos\/produtos-e-servicos\/Modelo%20Reuni%C3%A3o%20do%20Conselho.docx\" target=\"_blank\" rel=\"noreferrer noopener\">Modelo Reuni\u00e3o do Conselho<\/a><\/li>\n\n\n\n<li><a href=\"https:\/\/www.cati.sp.gov.br\/portal\/themes\/unify\/arquivos\/produtos-e-servicos\/Modelo%20Caracter%C3%ADstica%20do%20local%20recebimento.doc\" target=\"_blank\" rel=\"noreferrer noopener\">Modelo Caracter\u00edstica do local recebimento<\/a><\/li>\n\n\n\n<li><a href=\"https:\/\/www.cati.sp.gov.br\/portal\/themes\/unify\/arquivos\/produtos-e-servicos\/Modelo%20Projeto%20do%20AF.docx\" target=\"_blank\" rel=\"noreferrer noopener\">Modelo Projeto do AF<\/a><\/li>\n<\/ul>\n\n\n\n<p>&nbsp;<strong>3.\u00aa Fase PAA &#8211; Cesta Verde<\/strong><\/p>\n\n\n\n<ul class=\"wp-block-list\">\n<li><a href=\"https:\/\/www.cati.sp.gov.br\/portal\/themes\/unify\/arquivos\/produtos-e-servicos\/ATA_CONSELHO_Instancia_Social_PAA_.doc\" target=\"_blank\" rel=\"noreferrer noopener\">Modelo &#8211; Ata Conselho Inst\u00e3ancia Social &#8211; PAA<\/a><\/li>\n\n\n\n<li><a href=\"https:\/\/www.agricultura.sp.gov.br\/documents\/37444\/58129\/CP-01-23.pdf\" target=\"_blank\" rel=\"noreferrer noopener\">Edital Completo &#8211; 04\/05\/2023<\/a><\/li>\n\n\n\n<li><a href=\"https:\/\/www.cati.sp.gov.br\/portal\/themes\/unify\/arquivos\/produtos-e-servicos\/Edital-PAA-3a-FASE-04-07-2023.pdf\" target=\"_blank\" rel=\"noreferrer noopener\">Edital Di\u00e1rio Oficial- 04\/07\/2023<\/a><\/li>\n\n\n\n<li><a href=\"https:\/\/www.cati.sp.gov.br\/portal\/themes\/unify\/arquivos\/produtos-e-servicos\/Tabela-de-Preco-3afase-2023.pdf\" target=\"_blank\" rel=\"noreferrer noopener\">Anexo II &#8211; Tabela de Pre\u00e7o &#8211; 04\/07\/2023<\/a><\/li>\n\n\n\n<li><a href=\"https:\/\/www.cati.sp.gov.br\/portal\/themes\/unify\/arquivos\/produtos-e-servicos\/Rela%C3%A7%C3%A3o-dos-Municipios-participantes-3afase-2023.pdf\" target=\"_blank\" rel=\"noreferrer noopener\">Anexo III &#8211; Rela\u00e7\u00e3o de Munic\u00edpios &#8211; 04\/07\/2023<\/a><\/li>\n\n\n\n<li><a href=\"https:\/\/www.cati.sp.gov.br\/portal\/themes\/unify\/arquivos\/produtos-e-servicos\/Termo-compromisso-Entidade-Recebedora-3afase-2023.pdf\" target=\"_blank\" rel=\"noreferrer noopener\">Anexo VII &#8211; Termo de Compromisso &#8211; Unidades Recebedoras<\/a><\/li>\n<\/ul>\n\n\n\n<p><strong>2.\u00aa Fase PAA &#8211; Cesta Verde<\/strong><\/p>\n\n\n\n<ul class=\"wp-block-list\">\n<li><a href=\"https:\/\/www.cati.sp.gov.br\/portal\/themes\/unify\/arquivos\/produtos-e-servicos\/Comunicado%20GT%20PAA%20n%C2%BA%2007-2021_Assinado.pdf\" target=\"_blank\" rel=\"noreferrer noopener\">Comunicado GT PAA n\u00ba 07-2021<\/a><\/li>\n\n\n\n<li><a href=\"https:\/\/www.cati.sp.gov.br\/portal\/themes\/unify\/arquivos\/produtos-e-servicos\/Edital%20Prorroga%C3%A7%C3%A3o%20PAA%202%C2%AA%20fase.pdf\" target=\"_blank\" rel=\"noreferrer noopener\">Edital Prorroga\u00e7\u00e3o PAA 2\u00aa fase<\/a><\/li>\n\n\n\n<li><a href=\"https:\/\/www.cati.sp.gov.br\/portal\/themes\/unify\/arquivos\/produtos-e-servicos\/Comunicado%20GT%20PAA%20n%C2%BA%2006-2021_Assinado.pdf\" target=\"_blank\" rel=\"noreferrer noopener\">Comunicado GT PAA n\u00ba 06-2021<\/a><\/li>\n\n\n\n<li><a href=\"https:\/\/www.cati.sp.gov.br\/portal\/themes\/unify\/arquivos\/produtos-e-servicos\/EDITALPAA08092021.pdf\" target=\"_blank\" rel=\"noreferrer noopener\">Edital Completo- 08\/10\/2021<\/a><\/li>\n\n\n\n<li><a href=\"https:\/\/www.cati.sp.gov.br\/portal\/themes\/unify\/arquivos\/produtos-e-servicos\/ANEXOIITABELADEPRECOS.pdf\" target=\"_blank\" rel=\"noreferrer noopener\">Edital Anexo II-Tabela de Pre\u00e7o- 08\/10\/2021<\/a><\/li>\n\n\n\n<li><a href=\"https:\/\/www.cati.sp.gov.br\/portal\/themes\/unify\/arquivos\/produtos-e-servicos\/ANEXOIIIRELACAODEMUNICIPIOS.pdf\" target=\"_blank\" rel=\"noreferrer noopener\">Edital Anexo III- Rela\u00e7\u00e3o de Munic\u00edpios- 08\/10\/2021<\/a><\/li>\n\n\n\n<li><a href=\"https:\/\/www.cati.sp.gov.br\/portal\/themes\/unify\/arquivos\/produtos-e-servicos\/PublicacaoDOEEDITALPAA2Fase_08_10_2021.pdf\" target=\"_blank\" rel=\"noreferrer noopener\">Edital Publicado PAA 2\u00aa Fase-08\/10\/2021<\/a><\/li>\n\n\n\n<li><a href=\"https:\/\/www.cati.sp.gov.br\/portal\/themes\/unify\/arquivos\/produtos-e-servicos\/2021_SAACOMUNICACAO_ARTE_BannerAGROSP_CestaVerdePAA_080x120m.pdf\" target=\"_blank\" rel=\"noreferrer noopener\">Identidade Visual PAA &#8211; Cesta Verde &#8211; banner 2021<\/a><\/li>\n\n\n\n<li><a href=\"https:\/\/www.cati.sp.gov.br\/portal\/themes\/unify\/arquivos\/produtos-e-servicos\/TERMO%20DE%20COMPROMISSO%20UNIDADES%20RECEBEDORAS.pdf\" target=\"_blank\" rel=\"noreferrer noopener\">Termo de Compromisso &#8211; Unidades Recebedoras<\/a><\/li>\n\n\n\n<li><a href=\"https:\/\/www.cati.sp.gov.br\/portal\/themes\/unify\/arquivos\/produtos-e-servicos\/ATA_CONSELHO%20Inst%C3%A2ncia%20Social_PAA.pdf\" target=\"_blank\" rel=\"noreferrer noopener\">ATA Conselho Inst\u00e2ncia Social &#8211; PAA(pdf)<\/a><\/li>\n\n\n\n<li><a href=\"https:\/\/www.cati.sp.gov.br\/portal\/themes\/unify\/arquivos\/produtos-e-servicos\/ATA_CONSELHO%20Inst%C3%A2ncia%20Social_PAA.doc\" target=\"_blank\" rel=\"noreferrer noopener\">ATA Conselho Inst\u00e2ncia Social &#8211; PAA(doc)<\/a><\/li>\n\n\n\n<li><a href=\"https:\/\/www.cati.sp.gov.br\/portal\/themes\/unify\/arquivos\/produtos-e-servicos\/Municipios%20e%20cad.pdf\" target=\"_blank\" rel=\"noreferrer noopener\">Munic\u00edpios e CAD<\/a><\/li>\n\n\n\n<li><a href=\"https:\/\/www.cati.sp.gov.br\/portal\/themes\/unify\/arquivos\/produtos-e-servicos\/Tutorial%20Formul%C3%A1rio%20de%20Perguntas%20Prefeitura%20PAA.pdf\" target=\"_blank\" rel=\"noreferrer noopener\">Tutorial Formul\u00e1rio de Perguntas Prefeitura PAA<\/a><\/li>\n\n\n\n<li><a href=\"https:\/\/www.cati.sp.gov.br\/portal\/themes\/unify\/arquivos\/produtos-e-servicos\/Formul%C3%A1rio%20disponibilizado%20aos%20munic%C3%ADpios%20PAA.docx\" target=\"_blank\" rel=\"noreferrer noopener\">Formul\u00e1rio disponibilizado aos munic\u00edpios PAA<\/a><\/li>\n\n\n\n<li><a href=\"https:\/\/www.cati.sp.gov.br\/portal\/themes\/unify\/arquivos\/produtos-e-servicos\/ManualOperacionalPAA-SP2.pdf\" target=\"_blank\" rel=\"noreferrer noopener\">Manual Operacional &#8211; Programa de Aquisi\u00e7\u00e3o de Alimentos<\/a><\/li>\n\n\n\n<li><a href=\"https:\/\/www.cati.sp.gov.br\/portal\/themes\/unify\/arquivos\/produtos-e-servicos\/AnexoVI-ModeloDeclaracaoProducaoDoAgricultor.doc\" target=\"_blank\" rel=\"noreferrer noopener\">Anexo VI &#8211; Modelo de declara\u00e7\u00e3o de produ\u00e7\u00e3o pr\u00f3pria dos benefici\u00e1rios fornecedores<\/a><\/li>\n\n\n\n<li><a href=\"https:\/\/www.cati.sp.gov.br\/portal\/themes\/unify\/arquivos\/produtos-e-servicos\/AnexoX-DeclaracaoDasCaracteristicasDasEntidades.doc\" target=\"_blank\" rel=\"noreferrer noopener\">Anexo X &#8211; Declara\u00e7\u00e3o das caracter\u00edsticas do local de recebimento<\/a><\/li>\n<\/ul>\n\n\n\n<p><strong><br>1.\u00aa Fase PAA &#8211; Cesta Verde<\/strong><\/p>\n\n\n\n<ul class=\"wp-block-list\">\n<li><a href=\"https:\/\/www.cati.sp.gov.br\/portal\/themes\/unify\/arquivos\/produtos-e-servicos\/SAA_APRESENTACAO-Chamada%20Publica_PAA.pdf\" target=\"_blank\" rel=\"noreferrer noopener\">Apresenta\u00e7\u00e3o de chamada p\u00fablica<\/a>.<\/li>\n\n\n\n<li><a href=\"https:\/\/www.cati.sp.gov.br\/portal\/themes\/unify\/arquivos\/produtos-e-servicos\/Edital_PAA_CDS-ESTADUAL_2020.pdf\" target=\"_blank\" rel=\"noreferrer noopener\">Edital Completo<\/a>.<\/li>\n\n\n\n<li><a href=\"https:\/\/www.cati.sp.gov.br\/portal\/themes\/unify\/arquivos\/produtos-e-servicos\/EDITAL_DE_CHAMAMENTO_PUBLICO_SAA_N%C2%BA_03-2020-anexoII.pdf\" target=\"_blank\" rel=\"noreferrer noopener\">Edital &#8211; Anexo II.<\/a><\/li>\n\n\n\n<li><a href=\"https:\/\/www.cati.sp.gov.br\/portal\/themes\/unify\/arquivos\/produtos-e-servicos\/EDITAL_DE_CHAMAMENTO_PUBLICO_SAA_N%C2%BA_03-2020-anexoIII.pdf\" target=\"_blank\" rel=\"noreferrer noopener\">Edital &#8211; Anexo III.<\/a><\/li>\n\n\n\n<li><a href=\"https:\/\/www.cati.sp.gov.br\/portal\/themes\/unify\/arquivos\/produtos-e-servicos\/Edital%20Publicado%20Agricultores%20PAA%20-%2008.10.2010_Prorroga%C3%A7%C3%A3o%20_Final%20Publica%C3%A7%C3%A3o.docx\" target=\"_blank\" rel=\"noreferrer noopener\">Edital Publicado Agricultores PAA &#8211; 08.10.2010 &#8211; Prorroga\u00e7\u00e3o (doc)<\/a><\/li>\n\n\n\n<li><a href=\"https:\/\/www.cati.sp.gov.br\/portal\/themes\/unify\/arquivos\/produtos-e-servicos\/Edital%20Publicado%20Agricultores%20PAA%20-%2008.10.2010_Prorroga%C3%A7%C3%A3o%20_Final%20Publica%C3%A7%C3%A3o.pdf\" target=\"_blank\" rel=\"noreferrer noopener\">Edital Publicado Agricultores PAA &#8211; 08.10.2010 &#8211; Prorroga\u00e7\u00e3o (pdf)<\/a><\/li>\n\n\n\n<li><a href=\"https:\/\/www.cati.sp.gov.br\/portal\/themes\/unify\/arquivos\/produtos-e-servicos\/Despacho%20Prorroga%C3%A7%C3%A3o%20Edital%2003_2020_PAA.pdf\" target=\"_blank\" rel=\"noreferrer noopener\">Despacho de Publica\u00e7\u00e3o referente ao Edital N\u00ba SAA 03\/2020<\/a><\/li>\n\n\n\n<li><a href=\"https:\/\/www.cati.sp.gov.br\/portal\/themes\/unify\/arquivos\/produtos-e-servicos\/Apresentacao_PAA_Entidades_SEDS.pdf\" target=\"_blank\" rel=\"noreferrer noopener\">Capacita\u00e7\u00e3o de Entidades Socioassistenciais &#8211; primeira<\/a><\/li>\n\n\n\n<li><a href=\"https:\/\/www.cati.sp.gov.br\/portal\/themes\/unify\/arquivos\/produtos-e-servicos\/CapacitacaoEntidadesEquipamentosSocioassistenciais20201204.pdf\" target=\"_blank\" rel=\"noreferrer noopener\">Capacita\u00e7\u00e3o de Entidades Socioassistenciais &#8211; 12\/04\/2020 &#8211; segunda<\/a><\/li>\n\n\n\n<li><a href=\"https:\/\/www.cati.sp.gov.br\/portal\/themes\/unify\/arquivos\/produtos-e-servicos\/Live_PAA_20210311.pdf\" target=\"_blank\" rel=\"noreferrer noopener\">Reuni\u00e3o t\u00e9cnica de execu\u00e7\u00e3o do programa de aquisi\u00e7\u00e3o de alimentos<\/a><\/li>\n\n\n\n<li><a href=\"https:\/\/www.cati.sp.gov.br\/portal\/themes\/unify\/arquivos\/produtos-e-servicos\/PAA-Biritiba.mp4\" target=\"_blank\" rel=\"noreferrer noopener\">V\u00eddeo de apresenta\u00e7\u00e3o do projeto piloto em Biritiba Mirim<\/a><\/li>\n\n\n\n<li><a href=\"https:\/\/soundcloud.com\/governosp\/podcastdogovernosp-programa-cesta-verde\" target=\"_blank\" rel=\"noreferrer noopener\">Programa de Aquisi\u00e7\u00e3o de Alimentos &#8211; entrevista com o Secret\u00e1rio de Agricultura e Abastecimento de S\u00e3o Paulo<\/a><\/li>\n\n\n\n<li><a href=\"https:\/\/www.cati.sp.gov.br\/portal\/themes\/unify\/arquivos\/produtos-e-servicos\/PAA_Protocolos_Distribuicao_Cestas.pdf\" target=\"_blank\" rel=\"noreferrer noopener\">Protocolo para o recebimento e distribui\u00e7\u00e3o de alimentos do programa<\/a><\/li>\n<\/ul>\n\n\n\n<figure class=\"wp-block-embed is-type-video is-provider-youtube wp-block-embed-youtube wp-embed-aspect-16-9 wp-has-aspect-ratio\"><div class=\"wp-block-embed__wrapper\">\n<iframe loading=\"lazy\" title=\"CATI - Programa de Aquisi\u00e7\u00e3o de Alimentos - PAA\" width=\"500\" height=\"281\" src=\"https:\/\/www.youtube.com\/embed\/4TMyL9WcMJ8?feature=oembed\" frameborder=\"0\" allow=\"accelerometer; autoplay; clipboard-write; encrypted-media; gyroscope; picture-in-picture; web-share\" referrerpolicy=\"strict-origin-when-cross-origin\" allowfullscreen><\/iframe>\n<\/div><\/figure>\n","protected":false},"excerpt":{"rendered":"<p>Programa de Aquisi\u00e7\u00e3o de Alimentos \u2013 PAA\/Cesta Verde&nbsp;\u00e9 distribui\u00e7\u00e3o em forma de cestas para as fam\u00edlias em situa\u00e7\u00e3o de vulnerabilidade. Os munic\u00edpios paulistas contemplados s\u00e3o integrantes do Mapa de Inseguran\u00e7a Alimentar e Nutricional (INSAN), elaborado pelo Minist\u00e9rio da Cidadania. O Programa \u00e9 realizado por interm\u00e9dio de uma parceria entre o Minist\u00e9rio da Cidadania e o [&hellip;]<\/p>\n","protected":false},"author":15,"featured_media":0,"parent":0,"menu_order":0,"comment_status":"closed","ping_status":"closed","template":"","meta":{"_acf_changed":false,"footnotes":""},"class_list":["post-8986","page","type-page","status-publish","hentry"],"acf":[],"_links":{"self":[{"href":"https:\/\/agricultura.sp.gov.br\/cati\/wp-json\/wp\/v2\/pages\/8986","targetHints":{"allow":["GET"]}}],"collection":[{"href":"https:\/\/agricultura.sp.gov.br\/cati\/wp-json\/wp\/v2\/pages"}],"about":[{"href":"https:\/\/agricultura.sp.gov.br\/cati\/wp-json\/wp\/v2\/types\/page"}],"author":[{"embeddable":true,"href":"https:\/\/agricultura.sp.gov.br\/cati\/wp-json\/wp\/v2\/users\/15"}],"replies":[{"embeddable":true,"href":"https:\/\/agricultura.sp.gov.br\/cati\/wp-json\/wp\/v2\/comments?post=8986"}],"version-history":[{"count":17,"href":"https:\/\/agricultura.sp.gov.br\/cati\/wp-json\/wp\/v2\/pages\/8986\/revisions"}],"predecessor-version":[{"id":21665,"href":"https:\/\/agricultura.sp.gov.br\/cati\/wp-json\/wp\/v2\/pages\/8986\/revisions\/21665"}],"wp:attachment":[{"href":"https:\/\/agricultura.sp.gov.br\/cati\/wp-json\/wp\/v2\/media?parent=8986"}],"curies":[{"name":"wp","href":"https:\/\/api.w.org\/{rel}","templated":true}]}}