{"id":8841,"date":"2025-05-19T15:43:07","date_gmt":"2025-05-19T18:43:07","guid":{"rendered":"https:\/\/agricultura.sp.gov.br\/cati\/?page_id=8841"},"modified":"2025-09-25T15:24:53","modified_gmt":"2025-09-25T18:24:53","slug":"cacau-sp","status":"publish","type":"page","link":"https:\/\/agricultura.sp.gov.br\/cati\/cacau-sp\/","title":{"rendered":"Cacau SP"},"content":{"rendered":"\n<p><strong>S\u00c3O PAULO TEM CACAU<\/strong><\/p>\n\n\n\n<p><strong>E com am\u00eandoas de qualidade, produzido com sustentabilidade e grande potencial de produtividade!<\/strong><\/p>\n\n\n\n<p>Mais uma vez, o Estado de S\u00e3o Paulo se mostra inovador e sustent\u00e1vel. Ap\u00f3s intensos trabalhos de adapta\u00e7\u00e3o tecnol\u00f3gica e divulga\u00e7\u00e3o realizados pela Secretaria de Agricultura e Abastecimento (SAA), por meio da Coordenadoria de Assist\u00eancia T\u00e9cnica Integral (CATI) e de parceiros, \u00e9 poss\u00edvel celebrar a evolu\u00e7\u00e3o da \u00e1rea plantada com tecnologia e o aumento expressivo de produtores de diversas regi\u00f5es interessados em investir na cacauicultura, que vem se firmando como alternativa vi\u00e1vel dos pontos de vista econ\u00f4mico, social e ambiental.<\/p>\n\n\n\n<p>Esses s\u00e3o os frutos do Programa Cacau SP, consolidado como pol\u00edtica p\u00fablica de estado com a assinatura do Protocolo de Coopera\u00e7\u00e3o entre a Secretaria de Agricultura \u2013 por meio da Coordenadoria de Assist\u00eancia T\u00e9cnica Integral (CATI) e dos institutos de pesquisa da Ag\u00eancia Paulista de Tecnologia dos Agroneg\u00f3cios (APTA) \u2013 e o Minist\u00e9rio da Agricultura e Pecu\u00e1ria, por meio da Comiss\u00e3o Executiva do Plano da Lavoura Cacaueira (Ceplac).<\/p>\n\n\n\n<p><strong><br>POR QUE CACAU EM S\u00c3O PAULO?<\/strong><\/p>\n\n\n\n<p>Com origem na Amaz\u00f4nia e em regi\u00f5es da Am\u00e9rica Central, o cacau tem seu cultivo estabelecido principalmente nas regi\u00f5es Norte e Nordeste, que fazem o Brasil figurar entre os 10 maiores produtores do mundo. Apesar disso, o pa\u00eds n\u00e3o \u00e9 autossuficiente no atendimento ao mercado interno, sendo, portanto, um importador de outros pa\u00edses.<\/p>\n\n\n\n<p>Com o olhar no futuro, S\u00e3o Paulo abre uma janela de plantio em \u00e1reas n\u00e3o tradicionais de cultivo. Para contribuir para o Brasil alcan\u00e7ar autossufici\u00eancia, o Estado de S\u00e3o Paulo possui in\u00fameros diferenciais! Produtores com voca\u00e7\u00e3o e disposi\u00e7\u00e3o em investir na cacauicultura. Solos prop\u00edcios ao cultivo perene. Clima adequado \u00e0 cultura cacaueira, trazendo uma caracter\u00edstica de zona de escape das doen\u00e7as do cacau no Planalto Paulista. Capilaridade de Assist\u00eancia T\u00e9cnica e Extens\u00e3o Rural (Ater) \u2013 a CATI est\u00e1 presente na quase totalidade dos munic\u00edpios paulistas, por meio das Casas da Agricultura. Excel\u00eancia dos centros de pesquisa. Grande n\u00famero de empresas ligadas ao segmento cacaueiro est\u00e1 no \u00e2mbito paulista. Proximidade de grandes mercados consumidores. Log\u00edstica e infraestrutura de comercializa\u00e7\u00e3o para os mercados interno e externo.<\/p>\n\n\n\n<figure class=\"wp-block-image\"><img decoding=\"async\" src=\"https:\/\/www.cati.sp.gov.br\/portal\/themes\/unify\/arquivos\/projetos-e-programas\/Cacau%20SP_foto1.png\" alt=\"\"\/><\/figure>\n\n\n\n<p><strong><br>O IN\u00cdCIO: CULTIVO INTEGRADO DE CACAU E SERINGUEIRA NO NOROESTE PAULISTA<\/strong><\/p>\n\n\n\n<p>Iniciado no noroeste paulista pela CATI Regional S\u00e3o Jos\u00e9 do Rio Preto, em meados de 2014, como um projeto local de cultivo integrado de Cacau e Seringueira, o Cacau SP contou com importantes parcerias em seu in\u00edcio.<\/p>\n\n\n\n<p>Denominada \u201cPlantio Integrado Seringueira e Cacau no Planalto do Estado de S\u00e3o Paulo \u2013 Empreendedorismo Sustent\u00e1vel\u201d, a parceria entre a CATI e a Associa\u00e7\u00e3o Comercial e Empresarial de S\u00e3o Jos\u00e9 do Rio Preto (Acirp), com o apoio financeiro da Funda\u00e7\u00e3o Cargill e o apoio t\u00e9cnico da Comiss\u00e3o Executiva do Plano da Lavoura Cacaueira (Ceplac) do Minist\u00e9rio da Agricultura, Pecu\u00e1ria e Abastecimento, se tornou o marco que possibilitou o reconhecimento da regi\u00e3o noroeste paulista como \u00e1rea apta ao plantio da cultura.<\/p>\n\n\n\n<p>Esse projeto trouxe a oportunidade aos produtores e t\u00e9cnicos da regi\u00e3o de conhecerem o cultivo integrado de seringueira e cacau, bem como demonstrar o potencial econ\u00f4mico da cultura cacaueira na regi\u00e3o, se transformando em programa de estado: o Programa Cacau SP.<\/p>\n\n\n\n<figure class=\"wp-block-image\"><img decoding=\"async\" src=\"https:\/\/www.cati.sp.gov.br\/portal\/themes\/unify\/arquivos\/projetos-e-programas\/Cacau%20SP_foto4.png\" alt=\"\"\/><\/figure>\n\n\n\n<p><strong>POR QUE CACAU EM CULTIVO INTEGRADO?<\/strong><\/p>\n\n\n\n<ul class=\"wp-block-list\">\n<li>O cultivo integrado permite o fortalecimento das atividades agr\u00edcolas de forma sustent\u00e1vel. Otimiza o uso de recursos (solo, \u00e1gua, m\u00e3o de obra, m\u00e1quinas e equipamentos).<\/li>\n\n\n\n<li>Diminui o risco econ\u00f4mico, por causa do cultivo simult\u00e2neo, na mesma \u00e1rea, de duas ou mais culturas.<\/li>\n\n\n\n<li>Permite um melhor fluxo de caixa e aumento da rentabilidade da \u00e1rea implantada. Aumento da rentabilidade e sustentabilidade da produ\u00e7\u00e3o.<\/li>\n\n\n\n<li>Diversifica\u00e7\u00e3o de atividades agr\u00edcolas, com gera\u00e7\u00e3o de renda e emprego, principalmente em pequenos munic\u00edpios, com fortalecimento da economia local.<\/li>\n\n\n\n<li>Fortalecimento da agricultura familiar. Implanta\u00e7\u00e3o de modelos ambientalmente sustent\u00e1veis e com responsabilidades sociais.<\/li>\n\n\n\n<li>Fortalecimento do cooperativismo e associativismo. Padroniza\u00e7\u00e3o da produ\u00e7\u00e3o, com caracter\u00edsticas de excel\u00eancia.<\/li>\n\n\n\n<li>Cria\u00e7\u00e3o de um selo de origem e rastreabilidade. Produ\u00e7\u00e3o de mudas em embalagens biodegrad\u00e1veis (Ecopot) e fornecimento de material gen\u00e9tico, com garantia de qualidade e proced\u00eancia, pela CATI Sementes e Mudas.<\/li>\n<\/ul>\n\n\n\n<figure class=\"wp-block-image\"><img decoding=\"async\" src=\"https:\/\/www.cati.sp.gov.br\/portal\/themes\/unify\/arquivos\/projetos-e-programas\/Cacau%20SP_foto2.jpg\" alt=\"\"\/><\/figure>\n\n\n\n<p><strong><br>OBJETIVOS DO PROGRAMA CACAU SP<\/strong><\/p>\n\n\n\n<p>Entre seus objetivos, o Programa Cacau SP visa estabelecer protocolos para evolu\u00e7\u00e3o da cacauicultura no Estado de S\u00e3o Paulo e otimizar esfor\u00e7os nas mais diferentes linhas de atua\u00e7\u00e3o:<\/p>\n\n\n\n<ul class=\"wp-block-list\">\n<li>pesquisa e desenvolvimento, assist\u00eancia t\u00e9cnica e extens\u00e3o rural, associativismo\/cooperativismo, al\u00e9m de parcerias entre institui\u00e7\u00f5es p\u00fablicas e privadas. Al\u00e9m disso, visa revigorar o cultivo de cacau no Sistema Cabruca Paulista (plantio de mudas de cacau em meio \u00e0 vegeta\u00e7\u00e3o nativa) no Vale do Ribeira e litoral;<\/li>\n\n\n\n<li>implementar o cultivo de cacau integrado com outras culturas frut\u00edferas como banana, a\u00e7a\u00ed, abacate etc., e com esp\u00e9cies madeireiras de interesse econ\u00f4mico;<\/li>\n\n\n\n<li>fazer cultivo a pleno sol e tamb\u00e9m em faixas intercalares com nativas, para fins de recomposi\u00e7\u00e3o da Reserva Legal de im\u00f3veis com passivo ambiental. Al\u00e9m da possibilidade para heveicultores, o Programa Cacau SP traz tamb\u00e9m oportunidade para outros perfis de produtores rurais interessados na diversifica\u00e7\u00e3o das culturas produtivas de sua propriedade.<\/li>\n<\/ul>\n\n\n\n<p><strong>CACAU NA REGULARIZA\u00c7\u00c3O AMBIENTAL DA RESERVA LEGAL<\/strong><\/p>\n\n\n\n<p>Quando falamos em regulariza\u00e7\u00e3o da Reserva Legal da propriedade \u2212 \u00e1rea localizada no interior de uma propriedade ou posse rural com a fun\u00e7\u00e3o de assegurar o uso econ\u00f4mico de modo sustent\u00e1vel dos recursos naturais, auxiliar a conserva\u00e7\u00e3o e a reabilita\u00e7\u00e3o dos processos ecol\u00f3gicos e promover a conserva\u00e7\u00e3o da biodiversidade, bem como o abrigo e a prote\u00e7\u00e3o de fauna silvestre e da flora nativa \u2013, falamos em plantio de esp\u00e9cies diversas.<\/p>\n\n\n\n<p>Nesse contexto, inserir a cultura do cacau em \u00e1reas de Reserva Legal possibilita aos propriet\u00e1rios rurais conservar o meio ambiente e, ao mesmo tempo, gerar renda com uma atividade que atende ao trip\u00e9 da sustentabilidade ambiental, social e econ\u00f4mica.<\/p>\n\n\n\n<p>As vantagens da utiliza\u00e7\u00e3o do cacau em plantio integrado na Reserva Legal s\u00e3o a otimiza\u00e7\u00e3o do uso de recursos naturais (solo e \u00e1gua) e da m\u00e3o de obra e de insumos, bem como o valor econ\u00f4mico do produto gerado e o sequestro de carbono, trazendo assim ganhos econ\u00f4micos, ambientais e sociais.<\/p>\n\n\n\n<p>Importante ressaltar que, nos termos da Lei Federal n.\u00b0 12.651\/2012, o plantio em Reserva Legal poder\u00e1 ser intercalado entre esp\u00e9cies ex\u00f3ticas e nativas de ocorr\u00eancia regional, n\u00e3o podendo as esp\u00e9cies ex\u00f3ticas ultrapassar 50% da \u00e1rea total a ser recomposta.<\/p>\n\n\n\n<p>Sendo o cacau uma esp\u00e9cie ex\u00f3tica no Estado de S\u00e3o Paulo, poder\u00e1 ser plantado em \u00e1rea de Reserva Legal intercalado com esp\u00e9cies nativas (faixas intercalares) para fins de recomposi\u00e7\u00e3o nas propriedades que possuem passivo ambiental.<\/p>\n\n\n\n<p>Uma das faixas de cultivo consistir\u00e1 de esp\u00e9cies nativas de recobrimento e diversidade, facilitando o desenvolvimento das mudas de nativas. A outra faixa plantada ser\u00e1 de frut\u00edferas como, por exemplo, a banana com posterior plantio do cacau.<\/p>\n\n\n\n<p>No caso da banana, a cultura entrar\u00e1 no sistema em um primeiro momento visando trazer conforto t\u00e9rmico \u00e0s mudas de cacau, as quais entrar\u00e3o no sistema a partir do sombreamento adequado fornecido pela banana. As linhas de cacau dever\u00e3o ser obrigatoriamente irrigadas. A partir do terceiro ano, o bananal vai sendo eliminado, restando, ao final da elimina\u00e7\u00e3o do bananal, as plantas de cacau a pleno sol.<\/p>\n\n\n\n<p><strong><br>IMPACTOS FUTUROS DO PROGRAMA CACAU SP<\/strong><\/p>\n\n\n\n<ul class=\"wp-block-list\">\n<li>Aumento da rentabilidade e sustentabilidade da produ\u00e7\u00e3o.<\/li>\n\n\n\n<li>Diversifica\u00e7\u00e3o de atividades agr\u00edcolas, com gera\u00e7\u00e3o de renda e emprego, principalmente em pequenos munic\u00edpios, com fortalecimento da economia local.<\/li>\n\n\n\n<li>Fortalecimento da agricultura familiar. Implanta\u00e7\u00e3o de modelos ambientalmente sustent\u00e1veis e com responsabilidades sociais.<\/li>\n\n\n\n<li>Fortalecimento do cooperativismo e associativismo. Padroniza\u00e7\u00e3o da produ\u00e7\u00e3o, com caracter\u00edsticas de excel\u00eancia.<\/li>\n\n\n\n<li>Cria\u00e7\u00e3o de um selo de origem e rastreabilidade. Produ\u00e7\u00e3o de mudas em embalagens biodegrad\u00e1veis (Ecopot) e fornecimento de material gen\u00e9tico, com garantia de qualidade e proced\u00eancia, pela CATI Sementes e Mudas.<br><\/li>\n<\/ul>\n\n\n\n<figure class=\"wp-block-image\"><img decoding=\"async\" src=\"https:\/\/www.cati.sp.gov.br\/portal\/themes\/unify\/arquivos\/projetos-e-programas\/Cacau%20SP_foto6.png\" alt=\"\"\/><\/figure>\n\n\n\n<p><strong>DOCUMENTO T\u00c9CNICO<\/strong><\/p>\n\n\n\n<figure class=\"wp-block-image\"><img decoding=\"async\" src=\"https:\/\/www.cati.sp.gov.br\/portal\/themes\/unify\/arquivos\/projetos-e-programas\/DT129_CacauSP.jpg\" alt=\"\"\/><\/figure>\n\n\n\n<p><strong>Fa\u00e7a&nbsp;<em>download<\/em>&nbsp;gratuito aqui:&nbsp;<\/strong><strong><a href=\"https:\/\/www.cati.sp.gov.br\/portal\/themes\/unify\/arquivos\/produtos-e-servicos\/acervo-tecnico\/DT129CacauSPONLINE14_12_2022_c.pdf\" target=\"_blank\" rel=\"noreferrer noopener\">DT 129 &#8211; CACAU NO ESTADO DE S\u00c3O PAULO<\/a><\/strong><\/p>\n\n\n\n<p><strong><br>FOLDER<\/strong><\/p>\n\n\n\n<figure class=\"wp-block-image\"><img decoding=\"async\" src=\"https:\/\/www.cati.sp.gov.br\/portal\/themes\/unify\/arquivos\/projetos-e-programas\/Folder_CacauSP-capa.jpg\" alt=\"\"\/><\/figure>\n\n\n\n<p><strong>Fa\u00e7a&nbsp;<em>download<\/em>&nbsp;gratuito aqui:&nbsp;<\/strong><strong><a href=\"https:\/\/www.cati.sp.gov.br\/portal\/themes\/unify\/arquivos\/produtos-e-servicos\/cartilhas-e-folderes\/CATI_FolderCacau-2024.pdf\" target=\"_blank\" rel=\"noreferrer noopener\">FOLDER CACAU SP<\/a><\/strong><\/p>\n\n\n\n<p><strong>V\u00cdDEOS<\/strong><\/p>\n\n\n\n<ul class=\"wp-block-list\">\n<li>Mudas de cacau: viveiristas de v\u00e1rias regi\u00f5es paulistas foram capacitados pela CATI em Itaber\u00e1 &#8211;&nbsp;<a href=\"https:\/\/youtu.be\/-I9QGy9Sk6w\" target=\"_blank\" rel=\"noreferrer noopener\">https:\/\/youtu.be\/-I9QGy9Sk6w<\/a><\/li>\n\n\n\n<li>CACAU SP &#8211; Visita t\u00e9cnica CATI e Itesp &#8211;&nbsp;<a href=\"https:\/\/youtu.be\/QF9xpq0wcWs\" target=\"_blank\" rel=\"noreferrer noopener\">https:\/\/youtu.be\/QF9xpq0wcWs<\/a><\/li>\n\n\n\n<li>Programa Cacau SP na Agrishow 2024 &#8211;&nbsp;<a href=\"https:\/\/youtu.be\/h0vJUQqb3mk\" target=\"_blank\" rel=\"noreferrer noopener\">https:\/\/youtu.be\/h0vJUQqb3mk<\/a><\/li>\n\n\n\n<li>Secretaria de Agricultura e Abastecimento lan\u00e7a Programa Cacau SP no Vale do Ribeira &#8211;&nbsp;<a href=\"https:\/\/youtu.be\/GdP0PMOixmM\" target=\"_blank\" rel=\"noreferrer noopener\">https:\/\/youtu.be\/GdP0PMOixmM<\/a><\/li>\n\n\n\n<li>Programa Cacau na Agrishow 2023 &#8211;&nbsp;<a href=\"https:\/\/youtu.be\/x-O7dKEOBJ4\" target=\"_blank\" rel=\"noreferrer noopener\">https:\/\/youtu.be\/x-O7dKEOBJ4<\/a><\/li>\n\n\n\n<li>Programa Cacau SP: Lan\u00e7amento Rota do Cacau Mendon\u00e7a &#8211; Adolfo &#8211;&nbsp;<a href=\"https:\/\/youtu.be\/NWBBGnmtdXY\" target=\"_blank\" rel=\"noreferrer noopener\">https:\/\/youtu.be\/NWBBGnmtdXY<\/a><\/li>\n\n\n\n<li>Programa Cacau SP vai \u00e0 Escola: visita E.E. Dona Nicota de Souza &#8211;&nbsp;<a href=\"https:\/\/youtu.be\/cHHDh4P5bYg\" target=\"_blank\" rel=\"noreferrer noopener\">https:\/\/youtu.be\/cHHDh4P5bYg<\/a><\/li>\n\n\n\n<li>Programa CACAU SP no Instituto Biol\u00f3gico marca festa pelo dia das Crian\u00e7as &#8211;&nbsp;<a href=\"https:\/\/youtu.be\/YAZTe7fsItA\" target=\"_blank\" rel=\"noreferrer noopener\">https:\/\/youtu.be\/YAZTe7fsItA<\/a><\/li>\n\n\n\n<li>Dia de campo Programa Cacau e Seringueira no Noroeste Paulista &#8211;&nbsp;<a href=\"https:\/\/youtu.be\/NzmU2CsvUD0\" target=\"_blank\" rel=\"noreferrer noopener\">https:\/\/youtu.be\/NzmU2CsvUD0<\/a><\/li>\n<\/ul>\n\n\n\n<p><\/p>\n","protected":false},"excerpt":{"rendered":"<p>S\u00c3O PAULO TEM CACAU E com am\u00eandoas de qualidade, produzido com sustentabilidade e grande potencial de produtividade! Mais uma vez, o Estado de S\u00e3o Paulo se mostra inovador e sustent\u00e1vel. Ap\u00f3s intensos trabalhos de adapta\u00e7\u00e3o tecnol\u00f3gica e divulga\u00e7\u00e3o realizados pela Secretaria de Agricultura e Abastecimento (SAA), por meio da Coordenadoria de Assist\u00eancia T\u00e9cnica Integral (CATI) [&hellip;]<\/p>\n","protected":false},"author":1,"featured_media":0,"parent":0,"menu_order":0,"comment_status":"closed","ping_status":"closed","template":"","meta":{"_acf_changed":false,"footnotes":""},"class_list":["post-8841","page","type-page","status-publish","hentry"],"acf":[],"_links":{"self":[{"href":"https:\/\/agricultura.sp.gov.br\/cati\/wp-json\/wp\/v2\/pages\/8841","targetHints":{"allow":["GET"]}}],"collection":[{"href":"https:\/\/agricultura.sp.gov.br\/cati\/wp-json\/wp\/v2\/pages"}],"about":[{"href":"https:\/\/agricultura.sp.gov.br\/cati\/wp-json\/wp\/v2\/types\/page"}],"author":[{"embeddable":true,"href":"https:\/\/agricultura.sp.gov.br\/cati\/wp-json\/wp\/v2\/users\/1"}],"replies":[{"embeddable":true,"href":"https:\/\/agricultura.sp.gov.br\/cati\/wp-json\/wp\/v2\/comments?post=8841"}],"version-history":[{"count":4,"href":"https:\/\/agricultura.sp.gov.br\/cati\/wp-json\/wp\/v2\/pages\/8841\/revisions"}],"predecessor-version":[{"id":10998,"href":"https:\/\/agricultura.sp.gov.br\/cati\/wp-json\/wp\/v2\/pages\/8841\/revisions\/10998"}],"wp:attachment":[{"href":"https:\/\/agricultura.sp.gov.br\/cati\/wp-json\/wp\/v2\/media?parent=8841"}],"curies":[{"name":"wp","href":"https:\/\/api.w.org\/{rel}","templated":true}]}}