{"id":8838,"date":"2025-05-19T15:31:36","date_gmt":"2025-05-19T18:31:36","guid":{"rendered":"https:\/\/agricultura.sp.gov.br\/cati\/?page_id=8838"},"modified":"2026-03-26T11:36:46","modified_gmt":"2026-03-26T14:36:46","slug":"pro-genetica","status":"publish","type":"page","link":"https:\/\/agricultura.sp.gov.br\/cati\/pro-genetica\/","title":{"rendered":"Programa Pr\u00f3-Gen\u00e9tica"},"content":{"rendered":"\n<figure class=\"wp-block-image size-large\"><img loading=\"lazy\" decoding=\"async\" width=\"1024\" height=\"236\" src=\"https:\/\/storage.googleapis.com\/saa-repositorio\/prd\/saa-sites\/cati\/imagens\/pro-genetica-1024x236.png\" alt=\"\" class=\"wp-image-8839\" style=\"object-fit:cover\"\/><\/figure>\n\n\n\n<p>Com papel socioecon\u00f4mico fundamental, a bovinocultura de corte movimenta um grande n\u00famero de agentes e estruturas em toda cadeia; gera renda e cria empregos em seus diversos segmentos. Melhoramento gen\u00e9tico, pastagens produtivas, suplementa\u00e7\u00e3o adequada e sanidade v\u00eam colaborar com a cadeia, na eleva\u00e7\u00e3o da produ\u00e7\u00e3o, na busca por oferecer um produto de qualidade superior, em sintonia com sistemas de produ\u00e7\u00e3o sustent\u00e1veis.<\/p>\n\n\n\n<p><strong>Para discutir e promover o desenvolvimento da Pecu\u00e1ria paulista, o trabalho do Grupo T\u00e9cnico (GT) Pecu\u00e1ria de Corte da CATI envolve:<\/strong><\/p>\n\n\n\n<ol class=\"wp-block-list\">\n<li>Diagn\u00f3stico atualizado da cadeia de bovinos de corte;<\/li>\n\n\n\n<li>Treinamento e atualiza\u00e7\u00e3o constante de t\u00e9cnicos e produtores;<\/li>\n\n\n\n<li>Abertura de novos mercados e novas oportunidades para a bovinocultura de corte;<\/li>\n\n\n\n<li>Apoio na cria\u00e7\u00e3o de associa\u00e7\u00f5es e cooperativas de criadores;<\/li>\n\n\n\n<li>Cria\u00e7\u00e3o de um canal de comercializa\u00e7\u00e3o e divulga\u00e7\u00e3o de pre\u00e7os e mercado para bovinos;<\/li>\n\n\n\n<li>Acesso a animais de gen\u00e9tica melhorada, em parceria com a ABCZ, por meio do Pr\u00f3-Gen\u00e9tica;<\/li>\n\n\n\n<li>Apoio a pol\u00edticas p\u00fablicas estaduais ligadas \u00e0 Pecu\u00e1ria.<\/li>\n<\/ol>\n\n\n\n<p><strong>Troque um &#8220;Boi de Boiada&#8221; por um PO<\/strong><\/p>\n\n\n\n<p>Trocar um touro de baixa qualidade gen\u00e9tica por outro de gen\u00e9tica superior (touro PO com RGD) pode alterar positivamente o perfil do rebanho em apenas uma safra.<\/p>\n\n\n\n<p><strong>Touro PO<\/strong><\/p>\n\n\n\n<p>Touros provenientes de plant\u00e9is de sele\u00e7\u00e3o acumulam gen\u00e9tica melhoradora que \u00e9 transmitida eficientemente para seus descendentes. Eles produzem prog\u00eanies uniformes, facilitando o manejo na propriedade.<\/p>\n\n\n\n<p><strong>Registro Geneal\u00f3gico Definitivo (RGD)<\/strong><\/p>\n\n\n\n<p>O RGD \u00e9 o certificado emitido pela associa\u00e7\u00e3o da ra\u00e7a quando o animal atinge idade reprodutiva, atestando que ele atende ao padr\u00e3o da ra\u00e7a em caracter\u00edsticas morfol\u00f3gicas, reprodutivas e ganho de peso.<\/p>\n\n\n\n<p><strong>Exame Androl\u00f3gico<\/strong><\/p>\n\n\n\n<p>Esse exame avalia as condi\u00e7\u00f5es do aparelho reprodutor e a fertilidade do s\u00eamen, garantindo que os animais s\u00e3o f\u00e9rteis e aptos a serem bons reprodutores.<\/p>\n\n\n\n<p><strong>Sanidade<\/strong><\/p>\n\n\n\n<p>A sa\u00fade dos animais \u00e9 garantida por certificado sanit\u00e1rio emitido por m\u00e9dico veterin\u00e1rio, assegurando que est\u00e3o livres de doen\u00e7as como Brucelose e Tuberculose.<\/p>\n\n\n\n<p><strong>Feiras Pr\u00f3-Gen\u00e9tica<\/strong><\/p>\n\n\n\n<p>As feiras s\u00e3o \u00f3timas oportunidades para aquisi\u00e7\u00e3o de animais geneticamente superiores, selecionados e registrados. Voc\u00ea poder\u00e1 escolher o melhor animal para seu rebanho com a orienta\u00e7\u00e3o dos t\u00e9cnicos e parceiros do programa.<\/p>\n\n\n\n<p><strong>Valor de Refer\u00eancia e Forma de Pagamento<\/strong><\/p>\n\n\n\n<p>A negocia\u00e7\u00e3o \u00e9 livre, mas o pre\u00e7o sugerido \u00e9 de 40 a 60 @ de boi gordo, variando entre os animais. As formas de pagamento devem ser negociadas diretamente entre vendedor e comprador, podendo ser parceladas ou \u00e0 vista.<\/p>\n\n\n\n<p><strong>Informa\u00e7\u00f5es:<\/strong><br>Para mais orienta\u00e7\u00f5es, procure a Casa da Agricultura mais pr\u00f3xima de seu munic\u00edpio, conforme endere\u00e7os disponibilizados neste&nbsp;<em><a href=\"https:\/\/www.cati.sp.gov.br\/portal\/institucional\/enderecos\" target=\"_blank\" rel=\"noreferrer noopener\">link<\/a><\/em>.&nbsp;<\/p>\n\n\n\n<p><\/p>\n","protected":false},"excerpt":{"rendered":"<p>Com papel socioecon\u00f4mico fundamental, a bovinocultura de corte movimenta um grande n\u00famero de agentes e estruturas em toda cadeia; gera renda e cria empregos em seus diversos segmentos. Melhoramento gen\u00e9tico, pastagens produtivas, suplementa\u00e7\u00e3o adequada e sanidade v\u00eam colaborar com a cadeia, na eleva\u00e7\u00e3o da produ\u00e7\u00e3o, na busca por oferecer um produto de qualidade superior, em [&hellip;]<\/p>\n","protected":false},"author":1,"featured_media":0,"parent":0,"menu_order":0,"comment_status":"closed","ping_status":"closed","template":"","meta":{"_acf_changed":false,"footnotes":""},"class_list":["post-8838","page","type-page","status-publish","hentry"],"acf":[],"_links":{"self":[{"href":"https:\/\/agricultura.sp.gov.br\/cati\/wp-json\/wp\/v2\/pages\/8838","targetHints":{"allow":["GET"]}}],"collection":[{"href":"https:\/\/agricultura.sp.gov.br\/cati\/wp-json\/wp\/v2\/pages"}],"about":[{"href":"https:\/\/agricultura.sp.gov.br\/cati\/wp-json\/wp\/v2\/types\/page"}],"author":[{"embeddable":true,"href":"https:\/\/agricultura.sp.gov.br\/cati\/wp-json\/wp\/v2\/users\/1"}],"replies":[{"embeddable":true,"href":"https:\/\/agricultura.sp.gov.br\/cati\/wp-json\/wp\/v2\/comments?post=8838"}],"version-history":[{"count":3,"href":"https:\/\/agricultura.sp.gov.br\/cati\/wp-json\/wp\/v2\/pages\/8838\/revisions"}],"predecessor-version":[{"id":23344,"href":"https:\/\/agricultura.sp.gov.br\/cati\/wp-json\/wp\/v2\/pages\/8838\/revisions\/23344"}],"wp:attachment":[{"href":"https:\/\/agricultura.sp.gov.br\/cati\/wp-json\/wp\/v2\/media?parent=8838"}],"curies":[{"name":"wp","href":"https:\/\/api.w.org\/{rel}","templated":true}]}}