{"id":8831,"date":"2025-05-19T15:17:51","date_gmt":"2025-05-19T18:17:51","guid":{"rendered":"https:\/\/agricultura.sp.gov.br\/cati\/?page_id=8831"},"modified":"2025-11-27T14:56:53","modified_gmt":"2025-11-27T17:56:53","slug":"frutas-vermelhas","status":"publish","type":"page","link":"https:\/\/agricultura.sp.gov.br\/cati\/frutas-vermelhas\/","title":{"rendered":"Frutas Vermelhas"},"content":{"rendered":"\n<figure class=\"wp-block-image size-full is-resized\"><img loading=\"lazy\" decoding=\"async\" width=\"1024\" height=\"256\" src=\"https:\/\/storage.googleapis.com\/saa-repositorio\/prd\/saa-sites\/cati\/imagens\/CATI-frutas-vermelhas.png\" alt=\"\" class=\"wp-image-8939\" style=\"object-fit:cover;width:1300px;height:300px\"\/><\/figure>\n\n\n\n<p>A regi\u00e3o de Campinas se destaca pela produ\u00e7\u00e3o de frutas com destaques para as culturas da Uva, Caqui, Goiaba, Figo Roxo, P\u00eassego entre outras. Frutas essas com destina\u00e7\u00e3o garantida para a mesa dos consumidores de todo o Brasil e tamb\u00e9m para alguns pa\u00edses atrav\u00e9s da exporta\u00e7\u00e3o. <\/p>\n\n\n\n<p>Essa produ\u00e7\u00e3o na regi\u00e3o de Campinas \u00e9 poss\u00edvel atualmente com a utiliza\u00e7\u00e3o de variedades&nbsp;adaptadas ao clima local, onde n\u00e3o necessitam de grandes quantidades de horas\/frio para sua produ\u00e7\u00e3o.&nbsp;<\/p>\n\n\n\n<p>Todas as frutas cultivadas nos munic\u00edpios da regi\u00e3o de Campinas j\u00e1 t\u00eam seu destino mercadol\u00f3gico previamente definido. Mas nem sempre o mercado de frutas \u00e9 compensador para os produtores rurais sendo necess\u00e1rio uma busca constante por novas formas de comercializa\u00e7\u00e3o ou novas op\u00e7\u00f5es de cultivo.<\/p>\n\n\n\n<p>Assim sendo, est\u00e1 sendo o Projeto Frutas Vermelhas avalia o cultivo de frutas vermelhas (amora, mirtilo e framboesa) na regi\u00e3o de Campinas, que apresenta os seguintes pontos favor\u00e1veis:<\/p>\n\n\n\n<blockquote class=\"wp-block-quote is-layout-flow wp-block-quote-is-layout-flow\">\n<p>O cultivo de frutas vermelhas na regi\u00e3o \u00e9 extremamente pequeno e sem porte comercial<br>J\u00e1 existem variedades que n\u00e3o demandam de tantas horas de frio para produzirem nesta regi\u00e3o<br>Campinas e S\u00e3o Paulo s\u00e3o grandes centros consumidores destas frutas.<br>Importantes redes varejistas tamb\u00e9m comercializam frutas vermelhas em suas lojas na regi\u00e3o.<\/p>\n<\/blockquote>\n\n\n\n<p><strong>CONTATO<\/strong>: cati.campinas@sp.gov.br<\/p>\n\n\n\n<p><\/p>\n","protected":false},"excerpt":{"rendered":"<p>A regi\u00e3o de Campinas se destaca pela produ\u00e7\u00e3o de frutas com destaques para as culturas da Uva, Caqui, Goiaba, Figo Roxo, P\u00eassego entre outras. Frutas essas com destina\u00e7\u00e3o garantida para a mesa dos consumidores de todo o Brasil e tamb\u00e9m para alguns pa\u00edses atrav\u00e9s da exporta\u00e7\u00e3o. Essa produ\u00e7\u00e3o na regi\u00e3o de Campinas \u00e9 poss\u00edvel atualmente [&hellip;]<\/p>\n","protected":false},"author":1,"featured_media":8832,"parent":0,"menu_order":0,"comment_status":"closed","ping_status":"closed","template":"","meta":{"_acf_changed":false,"footnotes":""},"class_list":["post-8831","page","type-page","status-publish","has-post-thumbnail","hentry"],"acf":[],"_links":{"self":[{"href":"https:\/\/agricultura.sp.gov.br\/cati\/wp-json\/wp\/v2\/pages\/8831","targetHints":{"allow":["GET"]}}],"collection":[{"href":"https:\/\/agricultura.sp.gov.br\/cati\/wp-json\/wp\/v2\/pages"}],"about":[{"href":"https:\/\/agricultura.sp.gov.br\/cati\/wp-json\/wp\/v2\/types\/page"}],"author":[{"embeddable":true,"href":"https:\/\/agricultura.sp.gov.br\/cati\/wp-json\/wp\/v2\/users\/1"}],"replies":[{"embeddable":true,"href":"https:\/\/agricultura.sp.gov.br\/cati\/wp-json\/wp\/v2\/comments?post=8831"}],"version-history":[{"count":9,"href":"https:\/\/agricultura.sp.gov.br\/cati\/wp-json\/wp\/v2\/pages\/8831\/revisions"}],"predecessor-version":[{"id":8940,"href":"https:\/\/agricultura.sp.gov.br\/cati\/wp-json\/wp\/v2\/pages\/8831\/revisions\/8940"}],"wp:featuredmedia":[{"embeddable":true,"href":"https:\/\/agricultura.sp.gov.br\/cati\/wp-json\/wp\/v2\/media\/8832"}],"wp:attachment":[{"href":"https:\/\/agricultura.sp.gov.br\/cati\/wp-json\/wp\/v2\/media?parent=8831"}],"curies":[{"name":"wp","href":"https:\/\/api.w.org\/{rel}","templated":true}]}}