{"id":8816,"date":"2025-05-19T14:16:49","date_gmt":"2025-05-19T17:16:49","guid":{"rendered":"https:\/\/agricultura.sp.gov.br\/cati\/?page_id=8816"},"modified":"2025-06-12T11:54:34","modified_gmt":"2025-06-12T14:54:34","slug":"milho-mais-sp","status":"publish","type":"page","link":"https:\/\/agricultura.sp.gov.br\/cati\/milho-mais-sp\/","title":{"rendered":"Milho Mais SP"},"content":{"rendered":"\n<figure class=\"wp-block-image size-full is-resized\"><img loading=\"lazy\" decoding=\"async\" width=\"1024\" height=\"256\" src=\"https:\/\/storage.googleapis.com\/saa-repositorio\/prd\/saa-sites\/cati\/imagens\/CATI-Milho-SP.png\" alt=\"\" class=\"wp-image-8919\" style=\"object-fit:cover;width:1300px;height:300px\"\/><\/figure>\n\n\n\n<h4 class=\"wp-block-heading\"><strong>DIRETRIZES GERAIS<\/strong><\/h4>\n\n\n\n<h5 class=\"wp-block-heading\"><strong>JUSTIFICATIVAS<\/strong><\/h5>\n\n\n\n<blockquote class=\"wp-block-quote is-layout-flow wp-block-quote-is-layout-flow\">\n<p>1. A cultura do milho \u00e9, para Estado de S\u00e3o Paulo, uma das principais atividades agr\u00edcolas com fundamental import\u00e2ncia na nossa estrutura socio econ\u00f4mica.<\/p>\n\n\n\n<p>2. As mais variadas atividades das cadeias produtivas de prote\u00edna animal (avicultura, suinocultura, bovinocultura de leite e de corte e a equinocultura) tem neste cereal depend\u00eancia estrat\u00e9gica para o desempenho e sucesso de suas execu\u00e7\u00f5es.<\/p>\n\n\n\n<p>3. S\u00e3o Paulo possui atualmente uma produ\u00e7\u00e3o de milho inferior \u00e0 demanda, com um d\u00e9ficit em torno de 3,6 milh\u00e3o de toneladas\/ano;<sup>&nbsp;1<\/sup><\/p>\n\n\n\n<p>4. Trata-se de uma cultura que tem aptid\u00e3o agron\u00f4mica e tradi\u00e7\u00e3o em praticamente todo territ\u00f3rio paulista, estando presente&nbsp;em 90% dos 645 munic\u00edpios do Estado.<\/p>\n\n\n\n<p>5. O Valor Bruto da Produ\u00e7\u00e3o (VBP) do milho em S\u00e3o Paulo, em 2021, foi a R$ 5,6 bilh\u00f5es;<\/p>\n\n\n\n<p>6. Observa-se grande desigualdade de produtividade e tecnologia de produ\u00e7\u00e3o entre produtores de diversas regi\u00f5es do Estado de S\u00e3o Paulo;<\/p>\n\n\n\n<p>7. O milho \u00e9 fundamental para o manejo de Sistemas de Produ\u00e7\u00e3o sustent\u00e1vel.<\/p>\n<\/blockquote>\n\n\n\n<h5 class=\"wp-block-heading\"><strong>CONTEXTO<\/strong><\/h5>\n\n\n\n<p>A busca por uma maior oferta do gr\u00e3o (milho) originados do estado de S\u00e3o Paulo para melhor atender as mais variadas cadeias do agroneg\u00f3cio paulista, aliada a possibilidade de melhoria da produtividade em algumas regi\u00f5es produtoras de milho, motivaram a parceria entre a Secretaria da Agricultura, atrav\u00e9s da CATI, e empresa do setor agro produtoras de insumos e equipamentos a efetivarem uma parceria p\u00fablico-privada.<\/p>\n\n\n\n<p>Com foco na expans\u00e3o da cultura e melhoria da produtividade em 15 regionais da CATI onde a produtividade m\u00e9dia est\u00e1 abaixo da m\u00e9dia estadual, o programa MILHO + SP busca integrar as diversas oportunidades para incrementar a produ\u00e7\u00e3o de milho no estado.<\/p>\n\n\n\n<p>Desta forma, na parceria para maior sinergia na busca destes objetivos, a SAA-CATI e as empresas&nbsp;<strong>CORTEVA, YARA E VALTRA<\/strong>&nbsp;estabeleceram um programa de atua\u00e7\u00e3o conjunta de longo prazo (2023-2030).<\/p>\n\n\n\n<p>Para alcan\u00e7ar os objetivos, foram determinadas duas estrat\u00e9gias:<\/p>\n\n\n\n<blockquote class=\"wp-block-quote is-layout-flow wp-block-quote-is-layout-flow\">\n<p>1- Na reforma de pastagens, incentivar a utiliza\u00e7\u00e3o de cultivo deste cereal;<\/p>\n\n\n\n<p>2- Incrementos da produtividade nas \u00e1reas que j\u00e1 cultivam o milho atrav\u00e9s de transfer\u00eancia de tecnologia (tanto no que se refere ao potencial gen\u00e9tico, como no manejo da cultura).<\/p>\n<\/blockquote>\n\n\n\n<p>&nbsp;As a\u00e7\u00f5es locais s\u00e3o baseadas em palestras de orienta\u00e7\u00e3o aos produtores e instala\u00e7\u00e3o de campos de demonstra\u00e7\u00e3o ou vitrines tecnol\u00f3gicas, para realiza\u00e7\u00e3o de encontros t\u00e9cnicos e dias de campo para os produtores e t\u00e9cnicos.<\/p>\n\n\n\n<h2 class=\"wp-block-heading\"><strong>Regionais do Programa<\/strong><\/h2>\n\n\n\n<figure class=\"wp-block-table\"><table class=\"has-fixed-layout\"><tbody><tr><td><em><br><br><br><br><br><strong>Andradina<\/strong><\/em><strong><em>Ara\u00e7atuba<\/em><\/strong><strong><em>Assis<\/em><\/strong><strong><em>Catanduva<\/em><\/strong><strong><em>Dracena<\/em><\/strong><strong><em>Fernand\u00f3polis<\/em><\/strong><strong><em>General Salgado<\/em><\/strong><strong><em>Jales<\/em><\/strong><strong><em>Mar\u00edlia<\/em><\/strong><strong><em>Ourinhos<\/em><\/strong><strong><em>Presidente Prudente<\/em><\/strong><strong><em>Presidente Venceslau<\/em><\/strong><strong><em>S\u00e3o Jos\u00e9 do Rio Preto<\/em><\/strong><strong><em>Tup\u00e3<\/em><\/strong><strong><em>Votuporanga<\/em><\/strong><\/td><td><img loading=\"lazy\" decoding=\"async\" src=\"https:\/\/www.cati.sp.gov.br\/portal\/themes\/unify\/arquivos\/projetos-e-programas\/Regionais_milho_SP_2025.jpeg\" alt=\"\" width=\"700\" height=\"496\"><\/td><\/tr><\/tbody><\/table><\/figure>\n\n\n\n<h3 class=\"wp-block-heading\"><a href=\"https:\/\/www.cati.sp.gov.br\/portal\/themes\/unify\/arquivos\/projetos-e-programas\/10_Mandamentos_milho.pdf\">ACESSE AQUI: 10 MANDAMENTOS DO PROGRAMA MILHO + SP<\/a><\/h3>\n\n\n\n<h3 class=\"wp-block-heading\"><strong>&nbsp;Para maiores&nbsp;informa\u00e7\u00f5es, contatar<\/strong>:&nbsp;<a href=\"mailto:gabinete.cati@sp.gov.br\">gabinete.cati@sp.gov.br<\/a><\/h3>\n\n\n\n<p><sup>&nbsp;<\/sup><\/p>\n\n\n\n<figure class=\"wp-block-image size-full\"><img loading=\"lazy\" decoding=\"async\" width=\"1024\" height=\"256\" src=\"https:\/\/storage.googleapis.com\/saa-repositorio\/prd\/saa-sites\/cati\/imagens\/Banner-logos-CATI.png\" alt=\"\" class=\"wp-image-8818\"\/><\/figure>\n\n\n\n<p><sup>1&nbsp;<\/sup>MIURA, M. Estimativa de Oferta e Demanda de Milho no Estado de S\u00e3o Paulo em 2022.\u202fAn\u00e1lises e Indicadores do Agroneg\u00f3cio, S\u00e3o Paulo, v. 17, n. 8, p. 1-4, ago. 2022<\/p>\n\n\n\n<p><\/p>\n","protected":false},"excerpt":{"rendered":"<p>DIRETRIZES GERAIS JUSTIFICATIVAS 1. A cultura do milho \u00e9, para Estado de S\u00e3o Paulo, uma das principais atividades agr\u00edcolas com fundamental import\u00e2ncia na nossa estrutura socio econ\u00f4mica. 2. As mais variadas atividades das cadeias produtivas de prote\u00edna animal (avicultura, suinocultura, bovinocultura de leite e de corte e a equinocultura) tem neste cereal depend\u00eancia estrat\u00e9gica para [&hellip;]<\/p>\n","protected":false},"author":1,"featured_media":0,"parent":0,"menu_order":0,"comment_status":"closed","ping_status":"closed","template":"","meta":{"_acf_changed":false,"footnotes":""},"class_list":["post-8816","page","type-page","status-publish","hentry"],"acf":[],"_links":{"self":[{"href":"https:\/\/agricultura.sp.gov.br\/cati\/wp-json\/wp\/v2\/pages\/8816","targetHints":{"allow":["GET"]}}],"collection":[{"href":"https:\/\/agricultura.sp.gov.br\/cati\/wp-json\/wp\/v2\/pages"}],"about":[{"href":"https:\/\/agricultura.sp.gov.br\/cati\/wp-json\/wp\/v2\/types\/page"}],"author":[{"embeddable":true,"href":"https:\/\/agricultura.sp.gov.br\/cati\/wp-json\/wp\/v2\/users\/1"}],"replies":[{"embeddable":true,"href":"https:\/\/agricultura.sp.gov.br\/cati\/wp-json\/wp\/v2\/comments?post=8816"}],"version-history":[{"count":4,"href":"https:\/\/agricultura.sp.gov.br\/cati\/wp-json\/wp\/v2\/pages\/8816\/revisions"}],"predecessor-version":[{"id":8921,"href":"https:\/\/agricultura.sp.gov.br\/cati\/wp-json\/wp\/v2\/pages\/8816\/revisions\/8921"}],"wp:attachment":[{"href":"https:\/\/agricultura.sp.gov.br\/cati\/wp-json\/wp\/v2\/media?parent=8816"}],"curies":[{"name":"wp","href":"https:\/\/api.w.org\/{rel}","templated":true}]}}