{"id":8812,"date":"2025-05-19T14:06:39","date_gmt":"2025-05-19T17:06:39","guid":{"rendered":"https:\/\/agricultura.sp.gov.br\/cati\/?page_id=8812"},"modified":"2025-09-25T15:25:10","modified_gmt":"2025-09-25T18:25:10","slug":"citrus-sp-sustentavel","status":"publish","type":"page","link":"https:\/\/agricultura.sp.gov.br\/cati\/citrus-sp-sustentavel\/","title":{"rendered":"Citrus SP Sustent\u00e1vel"},"content":{"rendered":"\n<p>O Projeto Citrus SP Sustent\u00e1vel \u00e9 desenvolvido em parceria entre a Secretaria de Agricultura e Abastecimento \u2013 SAA (pela Coordenadoria de Assist\u00eancia T\u00e9cnica Integral e pela Coordenadoria de Defesa Agropecu\u00e1ria) e o FUNDECITRUS \u2013 Fundo de Defesa da Citricultura. Para formalizar essa parceria foi firmado um Protocolo de Inten\u00e7\u00f5es entre as partes no dia 05\/10\/2021, com vig\u00eancia de 5 anos.<\/p>\n\n\n\n<blockquote class=\"wp-block-quote is-layout-flow wp-block-quote-is-layout-flow\">\n<p>O objetivo do Projeto \u00e9 promover o desenvolvimento sustent\u00e1vel da citricultura no Estado de S\u00e3o Paulo, com foco em pequenas e m\u00e9dias propriedades.<\/p>\n<\/blockquote>\n\n\n\n<p>O Projeto est\u00e1 em andamento com v\u00e1rias a\u00e7\u00f5es j\u00e1 realizadas, como: delimita\u00e7\u00e3o de \u00e1rea priorit\u00e1ria de execu\u00e7\u00e3o (que compreende 29 munic\u00edpios paulistas, de 11 importantes regi\u00f5es citr\u00edcolas), capacita\u00e7\u00e3o do corpo t\u00e9cnico da SAA, integra\u00e7\u00e3o das equipes de comunica\u00e7\u00e3o dos parceiros, realiza\u00e7\u00e3o de v\u00e1rios eventos de divulga\u00e7\u00e3o e de conscientiza\u00e7\u00e3o, levantamento diagn\u00f3stico e elabora\u00e7\u00e3o de 11 projetos regionais.<\/p>\n\n\n\n<p>Contato:&nbsp;<a href=\"mailto:gabinete.cati@sp.gov.br\">gabinete.cati@sp.gov.br<\/a>&nbsp;<\/p>\n\n\n\n<p><\/p>\n","protected":false},"excerpt":{"rendered":"<p>O Projeto Citrus SP Sustent\u00e1vel \u00e9 desenvolvido em parceria entre a Secretaria de Agricultura e Abastecimento \u2013 SAA (pela Coordenadoria de Assist\u00eancia T\u00e9cnica Integral e pela Coordenadoria de Defesa Agropecu\u00e1ria) e o FUNDECITRUS \u2013 Fundo de Defesa da Citricultura. Para formalizar essa parceria foi firmado um Protocolo de Inten\u00e7\u00f5es entre as partes no dia 05\/10\/2021, [&hellip;]<\/p>\n","protected":false},"author":1,"featured_media":0,"parent":0,"menu_order":0,"comment_status":"closed","ping_status":"closed","template":"","meta":{"_acf_changed":false,"footnotes":""},"class_list":["post-8812","page","type-page","status-publish","hentry"],"acf":[],"_links":{"self":[{"href":"https:\/\/agricultura.sp.gov.br\/cati\/wp-json\/wp\/v2\/pages\/8812","targetHints":{"allow":["GET"]}}],"collection":[{"href":"https:\/\/agricultura.sp.gov.br\/cati\/wp-json\/wp\/v2\/pages"}],"about":[{"href":"https:\/\/agricultura.sp.gov.br\/cati\/wp-json\/wp\/v2\/types\/page"}],"author":[{"embeddable":true,"href":"https:\/\/agricultura.sp.gov.br\/cati\/wp-json\/wp\/v2\/users\/1"}],"replies":[{"embeddable":true,"href":"https:\/\/agricultura.sp.gov.br\/cati\/wp-json\/wp\/v2\/comments?post=8812"}],"version-history":[{"count":5,"href":"https:\/\/agricultura.sp.gov.br\/cati\/wp-json\/wp\/v2\/pages\/8812\/revisions"}],"predecessor-version":[{"id":10999,"href":"https:\/\/agricultura.sp.gov.br\/cati\/wp-json\/wp\/v2\/pages\/8812\/revisions\/10999"}],"wp:attachment":[{"href":"https:\/\/agricultura.sp.gov.br\/cati\/wp-json\/wp\/v2\/media?parent=8812"}],"curies":[{"name":"wp","href":"https:\/\/api.w.org\/{rel}","templated":true}]}}